{"id":1460,"date":"2023-04-06T19:03:25","date_gmt":"2023-04-06T19:03:25","guid":{"rendered":"https:\/\/quebaratodigital.com\/?post_type=product&#038;p=1460"},"modified":"2025-06-11T16:20:52","modified_gmt":"2025-06-11T16:20:52","slug":"lifebook-mastery-jon-missy-butcher-mindvalley","status":"publish","type":"product","link":"https:\/\/quebaratodigital.com\/?product=lifebook-mastery-jon-missy-butcher-mindvalley","title":{"rendered":"Lifebook Mastery Jon &#038; Missy Butcher Mindvalley"},"content":{"rendered":"<p>Te presentamos Lifebook Mastery Es el siguiente paso en tu viaje de Lifebook despu\u00e9s de Lifebook Online.<\/p>\n<p>&nbsp;<\/p>\n<p>El programa de Lifebook Mastery te otorga el marco exclusivo de Lifebook para convertir cualquier Visi\u00f3n de Vida en realidad.<\/p>\n<p>&nbsp;<\/p>\n<p>Te guiar\u00e1 a trav\u00e9s de una serie de capacitaciones y herramientas altamente optimizadas que te brindar\u00e1n la mentalidad, los h\u00e1bitos y los modelos para alcanzar tus mayores metas y sue\u00f1os.<\/p>\n","protected":false},"excerpt":{"rendered":"<h3><strong>Descripci\u00f3n<\/strong><\/h3>\n<p>El sistema de cumplimiento de metas m\u00e1s avanzado del mundo<\/p>\n<p><strong>T\u00edtulo<\/strong>: Lifebook Mastery<br \/>\n<strong>Autor:<\/strong>\u00a0Jon &amp; Missy Butcher, Mindvalley<br \/>\n<strong>Idioma<\/strong>: Doblado al Espa\u00f1ol<br \/>\n<strong>Formatos:<\/strong>\u00a0mp4 (Video), Pdf, xlsx, docx<br \/>\n<strong>Cantidad de Videos:<\/strong>\u00a06<br \/>\n<strong>Cantidad pdf:<\/strong>\u00a011<br \/>\n<strong>Cantidad xlsx :<\/strong>\u00a01<br \/>\n<strong>Cantidad docx:<\/strong>\u00a04<br \/>\n<strong>Peso:<\/strong>\u00a04 GB<\/p>\n<p><img decoding=\"async\" src=\"https:\/\/www.clicknovedades.com\/wp-content\/uploads\/2018\/09\/b.png\" \/><\/p>\n","protected":false},"featured_media":1461,"comment_status":"open","ping_status":"closed","template":"","meta":{"site-sidebar-layout":"default","site-content-layout":"default","ast-global-header-display":"","ast-main-header-display":"","ast-hfb-above-header-display":"","ast-hfb-below-header-display":"","ast-hfb-mobile-header-display":"","site-post-title":"","ast-breadcrumbs-content":"","ast-featured-img":"","footer-sml-layout":"","theme-transparent-header-meta":"default","adv-header-id-meta":"","stick-header-meta":"","header-above-stick-meta":"","header-main-stick-meta":"","header-below-stick-meta":"","_joinchat":[]},"product_brand":[],"product_cat":[23,22,29],"product_tag":[],"class_list":{"0":"post-1460","1":"product","2":"type-product","3":"status-publish","4":"has-post-thumbnail","6":"product_cat-cursos","7":"product_cat-cursos-mindvalley","8":"product_cat-desarrollo-personal","9":"desktop-align-left","10":"tablet-align-left","11":"mobile-align-left","13":"first","14":"instock","15":"sale","16":"downloadable","17":"shipping-taxable","18":"purchasable","19":"product-type-simple"},"_links":{"self":[{"href":"https:\/\/quebaratodigital.com\/index.php?rest_route=\/wp\/v2\/product\/1460","targetHints":{"allow":["GET"]}}],"collection":[{"href":"https:\/\/quebaratodigital.com\/index.php?rest_route=\/wp\/v2\/product"}],"about":[{"href":"https:\/\/quebaratodigital.com\/index.php?rest_route=\/wp\/v2\/types\/product"}],"replies":[{"embeddable":true,"href":"https:\/\/quebaratodigital.com\/index.php?rest_route=%2Fwp%2Fv2%2Fcomments&post=1460"}],"wp:featuredmedia":[{"embeddable":true,"href":"https:\/\/quebaratodigital.com\/index.php?rest_route=\/wp\/v2\/media\/1461"}],"wp:attachment":[{"href":"https:\/\/quebaratodigital.com\/index.php?rest_route=%2Fwp%2Fv2%2Fmedia&parent=1460"}],"wp:term":[{"taxonomy":"product_brand","embeddable":true,"href":"https:\/\/quebaratodigital.com\/index.php?rest_route=%2Fwp%2Fv2%2Fproduct_brand&post=1460"},{"taxonomy":"product_cat","embeddable":true,"href":"https:\/\/quebaratodigital.com\/index.php?rest_route=%2Fwp%2Fv2%2Fproduct_cat&post=1460"},{"taxonomy":"product_tag","embeddable":true,"href":"https:\/\/quebaratodigital.com\/index.php?rest_route=%2Fwp%2Fv2%2Fproduct_tag&post=1460"}],"curies":[{"name":"wp","href":"https:\/\/api.w.org\/{rel}","templated":true}]}}