{"id":1553,"date":"2024-07-02T01:20:51","date_gmt":"2024-07-02T01:20:51","guid":{"rendered":"https:\/\/quebaratodigital.com\/?post_type=product&#038;p=1553"},"modified":"2025-12-27T23:39:30","modified_gmt":"2025-12-27T23:39:30","slug":"el-arte-de-la-manifestacion-de-regan-hillyer-mindvalley","status":"publish","type":"product","link":"https:\/\/quebaratodigital.com\/?product=el-arte-de-la-manifestacion-de-regan-hillyer-mindvalley","title":{"rendered":"El Arte de la Manifestaci\u00f3n de Regan Hillyer \u2013 Mindvalley"},"content":{"rendered":"<p>La entrenadora de mentalidad millonaria Regan Hillyer ense\u00f1a El arte de manifestarse\ud83c\udf1f<\/p>\n<p><strong>Invoca tus sue\u00f1os m\u00e1s locos con una facilidad y velocidad fascinantes<\/strong><\/p>\n<p>Un programa de 27 d\u00edas que activa tus 5 superpoderes de creaci\u00f3n \u00fanicos: para que puedas convertir tus mayores objetivos en realidad, r\u00e1pidamente.<\/p>\n<p>&nbsp;<\/p>\n<p><strong>La clave de este sistema est\u00e1 en c\u00f3mo despierta cinco superpoderes de creaci\u00f3n fundamentales desde tu interior, que van mucho m\u00e1s all\u00e1 de lo que aprender\u00e1s en los enfoques m\u00e1s comunes para manifestar:<\/strong><\/p>\n<p>&nbsp;<\/p>\n<ul>\n<li><strong>Visionado:<\/strong>\u00a0tu capacidad para atravesar la niebla, conectarte con lo que tu alma quiere, verlo con absoluta claridad y permitirlo entrar en tu realidad.<\/li>\n<li><strong>Expansi\u00f3n:<\/strong>\u00a0el acto de expandir tu capacidad energ\u00e9tica y hacer espacio para que tus mayores deseos y visiones fluyan hacia ti.<\/li>\n<li><strong>Superar:<\/strong>\u00a0saber identificar tus l\u00edmites personales, abrazarlos, bailar con ellos y trascenderlos a trav\u00e9s de la alquimia de manifestaci\u00f3n.<\/li>\n<li><strong>Hackeo de identidad:<\/strong>\u00a0entrar en una nueva y mejor versi\u00f3n de uno mismo recodificando su propia identidad e incluso sus estructuras de realidad.<\/li>\n<li><strong>Aceleraci\u00f3n de la manifestaci\u00f3n:<\/strong>\u00a0colapsar tus l\u00edneas de tiempo, desmantelar la ilusi\u00f3n del tiempo y la fricci\u00f3n, y llamar a tus sue\u00f1os y deseos para que aparezcan en un instante.<\/li>\n<\/ul>\n<p>&nbsp;<\/p>\n<p><strong>Lo que ganar\u00e1s con El Arte de Manifestar<\/strong><\/p>\n<p>&nbsp;<\/p>\n<ul>\n<li><strong>Haz realidad tus sue\u00f1os en un tiempo r\u00e9cord<\/strong><br \/>\nYa sea iniciar un negocio exitoso, convertir sus ingresos anuales en su sueldo mensual o lograr el cuerpo de sus sue\u00f1os que siempre ha deseado: los grandes objetivos que alguna vez parecieron tan lejanos (y que siempre vinieron con innumerables obst\u00e1culos) ahora comenzar\u00e1n a convertirse en su realidad. con asombrosa velocidad y facilidad, mientras aplica las herramientas de manifestaci\u00f3n acelerada caracter\u00edsticas de Regan.<\/li>\n<li><strong>Obtenga un profundo sentido de confianza en usted mismo y en el camino de su vida.<\/strong><br \/>\nLa confianza, la positividad y una sensaci\u00f3n de seguridad inquebrantable son combustible para el logro de los sue\u00f1os. Ser\u00e1s reconfigurado para encarnar estas emociones incondicionalmente y eliminar toda duda y ansiedad autosaboteadora de tu plano emocional y energ\u00e9tico: de modo que incluso cuando el Las cosas se ponen dif\u00edciles, siempre fluyes, te sientes genial y te mueves en la mejor direcci\u00f3n.<\/li>\n<li><strong>Eleva tu calidad de vida y alegr\u00eda en cada momento<\/strong><br \/>\nA medida que domines tus visiones y deseos, notar\u00e1s un nuevo brillo que se extiende a todas las dimensiones de tu realidad. Comenzar\u00e1s a experimentar la vida en un nivel diferente, la calidad de tus pensamientos y emociones cambiar\u00e1 dram\u00e1ticamente y encontrar\u00e1s fuentes de alegr\u00eda y gratitud dondequiera que mires, a menudo incluso en los lugares m\u00e1s improbables.<\/li>\n<li><strong>Encarna una mentalidad de \u00e9xito inquebrantable<\/strong><br \/>\nLas personas que logran lo imposible son las que viven como si nada fuera imposible. Dominar\u00e1s esta mentalidad m\u00e1xima a trav\u00e9s de una serie de herramientas que cambian tu identidad m\u00e1s \u00edntima, reorganizan tus estructuras de la realidad y te transforman fundamentalmente a un nivel vibratorio para que el \u201c\u00e9xito\u201d se vuelva tan natural para ti como parpadear.<\/li>\n<li><strong>Convi\u00e9rtete en un maestro en el establecimiento y consecuci\u00f3n de objetivos<\/strong><br \/>\nEl arte de la manifestaci\u00f3n y el establecimiento de objetivos se complementan maravillosamente. Si antes experimentaba retrasos en el logro de sus objetivos, e incluso en establecer y concentrarse constantemente en los correctos, ahora obtendr\u00e1 la capacidad de establecer intuitivamente metas inspiradoras que lo elevan, lo impulsan hacia adelante y se manifiestan suavemente cada vez, como si fuera por magia.<\/li>\n<li><strong>Vive tu vida con poderosa intenci\u00f3n, prop\u00f3sito y presencia.<\/strong><br \/>\nA medida que comiences a transformar tu mundo interior, experimentar\u00e1s un salto cu\u00e1ntico en la forma de procesar y acercarte a tu mundo exterior. Tomar\u00e1s decisiones conscientes que se alinean perfectamente con tu mayor bien, obtendr\u00e1s un sexto sentido para los caminos y las elecciones que te llevan a tu prop\u00f3sito y canalizar\u00e1s tu presencia m\u00e1s plena en cada momento e interacci\u00f3n.<\/li>\n<\/ul>\n","protected":false},"excerpt":{"rendered":"<h2>Un programa de 27 d\u00edas que activa tus 5 superpoderes de creaci\u00f3n \u00fanicos: para que puedas convertir tus mayores objetivos en realidad, r\u00e1pidamente.<\/h2>\n","protected":false},"featured_media":1653,"comment_status":"open","ping_status":"closed","template":"","meta":{"site-sidebar-layout":"default","site-content-layout":"default","ast-global-header-display":"","ast-main-header-display":"","ast-hfb-above-header-display":"","ast-hfb-below-header-display":"","ast-hfb-mobile-header-display":"","site-post-title":"","ast-breadcrumbs-content":"","ast-featured-img":"","footer-sml-layout":"","theme-transparent-header-meta":"default","adv-header-id-meta":"","stick-header-meta":"","header-above-stick-meta":"","header-main-stick-meta":"","header-below-stick-meta":"","_joinchat":[]},"product_brand":[],"product_cat":[23,22],"product_tag":[],"class_list":{"0":"post-1553","1":"product","2":"type-product","3":"status-publish","4":"has-post-thumbnail","6":"product_cat-cursos","7":"product_cat-cursos-mindvalley","8":"desktop-align-left","9":"tablet-align-left","10":"mobile-align-left","12":"first","13":"instock","14":"sale","15":"downloadable","16":"shipping-taxable","17":"purchasable","18":"product-type-simple"},"_links":{"self":[{"href":"https:\/\/quebaratodigital.com\/index.php?rest_route=\/wp\/v2\/product\/1553","targetHints":{"allow":["GET"]}}],"collection":[{"href":"https:\/\/quebaratodigital.com\/index.php?rest_route=\/wp\/v2\/product"}],"about":[{"href":"https:\/\/quebaratodigital.com\/index.php?rest_route=\/wp\/v2\/types\/product"}],"replies":[{"embeddable":true,"href":"https:\/\/quebaratodigital.com\/index.php?rest_route=%2Fwp%2Fv2%2Fcomments&post=1553"}],"wp:featuredmedia":[{"embeddable":true,"href":"https:\/\/quebaratodigital.com\/index.php?rest_route=\/wp\/v2\/media\/1653"}],"wp:attachment":[{"href":"https:\/\/quebaratodigital.com\/index.php?rest_route=%2Fwp%2Fv2%2Fmedia&parent=1553"}],"wp:term":[{"taxonomy":"product_brand","embeddable":true,"href":"https:\/\/quebaratodigital.com\/index.php?rest_route=%2Fwp%2Fv2%2Fproduct_brand&post=1553"},{"taxonomy":"product_cat","embeddable":true,"href":"https:\/\/quebaratodigital.com\/index.php?rest_route=%2Fwp%2Fv2%2Fproduct_cat&post=1553"},{"taxonomy":"product_tag","embeddable":true,"href":"https:\/\/quebaratodigital.com\/index.php?rest_route=%2Fwp%2Fv2%2Fproduct_tag&post=1553"}],"curies":[{"name":"wp","href":"https:\/\/api.w.org\/{rel}","templated":true}]}}