{"id":1555,"date":"2024-07-02T01:32:04","date_gmt":"2024-07-02T01:32:04","guid":{"rendered":"https:\/\/quebaratodigital.com\/?post_type=product&#038;p=1555"},"modified":"2025-01-10T15:47:10","modified_gmt":"2025-01-10T15:47:10","slug":"vida-sin-limites-marisa-peer","status":"publish","type":"product","link":"https:\/\/quebaratodigital.com\/?product=vida-sin-limites-marisa-peer","title":{"rendered":"Vida sin L\u00edmites \u2013 Marisa Peer"},"content":{"rendered":"<div class=\"elementor-element elementor-element-ba54ba4 elementor-widget elementor-widget-heading\" data-id=\"ba54ba4\" data-element_type=\"widget\" data-widget_type=\"heading.default\">\n<div class=\"elementor-widget-container\">\n<h2 class=\"elementor-heading-title elementor-size-default\">Descripci\u00f3n del curso<\/h2>\n<p>&nbsp;<\/p>\n<\/div>\n<\/div>\n<div class=\"elementor-element elementor-element-93fb91f descripcion-curso color-scheme-inherit text-left elementor-widget elementor-widget-text-editor\" data-id=\"93fb91f\" data-element_type=\"widget\" data-widget_type=\"text-editor.default\">\n<div class=\"elementor-widget-container\">\n<p>Experimenta la innovadora t\u00e9cnica de Hipnoterapia Transformacional R\u00e1pida de Marisa, en su curso \u00e9xito de ventas Vida sin L\u00edmites, con el cual podr\u00e1s reconfigurar tu mente para crecer, triunfar y prosperar, y tener la vida que mereces.<\/p>\n<p>Gracias a los r\u00e1pidos avances en la neurolog\u00eda, una verdad muy poderosa ha quedado clara: no importa qui\u00e9nes somos o de d\u00f3nde venimos: todos nacemos con el mismo potencial neurol\u00f3gico para igualar al 1% personas con de mayor \u00e9xito en el mundo<\/p>\n<p>&nbsp;<\/p>\n<p>As\u00ed que, probablemente, la \u00fanica raz\u00f3n por la que todav\u00eda dudas de ti mismo, luchando con creencias limitantes y sin alcanzar el \u00e9xito, es simplemente porque no se te ha ense\u00f1ado c\u00f3mo activar ese potencial.<\/p>\n<p>&nbsp;<\/p>\n<p>El curso en l\u00ednea Vida sin L\u00edmites, por la visionaria hipnoterapeuta Marisa Peer, te guiar\u00e1 a trav\u00e9s de los ocho cambios mentales esenciales que necesitas para despertar r\u00e1pidamente a tu triunfador interno. Todo ello a trav\u00e9s de un extraordinario proceso conocido como Hipnoterapia Transformacional R\u00e1pida.<\/p>\n<p>&nbsp;<\/p>\n<p>Eliminar\u00e1s viejos paradigmas de autosabotaje. Construir\u00e1s nuevos modelos de percepci\u00f3n de la realidad. Te liberar\u00e1s de las cadenas de tu pasado, y reordenar\u00e1s tu mente para alcanzar un \u00e9xito sin l\u00edmites en todas las \u00e1reas de tu vida, tal como hace la gente m\u00e1s exitosa y plena del mundo.<\/p>\n<p>&nbsp;<\/p>\n<p>Este es exactamente el mismo proceso que Marisa comparte a puertas cerradas con sus clientes VIP, entre los que se encuentran atletas ol\u00edmpicos, estrellas de Hollywood, CEOs multimillonarios y l\u00edderes pol\u00edticos. Y ahora, por primera vez, est\u00e1 disponible tambi\u00e9n en espa\u00f1ol para la comunidad de Mindvalley.<\/p>\n<p>&nbsp;<\/p>\n<p>Bien, \u00bfy c\u00f3mo va a cambiar tu vida con este proceso de Hipnoterapia Transformacional R\u00e1pida? Empecemos por el principio\u2026<\/p>\n<p>&nbsp;<\/p>\n<p>Todo sucede mientras te est\u00e1s quedando dormido\u2026<br \/>\nAh\u00ed es cuando sientes esta desesperaci\u00f3n silenciosa. Ese pavor inquietante cuando te das cuenta de que no eres la persona que podr\u00edas y deber\u00edas ser.<\/p>\n<p>&nbsp;<\/p>\n<p>En esos momentos, tu coraz\u00f3n late m\u00e1s r\u00e1pido y tal vez te sientas como tu peor enemigo, al darte cuenta de que tus luchas contra la duda, la culpa y la impotencia te est\u00e1n robando el \u00e9xito y la alegr\u00eda que ves que otros disfrutan, al parecer, sin esfuerzo alguno.<\/p>\n<p>&nbsp;<\/p>\n<p>Pero, \u00bfpor qu\u00e9 nos boicoteamos a nosotros mismos de esta manera? Los psic\u00f3logos y fil\u00f3sofos han tratado de entender desde hace mucho tiempo la predisposici\u00f3n humana hacia el autosabotaje, y gracias a la neurociencia moderna, ahora sabemos la respuesta:<\/p>\n<p>&nbsp;<\/p>\n<p><strong>Tu mente est\u00e1 programada para resistirse al \u00e9xito<\/strong><\/p>\n<p>&nbsp;<\/p>\n<p>El problema radica en nuestro cerebro reptiliano: la parte m\u00e1s primitiva de nuestra mente que, pese a sus buenas intenciones, est\u00e1 programada para rechazar lo desconocido y atraparnos en nuestra zona de confort, donde se gasta menos energ\u00eda y se toman menos riesgos.<\/p>\n<p>&nbsp;<\/p>\n<p>Aquello ten\u00eda mucho sentido antes, cuando ten\u00edamos que escapar de tigres dientes de sable hambrientos. Pero \u00bftiene sentido hoy d\u00eda, que sabemos que el crecimiento personal, la auto-experimentaci\u00f3n y las nuevas formas de pensamiento son cruciales para nuestro \u00e9xito y nuestra felicidad? No, no tiene el m\u00e1s m\u00ednimo sentido.<\/p>\n<p>&nbsp;<\/p>\n<p>De hecho, esto es precisamente lo que hacen las personas m\u00e1s exitosas e importantes del mundo para rendir al m\u00e1ximo, aunque a menudo lo hacen de forma inconsciente. Ah\u00ed es donde entra en juego el curso Vida sin L\u00edmites: gui\u00e1ndote a trav\u00e9s de un proceso poderoso y f\u00e1cil de seguir, que reconfigura tu mente en ocho \u00e1reas distintas para atraer el \u00e9xito hacia ti, en lugar de alejarlo.<\/p>\n<p>&nbsp;<\/p>\n<p><strong>Los 8 cambios mentales de una persona exitosa<\/strong><\/p>\n<p>&nbsp;<\/p>\n<p>Tal como demuestran numerosos estudios cient\u00edficos, la Hipnoterapia Transformacional R\u00e1pida reconfigura literalmente tu cerebro para alcanzar el m\u00e1ximo rendimiento. Incluso se ha demostrado su eficacia en el tratamiento de la depresi\u00f3n, el manejo del dolor, el estr\u00e9s y mucho m\u00e1s.<\/p>\n<p>Marisa te gu\u00eda en este proceso, enfocado en cambiar tus modelos de la realidad de forma profunda y duradera. Tu estructura neurol\u00f3gica se somete a una profunda transformaci\u00f3n, provocando que pienses, sientas y percibas a un nivel completamente nuevo.<\/p>\n<p>Las adicciones, la ansiedad y el miedo se desvanecen. Comenzar\u00e1s a alcanzar tus objetivos con mucha menos resistencia, ya sea ganando ingresos inesperados, brillando en tu negocio o carrera, o sobresaliendo en tus relaciones personales.<\/p>\n<p>&nbsp;<\/p>\n<p><strong>Cuando te unas al programa Vida sin L\u00edmites:<\/strong><\/p>\n<p><strong>1.<\/strong>\u00a0Te sentir\u00e1s profundamente conectado a tu misi\u00f3n<br \/>\nLos l\u00edderes m\u00e1s importantes del mundo mencionan a menudo, que los gu\u00eda una misi\u00f3n mayor que ellos. Cuando te conectes con tu misi\u00f3n, tendr\u00e1s el enfoque y la claridad para seguir avanzando.<\/p>\n<p><strong>2.<\/strong>\u00a0Actualizar\u00e1s tus procesos de pensamiento<br \/>\nVer\u00e1s c\u00f3mo se desvanecen todos tus paradigmas obsoletos, no deseados y de auto-sabotaje, y c\u00f3mo se sustituyen por creencias, emociones y una visi\u00f3n del mundo empoderante.<\/p>\n<p><strong>3.<\/strong>\u00a0Manifestar\u00e1s con un poder imparable<br \/>\nA medida que tu mente subconsciente se conecte con los deseos de tu coraz\u00f3n, atraer\u00e1s las personas, situaciones y oportunidades correctas, con una facilidad sorprendente.<\/p>\n<p><strong>4.<\/strong>\u00a0Te emocionar\u00e1 lo desconocido<br \/>\nNo te esconder\u00e1s m\u00e1s en tu zona de confort: comenzar\u00e1s a abrirte camino y a lanzarte hacia entornos desconocidos, conociendo gente nueva y aprendiendo nuevas habilidades mientras exploras nuevos y emocionantes horizontes..<\/p>\n<p><strong>5.<\/strong>\u00a0Desarrollar\u00e1s intuici\u00f3n para tomar las decisiones correctas<br \/>\nTendr\u00e1s una capacidad intuitiva para tomar mejores decisiones en un abrir y cerrar de ojos, a\u00fan cuando no conozcas todas las posibilidades. Desp\u00eddete del titubeo y de la indecisi\u00f3n.<\/p>\n<p><strong>6.<\/strong>\u00a0Estar\u00e1s presente y enfocado<br \/>\nLib\u00e9rate de las cadenas del pasado y las preocupaciones del futuro, y descubre la mejor versi\u00f3n de ti en el \u00fanico momento que realmente importa: el presente.<\/p>\n<p><strong>7.<\/strong>\u00a0Vivir\u00e1s una vida plena y sin remordimientos<br \/>\nEmp\u00e1pate de autoestima y hazte inmune a las cr\u00edticas, tanto internas como externas. Deja que todo tu ser brille con un amor y aceptaci\u00f3n inquebrantables.<\/p>\n<p><strong>8.<\/strong>\u00a0Forjar\u00e1s tu propio camino sin temor<br \/>\nLib\u00e9rate de la necesidad de buscar aprobaci\u00f3n, y conf\u00eda en tus habilidades a medida que avanzas hacia tu visi\u00f3n personal de \u00e9xito y realizaci\u00f3n.<\/p>\n<\/div>\n<\/div>\n","protected":false},"excerpt":{"rendered":"<div class=\"woocommerce-product-details__short-description\">\n<p>C\u00f3mo adoptar las creencias empoderadoras, los h\u00e1bitos y patrones de pensamiento de las personas de mayor \u00e9xito en el mundo, y c\u00f3mo instalarlos en tu mente de forma instant\u00e1nea.<\/p>\n<\/div>\n","protected":false},"featured_media":1556,"comment_status":"open","ping_status":"closed","template":"","meta":{"site-sidebar-layout":"default","site-content-layout":"default","ast-global-header-display":"","ast-main-header-display":"","ast-hfb-above-header-display":"","ast-hfb-below-header-display":"","ast-hfb-mobile-header-display":"","site-post-title":"","ast-breadcrumbs-content":"","ast-featured-img":"","footer-sml-layout":"","theme-transparent-header-meta":"default","adv-header-id-meta":"","stick-header-meta":"","header-above-stick-meta":"","header-main-stick-meta":"","header-below-stick-meta":"","_joinchat":[]},"product_brand":[],"product_cat":[23,22],"product_tag":[],"class_list":{"0":"post-1555","1":"product","2":"type-product","3":"status-publish","4":"has-post-thumbnail","6":"product_cat-cursos","7":"product_cat-cursos-mindvalley","8":"desktop-align-left","9":"tablet-align-left","10":"mobile-align-left","12":"first","13":"instock","14":"sale","15":"downloadable","16":"shipping-taxable","17":"purchasable","18":"product-type-simple"},"_links":{"self":[{"href":"https:\/\/quebaratodigital.com\/index.php?rest_route=\/wp\/v2\/product\/1555","targetHints":{"allow":["GET"]}}],"collection":[{"href":"https:\/\/quebaratodigital.com\/index.php?rest_route=\/wp\/v2\/product"}],"about":[{"href":"https:\/\/quebaratodigital.com\/index.php?rest_route=\/wp\/v2\/types\/product"}],"replies":[{"embeddable":true,"href":"https:\/\/quebaratodigital.com\/index.php?rest_route=%2Fwp%2Fv2%2Fcomments&post=1555"}],"wp:featuredmedia":[{"embeddable":true,"href":"https:\/\/quebaratodigital.com\/index.php?rest_route=\/wp\/v2\/media\/1556"}],"wp:attachment":[{"href":"https:\/\/quebaratodigital.com\/index.php?rest_route=%2Fwp%2Fv2%2Fmedia&parent=1555"}],"wp:term":[{"taxonomy":"product_brand","embeddable":true,"href":"https:\/\/quebaratodigital.com\/index.php?rest_route=%2Fwp%2Fv2%2Fproduct_brand&post=1555"},{"taxonomy":"product_cat","embeddable":true,"href":"https:\/\/quebaratodigital.com\/index.php?rest_route=%2Fwp%2Fv2%2Fproduct_cat&post=1555"},{"taxonomy":"product_tag","embeddable":true,"href":"https:\/\/quebaratodigital.com\/index.php?rest_route=%2Fwp%2Fv2%2Fproduct_tag&post=1555"}],"curies":[{"name":"wp","href":"https:\/\/api.w.org\/{rel}","templated":true}]}}