{"id":1557,"date":"2024-07-02T01:37:53","date_gmt":"2024-07-02T01:37:53","guid":{"rendered":"https:\/\/quebaratodigital.com\/?post_type=product&#038;p=1557"},"modified":"2025-08-27T23:13:12","modified_gmt":"2025-08-27T23:13:12","slug":"1557","status":"publish","type":"product","link":"https:\/\/quebaratodigital.com\/?product=1557","title":{"rendered":"5 dias para una mente poderosa Jim Kwik mindvalley"},"content":{"rendered":"<div class=\"elementor-element elementor-element-ba54ba4 elementor-widget elementor-widget-heading\" data-id=\"ba54ba4\" data-element_type=\"widget\" data-widget_type=\"heading.default\">\n<div class=\"elementor-widget-container\">\n<h2 class=\"elementor-heading-title elementor-size-default\">Descripci\u00f3n del curso<\/h2>\n<\/div>\n<\/div>\n<div class=\"elementor-element elementor-element-93fb91f descripcion-curso color-scheme-inherit text-left elementor-widget elementor-widget-text-editor\" data-id=\"93fb91f\" data-element_type=\"widget\" data-widget_type=\"text-editor.default\">\n<div class=\"elementor-widget-container\">\n<section id=\"27\" class=\"pb-Container what-you-learn mv-section__gutter--medium mv-container\" data-name=\"What You Learn\">\n<section class=\"\">\n<section id=\"105\" class=\"pb-Container what-youll-learn\" data-name=\"What You'll Learn\">\n<div id=\"\" class=\"w-full lg_w-4\/6 mx-auto\">\n<div class=\"pb-markdown mv-type--titlebold5 md_text-center mb-8 md_mb-12\">\n<div class=\"pb-markdown mv-type--titlebold3 mt-0 md_mt-6\"><\/div>\n<div class=\"pb-markdown mv-type--medbold-md mt-4 md_mt-6 text-cool-grey-550 md_text-cool-grey-700\">\n<h3>\u00danete a jim kwik en una masterclass que transformar\u00e1 tu forma de pensar, aprender y vivir.<\/h3>\n<\/div>\n<p>&nbsp;<\/p>\n<\/div>\n<div class=\"pb-markdown mv-type--titlebold8 mv-list__number --spacious mb-8\">\n<ol>\n<li>La gran mentira que nos dijeron sobre nuestros cerebros\n<p class=\"mv-type--body\">Descubre por qu\u00e9 la mayor\u00eda de las personas solo usan una fracci\u00f3n de su capacidad cognitiva y c\u00f3mo puedes desbloquear todo el potencial de tu cerebro con 10 simples trucos.<\/p>\n<\/li>\n<li>\u00bfQuieres obtener una ventaja competitiva en tu industria?\n<p class=\"mv-type--body\">Aprender esta habilidad \u00daNICA te pondr\u00e1 instant\u00e1neamente por delante de todos los dem\u00e1s, especialmente cuando la mayor\u00eda de las personas se est\u00e1n ahogando en una \u00absobrecarga de informaci\u00f3n\u00bb.<\/p>\n<\/li>\n<li>Despeja r\u00e1pidamente tu \u00abniebla mental\u00bb con estos 10 deliciosos alimentos para el cerebro\n<p class=\"mv-type--body\">\u00a0 Mejora autom\u00e1ticamente tu enfoque, capacidad de toma de decisiones y claridad mental.<\/p>\n<\/li>\n<li>Prepara tu cerebro para un rendimiento \u00f3ptimo con la rutina matutina perfecta\n<p class=\"mv-type--body\">No solo duplicar\u00e1s tu capacidad cognitiva, sino que tambi\u00e9n te sentir\u00e1s m\u00e1s positivo, en\u00e9rgico y motivado para comenzar el d\u00eda.<\/p>\n<\/li>\n<li>Prueba este ejercicio mental poco convencional de 5 minutos\n<p class=\"mv-type--body\">Descubre c\u00f3mo cepillarte los dientes activar\u00e1 las \u00e1reas sin explotar de tu cerebro para una mayor capacidad cognitiva y crecimiento cerebral.<\/p>\n<\/li>\n<li>Olv\u00eddate de tu bebida de Starbucks con mucha cafe\u00edna y az\u00facar para obtener un \u00abt\u00e9 cerebral\u00bb natural\n<p class=\"mv-type--body\">\u00a0Obt\u00e9n el mismo impulso mental que obtienes del caf\u00e9, sin el derrumbe de energ\u00eda posterior.<\/p>\n<\/li>\n<li>\u00bfTe sientes avergonzado cuando dices: \u00abSe me olvid\u00f3 \u2026\u00bb?\n<p class=\"mv-type--body\">Aprende una poderosa t\u00e9cnica de memorizaci\u00f3n para que nunca te olvides de otro aniversario o reuni\u00f3n. Esto incluso te permitir\u00e1 pronunciar un discurso perfecto sin notas.<\/p>\n<\/li>\n<\/ol>\n<\/div>\n<div class=\"pb-markdown mv-type--titlebold8 mv-list__number --spacious\">\n<p>Y muchos m\u00e1s trucos y t\u00e9cnicas que desatar\u00e1n el potencial ilimitado de tu cerebro\u2026<\/p>\n<\/div>\n<\/div>\n<\/section>\n<\/section>\n<\/section>\n<\/div>\n<\/div>\n","protected":false},"excerpt":{"rendered":"<div class=\"woocommerce-product-details__short-description\">\n<p>Descubre 5 poderosos trucos para desbloquear tu supercerebro y aprender m\u00e1s r\u00e1pido, retener m\u00e1s y olvidar menos.<\/p>\n<\/div>\n","protected":false},"featured_media":1558,"comment_status":"open","ping_status":"closed","template":"","meta":{"site-sidebar-layout":"default","site-content-layout":"default","ast-global-header-display":"","ast-main-header-display":"","ast-hfb-above-header-display":"","ast-hfb-below-header-display":"","ast-hfb-mobile-header-display":"","site-post-title":"","ast-breadcrumbs-content":"","ast-featured-img":"","footer-sml-layout":"","theme-transparent-header-meta":"default","adv-header-id-meta":"","stick-header-meta":"","header-above-stick-meta":"","header-main-stick-meta":"","header-below-stick-meta":"","_joinchat":[]},"product_brand":[],"product_cat":[23,22],"product_tag":[],"class_list":{"0":"post-1557","1":"product","2":"type-product","3":"status-publish","4":"has-post-thumbnail","6":"product_cat-cursos","7":"product_cat-cursos-mindvalley","8":"desktop-align-left","9":"tablet-align-left","10":"mobile-align-left","12":"first","13":"instock","14":"sale","15":"downloadable","16":"shipping-taxable","17":"purchasable","18":"product-type-simple"},"_links":{"self":[{"href":"https:\/\/quebaratodigital.com\/index.php?rest_route=\/wp\/v2\/product\/1557","targetHints":{"allow":["GET"]}}],"collection":[{"href":"https:\/\/quebaratodigital.com\/index.php?rest_route=\/wp\/v2\/product"}],"about":[{"href":"https:\/\/quebaratodigital.com\/index.php?rest_route=\/wp\/v2\/types\/product"}],"replies":[{"embeddable":true,"href":"https:\/\/quebaratodigital.com\/index.php?rest_route=%2Fwp%2Fv2%2Fcomments&post=1557"}],"wp:featuredmedia":[{"embeddable":true,"href":"https:\/\/quebaratodigital.com\/index.php?rest_route=\/wp\/v2\/media\/1558"}],"wp:attachment":[{"href":"https:\/\/quebaratodigital.com\/index.php?rest_route=%2Fwp%2Fv2%2Fmedia&parent=1557"}],"wp:term":[{"taxonomy":"product_brand","embeddable":true,"href":"https:\/\/quebaratodigital.com\/index.php?rest_route=%2Fwp%2Fv2%2Fproduct_brand&post=1557"},{"taxonomy":"product_cat","embeddable":true,"href":"https:\/\/quebaratodigital.com\/index.php?rest_route=%2Fwp%2Fv2%2Fproduct_cat&post=1557"},{"taxonomy":"product_tag","embeddable":true,"href":"https:\/\/quebaratodigital.com\/index.php?rest_route=%2Fwp%2Fv2%2Fproduct_tag&post=1557"}],"curies":[{"name":"wp","href":"https:\/\/api.w.org\/{rel}","templated":true}]}}