{"id":1559,"date":"2024-07-02T01:41:08","date_gmt":"2024-07-02T01:41:08","guid":{"rendered":"https:\/\/quebaratodigital.com\/?post_type=product&#038;p=1559"},"modified":"2024-10-24T16:26:49","modified_gmt":"2024-10-24T16:26:49","slug":"la-meditacion-en-6-fases-vishen-lakhiani","status":"publish","type":"product","link":"https:\/\/quebaratodigital.com\/?product=la-meditacion-en-6-fases-vishen-lakhiani","title":{"rendered":"La Meditaci\u00f3n en 6 fases \u2013 Vishen Lakhiani"},"content":{"rendered":"<div class=\"elementor-element elementor-element-ba54ba4 elementor-widget elementor-widget-heading\" data-id=\"ba54ba4\" data-element_type=\"widget\" data-widget_type=\"heading.default\">\n<div class=\"elementor-widget-container\">\n<h2 class=\"elementor-heading-title elementor-size-default\">Descripci\u00f3n del curso<\/h2>\n<\/div>\n<\/div>\n<div class=\"elementor-element elementor-element-93fb91f descripcion-curso color-scheme-inherit text-left elementor-widget elementor-widget-text-editor\" data-id=\"93fb91f\" data-element_type=\"widget\" data-widget_type=\"text-editor.default\">\n<div class=\"elementor-widget-container\">\n<p>Para la persona que busca meditar mejor (o que solo quiere comenzar):<br \/>\nDesde cient\u00edficos hasta gur\u00fas espirituales, multimillonarios y atletas de alto vuelo: pr\u00e1cticamente todo el mundo est\u00e1 de acuerdo en que la meditaci\u00f3n es la pr\u00e1ctica de crecimiento personal m\u00e1s eficaz.<\/p>\n<p>Y sin embargo, ya sea que sea un meditador experimentado o un novato, es posible que haya notado lo dif\u00edcil que puede ser dominar la meditaci\u00f3n.<\/p>\n<p>La inquietud. La lucha por la coherencia. La pregunta de \u00ab\u00bflo estoy haciendo bien?\u00bb. Las antiguas reglas y pautas que a veces no encajan del todo con su vida y mente modernas.<\/p>\n<p>Pero, \u00bfy si hubiera una manera m\u00e1s f\u00e1cil y mucho m\u00e1s efectiva de disfrutar de los beneficios m\u00e1s profundos de la meditaci\u00f3n?<\/p>\n<h2>La meditaci\u00f3n de 6 fases es un marco revolucionario para la meditaci\u00f3n: dise\u00f1ado por el fundador de mindvalley, vishen lakhiani, basado en su propia pr\u00e1ctica diaria.<\/h2>\n<p>Es una destilaci\u00f3n de cientos de los libros de crecimiento personal m\u00e1s poderosos del mundo. E innumerables estudios neurocient\u00edficos que muestran c\u00f3mo crear un cambio real y duradero en la mente humana.<\/p>\n<p>El resultado es uno de los sistemas de meditaci\u00f3n m\u00e1s eficientes y f\u00e1ciles de usar disponibles en la actualidad: uno que elimina toda la pelusa y el dogma; y te recompensa con innumerables transformaciones positivas que puedes sentir en todos los \u00e1mbitos de la vida.<\/p>\n<h3><strong>De hecho, en solo siete cortos d\u00edas, el programa de meditaci\u00f3n de 6 fases lo ayudar\u00e1 a:<\/strong><\/h3>\n<ul>\n<li>Aumenta tu felicidad en un 20% o m\u00e1s<\/li>\n<li>Derretir el estr\u00e9s y la ansiedad<\/li>\n<li>Amplifica tu creatividad e intuici\u00f3n<\/li>\n<li>Acondiciona tu cerebro para experimentar m\u00e1s compasi\u00f3n<\/li>\n<li>Multiplique su enfoque y productividad<\/li>\n<li>Recarga tu vitalidad y acelera la curaci\u00f3n<\/li>\n<li>Y mucho m\u00e1s<\/li>\n<\/ul>\n<h3><strong>Qu\u00e9 aprender\u00e1s<\/strong><\/h3>\n<p><strong>1-<\/strong>\u00a0Mayor amor propio y aceptaci\u00f3n:<br \/>\nSum\u00e9rjase en su mente subconsciente, explore su verdadera naturaleza y obtenga amor incondicional y aceptaci\u00f3n por su viaje y car\u00e1cter \u00fanicos.<\/p>\n<p><strong>2-<\/strong>\u00a0Una sensaci\u00f3n de abundancia ilimitada:<br \/>\nVuelva a ajustar su mente para liberar los patrones de carencia que le impiden jugar un juego m\u00e1s grande y alcanzar lo que realmente desea en la vida.<\/p>\n<p><strong>3-<\/strong>\u00a0Mejore su calidad de vida:<br \/>\nDesde sus pensamientos y emociones hasta sus h\u00e1bitos y creencias, reprogr\u00e1mese para canalizar una mayor alegr\u00eda, satisfacci\u00f3n y paz mental en cada d\u00eda.<\/p>\n<p><strong>4-<\/strong>\u00a0Elige la felicidad:<br \/>\nConvierte la felicidad en tu estado predeterminado. Ya ni siquiera necesitar\u00e1s una raz\u00f3n espec\u00edfica para experimentar la alegr\u00eda, simplemente fluye de ti.<\/p>\n<p><strong>5-<\/strong>\u00a0Si\u00e9ntete m\u00e1s conectado a la vida:<br \/>\nSinton\u00edzate con las personas y las energ\u00edas que te rodean, para que en lugar de sentirte solo o aislado, te sientas conectado y apoyado en todo lo que haces.<\/p>\n<p><strong>6-<\/strong>\u00a0Sea m\u00e1s compasivo:<br \/>\nProfundiza tu compasi\u00f3n hacia ti mismo y hacia los dem\u00e1s. Descubra c\u00f3mo ir m\u00e1s all\u00e1 de la ilusi\u00f3n de la separaci\u00f3n y canalizar el amor y la empat\u00eda ilimitados hacia todos.<\/p>\n<p><strong>7-<\/strong>\u00a0Fortalezca su resistencia al estr\u00e9s:<br \/>\nA trav\u00e9s de la meditaci\u00f3n regular, ya no se sentir\u00e1 abrumado por las grandes tareas, las incertidumbres o las listas de tareas pendientes. Todo se desarrolla sin problemas para ti.<\/p>\n<p><strong>8-<\/strong>\u00a0Aprende a perdonar:<br \/>\nYa sea que se trate de un conflicto no resuelto o algo por lo que todav\u00eda te sientes culpable o mal, descubre c\u00f3mo proyectar el perd\u00f3n verdadero e incondicional sobre ti y los dem\u00e1s.<\/p>\n<\/div>\n<\/div>\n","protected":false},"excerpt":{"rendered":"<div class=\"woocommerce-product-details__short-description\">\n<p>Es un plan de estudios en l\u00ednea de siete d\u00edas que lo gu\u00eda a trav\u00e9s de cada paso del enfoque revolucionario de la meditaci\u00f3n de Vishen Lakhiani.<\/p>\n<\/div>\n","protected":false},"featured_media":1560,"comment_status":"open","ping_status":"closed","template":"","meta":{"site-sidebar-layout":"default","site-content-layout":"default","ast-global-header-display":"","ast-main-header-display":"","ast-hfb-above-header-display":"","ast-hfb-below-header-display":"","ast-hfb-mobile-header-display":"","site-post-title":"","ast-breadcrumbs-content":"","ast-featured-img":"","footer-sml-layout":"","theme-transparent-header-meta":"default","adv-header-id-meta":"","stick-header-meta":"","header-above-stick-meta":"","header-main-stick-meta":"","header-below-stick-meta":"","_joinchat":[]},"product_brand":[],"product_cat":[23,22],"product_tag":[],"class_list":{"0":"post-1559","1":"product","2":"type-product","3":"status-publish","4":"has-post-thumbnail","6":"product_cat-cursos","7":"product_cat-cursos-mindvalley","8":"desktop-align-left","9":"tablet-align-left","10":"mobile-align-left","12":"first","13":"instock","14":"sale","15":"downloadable","16":"shipping-taxable","17":"purchasable","18":"product-type-simple"},"_links":{"self":[{"href":"https:\/\/quebaratodigital.com\/index.php?rest_route=\/wp\/v2\/product\/1559","targetHints":{"allow":["GET"]}}],"collection":[{"href":"https:\/\/quebaratodigital.com\/index.php?rest_route=\/wp\/v2\/product"}],"about":[{"href":"https:\/\/quebaratodigital.com\/index.php?rest_route=\/wp\/v2\/types\/product"}],"replies":[{"embeddable":true,"href":"https:\/\/quebaratodigital.com\/index.php?rest_route=%2Fwp%2Fv2%2Fcomments&post=1559"}],"wp:featuredmedia":[{"embeddable":true,"href":"https:\/\/quebaratodigital.com\/index.php?rest_route=\/wp\/v2\/media\/1560"}],"wp:attachment":[{"href":"https:\/\/quebaratodigital.com\/index.php?rest_route=%2Fwp%2Fv2%2Fmedia&parent=1559"}],"wp:term":[{"taxonomy":"product_brand","embeddable":true,"href":"https:\/\/quebaratodigital.com\/index.php?rest_route=%2Fwp%2Fv2%2Fproduct_brand&post=1559"},{"taxonomy":"product_cat","embeddable":true,"href":"https:\/\/quebaratodigital.com\/index.php?rest_route=%2Fwp%2Fv2%2Fproduct_cat&post=1559"},{"taxonomy":"product_tag","embeddable":true,"href":"https:\/\/quebaratodigital.com\/index.php?rest_route=%2Fwp%2Fv2%2Fproduct_tag&post=1559"}],"curies":[{"name":"wp","href":"https:\/\/api.w.org\/{rel}","templated":true}]}}