{"id":1561,"date":"2024-07-02T17:34:59","date_gmt":"2024-07-02T17:34:59","guid":{"rendered":"https:\/\/quebaratodigital.com\/?post_type=product&#038;p=1561"},"modified":"2026-02-25T13:24:48","modified_gmt":"2026-02-25T13:24:48","slug":"7-dias-para-dejar-el-azucar-eric-edmeades","status":"publish","type":"product","link":"https:\/\/quebaratodigital.com\/?product=7-dias-para-dejar-el-azucar-eric-edmeades","title":{"rendered":"7 d\u00edas para dejar el az\u00facar \u2013 Eric Edmeades"},"content":{"rendered":"<h1 class=\"elementor-heading-title elementor-size-default\" style=\"text-align: center;\">Descarga El Curso 7 d\u00edas para dejar el az\u00facar<\/h1>\n<p>&nbsp;<\/p>\n<p>Prep\u00e1rate para vivir una experiencia extraordinaria que transformar\u00e1 para siempre tu relaci\u00f3n con el az\u00facar.<\/p>\n<p>&nbsp;<\/p>\n<p>En este Desaf\u00edo vas a terminar con la relaci\u00f3n m\u00e1s t\u00f3xica para tu salud: la que tienes con el az\u00facar. Descubrir\u00e1s c\u00f3mo deshacerte de esta dependencia subconsciente y, en solo 7 d\u00edas, cambiar\u00e1s para siempre tu relaci\u00f3n con la comida.<\/p>\n<p>&nbsp;<\/p>\n<h2>Ideas principales de la 1 sesi\u00f3n<\/h2>\n<p>&nbsp;<\/p>\n<ul>\n<li>\u00a1Ten cuidado! El az\u00facar est\u00e1 en todo.<\/li>\n<li>El az\u00facar provoca hambre. Por eso los fabricantes de alimentos la a\u00f1aden a casi todo lo que comes.<\/li>\n<li>La industria del az\u00facar culp\u00f3 a la grasa por los problemas de salud.<\/li>\n<li>La mayor\u00eda de las personas consumen 70 kilos de az\u00facar al a\u00f1o.<\/li>\n<li>El az\u00facar hace que almacenemos grasa.<\/li>\n<\/ul>\n<p>\u00bfQuieres aprender mas? \u00bfEst\u00e1s listo?<\/p>\n<p>\u00a1Comencemos!<\/p>\n","protected":false},"excerpt":{"rendered":"<div class=\"woocommerce-product-details__short-description\">\n<p>En este Desaf\u00edo vas a terminar con la relaci\u00f3n m\u00e1s t\u00f3xica para tu salud: la que tienes con el az\u00facar.<\/p>\n<\/div>\n<form class=\"cart\" action=\"https:\/\/miscursosvirtuales.com.co\/producto\/7-dias-para-dejar-el-azucar-eric-edmeades\/\" enctype=\"multipart\/form-data\" method=\"post\">\n<div class=\"quantity\"><\/div>\n<\/form>\n","protected":false},"featured_media":1562,"comment_status":"open","ping_status":"closed","template":"","meta":{"site-sidebar-layout":"default","site-content-layout":"default","ast-global-header-display":"","ast-main-header-display":"","ast-hfb-above-header-display":"","ast-hfb-below-header-display":"","ast-hfb-mobile-header-display":"","site-post-title":"","ast-breadcrumbs-content":"","ast-featured-img":"","footer-sml-layout":"","theme-transparent-header-meta":"default","adv-header-id-meta":"","stick-header-meta":"","header-above-stick-meta":"","header-main-stick-meta":"","header-below-stick-meta":"","_joinchat":[]},"product_brand":[],"product_cat":[23,22],"product_tag":[],"class_list":{"0":"post-1561","1":"product","2":"type-product","3":"status-publish","4":"has-post-thumbnail","6":"product_cat-cursos","7":"product_cat-cursos-mindvalley","8":"desktop-align-left","9":"tablet-align-left","10":"mobile-align-left","12":"first","13":"instock","14":"sale","15":"downloadable","16":"shipping-taxable","17":"purchasable","18":"product-type-simple"},"_links":{"self":[{"href":"https:\/\/quebaratodigital.com\/index.php?rest_route=\/wp\/v2\/product\/1561","targetHints":{"allow":["GET"]}}],"collection":[{"href":"https:\/\/quebaratodigital.com\/index.php?rest_route=\/wp\/v2\/product"}],"about":[{"href":"https:\/\/quebaratodigital.com\/index.php?rest_route=\/wp\/v2\/types\/product"}],"replies":[{"embeddable":true,"href":"https:\/\/quebaratodigital.com\/index.php?rest_route=%2Fwp%2Fv2%2Fcomments&post=1561"}],"wp:featuredmedia":[{"embeddable":true,"href":"https:\/\/quebaratodigital.com\/index.php?rest_route=\/wp\/v2\/media\/1562"}],"wp:attachment":[{"href":"https:\/\/quebaratodigital.com\/index.php?rest_route=%2Fwp%2Fv2%2Fmedia&parent=1561"}],"wp:term":[{"taxonomy":"product_brand","embeddable":true,"href":"https:\/\/quebaratodigital.com\/index.php?rest_route=%2Fwp%2Fv2%2Fproduct_brand&post=1561"},{"taxonomy":"product_cat","embeddable":true,"href":"https:\/\/quebaratodigital.com\/index.php?rest_route=%2Fwp%2Fv2%2Fproduct_cat&post=1561"},{"taxonomy":"product_tag","embeddable":true,"href":"https:\/\/quebaratodigital.com\/index.php?rest_route=%2Fwp%2Fv2%2Fproduct_tag&post=1561"}],"curies":[{"name":"wp","href":"https:\/\/api.w.org\/{rel}","templated":true}]}}