{"id":1566,"date":"2024-07-02T17:43:29","date_gmt":"2024-07-02T17:43:29","guid":{"rendered":"https:\/\/quebaratodigital.com\/?post_type=product&#038;p=1566"},"modified":"2025-12-27T23:37:37","modified_gmt":"2025-12-27T23:37:37","slug":"biblioteca-digital-drive-psicologia","status":"publish","type":"product","link":"https:\/\/quebaratodigital.com\/?product=biblioteca-digital-drive-psicologia","title":{"rendered":"Biblioteca Digital Drive Psicolog\u00eda"},"content":{"rendered":"<p class=\"_mb-5\" role=\"paragraph\">\ud83d\udc81\ud83c\udffb\u200d\u2642\ufe0f\ud83d\udc49Dentro de este Mega Pack en Google Drive, encontrar\u00e1s \ud835\udfcf\ud835\udfd0\ud835\udfce\ud835\udfce \ud835\udc29\ud835\udc2b\ud835\udc2e\ud835\udc1e\ud835\udc1b\ud835\udc1a\ud835\udc2c \ud835\udc29\ud835\udc2c\ud835\udc22\ud835\udc1c\ud835\udc28\ud835\udc25\ud835\udc28\u0301\ud835\udc20\ud835\udc22\ud835\udc1c\ud835\udc1a\ud835\udc2c \ud83d\udccb, Libros de Psicolog\u00eda, Mega Biblioteca General , Manuales especializados, terapias, tratamientos y mucho m\u00e1s, ayud\u00e1ndote en la facilitaci\u00f3n de la aplicaci\u00f3n y calificaci\u00f3n; pruebas en diversas \u00e1reas tanto para:<\/p>\n<p class=\"_mb-5\" role=\"paragraph\">\ud83d\udcd5 Inteligencia<\/p>\n<p class=\"_mb-5\" role=\"paragraph\">\ud83d\udcd7 Ansiedad<\/p>\n<p class=\"_mb-5\" role=\"paragraph\">\ud83d\udcd8 Depresi\u00f3n<\/p>\n<p class=\"_mb-5\" role=\"paragraph\">\ud83d\udcd9 Habilidades Sociales<\/p>\n<p class=\"_mb-5\" role=\"paragraph\">\ud83d\udcd5 Orientaci\u00f3n Vocacional<\/p>\n<p class=\"_mb-5\" role=\"paragraph\">\ud83d\udcd7 Estilos de aprendizaje<\/p>\n<p class=\"_mb-5\" role=\"paragraph\">\ud83d\udcd8 Adicciones<\/p>\n<p class=\"_mb-5\" role=\"paragraph\">\ud83d\udcd9 \u00c1rea Organizacional<\/p>\n<p class=\"_mb-5\" role=\"paragraph\">\ud83d\udcd5 Cl\u00ednica<\/p>\n<p role=\"paragraph\">Diccionarios de Psicolog\u00eda<\/p>\n<p role=\"paragraph\">Todas las especialidades<\/p>\n<p role=\"paragraph\">Formatos editables<\/p>\n<p role=\"paragraph\"><span class=\"html-span xexx8yu x4uap5 x18d9i69 xkhd6sd x1hl2dhg x16tdsg8 x1vvkbs x3nfvp2 x1j61x8r x1fcty0u xdj266r xat24cr xgzva0m xhhsvwb xxymvpz xlup9mm x1kky2od\"><img decoding=\"async\" class=\"xz74otr\" src=\"https:\/\/static.xx.fbcdn.net\/images\/emoji.php\/v9\/tfc\/1\/16\/1f7e2.png\" alt=\"\ud83d\udfe2\" width=\"16\" height=\"16\" \/><\/span>Manuales especializados<br class=\"html-br\" \/><span class=\"html-span xexx8yu x4uap5 x18d9i69 xkhd6sd x1hl2dhg x16tdsg8 x1vvkbs x3nfvp2 x1j61x8r x1fcty0u xdj266r xat24cr xgzva0m xhhsvwb xxymvpz xlup9mm x1kky2od\"><img decoding=\"async\" class=\"xz74otr\" src=\"https:\/\/static.xx.fbcdn.net\/images\/emoji.php\/v9\/tfc\/1\/16\/1f7e2.png\" alt=\"\ud83d\udfe2\" width=\"16\" height=\"16\" \/><\/span>Terapias<br class=\"html-br\" \/><span class=\"html-span xexx8yu x4uap5 x18d9i69 xkhd6sd x1hl2dhg x16tdsg8 x1vvkbs x3nfvp2 x1j61x8r x1fcty0u xdj266r xat24cr xgzva0m xhhsvwb xxymvpz xlup9mm x1kky2od\"><img decoding=\"async\" class=\"xz74otr\" src=\"https:\/\/static.xx.fbcdn.net\/images\/emoji.php\/v9\/tfc\/1\/16\/1f7e2.png\" alt=\"\ud83d\udfe2\" width=\"16\" height=\"16\" \/><\/span>Tratamientos y<br class=\"html-br\" \/><span class=\"html-span xexx8yu x4uap5 x18d9i69 xkhd6sd x1hl2dhg x16tdsg8 x1vvkbs x3nfvp2 x1j61x8r x1fcty0u xdj266r xat24cr xgzva0m xhhsvwb xxymvpz xlup9mm x1kky2od\"><img decoding=\"async\" class=\"xz74otr\" src=\"https:\/\/static.xx.fbcdn.net\/images\/emoji.php\/v9\/tfc\/1\/16\/1f7e2.png\" alt=\"\ud83d\udfe2\" width=\"16\" height=\"16\" \/><\/span>Mucho m\u00e1s<\/p>\n<p class=\"_mb-5\" role=\"paragraph\">\ud83d\udcd7 Educativa, etc.<\/p>\n<p class=\"_mb-5\" role=\"paragraph\">\ud83d\udc49\ud835\uddd6\ud835\udde2\ud835\udde1\ud835\udde7\ud835\uddd8\ud835\udde1\ud835\udddc\ud835\uddd7\ud835\udde2 \ud835\uddd7\ud835\udddc\ud835\udde6\ud835\udde3\ud835\udde2\ud835\udde1\ud835\udddc\ud835\uddd5\ud835\udddf\ud835\uddd8 \ud835\uddd8\ud835\udde1 \ud835\udde1\ud835\udde8\ud835\uddd8\ud835\udde6\ud835\udde7\ud835\udde5\ud835\udde2\ud835\udde6 \ud835\udde6\ud835\uddd8\ud835\udde5\ud835\udde9\ud835\udddc\ud835\uddd7\ud835\udde2\ud835\udde5\ud835\uddd8\ud835\udde6 \ud835\uddd7\ud835\uddd8 \ud835\uddd7\ud835\udde5\ud835\udddc\ud835\udde9\ud835\uddd8 \u2601\ufe0f\ud83d\udcaf% \ud835\uddd6\ud835\udde2\ud835\udde1\ud835\uddd9\ud835\udddc\ud835\uddd4\ud835\uddd5\ud835\udddf\ud835\uddd8, \ud835\uddd7\ud835\uddd8\ud835\udde6\ud835\uddd6\ud835\uddd4\ud835\udde5\ud835\uddda\ud835\uddd4 \ud835\udfee\ud835\udff0\/\ud835\udff3 \ud835\udde6\ud835\udddc\ud835\udde1 \ud835\uddd9\ud835\uddd8\ud835\uddd6\ud835\udddb\ud835\uddd4 \ud835\uddd7\ud835\uddd8 \ud835\uddd6\ud835\uddd4\ud835\uddd7\ud835\udde8\ud835\uddd6\ud835\udddc\ud835\uddd7\ud835\uddd4\ud835\uddd7 \u23f1\ud83d\udcb0<\/p>\n","protected":false},"excerpt":{"rendered":"<p>Biblioteca Digital Drive Psicolog\u00eda<\/p>\n<p class=\"_mb-5\" role=\"paragraph\">\ud83c\udf81\ud835\uddd4\ud835\uddd6\ud835\uddd6\ud835\uddd8\ud835\uddd7\ud835\uddd8 \ud835\uddd4 \ud835\udde8\ud835\udde1\ud835\uddd4 \ud835\udde6\ud835\udde8\u0301\ud835\udde3\ud835\uddd8\ud835\udde5 \ud835\udde3\ud835\udde5\ud835\udde2\ud835\udde0\ud835\udde2\ud835\uddd6\ud835\udddc\ud835\udde2\u0301\ud835\udde1 \ud83c\udf81<\/p>\n<p class=\"_mb-5\" role=\"paragraph\">\ud83d\udccc Entrega inmediata\u00a0 \ud83d\udce9<\/p>\n<p class=\"_mb-5\" role=\"paragraph\">\ud83d\ude80ACCESO ILIMITADO AL CONTENIDO\u00a0 \ud83d\udd25\u26a1!<\/p>\n<p class=\"_mb-5\" role=\"paragraph\">CONTAMOS CON TODOS LOS MEDIOS DE PAGO<\/p>\n","protected":false},"featured_media":1569,"comment_status":"open","ping_status":"closed","template":"","meta":{"site-sidebar-layout":"default","site-content-layout":"default","ast-global-header-display":"","ast-main-header-display":"","ast-hfb-above-header-display":"","ast-hfb-below-header-display":"","ast-hfb-mobile-header-display":"","site-post-title":"","ast-breadcrumbs-content":"","ast-featured-img":"","footer-sml-layout":"","theme-transparent-header-meta":"default","adv-header-id-meta":"","stick-header-meta":"","header-above-stick-meta":"","header-main-stick-meta":"","header-below-stick-meta":"","_joinchat":[]},"product_brand":[],"product_cat":[26,25],"product_tag":[],"class_list":{"0":"post-1566","1":"product","2":"type-product","3":"status-publish","4":"has-post-thumbnail","6":"product_cat-material-digital","7":"product_cat-packs","8":"desktop-align-left","9":"tablet-align-left","10":"mobile-align-left","12":"first","13":"instock","14":"downloadable","15":"shipping-taxable","16":"purchasable","17":"product-type-simple"},"_links":{"self":[{"href":"https:\/\/quebaratodigital.com\/index.php?rest_route=\/wp\/v2\/product\/1566","targetHints":{"allow":["GET"]}}],"collection":[{"href":"https:\/\/quebaratodigital.com\/index.php?rest_route=\/wp\/v2\/product"}],"about":[{"href":"https:\/\/quebaratodigital.com\/index.php?rest_route=\/wp\/v2\/types\/product"}],"replies":[{"embeddable":true,"href":"https:\/\/quebaratodigital.com\/index.php?rest_route=%2Fwp%2Fv2%2Fcomments&post=1566"}],"wp:featuredmedia":[{"embeddable":true,"href":"https:\/\/quebaratodigital.com\/index.php?rest_route=\/wp\/v2\/media\/1569"}],"wp:attachment":[{"href":"https:\/\/quebaratodigital.com\/index.php?rest_route=%2Fwp%2Fv2%2Fmedia&parent=1566"}],"wp:term":[{"taxonomy":"product_brand","embeddable":true,"href":"https:\/\/quebaratodigital.com\/index.php?rest_route=%2Fwp%2Fv2%2Fproduct_brand&post=1566"},{"taxonomy":"product_cat","embeddable":true,"href":"https:\/\/quebaratodigital.com\/index.php?rest_route=%2Fwp%2Fv2%2Fproduct_cat&post=1566"},{"taxonomy":"product_tag","embeddable":true,"href":"https:\/\/quebaratodigital.com\/index.php?rest_route=%2Fwp%2Fv2%2Fproduct_tag&post=1566"}],"curies":[{"name":"wp","href":"https:\/\/api.w.org\/{rel}","templated":true}]}}