{"id":1571,"date":"2024-07-09T01:54:34","date_gmt":"2024-07-09T01:54:34","guid":{"rendered":"https:\/\/quebaratodigital.com\/?post_type=product&#038;p=1571"},"modified":"2025-10-16T15:18:53","modified_gmt":"2025-10-16T15:18:53","slug":"super-pack-profesional-de-lenguaje-y-autismo","status":"publish","type":"product","link":"https:\/\/quebaratodigital.com\/?product=super-pack-profesional-de-lenguaje-y-autismo","title":{"rendered":"SUPER PACK PROFESIONAL DE LENGUAJE Y AUTISMO"},"content":{"rendered":"<h5><strong>Ten herramientas que te ayudar\u00e1n y acompa\u00f1ar\u00e1n por siempre, ya que tendr\u00e1s acceso ilimitado.<\/strong><\/h5>\n<p>&nbsp;<\/p>\n<ol>\n<li>TERAPIAS DE LENGUAJE<\/li>\n<li>LENGUAJE PARA NI\u00d1OS CON AUTISMO<\/li>\n<li>SUPER MALETIN PARA TRABAJAR LA ATENCION, CONCENTRACION Y GRAFOMOTRICIDAD EN LOS NI\u00d1OS<\/li>\n<li>CUADERNILLOS PARA TRABAJAR CON LOS NI\u00d1OS EN CASA ATENCION<\/li>\n<li>ATENCION VISUAL<\/li>\n<li>ATENCI\u00d3N MANTENIDA<\/li>\n<li>ATENCION SOSTENIDA<\/li>\n<li>ATENCI\u00d3N Y COMPRENSI\u00d3N LECTORA<\/li>\n<li>AGUDEZA VISUAL<\/li>\n<li>ATENCI\u00d3N Y CONTEO<\/li>\n<li>COPIAR PATRONES<\/li>\n<li>SIMETRIA Y LATERALIDAD<\/li>\n<li>CUADERNILLOS PARA TRABAJAR GRAFOMOTRICIDAD<\/li>\n<li>CUADERNILLOS Y GUIAS PARA EL AUTOCONTROL EN NI\u00d1OS<\/li>\n<li>CUADERNILLO Y EJERCICIOS PARA NI\u00d1OS CON SINDROME DE DOWN<\/li>\n<li>CUADERNILLOS Y EJERCICIOS PARA NI\u00d1OS CON THDA<\/li>\n<li>EJERCICIOS EN PPT<\/li>\n<li>FICHAS ESPECIALES PARA EL FORTALECIMIENTO<\/li>\n<li>PROGRAMA DE ENTRENAMIENTO PARA MEJORAR LA ATENCION Y LA MEMORIA AUDITIVA<\/li>\n<li>DINAMICA DE GRUPOS PARA NI\u00d1OS CON TDAH<\/li>\n<li>CUADERNILOS 1 , 2 Y 3\u00a0<span class=\"x3nfvp2 x1j61x8r x1fcty0u xdj266r xhhsvwb xat24cr xgzva0m xxymvpz xlup9mm x1kky2od\"><img decoding=\"async\" src=\"https:\/\/static.xx.fbcdn.net\/images\/emoji.php\/v9\/t9a\/1\/16\/1f4d2.png\" alt=\"\ud83d\udcd2\" width=\"16\" height=\"16\" \/><\/span><\/li>\n<li>CUADERNILLOS DIDACTICOS DE ESTIMULACION DEL LENGUAJE<\/li>\n<li>CUADERNO Y EJERCICIOS PARA NI\u00d1OS CON SINDROME DE DOWN<\/li>\n<li>PATERNIDAD Y SONDROME DE DOWN<\/li>\n<li>DESARROLLO DE HABILIDADES SOCIALES<\/li>\n<li>HABILIDADES TEMPRANA DE COMUNICACION<\/li>\n<li>PROGRAMA PARA EL DESARROLLO DE LAS INTELIGENCIAS MULTIPLES A TEMPRANA EDAD<\/li>\n<li>PLAN DE TRABAJO IMPLEMENTADO EL DESARROLLO<\/li>\n<li>400 TEST ELECTRONICOS<\/li>\n<li><strong>25 JUEGOS PARA POTENCIAS LAS INTELIGENCIAS MULTIUPLES\u00a0<span class=\"x3nfvp2 x1j61x8r x1fcty0u xdj266r xhhsvwb xat24cr xgzva0m xxymvpz xlup9mm x1kky2od\"><img decoding=\"async\" src=\"https:\/\/static.xx.fbcdn.net\/images\/emoji.php\/v9\/t7c\/1\/16\/1f9e0.png\" alt=\"\ud83e\udde0\" width=\"16\" height=\"16\" \/><\/span><\/strong><\/li>\n<li>150 ACTIVIDADES PARA EL TRABAJO DE LAS INTELIGENCIAS MULTIPLES EN EL AULA<\/li>\n<li>MANUAL PARA EL DESARROLLO DE LA INTELIGENCIA MUSICAL Y MUCHO MAS\u00a0<span class=\"x3nfvp2 x1j61x8r x1fcty0u xdj266r xhhsvwb xat24cr xgzva0m xxymvpz xlup9mm x1kky2od\"><img decoding=\"async\" src=\"https:\/\/static.xx.fbcdn.net\/images\/emoji.php\/v9\/tc\/1\/16\/1f466.png\" alt=\"\ud83d\udc66\" width=\"16\" height=\"16\" \/><\/span><span class=\"x3nfvp2 x1j61x8r x1fcty0u xdj266r xhhsvwb xat24cr xgzva0m xxymvpz xlup9mm x1kky2od\"><img loading=\"lazy\" decoding=\"async\" src=\"https:\/\/static.xx.fbcdn.net\/images\/emoji.php\/v9\/t8d\/1\/16\/1f467.png\" alt=\"\ud83d\udc67\" width=\"16\" height=\"16\" \/><\/span><\/li>\n<\/ol>\n","protected":false},"excerpt":{"rendered":"<h5><strong>Ten herramientas que te ayudar\u00e1n y acompa\u00f1ar\u00e1n por siempre, ya que tendr\u00e1s acceso ilimitado.<\/strong><\/h5>\n","protected":false},"featured_media":1572,"comment_status":"open","ping_status":"closed","template":"","meta":{"site-sidebar-layout":"default","site-content-layout":"default","ast-global-header-display":"","ast-main-header-display":"","ast-hfb-above-header-display":"","ast-hfb-below-header-display":"","ast-hfb-mobile-header-display":"","site-post-title":"","ast-breadcrumbs-content":"","ast-featured-img":"","footer-sml-layout":"","theme-transparent-header-meta":"default","adv-header-id-meta":"","stick-header-meta":"","header-above-stick-meta":"","header-main-stick-meta":"","header-below-stick-meta":"","_joinchat":[]},"product_brand":[],"product_cat":[26,25],"product_tag":[],"class_list":{"0":"post-1571","1":"product","2":"type-product","3":"status-publish","4":"has-post-thumbnail","6":"product_cat-material-digital","7":"product_cat-packs","8":"desktop-align-left","9":"tablet-align-left","10":"mobile-align-left","12":"first","13":"instock","14":"downloadable","15":"shipping-taxable","16":"purchasable","17":"product-type-simple"},"_links":{"self":[{"href":"https:\/\/quebaratodigital.com\/index.php?rest_route=\/wp\/v2\/product\/1571","targetHints":{"allow":["GET"]}}],"collection":[{"href":"https:\/\/quebaratodigital.com\/index.php?rest_route=\/wp\/v2\/product"}],"about":[{"href":"https:\/\/quebaratodigital.com\/index.php?rest_route=\/wp\/v2\/types\/product"}],"replies":[{"embeddable":true,"href":"https:\/\/quebaratodigital.com\/index.php?rest_route=%2Fwp%2Fv2%2Fcomments&post=1571"}],"wp:featuredmedia":[{"embeddable":true,"href":"https:\/\/quebaratodigital.com\/index.php?rest_route=\/wp\/v2\/media\/1572"}],"wp:attachment":[{"href":"https:\/\/quebaratodigital.com\/index.php?rest_route=%2Fwp%2Fv2%2Fmedia&parent=1571"}],"wp:term":[{"taxonomy":"product_brand","embeddable":true,"href":"https:\/\/quebaratodigital.com\/index.php?rest_route=%2Fwp%2Fv2%2Fproduct_brand&post=1571"},{"taxonomy":"product_cat","embeddable":true,"href":"https:\/\/quebaratodigital.com\/index.php?rest_route=%2Fwp%2Fv2%2Fproduct_cat&post=1571"},{"taxonomy":"product_tag","embeddable":true,"href":"https:\/\/quebaratodigital.com\/index.php?rest_route=%2Fwp%2Fv2%2Fproduct_tag&post=1571"}],"curies":[{"name":"wp","href":"https:\/\/api.w.org\/{rel}","templated":true}]}}