{"id":1608,"date":"2024-07-12T01:09:18","date_gmt":"2024-07-12T01:09:18","guid":{"rendered":"https:\/\/quebaratodigital.com\/?post_type=product&#038;p=1608"},"modified":"2024-10-24T16:29:12","modified_gmt":"2024-10-24T16:29:12","slug":"10x-fitness-el-metodo-cientifico-para-optimizar-tu-cuerpo","status":"publish","type":"product","link":"https:\/\/quebaratodigital.com\/?product=10x-fitness-el-metodo-cientifico-para-optimizar-tu-cuerpo","title":{"rendered":"10X Fitness &#8211; El M\u00e9todo Cient\u00edfico para Optimizar Tu Cuerpo"},"content":{"rendered":"<p>10X est\u00e1 dise\u00f1ado para la gente ocupada que quiere aumentar su fuerza, desarrollar masa muscular y mejorar su apariencia\u2026 r\u00e1pidamente. Adem\u00e1s, es el sistema de entrenamiento m\u00e1s corto, eficiente y adaptable para optimizar la salud, la condici\u00f3n f\u00edsica, la belleza y la longevidad.<\/p>\n<div><\/div>\n<div>La metodolog\u00eda de 10X<\/div>\n<div><\/div>\n<div>\n<h4>Mucha gente hace ejercicio. Pero, \u00bfsab\u00edas que estudios recientes han demostrado que la mayor\u00eda no se ejercita de manera \u00f3ptima? La ciencia dice que con las t\u00e9cnicas de ejercicio adecuadas puedes llegar a tener una salud \u00f3ptima en 1\/10 del tiempo que dedican los adictos al gimnasio.<\/h4>\n<p>&nbsp;<\/p>\n<p>Esto significa llegar al mismo nivel de condici\u00f3n f\u00edsica, pero ejercit\u00e1ndote solo 10% del tiempo habitual. Por ejemplo,\u00a0entrenar solo 30 minutos en vez de 5 horas por semana.\u00a0O mantener tu rutina de ejercicios habitual, pero obtener 10 veces m\u00e1s resultados. Existe un nuevo protocolo, pero no es popular entre los gimnasios porque elimina la necesidad de instructores o de largas sesiones de entrenamiento.<\/p>\n<p>&nbsp;<\/p>\n<p>Estamos sorprendidos por las mejoras que el uso de este nuevo protocolo gener\u00f3 en solo ocho semanas. Y no se trata solo de la apariencia.<\/p>\n<p>&nbsp;<\/p>\n<h5>Los voluntarios del equipo de Mindvalley tambi\u00e9n experimentaron un enorme aumento de fuerza, tasa metab\u00f3lica basal y niveles de energ\u00eda.<\/h5>\n<p>Este es un programa revolucionario en t\u00e9rminos de salud y ahora t\u00fa tambi\u00e9n puedes experimentarlo.<\/p>\n<\/div>\n","protected":false},"excerpt":{"rendered":"<h1 class=\"post-title\">El M\u00e9todo cient\u00edfico para optimizar tu cuerpo y lucir incre\u00edble<\/h1>\n","protected":false},"featured_media":1609,"comment_status":"open","ping_status":"closed","template":"","meta":{"site-sidebar-layout":"default","site-content-layout":"default","ast-global-header-display":"","ast-main-header-display":"","ast-hfb-above-header-display":"","ast-hfb-below-header-display":"","ast-hfb-mobile-header-display":"","site-post-title":"","ast-breadcrumbs-content":"","ast-featured-img":"","footer-sml-layout":"","theme-transparent-header-meta":"default","adv-header-id-meta":"","stick-header-meta":"","header-above-stick-meta":"","header-main-stick-meta":"","header-below-stick-meta":"","_joinchat":[]},"product_brand":[],"product_cat":[23,22],"product_tag":[],"class_list":{"0":"post-1608","1":"product","2":"type-product","3":"status-publish","4":"has-post-thumbnail","6":"product_cat-cursos","7":"product_cat-cursos-mindvalley","8":"desktop-align-left","9":"tablet-align-left","10":"mobile-align-left","12":"first","13":"instock","14":"sale","15":"downloadable","16":"shipping-taxable","17":"purchasable","18":"product-type-simple"},"_links":{"self":[{"href":"https:\/\/quebaratodigital.com\/index.php?rest_route=\/wp\/v2\/product\/1608","targetHints":{"allow":["GET"]}}],"collection":[{"href":"https:\/\/quebaratodigital.com\/index.php?rest_route=\/wp\/v2\/product"}],"about":[{"href":"https:\/\/quebaratodigital.com\/index.php?rest_route=\/wp\/v2\/types\/product"}],"replies":[{"embeddable":true,"href":"https:\/\/quebaratodigital.com\/index.php?rest_route=%2Fwp%2Fv2%2Fcomments&post=1608"}],"wp:featuredmedia":[{"embeddable":true,"href":"https:\/\/quebaratodigital.com\/index.php?rest_route=\/wp\/v2\/media\/1609"}],"wp:attachment":[{"href":"https:\/\/quebaratodigital.com\/index.php?rest_route=%2Fwp%2Fv2%2Fmedia&parent=1608"}],"wp:term":[{"taxonomy":"product_brand","embeddable":true,"href":"https:\/\/quebaratodigital.com\/index.php?rest_route=%2Fwp%2Fv2%2Fproduct_brand&post=1608"},{"taxonomy":"product_cat","embeddable":true,"href":"https:\/\/quebaratodigital.com\/index.php?rest_route=%2Fwp%2Fv2%2Fproduct_cat&post=1608"},{"taxonomy":"product_tag","embeddable":true,"href":"https:\/\/quebaratodigital.com\/index.php?rest_route=%2Fwp%2Fv2%2Fproduct_tag&post=1608"}],"curies":[{"name":"wp","href":"https:\/\/api.w.org\/{rel}","templated":true}]}}