{"id":1610,"date":"2024-07-12T01:13:04","date_gmt":"2024-07-12T01:13:04","guid":{"rendered":"https:\/\/quebaratodigital.com\/?post_type=product&#038;p=1610"},"modified":"2024-10-24T16:29:32","modified_gmt":"2024-10-24T16:29:32","slug":"heroe-genio-leyenda-robin-sharma","status":"publish","type":"product","link":"https:\/\/quebaratodigital.com\/?product=heroe-genio-leyenda-robin-sharma","title":{"rendered":"H\u00e9roe. Genio. Leyenda. \u2013 Robin Sharma"},"content":{"rendered":"<h4><strong>Para quienes quieren desempe\u00f1arse al m\u00e1ximo y anhelan llegar al esquivo \u00absiguiente nivel\u00bb de productividad, impacto y maestr\u00eda personal:<\/strong><\/h4>\n<p>&nbsp;<\/p>\n<p>\u00bfQuieres ser tan bueno en lo que haces para que sea imposible ignorarte? \u00bfTe gustar\u00eda superar las limitaciones autoimpuestas y los h\u00e1bitos y creencias que te restan poder y te alejan de tu m\u00e1ximo potencial?<\/p>\n<p>&nbsp;<\/p>\n<p>\u00bfHas probado otros m\u00e9todos convencionales de desarrollo personal y m\u00e1ximo desempe\u00f1o, solo para darte cuenta de que sigues sin alcanzar la grandeza que anhelas? Robin Sharma \u2014uno de los mayores expertos en liderazgo del mundo y aclamado autor de \u00abEl monje que vendi\u00f3 su Ferrari\u00bb\u2014 ha dedicado su carrera a capacitar a quienes se encuentran en esta situaci\u00f3n. Y despu\u00e9s de trabajar estrechamente con muchas de las personas de mayor impacto en la actualidad \u2014desde l\u00edderes mundiales hasta famosos y multimillonarios influyentes\u2014 finalmente descifr\u00f3 el c\u00f3digo de lo que \u00e9l define como niveles legendarios de desempe\u00f1o y \u00e9xito.<\/p>\n<p>&nbsp;<\/p>\n<p>Se trata de un c\u00f3digo que cuestiona audazmente gran parte de lo que has escuchado sobre la productividad y el m\u00e1ximo desempe\u00f1o. Y es un c\u00f3digo que cualquiera \u2014sin importar su nivel de \u00e9xito\u2014 puede aprovechar r\u00e1pidamente:<\/p>\n<p>&nbsp;<\/p>\n<ul>\n<li>Logra un enorme avance en tu desempe\u00f1o laboral\u2026<\/li>\n<li>Rompe con tus miedos m\u00e1s profundos y alcanza metas y objetivos \u00abimposibles\u00bb\u2026<\/li>\n<li>Mant\u00e9n la calma, s\u00e9 positivo y productivo, incluso en momentos de mucho estr\u00e9s\u2026<\/li>\n<li>Despierta tu capacidad de liderazgo e inspira a otros a trabajar contigo\u2026<\/li>\n<li>Rinde al m\u00e1ximo y logra un impacto extraordinario sin sacrificar tu salud, tus relaciones ni tu estilo de vida\u2026<\/li>\n<li>Y encarna la esencia de lo que hace que el 1% de las personas con mejor desempe\u00f1o sean quienes son. No tiene que ver con tus habilidades sino con una actitud y mentalidad espec\u00edficas.<\/li>\n<\/ul>\n<p>Por primera vez, Robin colabor\u00f3 con Mindvalley para compartir este c\u00f3digo con el mundo, que puede definirse en tres palabras:<\/p>\n<p>&nbsp;<\/p>\n<p><strong>FORMACI\u00d3N DE H\u00c1BITOS<\/strong><\/p>\n<h3>Un enfoque revolucionario para transformar tus h\u00e1bitos\u2026Y romper con todas tus limitaciones de desempe\u00f1o<\/h3>\n<p>&nbsp;<\/p>\n<p>El Desaf\u00edo H\u00e9roe. Genio. Leyenda. es un viaje a lo profundo de los h\u00e1bitos, patrones de pensamiento y modelos de realidad de los l\u00edderes, multimillonarios, profesionales y atletas m\u00e1s extraordinarios de la actualidad.<\/p>\n<p>Robin Sharma utiliza los principios psicol\u00f3gicos y neurocient\u00edficos m\u00e1s avanzados para llevarte m\u00e1s all\u00e1 de los modelos convencionales de \u00e9xito y reprogramaci\u00f3n de h\u00e1bitos, hacia niveles de desempe\u00f1o y productividad que antes estaban reservados al 1% de la poblaci\u00f3n mundial.<\/p>\n<p>Con solo algunas semanas de repetici\u00f3n diaria r\u00e1pida y envolvente, Robin despertar\u00e1 tu genio interior, y te ayudar\u00e1 a reconstruir el impacto que quieres crear en tu carrera y en tu vida.<\/p>\n<p>Y en el proceso\u2026<\/p>\n<p>Ver\u00e1s con asombro c\u00f3mo se desvanece la procrastinaci\u00f3n, la inseguridad y esos patrones que te dejan sin poder.<\/p>\n<p>Obtendr\u00e1s la claridad y el poder personal para convertirte en el h\u00e9roe de tu propia historia.<\/p>\n<p>Conquistar\u00e1s incluso los retos y obst\u00e1culos m\u00e1s dif\u00edciles.<\/p>\n<p>Adoptar\u00e1s nuevos h\u00e1bitos que te llenar\u00e1n de fuerza y te impulsar\u00e1n hacia tus sue\u00f1os. Y te convertir\u00e1s en una aut\u00e9ntica leyenda en cualquier campo o actividad que elijas.<\/p>\n<p>&nbsp;<\/p>\n<div class=\"mv-container\">\n<div class=\"w-full text-center lg_w-2\/3 mx-auto\">\n<div class=\"pb-markdown mv-type--titlebold4 text-center mb-8 md_mb-12\">\n<h2 style=\"text-align: center;\">Lo que aprender\u00e1s<\/h2>\n<p>&nbsp;<\/p>\n<\/div>\n<\/div>\n<\/div>\n<div class=\"mv-container\">\n<div class=\"pb-markdown lg_w-2\/3 mx-auto mv-type--titlebold8 mv-list__number --spacious\">\n<ol>\n<li><strong>Revoluciona tus h\u00e1bitos<\/strong>:\n<p class=\"mv-type--body\">Lib\u00e9rate de los molestos h\u00e1bitos que solo te limitan, reprograma tu mente con los h\u00e1bitos de los mejores profesionales del mundo para aumentar tu productividad y desempe\u00f1o, y s\u00e9 testigo de c\u00f3mo Robin los convierte en una parte de tu vida diaria sin esfuerzo.<\/p>\n<\/li>\n<li><strong>Dise\u00f1a una vida inspirada para actuar:<\/strong>\n<p class=\"mv-type--body\">Sigue el m\u00e9todo paso a paso de Robin para adoptar h\u00e1bitos y modelos de realidad que te den energ\u00eda para rendir al m\u00e1ximo siempre, y toma acciones a diario para realizar tus mayores objetivos y planes.<\/p>\n<\/li>\n<li><strong>Logra tus objetivos m\u00e1s r\u00e1pido:<\/strong>\n<p class=\"mv-type--body\">Alcanza tus principales objetivos profesionales y personales mucho m\u00e1s r\u00e1pido aumentando tu productividad y superando obst\u00e1culos como la procrastinaci\u00f3n, las dudas y las distracciones debilitantes.<\/p>\n<\/li>\n<li><strong>Crea rutinas her\u00f3icas<\/strong>:\n<p class=\"mv-type--body\">Descubre c\u00f3mo las personas con el mayor desempe\u00f1o del mundo dise\u00f1an un estilo de vida diario basado en el rendimiento, la productividad, el impacto y, por supuesto, la alegr\u00eda. Luego, con la ayuda de Robin, dise\u00f1ar\u00e1s el tuyo.<\/p>\n<\/li>\n<li><strong>Maximiza tu impacto<\/strong>:\n<p class=\"mv-type--body\">Libera tu mente para llevar tu vida al siguiente nivel y lograr resultados extraordinarios en tu trabajo y pasiones. Descubre c\u00f3mo dejar de sentir que eres indigno y prep\u00e1rate para dejar tu huella definitiva en el mundo.<\/p>\n<\/li>\n<li><strong>Fortalece tu capacidad de recuperaci\u00f3n:<\/strong>\n<p class=\"mv-type--body\">Evoluciona hasta convertirte en una fuerza imparable de la naturaleza y aprende a transformar cualquier adversidad en una oportunidad de crecimiento y maestr\u00eda personal, mientras te acercas a tu m\u00e1ximo potencial<\/p>\n<\/li>\n<li><strong>Desarrolla tu mentalidad de crecimiento<\/strong>:\n<p class=\"mv-type--body\">Obt\u00e9n las herramientas de Robin y cambia tu mentalidad para salir de tu zona de confort y hacer del crecimiento tu principal prioridad. Te sorprender\u00e1s con los resultados y las oportunidades que llegar\u00e1n a ti con solo hacer unos simples ajustes en tu programaci\u00f3n.<\/p>\n<\/li>\n<li><strong>Desarrolla un valor inquebrantable<\/strong>:\n<p class=\"mv-type--body\">Elimina de tu mente el miedo y las dudas que te paralizan. Robin te reprogramar\u00e1 con un suministro ilimitado de valor para afrontar cualquier situaci\u00f3n o contratiempo, y con el poder para salir victorioso en todo momento.<\/p>\n<\/li>\n<\/ol>\n<h3 style=\"text-align: center;\">Contenido del Desaf\u00edo<\/h3>\n<p>&nbsp;<\/p>\n<h3>Explora el contenido del Desaf\u00edo H\u00e9roe. Genio. Leyenda.<\/h3>\n<p>&nbsp;<\/p>\n<p>El Desaf\u00edo H\u00e9roe. Genio. Leyenda. es un programa en l\u00ednea f\u00e1cil de seguir que aprovecha el poder de formar h\u00e1bitos para maximizar tu desempe\u00f1o, productividad e impacto. Robin Sharma te guiar\u00e1 personalmente a trav\u00e9s de 66 microlecciones diarias, cada una de ellas basada en el poder de la repetici\u00f3n diaria para llevarte al siguiente nivel utilizando las mismas herramientas y t\u00e9cnicas que \u00e9l utiliza para entrenar a las personas m\u00e1s exitosas del mundo. Cada una de estas lecciones solo requiere 10 minutos al d\u00eda. Al final del Desaf\u00edo, te transformar\u00e1s permanentemente para una vida de m\u00e1ximo rendimiento.<\/p>\n<p>&nbsp;<\/p>\n<p><strong>PARTE 1<\/strong><\/p>\n<p>Bases para influir, impactar y dar resultados<\/p>\n<p><strong>PARTE 2<\/strong><\/p>\n<p>Rituales para una concentraci\u00f3n y productividad insuperables<\/p>\n<p><strong>PARTE 3<\/strong><\/p>\n<p>Ganar la carrera antes de que empiece<\/p>\n<p><strong>PARTE 4<\/strong><\/p>\n<p>Supera el materialismo mental<\/p>\n<p><strong>PARTE 5<\/strong><\/p>\n<p>Domina tu Universo<\/p>\n<\/div>\n<\/div>\n","protected":false},"excerpt":{"rendered":"<div class=\"woocommerce-product-details__short-description\">\n<p>Equ\u00edpate con los h\u00e1bitos, las t\u00e9cnicas y las habilidades clave que son necesarios para convertirte en un triunfador en la vida<\/p>\n<\/div>\n<form class=\"cart\" action=\"https:\/\/miscursosvirtuales.com.co\/producto\/heroe-genio-leyenda-robin-sharma\/\" enctype=\"multipart\/form-data\" method=\"post\">\n<div class=\"quantity\"><\/div>\n<\/form>\n","protected":false},"featured_media":1611,"comment_status":"open","ping_status":"closed","template":"","meta":{"site-sidebar-layout":"default","site-content-layout":"default","ast-global-header-display":"","ast-main-header-display":"","ast-hfb-above-header-display":"","ast-hfb-below-header-display":"","ast-hfb-mobile-header-display":"","site-post-title":"","ast-breadcrumbs-content":"","ast-featured-img":"","footer-sml-layout":"","theme-transparent-header-meta":"default","adv-header-id-meta":"","stick-header-meta":"","header-above-stick-meta":"","header-main-stick-meta":"","header-below-stick-meta":"","_joinchat":[]},"product_brand":[],"product_cat":[23,22],"product_tag":[],"class_list":{"0":"post-1610","1":"product","2":"type-product","3":"status-publish","4":"has-post-thumbnail","6":"product_cat-cursos","7":"product_cat-cursos-mindvalley","8":"desktop-align-left","9":"tablet-align-left","10":"mobile-align-left","12":"first","13":"instock","14":"sale","15":"downloadable","16":"shipping-taxable","17":"purchasable","18":"product-type-simple"},"_links":{"self":[{"href":"https:\/\/quebaratodigital.com\/index.php?rest_route=\/wp\/v2\/product\/1610","targetHints":{"allow":["GET"]}}],"collection":[{"href":"https:\/\/quebaratodigital.com\/index.php?rest_route=\/wp\/v2\/product"}],"about":[{"href":"https:\/\/quebaratodigital.com\/index.php?rest_route=\/wp\/v2\/types\/product"}],"replies":[{"embeddable":true,"href":"https:\/\/quebaratodigital.com\/index.php?rest_route=%2Fwp%2Fv2%2Fcomments&post=1610"}],"wp:featuredmedia":[{"embeddable":true,"href":"https:\/\/quebaratodigital.com\/index.php?rest_route=\/wp\/v2\/media\/1611"}],"wp:attachment":[{"href":"https:\/\/quebaratodigital.com\/index.php?rest_route=%2Fwp%2Fv2%2Fmedia&parent=1610"}],"wp:term":[{"taxonomy":"product_brand","embeddable":true,"href":"https:\/\/quebaratodigital.com\/index.php?rest_route=%2Fwp%2Fv2%2Fproduct_brand&post=1610"},{"taxonomy":"product_cat","embeddable":true,"href":"https:\/\/quebaratodigital.com\/index.php?rest_route=%2Fwp%2Fv2%2Fproduct_cat&post=1610"},{"taxonomy":"product_tag","embeddable":true,"href":"https:\/\/quebaratodigital.com\/index.php?rest_route=%2Fwp%2Fv2%2Fproduct_tag&post=1610"}],"curies":[{"name":"wp","href":"https:\/\/api.w.org\/{rel}","templated":true}]}}