{"id":1612,"date":"2024-07-12T01:18:11","date_gmt":"2024-07-12T01:18:11","guid":{"rendered":"https:\/\/quebaratodigital.com\/?post_type=product&#038;p=1612"},"modified":"2024-10-24T16:30:47","modified_gmt":"2024-10-24T16:30:47","slug":"super-cerebro-jim-kwik","status":"publish","type":"product","link":"https:\/\/quebaratodigital.com\/?product=super-cerebro-jim-kwik","title":{"rendered":"Super Cerebro \u2013 Jim Kwik"},"content":{"rendered":"<p>Es un plan de estudios de aprendizaje acelerado dise\u00f1ado para activar el potencial ilimitado de su cerebro. \u00danase a Jim Kwik en una aventura de 30 d\u00edas hacia una memoria a prueba de balas, un enfoque inquebrantable y una productividad sobrehumana.<\/p>\n<p>&nbsp;<\/p>\n<p>\u00bfC\u00f3mo le gustar\u00eda poder aprender algo en una fracci\u00f3n del tiempo, como un nuevo idioma, un instrumento musical o una habilidad profesional?<\/p>\n<p>\u00bfRecuerda toda la informaci\u00f3n importante que se le present\u00f3, desde nombres, n\u00fameros de tel\u00e9fono, cumplea\u00f1os y aniversarios?<\/p>\n<p>\u00bfE incluso recuerda y usa instant\u00e1neamente esa informaci\u00f3n cuando lo desee, como en el trabajo, en clase o en conversaciones y presentaciones?<\/p>\n<p>La mayor\u00eda de nosotros creemos que solo un peque\u00f1o porcentaje de personas ha sido bendecido con un cerebro \u00abdotado\u00bb.<\/p>\n<p>Pero la neurociencia moderna sugiere fuertemente que todos nacen con el potencial de una memoria a prueba de balas, un enfoque inquebrantable y una productividad sobrehumana.<\/p>\n<p>&nbsp;<\/p>\n<p>Todav\u00eda no se le ha mostrado exactamente c\u00f3mo activar este supercerebro suyo, hasta hoy.<\/p>\n<p>Ya sea que sea un profesional, emprendedor, estudiante o simplemente alguien que busca desbloquear todo el poder de su mente, experimentar\u00e1 elevaciones que cambiar\u00e1n su vida en su carrera y crecimiento personal a medida que rompe todas las limitaciones internas que se han atrevido a retenerlo. espalda.<\/p>\n<p>&nbsp;<\/p>\n<p>Es hora de dar rienda suelta a tu supercerebro<\/p>\n<p>Superbrain Quest lo gu\u00eda a trav\u00e9s del proceso maravillosamente optimizado de Jim Kwik para liberar su memoria, concentraci\u00f3n y velocidad de aprendizaje sobrehumanas.<\/p>\n<p>&nbsp;<\/p>\n<p>Es exactamente el mismo que usa para entrenar a las celebridades de Hollywood a recordar sus l\u00edneas. Profesionales y emprendedores de clase mundial para impulsar su desempe\u00f1o profesional. Y directores ejecutivos de alto nivel para procesar informaci\u00f3n y llevar a sus organizaciones a la victoria.<\/p>\n<p>A trav\u00e9s de una serie de herramientas y t\u00e9cnicas arraigadas en campos como el rendimiento m\u00e1ximo, la lectura r\u00e1pida y la neurociencia, Jim despertar\u00e1 r\u00e1pidamente el m\u00e1ximo potencial de su cerebro, todo a trav\u00e9s de una metodolog\u00eda f\u00e1cil de seguir que literalmente cualquiera puede seguir y disfrutar de resultados transformadores.<\/p>\n<p>&nbsp;<\/p>\n<p>La gran mayor\u00eda de las personas entrenadas por Jim est\u00e1n asombradas de cu\u00e1n profundamente sus herramientas Superbrain elevan su poder mental y, a su vez, sus vidas.<\/p>\n<p>Y a trav\u00e9s de esta primera b\u00fasqueda de Mindvalley con Jim, ahora tiene exactamente la misma oportunidad.<\/p>\n<p>&nbsp;<\/p>\n<p style=\"text-align: center;\"><strong>El entrenador de Mindvalley<\/strong><\/p>\n<p>&nbsp;<\/p>\n<p>Nuestra promesa es brindarle la mejor capacitaci\u00f3n del mundo, por lo que elegir el entrenador adecuado es esencial. Nuestros formadores son reconocidos como los mejores en su campo y dominan los m\u00e9todos de transformaci\u00f3n humana. Esto significa que aprende de una manera cient\u00edfica y estructurada que ofrece resultados reales. Nos enfocamos en transformarlo realmente y no solo en impartir hechos y conocimientos. Nuestros entrenadores moldean su mentalidad, creencias y h\u00e1bitos de una manera en la que el cambio est\u00e1 garantizado al final del programa.<\/p>\n<p>&nbsp;<\/p>\n<p>Jim Kwik sobre el aprendizaje y la memoria acelerados<\/p>\n<p>&nbsp;<\/p>\n<p>Jim Kwik (s\u00ed, Kwik es su nombre real) es ampliamente considerado como uno de los principales expertos del mundo en aprendizaje acelerado, memoria, lectura r\u00e1pida y rendimiento cerebral.<\/p>\n<p>Durante las \u00faltimas dos d\u00e9cadas, Jim se ha desempe\u00f1ado como entrenador mental de multimillonarios, celebridades, estudiantes, profesionales y directores ejecutivos que buscan mejorar su capacidad de procesamiento y productividad.<\/p>\n<p>&nbsp;<\/p>\n<p>Tambi\u00e9n es muy buscado por varias organizaciones l\u00edderes: como Harvard, Nike, Virgin, Fox Studios, Singularity University, Zappos, SpaceX y m\u00e1s.<\/p>\n<p>&nbsp;<\/p>\n<p>La curiosidad de Jim por la mente humana comenz\u00f3 en su infancia, despu\u00e9s de que una lesi\u00f3n cerebral lo dejara con problemas de aprendizaje. Esto lo inspir\u00f3 a desarrollar varias t\u00e9cnicas que cualquiera puede usar para aprovechar al m\u00e1ximo el potencial de su cerebro y elevar sus vidas en el proceso.<\/p>\n<p>&nbsp;<\/p>\n<p>Jim ahora comparte sus ense\u00f1anzas en el escenario, en los medios de comunicaci\u00f3n y en sesiones de entrenamiento privadas con los mejores artistas del mundo. Esta Mindvalley Quest es su forma de empoderar a m\u00e1s personas con el regalo de un Supercerebro despierto.<\/p>\n<p>&nbsp;<\/p>\n<p>La transformaci\u00f3n que experimentar\u00e1<br \/>\nEres un gran int\u00e9rprete<\/p>\n<p>Su memoria, concentraci\u00f3n y capacidad de aprendizaje aceleradas le brindan una gran ventaja en el trabajo y en sus pasiones. En sus c\u00edrculos, usted es el punto de referencia para el m\u00e1ximo rendimiento.<\/p>\n<p>Hace m\u00e1s cosas en menos tiempo<\/p>\n<p>Le sorprende lo r\u00e1pido que ahora completa sus tareas y tareas pendientes. Las personas que te rodean tambi\u00e9n notan el cambio y est\u00e1n pidiendo tu secreto.<\/p>\n<p>Crece de formas nuevas y emocionantes<\/p>\n<p>Su capacidad de aprendizaje acelerado le ha abierto un mundo completamente nuevo de habilidades y conocimientos, y lo est\u00e1 aprovechando al m\u00e1ximo al convertirse en una mejor versi\u00f3n de usted todos los d\u00edas.<\/p>\n<p>Tienes m\u00e1s tiempo libre y ancho de banda<\/p>\n<p>Lo que sol\u00eda ocupar todo su tiempo ahora ocupa una peque\u00f1a fracci\u00f3n, lo que le permite concentrarse m\u00e1s en las cosas que son m\u00e1s importantes para usted.<\/p>\n<p>Ha acelerado su potencial<\/p>\n<p>Elimine la niebla mental de su Superbrain, para que pueda pensar de manera m\u00e1s inteligente, decidir m\u00e1s r\u00e1pido y concentrarse mejor, sin importar qu\u00e9 tan joven o viejo sea.<\/p>\n<p>Aprender es f\u00e1cil y divertido<br \/>\nTermine un libro 3 veces m\u00e1s r\u00e1pido (y recuerde cada parte del mismo). Aprenda un nuevo idioma en un tiempo r\u00e9cord. Domina cualquier habilidad nueva con facilidad. Convi\u00e9rtete en un mejor t\u00fa en todos los sentidos.<\/p>\n<p>&nbsp;<\/p>\n<p style=\"text-align: center;\"><strong>El curriculo<\/strong><br \/>\n<strong>La b\u00fasqueda del supercerebro<\/strong><\/p>\n<p>&nbsp;<\/p>\n<p>es un programa de entrenamiento diario de 30 d\u00edas con el entrenador de aprendizaje acelerado Jim Kwik. En solo 15 a 20 minutos al d\u00eda, se unir\u00e1 a Jim mientras lo gu\u00eda a trav\u00e9s de sus herramientas y t\u00e9cnicas exclusivas para sobrealimentar su memoria, concentraci\u00f3n y capacidad de aprendizaje.<\/p>\n<p>El programa est\u00e1 dise\u00f1ado para ser f\u00e1cil de seguir y transformador instant\u00e1neamente. A medida que avanza a lo largo de los d\u00edas, notar\u00e1 r\u00e1pidamente cambios tangibles en su memoria y poder mental, y es probable que las personas a su alrededor tambi\u00e9n lo hagan.<\/p>\n<p>Al final del programa, su \u2018Supercerebro\u2019 estar\u00e1 instalado permanentemente en usted: permiti\u00e9ndole acceder a sus nuevos dones internos cuando y donde los necesite.<\/p>\n<p><strong>PARTE 1:\u00a0<\/strong>Bienvenido a los fundamentos<\/p>\n<p><strong>PARTE 2:\u00a0<\/strong>Estilo de vida<\/p>\n<p><strong>PARTE 3:\u00a0<\/strong>Recordando listas largas<\/p>\n<p><strong>PARTE 4:\u00a0<\/strong>Recordando nombres<\/p>\n<p><strong>PARTE 5:\u00a0<\/strong>Vocabulario e idiomas<\/p>\n<p><strong>PARTE 6:\u00a0<\/strong>Memorizaci\u00f3n de discursos y textos<\/p>\n<p><strong>PARTE 7:\u00a0<\/strong>N\u00fameros<\/p>\n<p><strong>PARTE 8:\u00a0<\/strong>Integraci\u00f3n de estilo de vida<\/p>\n","protected":false},"excerpt":{"rendered":"<p class=\"_nomarginbottom\">Descubre 10 poderosos trucos de Jim Kwik para despertar tu Supercerebro. \u00a1Acelera tu aprendizaje, mejora tu retenci\u00f3n y olvida menos!<\/p>\n","protected":false},"featured_media":1613,"comment_status":"open","ping_status":"closed","template":"","meta":{"site-sidebar-layout":"default","site-content-layout":"default","ast-global-header-display":"","ast-main-header-display":"","ast-hfb-above-header-display":"","ast-hfb-below-header-display":"","ast-hfb-mobile-header-display":"","site-post-title":"","ast-breadcrumbs-content":"","ast-featured-img":"","footer-sml-layout":"","theme-transparent-header-meta":"default","adv-header-id-meta":"","stick-header-meta":"","header-above-stick-meta":"","header-main-stick-meta":"","header-below-stick-meta":"","_joinchat":[]},"product_brand":[],"product_cat":[23,22],"product_tag":[],"class_list":{"0":"post-1612","1":"product","2":"type-product","3":"status-publish","4":"has-post-thumbnail","6":"product_cat-cursos","7":"product_cat-cursos-mindvalley","8":"desktop-align-left","9":"tablet-align-left","10":"mobile-align-left","12":"first","13":"instock","14":"sale","15":"downloadable","16":"shipping-taxable","17":"purchasable","18":"product-type-simple"},"_links":{"self":[{"href":"https:\/\/quebaratodigital.com\/index.php?rest_route=\/wp\/v2\/product\/1612","targetHints":{"allow":["GET"]}}],"collection":[{"href":"https:\/\/quebaratodigital.com\/index.php?rest_route=\/wp\/v2\/product"}],"about":[{"href":"https:\/\/quebaratodigital.com\/index.php?rest_route=\/wp\/v2\/types\/product"}],"replies":[{"embeddable":true,"href":"https:\/\/quebaratodigital.com\/index.php?rest_route=%2Fwp%2Fv2%2Fcomments&post=1612"}],"wp:featuredmedia":[{"embeddable":true,"href":"https:\/\/quebaratodigital.com\/index.php?rest_route=\/wp\/v2\/media\/1613"}],"wp:attachment":[{"href":"https:\/\/quebaratodigital.com\/index.php?rest_route=%2Fwp%2Fv2%2Fmedia&parent=1612"}],"wp:term":[{"taxonomy":"product_brand","embeddable":true,"href":"https:\/\/quebaratodigital.com\/index.php?rest_route=%2Fwp%2Fv2%2Fproduct_brand&post=1612"},{"taxonomy":"product_cat","embeddable":true,"href":"https:\/\/quebaratodigital.com\/index.php?rest_route=%2Fwp%2Fv2%2Fproduct_cat&post=1612"},{"taxonomy":"product_tag","embeddable":true,"href":"https:\/\/quebaratodigital.com\/index.php?rest_route=%2Fwp%2Fv2%2Fproduct_tag&post=1612"}],"curies":[{"name":"wp","href":"https:\/\/api.w.org\/{rel}","templated":true}]}}