{"id":1616,"date":"2024-07-12T01:26:38","date_gmt":"2024-07-12T01:26:38","guid":{"rendered":"https:\/\/quebaratodigital.com\/?post_type=product&#038;p=1616"},"modified":"2024-10-24T16:30:54","modified_gmt":"2024-10-24T16:30:54","slug":"el-metodo-silva-de-ultracontrol-mental-jose-silva-vishen-lahkiani","status":"publish","type":"product","link":"https:\/\/quebaratodigital.com\/?product=el-metodo-silva-de-ultracontrol-mental-jose-silva-vishen-lahkiani","title":{"rendered":"El M\u00e9todo Silva de ultracontrol mental \u2013 Jose Silva &#038; Vishen Lahkiani"},"content":{"rendered":"<p>El\u00a0<b>M\u00e9todo Silva<\/b>\u00a0es un m\u00e9todo de autoayuda y desarrollo mental ideado por\u00a0Jos\u00e9 Silva\u00a0que afirma mejorar el\u00a0cociente intelectual\u00a0y desarrollar habilidades mentales como la capacidad de la\u00a0clarividencia\u00a0o la sanaci\u00f3n. Silva confeccion\u00f3 un m\u00e9todo heterog\u00e9neo que mezclaba desde t\u00e9cnicas de memorizaci\u00f3n basadas en libros de\u00a0Harry Lorayne, hasta ejercicios de\u00a0visualizaci\u00f3n\u00a0creativa inspirados en autores como el ocultista franc\u00e9s\u00a0Ophiel\u00a0o el norteamericano\u00a0William Walker Atkinson\u00a0(Yogui Ramacharaka).<\/p>\n<p>&nbsp;<\/p>\n<p>Los cursos del M\u00e9todo Silva de Control Mental consisten en ejercicios sencillos que, seg\u00fan su creador, sirven para conseguir entrar en un estado de\u00a0relajaci\u00f3n\u00a0profunda, y desde ese nivel mental (ondas alfa) autoprogramarse para conseguir mejoramiento personal. Sus cr\u00edticos consideran que sus fundamentos neurocient\u00edficos est\u00e1n completamente errados.<sup id=\"cite_ref-skepdic_1-0\" class=\"reference separada\"><a href=\"https:\/\/es.wikipedia.org\/wiki\/M%C3%A9todo_Silva#cite_note-skepdic-1\">1<\/a><\/sup>\u200bEl M\u00e9todo Silva contiene aspectos que han hecho que se lo considere un movimiento religioso y se lo estudie como tal.<sup id=\"cite_ref-religion_2-0\" class=\"reference separada\"><\/sup><\/p>\n<p>&nbsp;<\/p>\n<h3>Se trata de un curso que pretende:<\/h3>\n<p>&nbsp;<\/p>\n<ul>\n<li>1. Controlar el estr\u00e9s negativo y mejorar el descanso.<\/li>\n<li>2. Mejorar el rendimiento intelectual, la capacidad de estudio y concentraci\u00f3n.<\/li>\n<li>3. Mejorar la actitud positiva y la eficacia en el trabajo.<\/li>\n<li>4. Aumentar la imaginaci\u00f3n y la creatividad para resolver problemas.<\/li>\n<li>5. Mejorar la salud, la autoestima, la confianza en uno mismo y la fuerza de voluntad para controlar h\u00e1bitos.<\/li>\n<\/ul>\n<p>&nbsp;<\/p>\n<p>Aprende a acceder al nivel alfa de la mente para solucionar problemas de forma creativa y sanar, al nivel theta para despertar habilidades extrasensoriales e intuitivas, y finalmente, al nivel delta mientras duerme tu mente consciente para que puedas recibir orientaci\u00f3n de una inteligencia superior.<\/p>\n","protected":false},"excerpt":{"rendered":"<div class=\"woocommerce-product-details__short-description\">\n<p class=\"elementor-heading-title elementor-size-default\">Aprende a acceder al nivel alfa de la mente para solucionar problemas de forma creativa y sanar, al nivel theta para despertar habilidades extrasensoriales e intuitivas, y finalmente, al nivel delta\u2026<\/p>\n<\/div>\n<form class=\"cart\" action=\"https:\/\/miscursosvirtuales.com.co\/producto\/el-metodo-silva-de-ultracontrol-mental-jose-silva-vishen-lahkiani\/\" enctype=\"multipart\/form-data\" method=\"post\">\n<div class=\"quantity\"><\/div>\n<\/form>\n","protected":false},"featured_media":1617,"comment_status":"open","ping_status":"closed","template":"","meta":{"site-sidebar-layout":"default","site-content-layout":"default","ast-global-header-display":"","ast-main-header-display":"","ast-hfb-above-header-display":"","ast-hfb-below-header-display":"","ast-hfb-mobile-header-display":"","site-post-title":"","ast-breadcrumbs-content":"","ast-featured-img":"","footer-sml-layout":"","theme-transparent-header-meta":"default","adv-header-id-meta":"","stick-header-meta":"","header-above-stick-meta":"","header-main-stick-meta":"","header-below-stick-meta":"","_joinchat":[]},"product_brand":[],"product_cat":[23,22],"product_tag":[],"class_list":{"0":"post-1616","1":"product","2":"type-product","3":"status-publish","4":"has-post-thumbnail","6":"product_cat-cursos","7":"product_cat-cursos-mindvalley","8":"desktop-align-left","9":"tablet-align-left","10":"mobile-align-left","12":"first","13":"instock","14":"sale","15":"downloadable","16":"shipping-taxable","17":"purchasable","18":"product-type-simple"},"_links":{"self":[{"href":"https:\/\/quebaratodigital.com\/index.php?rest_route=\/wp\/v2\/product\/1616","targetHints":{"allow":["GET"]}}],"collection":[{"href":"https:\/\/quebaratodigital.com\/index.php?rest_route=\/wp\/v2\/product"}],"about":[{"href":"https:\/\/quebaratodigital.com\/index.php?rest_route=\/wp\/v2\/types\/product"}],"replies":[{"embeddable":true,"href":"https:\/\/quebaratodigital.com\/index.php?rest_route=%2Fwp%2Fv2%2Fcomments&post=1616"}],"wp:featuredmedia":[{"embeddable":true,"href":"https:\/\/quebaratodigital.com\/index.php?rest_route=\/wp\/v2\/media\/1617"}],"wp:attachment":[{"href":"https:\/\/quebaratodigital.com\/index.php?rest_route=%2Fwp%2Fv2%2Fmedia&parent=1616"}],"wp:term":[{"taxonomy":"product_brand","embeddable":true,"href":"https:\/\/quebaratodigital.com\/index.php?rest_route=%2Fwp%2Fv2%2Fproduct_brand&post=1616"},{"taxonomy":"product_cat","embeddable":true,"href":"https:\/\/quebaratodigital.com\/index.php?rest_route=%2Fwp%2Fv2%2Fproduct_cat&post=1616"},{"taxonomy":"product_tag","embeddable":true,"href":"https:\/\/quebaratodigital.com\/index.php?rest_route=%2Fwp%2Fv2%2Fproduct_tag&post=1616"}],"curies":[{"name":"wp","href":"https:\/\/api.w.org\/{rel}","templated":true}]}}