{"id":1618,"date":"2024-07-12T01:31:56","date_gmt":"2024-07-12T01:31:56","guid":{"rendered":"https:\/\/quebaratodigital.com\/?post_type=product&#038;p=1618"},"modified":"2024-10-24T16:31:03","modified_gmt":"2024-10-24T16:31:03","slug":"sana-a-traves-de-tus-chakras-anodea-judith","status":"publish","type":"product","link":"https:\/\/quebaratodigital.com\/?product=sana-a-traves-de-tus-chakras-anodea-judith","title":{"rendered":"Sana a trav\u00e9s de tus chakras \u2013 Anodea Judith"},"content":{"rendered":"<h4 style=\"text-align: center;\"><em><strong>Para quien busca sanaci\u00f3n energ\u00e9tica, abundancia sin restricciones y bienestar total:<\/strong><\/em><\/h4>\n<p>&nbsp;<\/p>\n<p>Imagina que te ofrecen un mapa\u2026<\/p>\n<p>Y en ese mapa hay indicaciones precisas que te dirigen hacia el m\u00e1ximo potencial de tu vida.<\/p>\n<p>Y no solo eso, sino que ese mapa tambi\u00e9n te da la clave para liberar tu verdadero poder personal.<\/p>\n<p>E incluso te muestra exactamente c\u00f3mo superar los obst\u00e1culos que te impiden tener m\u00e1s riqueza, salud, prop\u00f3sito y amor.<\/p>\n<p>Si existiera ese mapa, \u00bfte decidir\u00edas a utilizarlo?<\/p>\n<p>La mayor\u00eda de la gente no se da cuenta de que cada uno de nosotros nace precisamente con esa clase de gu\u00eda.<\/p>\n<p>Se trata del ecosistema energ\u00e9tico que fluye en tu interior, conocido como chakras.<\/p>\n<p>Tus chakras son los guardianes de tu m\u00e1ximo potencial. Y los arquitectos silenciosos de cada elemento de tu vida y tu naturaleza personal.<\/p>\n<p>Sin embargo, tus chakras necesitan de tu atenci\u00f3n y cooperaci\u00f3n para servirte plenamente.<\/p>\n<p>Y cuando no escuchas lo que est\u00e1n tratando de decirte, te alejas de tu destino m\u00e1s elevado, en forma de desviaciones que minan tu energ\u00eda. Callejones sin salida. Y obst\u00e1culos que te hacen sentir perdido, frustrado y abandonado.<\/p>\n<p>La buena noticia es que, con la ayuda adecuada, es f\u00e1cil entender y trabajar con tus chakras.<\/p>\n<p>Anodea Judith es una de las expertas en trabajo energ\u00e9tico m\u00e1s reconocidas del mundo actual, y a trav\u00e9s de su entrenamiento pr\u00e1ctico y f\u00e1cil de seguir \u2014que armoniza la antigua sabidur\u00eda curativa de los chakras y la psicolog\u00eda cl\u00ednica actual\u2014 te ayudar\u00e1 a descifrar tu propio mapa energ\u00e9tico. Y a utilizarlo para obtener impresionantes resultados en todas las dimensiones de tu vida.<\/p>\n<p>&nbsp;<\/p>\n<h2><strong>Sanaci\u00f3n de chakras para tu mente, tu cuerpo y tu esp\u00edritu<\/strong><\/h2>\n<p>&nbsp;<\/p>\n<p>El Desaf\u00edo \u00abSana a trav\u00e9s de tus chakras\u00bb encarna el potente enfoque hol\u00edstico de Anodea Judith sobre la sanaci\u00f3n energ\u00e9tica, lo que involucra cada aspecto de tu ser para un crecimiento y transformaci\u00f3n personal extraordinarios.<\/p>\n<p>Al acceder a tu mente, tu cuerpo y tu esp\u00edritu, ella r\u00e1pidamente localiza y sana las ra\u00edces energ\u00e9ticas tus barreras personales incluso m\u00e1s afianzadas, y a su vez te lleva mucho m\u00e1s all\u00e1 de la sanaci\u00f3n energ\u00e9tica convencional que solo trata los s\u00edntomas.<\/p>\n<p>En este Desaf\u00edo, te beneficiar\u00e1s del vasto conocimiento de Anodea, sintetizado a partir de su maestr\u00eda en psicolog\u00eda cl\u00ednica, su doctorado en sanaci\u00f3n cuerpo-mente y m\u00e1s de cuatro d\u00e9cadas de estudio sobre la antigua ciencia de los chakras\u2026<\/p>\n<p>A medida que profundizas en tu verdadera naturaleza energ\u00e9tica, que encarna:<\/p>\n<ul>\n<li>Tu MENTE: explorando tus modelos mentales desarrollados durante las etapas de desarrollo clave de tu infancia.<\/li>\n<li>Tu CUERPO: a trav\u00e9s de ejercicios de bioenerg\u00e9tica y yoga sencillos y f\u00e1ciles de seguir.<\/li>\n<li>Tu ESP\u00cdRITU: expandiendo tu consciencia y abordando tu experiencia universal m\u00e1s amplia.<\/li>\n<li><\/li>\n<\/ul>\n<h3 style=\"text-align: center;\"><strong>Lo que aprender\u00e1s:<\/strong><\/h3>\n<p>&nbsp;<\/p>\n<p><strong>Sanaci\u00f3n de traumas:<\/strong><br \/>\nDescubre c\u00f3mo aprovechar la sanaci\u00f3n energ\u00e9tica para identificar los traumas emocionales y psicol\u00f3gicos del pasado y sanarlos de forma permanente, liber\u00e1ndote de pensamientos y patrones de conducta negativos.<\/p>\n<p><strong>Descubre un nuevo camino a la sanaci\u00f3n:<\/strong><br \/>\nSana tu mente, tu cuerpo y tu esp\u00edritu eliminando bloqueos energ\u00e9ticos y patrones que causan enfermedades en cada uno de tus siete chakras. Esto puede suponer un tremendo complemento para tus pr\u00e1cticas m\u00e9dicas normales y de sanaci\u00f3n alternativas.<\/p>\n<p><strong>Adquiere una profunda autoconsciencia:<\/strong><br \/>\nExplora tu propia esencia energ\u00e9tica y descubre tu naturaleza, camino y prop\u00f3sito m\u00e1s aut\u00e9nticos, mucho m\u00e1s all\u00e1 de la programaci\u00f3n social a la que has estado condicionado toda tu vida.<\/p>\n<p><strong>Despierta tu intuici\u00f3n:<\/strong><br \/>\nAccede a tu br\u00fajula interior y aprovecha un oc\u00e9ano infinito de sabidur\u00eda y claridad, lo que te permitir\u00e1 tomar mejores decisiones, comprender las motivaciones de otras personas y mantenerte a ti mismo y a tus seres queridos a salvo.<\/p>\n<p><strong>Reconecta con tu parte espiritual:<\/strong><br \/>\nEleva tus vibraciones y redescubre tu conexi\u00f3n con tu parte espiritual: la versi\u00f3n m\u00e1s elevada de ti mismo que encarna infinitas posibilidades y que existe m\u00e1s all\u00e1 de tus aparentes limitaciones.<\/p>\n<p><strong>Comunicaci\u00f3n:<\/strong><br \/>\nHabla con claridad y confianza y nunca temas manifestar tu opini\u00f3n con tus compa\u00f1eros de trabajo, tu jefe y tu familia.<\/p>\n<p><strong>Manifiesta tus sue\u00f1os:<\/strong><br \/>\nCuando energices tus chakras, notar\u00e1s como tus \u00e1reas de vida correspondientes comienzan a florecer. Utiliza esta capacidad para manifestar r\u00e1pidamente tus sue\u00f1os y deseos en cualquier \u00e1mbito, desde tu carrera y tus finanzas hasta tu salud y tus relaciones.<\/p>\n<p><strong>Asciende hacia la unidad:<\/strong><br \/>\nAccede a tu definici\u00f3n personal de un poder superior, ya sea Dios, el Universo o la Consciencia colectiva. Y aprovecha esta conexi\u00f3n para sentirte seguro, conectado y apoyado en todo momento.<\/p>\n<p><strong>Obt\u00e9n amor propio y aceptaci\u00f3n incondicional:<\/strong><br \/>\nVe m\u00e1s all\u00e1 de las reglas y expectativas que la sociedad te ha impuesto y, en lugar de eso, aprende a amarte profunda y permanentemente por ser el individuo \u00fanico que eres.<\/p>\n<p>&nbsp;<\/p>\n<p>&nbsp;<\/p>\n<h3 style=\"text-align: center;\"><strong>Contenido del Desaf\u00edo<\/strong><br \/>\n<strong>Explora el contenido del Desaf\u00edo \u00abSana a trav\u00e9s de tus chakras\u00bb<\/strong><\/h3>\n<p>&nbsp;<\/p>\n<p>El Desaf\u00edo \u00abSana a trav\u00e9s de tus chakras\u00bb va mucho m\u00e1s all\u00e1 del enfoque de sanaci\u00f3n energ\u00e9tica corriente, que generalmente se centra en aprovechar tus chakras para mejorar \u00e1reas de vida espec\u00edficas.<\/p>\n<p>En lugar de eso, la propia Anodea Judith te gu\u00eda a trav\u00e9s de un mapa de la maravillosa interacci\u00f3n que se produce entre cada aspecto de la experiencia humana, y de c\u00f3mo puedes encontrar ese delicado equilibrio en cada dimensi\u00f3n de tu vida.<\/p>\n<p>Cada d\u00eda de tu viaje de 35 d\u00edas te conectar\u00e1s m\u00e1s \u00edntimamente con tu ecosistema energ\u00e9tico. Cuanto m\u00e1s profundices, m\u00e1s profundo se volver\u00e1 el entendimiento de tu verdadera naturaleza. Y con ello, descubrir\u00e1s nuevos dones, nuevos niveles de autodominio y nuevas herramientas para sanar cada vez que la vida te desequilibre.<\/p>\n<p>Pero una vez m\u00e1s, no se trata de un t\u00edpico curso de \u00ablimpieza de chakras\u00bb.<\/p>\n<p>Anodea tiene una maestr\u00eda en psicolog\u00eda cl\u00ednica y fusiona la antigua sabidur\u00eda oriental de los chakras con pr\u00e1cticas occidentales m\u00e1s actuales basadas en la ciencia, al tiempo que involucra todos los aspectos de tu ser: mente, cuerpo y esp\u00edritu.<\/p>\n<p>Al final de esta experiencia, obtendr\u00e1s un dominio pr\u00e1ctico y hol\u00edstico de tus sistemas energ\u00e9ticos internos, que utilizar\u00e1s durante toda tu vida para sanar, empoderarte y elevarte hacia tu m\u00e1ximo potencial humano.<\/p>\n<p>&nbsp;<\/p>\n<p><strong>PARTE 1<\/strong><\/p>\n<p>Semana 1: La energ\u00eda de la abundancia y el placer<\/p>\n<p><strong>PARTE 2<\/strong><\/p>\n<p>Semana 2: La energ\u00eda del poder personal y las relaciones<\/p>\n<p><strong>PARTE 3<\/strong><\/p>\n<p>Semana 3: La energ\u00eda de la autoexpresi\u00f3n y la inspiraci\u00f3n<\/p>\n<p><strong>PARTE 4<\/strong><\/p>\n<p>Semana 4: La energ\u00eda de la consciencia superior<\/p>\n<p><strong>PARTE 5<\/strong><\/p>\n<p>Semana 5: Domina la corriente descendente de manifestaci\u00f3n<\/p>\n","protected":false},"excerpt":{"rendered":"<div class=\"woocommerce-product-details__short-description\">\n<p>Experimenta el camino m\u00e1s r\u00e1pido y sencillo para equilibrar tus chakras y tu vida.<\/p>\n<\/div>\n<form class=\"cart\" action=\"https:\/\/miscursosvirtuales.com.co\/producto\/sana-a-traves-de-tus-chakras-anodea-judith\/\" enctype=\"multipart\/form-data\" method=\"post\">\n<div class=\"quantity\"><\/div>\n<\/form>\n","protected":false},"featured_media":1619,"comment_status":"open","ping_status":"closed","template":"","meta":{"site-sidebar-layout":"default","site-content-layout":"default","ast-global-header-display":"","ast-main-header-display":"","ast-hfb-above-header-display":"","ast-hfb-below-header-display":"","ast-hfb-mobile-header-display":"","site-post-title":"","ast-breadcrumbs-content":"","ast-featured-img":"","footer-sml-layout":"","theme-transparent-header-meta":"default","adv-header-id-meta":"","stick-header-meta":"","header-above-stick-meta":"","header-main-stick-meta":"","header-below-stick-meta":"","_joinchat":[]},"product_brand":[],"product_cat":[23,22],"product_tag":[],"class_list":{"0":"post-1618","1":"product","2":"type-product","3":"status-publish","4":"has-post-thumbnail","6":"product_cat-cursos","7":"product_cat-cursos-mindvalley","8":"desktop-align-left","9":"tablet-align-left","10":"mobile-align-left","12":"first","13":"instock","14":"sale","15":"downloadable","16":"shipping-taxable","17":"purchasable","18":"product-type-simple"},"_links":{"self":[{"href":"https:\/\/quebaratodigital.com\/index.php?rest_route=\/wp\/v2\/product\/1618","targetHints":{"allow":["GET"]}}],"collection":[{"href":"https:\/\/quebaratodigital.com\/index.php?rest_route=\/wp\/v2\/product"}],"about":[{"href":"https:\/\/quebaratodigital.com\/index.php?rest_route=\/wp\/v2\/types\/product"}],"replies":[{"embeddable":true,"href":"https:\/\/quebaratodigital.com\/index.php?rest_route=%2Fwp%2Fv2%2Fcomments&post=1618"}],"wp:featuredmedia":[{"embeddable":true,"href":"https:\/\/quebaratodigital.com\/index.php?rest_route=\/wp\/v2\/media\/1619"}],"wp:attachment":[{"href":"https:\/\/quebaratodigital.com\/index.php?rest_route=%2Fwp%2Fv2%2Fmedia&parent=1618"}],"wp:term":[{"taxonomy":"product_brand","embeddable":true,"href":"https:\/\/quebaratodigital.com\/index.php?rest_route=%2Fwp%2Fv2%2Fproduct_brand&post=1618"},{"taxonomy":"product_cat","embeddable":true,"href":"https:\/\/quebaratodigital.com\/index.php?rest_route=%2Fwp%2Fv2%2Fproduct_cat&post=1618"},{"taxonomy":"product_tag","embeddable":true,"href":"https:\/\/quebaratodigital.com\/index.php?rest_route=%2Fwp%2Fv2%2Fproduct_tag&post=1618"}],"curies":[{"name":"wp","href":"https:\/\/api.w.org\/{rel}","templated":true}]}}