{"id":1620,"date":"2024-07-12T01:35:19","date_gmt":"2024-07-12T01:35:19","guid":{"rendered":"https:\/\/quebaratodigital.com\/?post_type=product&#038;p=1620"},"modified":"2024-10-24T16:31:18","modified_gmt":"2024-10-24T16:31:18","slug":"separacion-consciente-katherine-woodward-thomas-mindvalley","status":"publish","type":"product","link":"https:\/\/quebaratodigital.com\/?product=separacion-consciente-katherine-woodward-thomas-mindvalley","title":{"rendered":"Separaci\u00f3n Consciente \u2013 Katherine Woodward Thomas \u2013 Mindvalley"},"content":{"rendered":"<div class=\"pb-markdown mv-type--titlebold8\">\n<p>\u00bfAlguna vez te has preguntado qu\u00e9 fall\u00f3 en tu relaci\u00f3n?<\/p>\n<\/div>\n<div class=\"pb-markdown mv-type--body mt-4\">\n<p>\u00bfO analizaste cada detalle que la llev\u00f3 a la ruptura?<\/p>\n<p>Quiz\u00e1 estuviste destrozado durante semanas, meses o hasta a\u00f1os despu\u00e9s de la ruptura.<\/p>\n<p>Puede que incluso te preguntes si alguna vez podr\u00e1s sanar.<\/p>\n<p>Muchas veces, al enfrentar un gran dolor nos sentimos fuera de nosotros mismos. Decimos cosas horribles que jam\u00e1s pensamos que dir\u00edamos, o hacemos cosas que jam\u00e1s cre\u00edmos que podr\u00edamos hacer. Todo por culpa del doloroso final entre t\u00fa y esa persona.<\/p>\n<p>Pero no te preocupes, no est\u00e1s solo\/a.<\/p>\n<p>&nbsp;<\/p>\n<h3>No eres t\u00fa. Es tu cerebro.<\/h3>\n<p>&nbsp;<\/p>\n<div id=\"\" class=\"w-full md_w-7\/12 pr-0 md_pr-6 lg_pr-12\">\n<div class=\"pb-markdown mv-type--body\">\n<p>Cuando pasas por una ruptura amorosa, los receptores de dolor se activan y env\u00edan se\u00f1ales que simulan dolor f\u00edsico.<\/p>\n<p>Hay estudios cient\u00edficos que demuestran que\u00a0<strong>el cerebro \u00ablee\u00bb las rupturas amorosas<\/strong>\u00a0como si fueran\u00a0<strong>heridas f\u00edsicas<\/strong>\u00a0que no se pueden aliviar con vendajes ni medicinas.<\/p>\n<p>De hecho, el cerebro puede llegar a crear pensamientos intrusivos para mantenernos atrapados en un ciclo de dolor en el que cada pensamiento reabre la herida, lo que le impide sanar y activa tus instintos de supervivencia para sobrellevarlo a como d\u00e9 lugar. Pero existe una forma de sanar de una ruptura amorosa, sanar tu coraz\u00f3n por completo y dejar de solo sobrevivir para empezar a vivir..<\/p>\n<p>&nbsp;<\/p>\n<\/div>\n<\/div>\n<div id=\"\" class=\"w-full md_w-5\/12 mt-8 md_mt-0\">\n<div id=\"\" class=\"w-full lg_w-2\/3 mx-auto mb-7 md_mb-9\">\n<div class=\"pb-markdown mv-type--headline5 text-center\">\n<h3 style=\"text-align: center;\">Presentamos Separaci\u00f3n Consciente, sana tu coraz\u00f3n, recupera tu poder y vive feliz despu\u00e9s del final de la historia.<\/h3>\n<p>&nbsp;<\/p>\n<\/div>\n<\/div>\n<div id=\"\" class=\"w-full lg_w-2\/3 mx-auto\">\n<div class=\"pb-markdown mv-type--body\">\n<p>Este m\u00e9todo paso a paso te dar\u00e1 las herramientas para que \u2014<em>con o sin la cooperaci\u00f3n y el apoyo de tu ex-pareja<\/em>\u00a0\u2014 puedas honrar el amor que compartieron y seguir adelante, libre para amar y ser amado de nuevo.<\/p>\n<p>No importa qu\u00e9 tan dif\u00edcil sea una separaci\u00f3n\u2026<\/p>\n<p>Podr\u00e1s enfrentarla con elegancia, dignidad y buena voluntad.\u00a0<strong>Y experimentar\u00e1s profundos niveles de sanaci\u00f3n y un coraz\u00f3n renovado.<\/strong><\/p>\n<p>&nbsp;<\/p>\n<h5>Katherine Woodward Thomas es una autora de \u00e9xito de ventas del NY Times, terapeuta con licencia y profesora con miles de alumnos alrededor del mundo.<\/h5>\n<p>&nbsp;<\/p>\n<p>A los 40, Katherine conoci\u00f3 y se cas\u00f3 con un hombre maravilloso llamado Mark. Con el que tuvo su primer hijo a los 43 a\u00f1os. Pero, despu\u00e9s de 10 maravillosos a\u00f1os de matrimonio, Katherine y su esposo deseaban separarse. Analizaron sus vidas y se preguntaron si deb\u00edan seguir casados, aunque eso les impidiera crecer. En el pasado, Katherine hab\u00eda experimentado dolorosas e insoportables rupturas de las que tard\u00f3 a\u00f1os en recuperarse. Una, en particular, provoc\u00f3 que se le cayera la mitad del cabello y que dejara de comer durante un a\u00f1o. Tanto ella como Mark estaban decididos a que su hija no pasara por la dolorosa situaci\u00f3n de un divorcio hostil como el que ellos vivieron cuando eran ni\u00f1os. As\u00ed que tomaron la decisi\u00f3n de separarse conscientemente y compartir la intenci\u00f3n de amar y criar juntos a su hija.<\/p>\n<p>Fue esta experiencia la que inspir\u00f3 a Katherine a crear\u00a0<em>Separaci\u00f3n Consciente.<\/em>\u00a0Y dados los buenos resultados en su vida, Katherine escribi\u00f3 un libro con el mismo nombre, que se convirti\u00f3 en \u00e9xito de ventas del NY Times, para ayudar a otros a terminar sus relaciones con amor y sanaci\u00f3n. Desde entonces, Separaci\u00f3n Consciente se ha convertido en un proceso internacional de sanaci\u00f3n y amor que incluso ayud\u00f3 a la actriz de Hollywood, Gwyneth Paltrow, y al cantante de Coldplay, Chris Martin, a poner fin a su matrimonio de forma amigable.<\/p>\n<p>Vishen Lakhiani y Kristina Mand-Lakhiani tambi\u00e9n recurrieron a este m\u00e9todo para separarse sin dejar de ser amigos, compartiendo la crianza de sus hijos. Actualmente, Katherine tiene la misi\u00f3n de guiar a otros a trav\u00e9s del\u00a0<em>proceso de 5 pasos para superar una separaci\u00f3n, sanar el coraz\u00f3n y dirigirse hacia la felicidad.<\/em><\/p>\n<p>&nbsp;<\/p>\n<section class=\"\">\n<section id=\"235\" class=\"pb-Container 41-what-youll-learn\" data-name=\"4.1 What You'll Learn\">\n<div class=\"mv-container\">\n<div id=\"\" class=\"w-full text-center lg_w-2\/3 mx-auto\">\n<div class=\"pb-markdown mv-type--titlebold4 text-center mb-8 md_mb-12\">\n<h2 style=\"text-align: center;\">Lo que aprender\u00e1s<\/h2>\n<p>&nbsp;<\/p>\n<\/div>\n<\/div>\n<\/div>\n<div class=\"mv-container\">\n<div class=\"pb-markdown lg_w-2\/3 mx-auto mv-type--titlebold8 mv-list__number --spacious\">\n<ul>\n<li><strong>1.<\/strong>\u00a0Prot\u00e9gete (y a tus hijos, si los tienes) del dolor.\n<p class=\"mv-type--body\">Aprende a vivir tu separaci\u00f3n con dignidad, honor y respeto, con o sin la ayuda de tu expareja.<\/p>\n<\/li>\n<li><strong>2.<\/strong>\u00a0Sana el resentimiento obsesivo y la rabia\n<p class=\"mv-type--body\">Conoce una herramienta esencial que te ayudar\u00e1 a alcanzar la verdadera libertad y plenitud dentro de tu coraz\u00f3n.<\/p>\n<\/li>\n<li><strong>3.<\/strong>\u00a0Reconoce que mereces amar y ser amado\n<p class=\"mv-type--body\">No importa si la persona que amas no te ama como lo necesitas, recupera y conserva tu autoestima usando este m\u00e9todo de 5 pasos.<\/p>\n<\/li>\n<li><strong>4.<\/strong>\u00a0Crea un espacio de profunda paz interna\n<p class=\"mv-type--body\">Sana tu dolor, resentimiento, culpa, verg\u00fcenza, enojo y sufrimiento.<\/p>\n<\/li>\n<li><strong>5.<\/strong>\u00a0Elimina de tus relaciones cualquier patr\u00f3n doloroso y recurrente\n<p class=\"mv-type--body\">Descubre c\u00f3mo transformar el desamor en fuerza y aprovechar las oportunidades futuras de tener salud, felicidad y bienestar en el amor.<\/p>\n<\/li>\n<li><strong>6.<\/strong>\u00a0Recupera la confianza en ti mismo\n<p class=\"mv-type--body\">Aprende a confiar de nuevo en ti mismo, en el amor y en tus decisiones, sabiendo que nunca m\u00e1s cometer\u00e1s los mismos errores.<\/p>\n<\/li>\n<li><strong>7.<\/strong>\u00a0Despierta tu capacidad de encontrar la verdadera felicidad en el amor\n<p class=\"mv-type--body\">Perd\u00f3nate a ti mismo y a los dem\u00e1s de coraz\u00f3n para que puedas iniciar tu pr\u00f3xima relaci\u00f3n libre de las heridas del pasado.<\/p>\n<\/li>\n<\/ul>\n<div class=\"pb-markdown mv-type--titlebold5 text-center mb-8 lg_mb-16 lg_w-2\/3 mx-auto\">\n<h3 style=\"text-align: center;\">La transformaci\u00f3n que experimentar\u00e1s<\/h3>\n<p>&nbsp;<\/p>\n<\/div>\n<div class=\"pb-markdown lg_w-2\/3 mx-auto mv-type--titlebold8 mv-list__primary --spacious\">\n<ul>\n<li><strong>1.<\/strong>\u00a0Podr\u00e1s protegerte del dolor\n<p class=\"mv-type--body\">Aprender\u00e1s a vivir tu separaci\u00f3n con dignidad, honor y respeto, con o sin la ayuda de tu ex-pareja.<\/p>\n<\/li>\n<li><strong>2.<\/strong>\u00a0Sanar\u00e1s el resentimiento obsesivo y la rabia\n<p class=\"mv-type--body\">Conocer\u00e1s una herramienta esencial para liberarte del enojo y alcanzar la verdadera libertad y plenitud dentro de tu coraz\u00f3n.<\/p>\n<\/li>\n<li><strong>3.<\/strong>\u00a0Reconocer\u00e1s que mereces amar y ser amado\n<p class=\"mv-type--body\">No importa si la persona que amas no te ama como lo necesitas, recuperar\u00e1s y conservar\u00e1s tu autoestima usando este m\u00e9todo de 5 pasos.<\/p>\n<\/li>\n<li><strong>4.<\/strong>\u00a0Crear\u00e1s un espacio de profunda paz interna\n<p class=\"mv-type--body\">Sanar\u00e1s tu dolor, resentimiento, culpa, verg\u00fcenza, enojo y sufrimiento.<\/p>\n<\/li>\n<li><strong>5.<\/strong>\u00a0Eliminar\u00e1s de tus relaciones cualquier patr\u00f3n doloroso y recurrente\n<p class=\"mv-type--body\">Descubrir\u00e1s c\u00f3mo transformar el desamor en fuerza y aprovechar las oportunidades futuras de tener salud, felicidad y bienestar en el amor.<\/p>\n<\/li>\n<li><strong>6.<\/strong>\u00a0Volver\u00e1s a tener profunda confianza en ti mismo\n<p class=\"mv-type--body\">Aprender\u00e1s a confiar de nuevo en ti mismo, en el amor y en tus decisiones, sabiendo que nunca m\u00e1s cometer\u00e1s los mismos errores.<\/p>\n<\/li>\n<li><strong>7.<\/strong>\u00a0Despertar\u00e1s tu poder para encontrar la verdadera felicidad en el amor\n<p class=\"mv-type--body\">Te perdonar\u00e1s a ti mismo y a los dem\u00e1s de coraz\u00f3n para poder iniciar tu pr\u00f3xima relaci\u00f3n libre de las heridas del pasado.<\/p>\n<\/li>\n<\/ul>\n<p><img fetchpriority=\"high\" decoding=\"async\" class=\"aligncenter\" src=\"https:\/\/storyblok-cdn.mindvalley.com\/f\/60579\/2068x1110\/e32d30f5a4\/cu_sp_devices_curriculum_es.png?trans?quality=75&amp;dpr=1&amp;width=752\" alt=\"Disponible en tu computadora personal, tablet, smartphone y Apple TV\" width=\"597\" height=\"321\" \/><\/p>\n<\/div>\n<\/div>\n<\/div>\n<\/section>\n<\/section>\n<\/div>\n<\/div>\n<\/div>\n<\/div>\n","protected":false},"excerpt":{"rendered":"<div class=\"woocommerce-product-details__short-description\">\n<p>\u00danete a la terapeuta de parejas Katherine Woodward Thomas y aprende a superar una ruptura, liberarte del dolor y volver a abrir tu coraz\u00f3n al amor.<\/p>\n<\/div>\n<form class=\"cart\" action=\"https:\/\/miscursosvirtuales.com.co\/producto\/separacion-consciente-katherine-woodward-thomas-mindvalley\/\" enctype=\"multipart\/form-data\" method=\"post\">\n<div class=\"quantity\"><\/div>\n<\/form>\n","protected":false},"featured_media":1621,"comment_status":"open","ping_status":"closed","template":"","meta":{"site-sidebar-layout":"default","site-content-layout":"default","ast-global-header-display":"","ast-main-header-display":"","ast-hfb-above-header-display":"","ast-hfb-below-header-display":"","ast-hfb-mobile-header-display":"","site-post-title":"","ast-breadcrumbs-content":"","ast-featured-img":"","footer-sml-layout":"","theme-transparent-header-meta":"default","adv-header-id-meta":"","stick-header-meta":"","header-above-stick-meta":"","header-main-stick-meta":"","header-below-stick-meta":"","_joinchat":[]},"product_brand":[],"product_cat":[23,22],"product_tag":[],"class_list":{"0":"post-1620","1":"product","2":"type-product","3":"status-publish","4":"has-post-thumbnail","6":"product_cat-cursos","7":"product_cat-cursos-mindvalley","8":"desktop-align-left","9":"tablet-align-left","10":"mobile-align-left","12":"first","13":"instock","14":"sale","15":"downloadable","16":"shipping-taxable","17":"purchasable","18":"product-type-simple"},"_links":{"self":[{"href":"https:\/\/quebaratodigital.com\/index.php?rest_route=\/wp\/v2\/product\/1620","targetHints":{"allow":["GET"]}}],"collection":[{"href":"https:\/\/quebaratodigital.com\/index.php?rest_route=\/wp\/v2\/product"}],"about":[{"href":"https:\/\/quebaratodigital.com\/index.php?rest_route=\/wp\/v2\/types\/product"}],"replies":[{"embeddable":true,"href":"https:\/\/quebaratodigital.com\/index.php?rest_route=%2Fwp%2Fv2%2Fcomments&post=1620"}],"wp:featuredmedia":[{"embeddable":true,"href":"https:\/\/quebaratodigital.com\/index.php?rest_route=\/wp\/v2\/media\/1621"}],"wp:attachment":[{"href":"https:\/\/quebaratodigital.com\/index.php?rest_route=%2Fwp%2Fv2%2Fmedia&parent=1620"}],"wp:term":[{"taxonomy":"product_brand","embeddable":true,"href":"https:\/\/quebaratodigital.com\/index.php?rest_route=%2Fwp%2Fv2%2Fproduct_brand&post=1620"},{"taxonomy":"product_cat","embeddable":true,"href":"https:\/\/quebaratodigital.com\/index.php?rest_route=%2Fwp%2Fv2%2Fproduct_cat&post=1620"},{"taxonomy":"product_tag","embeddable":true,"href":"https:\/\/quebaratodigital.com\/index.php?rest_route=%2Fwp%2Fv2%2Fproduct_tag&post=1620"}],"curies":[{"name":"wp","href":"https:\/\/api.w.org\/{rel}","templated":true}]}}