{"id":1627,"date":"2024-07-12T01:55:50","date_gmt":"2024-07-12T01:55:50","guid":{"rendered":"https:\/\/quebaratodigital.com\/?post_type=product&#038;p=1627"},"modified":"2025-08-23T00:40:45","modified_gmt":"2025-08-23T00:40:45","slug":"programa-raio-curso-de-ingles-kale-anders","status":"publish","type":"product","link":"https:\/\/quebaratodigital.com\/?product=programa-raio-curso-de-ingles-kale-anders","title":{"rendered":"Programa RAIO Curso de Ingles \u2013 Kale Anders"},"content":{"rendered":"<div class=\"elementor-element elementor-element-c149a09 elementor-widget elementor-widget-text-editor\" data-id=\"c149a09\" data-element_type=\"widget\" data-widget_type=\"text-editor.default\">\n<div class=\"elementor-widget-container\">\n<div class=\"elementor-text-editor elementor-clearfix\">\n<h5>C\u00f3mo aprender ingl\u00e9s en solo 3 meses independientemente de tu edad, talento y horario\u2026<\/h5>\n<p>&nbsp;<\/p>\n<p>\u2026sin tener que estudiar por horas en frustraci\u00f3n o contratar a un profesor particular<\/p>\n<p>&nbsp;<\/p>\n<h4>Esta oferta especial incluye:<\/h4>\n<p>&nbsp;<\/p>\n<p><strong>Narnia:<\/strong>\u00a0<strong>Historias Interactivas + Aplicaci\u00f3n<\/strong><br \/>\nToda la biblioteca de historias interactivas para dominar la gram\u00e1tica y practicar tu fluidez. Aplicaci\u00f3n de traducci\u00f3n autom\u00e1tica incluida para mejorar la experiencia y aumentar la velocidad de aprendizaje.<\/p>\n<p>&nbsp;<\/p>\n<p><strong>Programa RAIO + Familia RAIO<\/strong><br \/>\nEl primer curso dise\u00f1ado para llevar a un principiante o intermedio de ingl\u00e9s a la fluidez de la manera m\u00e1s r\u00e1pida posible, combinado con asesoramiento completo, apoyo y motivaci\u00f3n en la exclusiva comunidad para estudiantes.<\/p>\n<p>&nbsp;<\/p>\n<p><strong>Preparaci\u00f3n para Ex\u00e1menes Formales<\/strong><br \/>\nTodos los m\u00e9todos, trucos y pasos para dominar los ex\u00e1menes de TOEFL, IELTS, Cambridge etc. para aplicaciones de visas, trabajos y universidades o para tener una prueba formal de tu habilidad.<\/p>\n<p>&nbsp;<\/p>\n<p><strong>Preparaci\u00f3n para Trabajos\/Entrevistas<\/strong><br \/>\nAprender\u00e1s c\u00f3mo hablar mejor en entornos laborales, diferentes costumbres culturales en el trabajo y te prepararemos para que domines cualquier entrevista de trabajo en ingl\u00e9s.<\/p>\n<p>&nbsp;<\/p>\n<p><strong>Simulaciones de Conversaciones de Viajes<\/strong><br \/>\nMejorar\u00e1s tu o\u00eddo drasticamente con estas 8 conversaciones enteras en ingl\u00e9s de las situaciones t\u00edpicas en los viajes para que est\u00e9s 100% preparado para cualquier tipo de viaje que hagas.<\/p>\n<p>&nbsp;<\/p>\n<p><strong>Aplicaci\u00f3n ANKI + Archivos Preparados<\/strong><br \/>\nLa aplicaci\u00f3n de los pol\u00edglotas basada en la repetici\u00f3n espaciada para memorizar frases y desarollar un buen vocabulario de la manera m\u00e1s r\u00e1pida posible. Todos los archivos de las palabras, frases, verbos, cognados y verbos frasales m\u00e1s comunes en ingl\u00e9s incluidos.<\/p>\n<p>&nbsp;<\/p>\n<\/div>\n<\/div>\n<\/div>\n<div class=\"elementor-element elementor-element-1ff0bd1 elementor-widget elementor-widget-heading\" data-id=\"1ff0bd1\" data-element_type=\"widget\" data-widget_type=\"heading.default\">\n<div class=\"elementor-widget-container\">\n<h3 class=\"elementor-heading-title elementor-size-default\">El primer curso dise\u00f1ado para llevar a un principiante o intermedio de ingl\u00e9s a la fluidez de la manera m\u00e1s r\u00e1pida posible.<\/h3>\n<\/div>\n<\/div>\n","protected":false},"excerpt":{"rendered":"<div class=\"woocommerce-product-details__short-description\">\n<p class=\"elementor-heading-title elementor-size-default\">El primer curso dise\u00f1ado para llevar a un principiante o intermedio de ingl\u00e9s a la fluidez de la manera m\u00e1s r\u00e1pida posible.<\/p>\n<\/div>\n<form class=\"cart\" action=\"https:\/\/miscursosvirtuales.com.co\/producto\/programa-raio-curso-de-ingles-kale-anders\/\" enctype=\"multipart\/form-data\" method=\"post\">\n<div class=\"quantity\">Acceso Google Drive<\/div>\n<\/form>\n","protected":false},"featured_media":1628,"comment_status":"open","ping_status":"closed","template":"","meta":{"site-sidebar-layout":"default","site-content-layout":"default","ast-global-header-display":"","ast-main-header-display":"","ast-hfb-above-header-display":"","ast-hfb-below-header-display":"","ast-hfb-mobile-header-display":"","site-post-title":"","ast-breadcrumbs-content":"","ast-featured-img":"","footer-sml-layout":"","theme-transparent-header-meta":"default","adv-header-id-meta":"","stick-header-meta":"","header-above-stick-meta":"","header-main-stick-meta":"","header-below-stick-meta":"","_joinchat":[]},"product_brand":[],"product_cat":[23,27],"product_tag":[],"class_list":{"0":"post-1627","1":"product","2":"type-product","3":"status-publish","4":"has-post-thumbnail","6":"product_cat-cursos","7":"product_cat-cursos-de-ingles","8":"desktop-align-left","9":"tablet-align-left","10":"mobile-align-left","12":"first","13":"instock","14":"sale","15":"downloadable","16":"shipping-taxable","17":"purchasable","18":"product-type-simple"},"_links":{"self":[{"href":"https:\/\/quebaratodigital.com\/index.php?rest_route=\/wp\/v2\/product\/1627","targetHints":{"allow":["GET"]}}],"collection":[{"href":"https:\/\/quebaratodigital.com\/index.php?rest_route=\/wp\/v2\/product"}],"about":[{"href":"https:\/\/quebaratodigital.com\/index.php?rest_route=\/wp\/v2\/types\/product"}],"replies":[{"embeddable":true,"href":"https:\/\/quebaratodigital.com\/index.php?rest_route=%2Fwp%2Fv2%2Fcomments&post=1627"}],"wp:featuredmedia":[{"embeddable":true,"href":"https:\/\/quebaratodigital.com\/index.php?rest_route=\/wp\/v2\/media\/1628"}],"wp:attachment":[{"href":"https:\/\/quebaratodigital.com\/index.php?rest_route=%2Fwp%2Fv2%2Fmedia&parent=1627"}],"wp:term":[{"taxonomy":"product_brand","embeddable":true,"href":"https:\/\/quebaratodigital.com\/index.php?rest_route=%2Fwp%2Fv2%2Fproduct_brand&post=1627"},{"taxonomy":"product_cat","embeddable":true,"href":"https:\/\/quebaratodigital.com\/index.php?rest_route=%2Fwp%2Fv2%2Fproduct_cat&post=1627"},{"taxonomy":"product_tag","embeddable":true,"href":"https:\/\/quebaratodigital.com\/index.php?rest_route=%2Fwp%2Fv2%2Fproduct_tag&post=1627"}],"curies":[{"name":"wp","href":"https:\/\/api.w.org\/{rel}","templated":true}]}}