{"id":1640,"date":"2024-09-06T18:02:43","date_gmt":"2024-09-06T18:02:43","guid":{"rendered":"https:\/\/quebaratodigital.com\/?post_type=product&#038;p=1640"},"modified":"2025-10-16T15:02:50","modified_gmt":"2025-10-16T15:02:50","slug":"curso-vuelvete-millonario-lain-calvo","status":"publish","type":"product","link":"https:\/\/quebaratodigital.com\/?product=curso-vuelvete-millonario-lain-calvo","title":{"rendered":"Curso Vuelvete Millonario \u2013 Lain Garcia Calvo"},"content":{"rendered":"<p>Hace a\u00f1os quise dejar la pobreza atr\u00e1s, decid\u00ed dejar la losa pesada que acompa\u00f1a al 99,9% de la poblaci\u00f3n desde que nacen hasta que mueren y me pregunt\u00e9:<\/p>\n<p>&nbsp;<\/p>\n<h4>\u00bfDe qui\u00e9n puedo aprender a ganar dinero y dejar la pobreza?<\/h4>\n<p>Me di cuenta que ni en el colegio ni en la universidad te daban esas herramientas, as\u00ed que decid\u00ed buscar a quien TEN\u00cdA DINERO de verdad:<\/p>\n<p>&nbsp;<\/p>\n<h3>\u00a1LOS MILLONARIOS!<\/h3>\n<p>Llevo invertidos m\u00e1s de 200.000 euros en formaci\u00f3n con los mejores mentores MILLONARIOS, MULTIMILLONARIOS y BILLONARIOS (personas con m\u00e1s de 1.000 millones de D\u00f3lares) y descubr\u00ed una serie de PRINCIPIO, ESTRATEGIAS, T\u00c9CNICAS y HABILIDADES que la gente \u201cnormal\u201d no sabe.<\/p>\n<p>&nbsp;<\/p>\n<p>Aplicando todo esto, y cuando ya hab\u00eda ganado MI PRIMER MILL\u00d3N, decid\u00ed compartir estos PRINCIPIOS con el mundo y de ah\u00ed naci\u00f3 lo que se conoce como EL ENTRENAMIENTO PARA SER MILLONARIO M\u00c1S IMPORTANTE DE HABLA HISPANA.<\/p>\n<p>&nbsp;<\/p>\n<h3>\u00bfPor Qu\u00e9 Puedo Ser Tu Mentor?<\/h3>\n<p>Solo el a\u00f1o pasado gan\u00e9 M\u00c1S DE MEDIO MILL\u00d3N DE EUROS AL MES.<\/p>\n<p>S\u00ed, s\u00ed, \u00a1AL MES!<\/p>\n<p>500.000 EUROS AL MES<\/p>\n<p>Varios MILLONES DE EUROS AL A\u00d1O.<\/p>\n<p>Ahora, yo voy a ser TU MENTOR MILLONARIO y vamos a ir a por TU PRIMER MILL\u00d3N.<\/p>\n<p>&nbsp;<\/p>\n<h4>En el ENTRENAMIENTO de \u00a1VU\u00c9LVETE MILLONARIO!<br \/>\ntendr\u00e1s acceso a lo siguiente:<\/h4>\n<p>&nbsp;<\/p>\n<h4>(*Cada uno de los m\u00f3dulos consta de una parte escrita y una parte en VIDEOS)<\/h4>\n<p>&nbsp;<\/p>\n<h3>M\u00d3DULO 1: \u00a1VU\u00c9LVETE IMPARABLE!<br \/>\nValor Real: 500 EUROS<\/h3>\n<p>Aunque este parezca el m\u00f3dulo menos importante, en realidad es EL M\u00c1S IMPORTANTE. Es la MENTALIDAD IMPARABLE la que te har\u00e1 cumplir con todo lo dem\u00e1s.<\/p>\n<p>\u00bfY si te dijera que esta es la CLARA diferenciaci\u00f3n entre los que consiguen un \u00e9xito enorme y los que se quedan en el promedio\/mont\u00f3n?<\/p>\n<p>La IMPARABILIDAD es la \u00fanica diferencia entre POBRES y MILLONARIOS.<\/p>\n<p>&nbsp;<\/p>\n<h3>M\u00d3DULO 2: \u00a1VU\u00c9LVETE MILLONARIO!<br \/>\nValor Real: 1.200 EUROS<\/h3>\n<p>Tanto si eres emprendedor o quieres empezar, en ambos casos necesitas una MENTALIDAD MILLONARIA, pues esta es la que te har\u00e1 GANAR MILLONES y la que, junto a las HERRAMIENTAS, ESTRATEGIAS Y HABILIDADES del m\u00f3dulo de MARKETING, VENTAS y CREENCIAS, te ayudar\u00e1n a conseguir todos tus sue\u00f1os.<\/p>\n<p>&nbsp;<\/p>\n<h3>M\u00d3DULO 3: CREENCIAS MILLONARIAS<br \/>\nValor Real: 700 EUROS<\/h3>\n<p>Todas las HERRAMIENTAS, ESTRATEGIAS Y HABILIDADES que me han hecho GANAR + DE 6 MILLONES DE EUROS AL A\u00d1O (+ de MEDIO MILL\u00d3N AL MES!).<\/p>\n<p>Domina tu MENTALIDAD, encuentra los secretos ocultos de tu mente y multiplica tu impacto en tu negocio.<\/p>\n<p>&nbsp;<\/p>\n<h3>M\u00d3DULO 4: MARKETING DE CLASE MUNDIAL<br \/>\nValor Real: 2.000 EUROS<\/h3>\n<p>Todas las HERRAMIENTAS, ESTRATEGIAS Y HABILIDADES que me han hecho MULTIPLICAR MIS VENTAS (varios millones de euros al a\u00f1o), mi MARCA PERSONAL, el alcance de mis productos y servicios, etc.)<\/p>\n<p>&nbsp;<\/p>\n<h3>M\u00d3DULO 5: VENTAS HACIA TU PRIMER MILL\u00d3N<br \/>\nValor Real: 1.500 EUROS<\/h3>\n<p>Todo negocio es un negocio de VENTAS.<\/p>\n<p>Si no hay ventas no hay negocio, por eso DOMINAR LAS VENTAS no es necesario, es OBLIGATORIO si quieres prosperar y volverte millonario.<\/p>\n<p>&nbsp;<\/p>\n<h3>M\u00d3DULO 6: DOMINA TU ACCI\u00d3N<br \/>\nValor Real: 1.000 EUROS<\/h3>\n<p>La gente falla porque abandona.<\/p>\n<p>En este \u00faltimo m\u00f3dulo voy a asegurarme que entiendes y aplicas la forma en que los MILLONARIOS act\u00faan y los h\u00e1bitos de acci\u00f3n que practican a diario para alcanzar los sue\u00f1os y ambiciones m\u00e1s imposibles para las masas.<\/p>\n","protected":false},"excerpt":{"rendered":"<div class=\"woocommerce-product-details__short-description\">\n<p>Con este curso te brindar\u00e9 las Herramientas, estrategias y habilidades para ganar tu primer mill\u00f3n, Tanto si empiezas desde cero como si ya tienes un negocio o emprendimiento.<\/p>\n<\/div>\n<form class=\"cart\" action=\"https:\/\/miscursosvirtuales.com.co\/producto\/entrenamiento-vuelvete-millonario-lain-garcia-calvo\/\" enctype=\"multipart\/form-data\" method=\"post\">\n<div class=\"quantity\"><\/div>\n<\/form>\n","protected":false},"featured_media":1641,"comment_status":"open","ping_status":"closed","template":"","meta":{"site-sidebar-layout":"default","site-content-layout":"default","ast-global-header-display":"","ast-main-header-display":"","ast-hfb-above-header-display":"","ast-hfb-below-header-display":"","ast-hfb-mobile-header-display":"","site-post-title":"","ast-breadcrumbs-content":"","ast-featured-img":"","footer-sml-layout":"","theme-transparent-header-meta":"default","adv-header-id-meta":"","stick-header-meta":"","header-above-stick-meta":"","header-main-stick-meta":"","header-below-stick-meta":"","_joinchat":[]},"product_brand":[],"product_cat":[23,26],"product_tag":[28],"class_list":{"0":"post-1640","1":"product","2":"type-product","3":"status-publish","4":"has-post-thumbnail","6":"product_cat-cursos","7":"product_cat-material-digital","8":"product_tag-lain-calvo","9":"desktop-align-left","10":"tablet-align-left","11":"mobile-align-left","13":"first","14":"instock","15":"sale","16":"shipping-taxable","17":"purchasable","18":"product-type-simple"},"_links":{"self":[{"href":"https:\/\/quebaratodigital.com\/index.php?rest_route=\/wp\/v2\/product\/1640","targetHints":{"allow":["GET"]}}],"collection":[{"href":"https:\/\/quebaratodigital.com\/index.php?rest_route=\/wp\/v2\/product"}],"about":[{"href":"https:\/\/quebaratodigital.com\/index.php?rest_route=\/wp\/v2\/types\/product"}],"replies":[{"embeddable":true,"href":"https:\/\/quebaratodigital.com\/index.php?rest_route=%2Fwp%2Fv2%2Fcomments&post=1640"}],"wp:featuredmedia":[{"embeddable":true,"href":"https:\/\/quebaratodigital.com\/index.php?rest_route=\/wp\/v2\/media\/1641"}],"wp:attachment":[{"href":"https:\/\/quebaratodigital.com\/index.php?rest_route=%2Fwp%2Fv2%2Fmedia&parent=1640"}],"wp:term":[{"taxonomy":"product_brand","embeddable":true,"href":"https:\/\/quebaratodigital.com\/index.php?rest_route=%2Fwp%2Fv2%2Fproduct_brand&post=1640"},{"taxonomy":"product_cat","embeddable":true,"href":"https:\/\/quebaratodigital.com\/index.php?rest_route=%2Fwp%2Fv2%2Fproduct_cat&post=1640"},{"taxonomy":"product_tag","embeddable":true,"href":"https:\/\/quebaratodigital.com\/index.php?rest_route=%2Fwp%2Fv2%2Fproduct_tag&post=1640"}],"curies":[{"name":"wp","href":"https:\/\/api.w.org\/{rel}","templated":true}]}}