{"id":1642,"date":"2024-09-06T18:07:20","date_gmt":"2024-09-06T18:07:20","guid":{"rendered":"https:\/\/quebaratodigital.com\/?post_type=product&#038;p=1642"},"modified":"2025-12-27T23:38:37","modified_gmt":"2025-12-27T23:38:37","slug":"curso-supraconsciencia-lain-garcia-calvo","status":"publish","type":"product","link":"https:\/\/quebaratodigital.com\/?product=curso-supraconsciencia-lain-garcia-calvo","title":{"rendered":"Curso Supraconsciencia \u2013 Lain Garcia Calvo"},"content":{"rendered":"<p><strong>Convi\u00e9rtete en un MAESTRO DEL MUNDO CU\u00c1NTICO para poder MANIFESTAR todos Tus DESEOS.<\/strong><\/p>\n<p>&nbsp;<\/p>\n<p><strong>\u201cSi el UNIVERSO es MENTAL, DOMINAR TU MENTE es VITAL\u201d LAIN GARC\u00cdA CALVO<\/strong><\/p>\n<p>TODO EL MUNDO HABLA SOBRE LA LEY DE ATRACCI\u00d3N, LOS PRINCIPIOS UNIVERSALES, SOBRE MANIFESTAR TUS DESEOS Y CREAR LA VIDA QUE DESEAS.<\/p>\n<p>TODOS HABLAN CON PALABRAS, PERO POCOS (O NINGUNO DE ELLOS) HABLAN CON LOS HECHOS!<\/p>\n<p>&nbsp;<\/p>\n<p><strong>Lo que voy a ense\u00f1arte en SUPRACONSCIENCIA:<\/strong><\/p>\n<ul>\n<li>\u274c No son palabras.<\/li>\n<li>\u274c No son suposiciones.<\/li>\n<li>\u274c No son cuentos.<\/li>\n<\/ul>\n<p><strong>En SUPRACONSCIENCIA aprender\u00e1s:<\/strong><\/p>\n<p>\u2705 Las IDEAS, ESTRATEGIAS y los PASO A PASO para que t\u00fa tengas HECHOS en tu vida, es decir, RESULTADOS.<\/p>\n<p>&nbsp;<\/p>\n<p><strong>Voy a REVELARTE el SECRETO PR\u00c1CTICO (NO TE\u00d3RICO) con el que:<\/strong><\/p>\n<p>\u2013 Pas\u00e9 \u274c de ENFERMO CR\u00d3NICO a \u2705 tener SALUD, ENERG\u00cdA Y VITALIDAD para convertirme en ATLETA DE \u00c9LITE Y SER CAMPE\u00d3N DE ESPA\u00d1A, FINALISTA EN CAMPEONATOS DE EUROPA Y FORMAR PARTE DE LA SELECCI\u00d3N ESPA\u00d1OLA DE NATACI\u00d3N.<\/p>\n<p>\u2013 Pas\u00e9 \u274c de NO TENER DINERO y SUFRIR UNA AGON\u00cdA POR LA INCERTIDUMBRE ECON\u00d3MICA a \u2705 construir un IMPERIO MILLONARIO donde facturo varios MILLONES DE EUROS AL A\u00d1O (son cientos o miles de millones de pesos seg\u00fan tu moneda).<\/p>\n<p>\u2013 Pas\u00e9 \u274c de SENTIRME PERDIDO EN LA VIDA a \u2705 tener CLARIDAD Y VISI\u00d3N, CONOCERME A M\u00cd MISMO Y OBTENER TODO LO QUE QUIERO.<\/p>\n<p>\u2013 Pas\u00e9 \u274c de SENTIRME SOLO O MAL ACOMPA\u00d1ADO DE RELACIONES T\u00d3XICAS a \u2705 RODEARME DE PERSONAS EXTRAORDINARIAS.<\/p>\n<p>\u2013 De \u274c ser un COMPLETO DESCONOCIDO a \u2705 TENER MILLONES DE SEGUIDORES a los que ayudo cada d\u00eda a mejorar sus vidas.<\/p>\n<p>\u2013 De \u274c SENTIRME CONFUNDIDO Y TENER DISTORIS\u00d3N MENTAL acerca de lo que era la vida y mi papel en ella, a \u2705 TENER ABSOLUTA CERTEZA, CONFIANZA EN M\u00cd y la IMPARABILIDAD para poder superarlo todo.<\/p>\n<p>No te conozco personalmente y no s\u00e9 cual es tu problema real.<\/p>\n<ul>\n<li>Puede que sea el DINERO.<\/li>\n<li>Puede que sea el AMOR o las RELACIONES.<\/li>\n<li>Puede que sean problemas de SALUD o baja VITALIDAD y ENERG\u00cdA.<\/li>\n<li>Puede quiz\u00e1s que sea una falta de CLARIDAD o de VISI\u00d3N en la vida y que te sientas perdido.<\/li>\n<li>O puede que sea un c\u00famulo de varias de esas cosas.<\/li>\n<li>D\u00edmelo t\u00fa, \u00bfcu\u00e1l es el problema real?<\/li>\n<\/ul>\n<p>\u00bfQu\u00e9 es lo que te tiene preocupado? \u00bfQu\u00e9 no te deja dormir bien y estar en paz?<\/p>\n<p>&nbsp;<\/p>\n<p><strong>S\u00e9 lo que es TENER LA INCERTIDUMBRE Y LA PREOCUPACI\u00d3N DEL DINERO, o lo que es SENTIRTE ENFERMO, D\u00c9BIL O VULNERABLE F\u00cdSICAMENTE, y tambi\u00e9n s\u00e9 LO QUE SE SUFRE POR AMOR o POR ESTAR SOLO.<\/strong><\/p>\n<p>Pero tambi\u00e9n S\u00c9 CON TOTAL CERTEZA ALGO:<\/p>\n<p><strong>SI TE ENFOCAS EN LOS PRINCIPIOS DE SUPRACONSCIENCIA APLICADOS A ESE PROBLEMA, \u00a1LO RESOLVER\u00c1S!<\/strong><\/p>\n","protected":false},"excerpt":{"rendered":"<p><strong>Convi\u00e9rtete en un MAESTRO DEL MUNDO CU\u00c1NTICO para poder MANIFESTAR todos Tus DESEOS.<\/strong><\/p>\n","protected":false},"featured_media":1643,"comment_status":"open","ping_status":"closed","template":"","meta":{"site-sidebar-layout":"default","site-content-layout":"default","ast-global-header-display":"","ast-main-header-display":"","ast-hfb-above-header-display":"","ast-hfb-below-header-display":"","ast-hfb-mobile-header-display":"","site-post-title":"","ast-breadcrumbs-content":"","ast-featured-img":"","footer-sml-layout":"","theme-transparent-header-meta":"default","adv-header-id-meta":"","stick-header-meta":"","header-above-stick-meta":"","header-main-stick-meta":"","header-below-stick-meta":"","_joinchat":[]},"product_brand":[],"product_cat":[23,29],"product_tag":[30],"class_list":{"0":"post-1642","1":"product","2":"type-product","3":"status-publish","4":"has-post-thumbnail","6":"product_cat-cursos","7":"product_cat-desarrollo-personal","8":"product_tag-ain-garcia-calvo","9":"desktop-align-left","10":"tablet-align-left","11":"mobile-align-left","13":"first","14":"instock","15":"sale","16":"downloadable","17":"shipping-taxable","18":"purchasable","19":"product-type-simple"},"_links":{"self":[{"href":"https:\/\/quebaratodigital.com\/index.php?rest_route=\/wp\/v2\/product\/1642","targetHints":{"allow":["GET"]}}],"collection":[{"href":"https:\/\/quebaratodigital.com\/index.php?rest_route=\/wp\/v2\/product"}],"about":[{"href":"https:\/\/quebaratodigital.com\/index.php?rest_route=\/wp\/v2\/types\/product"}],"replies":[{"embeddable":true,"href":"https:\/\/quebaratodigital.com\/index.php?rest_route=%2Fwp%2Fv2%2Fcomments&post=1642"}],"wp:featuredmedia":[{"embeddable":true,"href":"https:\/\/quebaratodigital.com\/index.php?rest_route=\/wp\/v2\/media\/1643"}],"wp:attachment":[{"href":"https:\/\/quebaratodigital.com\/index.php?rest_route=%2Fwp%2Fv2%2Fmedia&parent=1642"}],"wp:term":[{"taxonomy":"product_brand","embeddable":true,"href":"https:\/\/quebaratodigital.com\/index.php?rest_route=%2Fwp%2Fv2%2Fproduct_brand&post=1642"},{"taxonomy":"product_cat","embeddable":true,"href":"https:\/\/quebaratodigital.com\/index.php?rest_route=%2Fwp%2Fv2%2Fproduct_cat&post=1642"},{"taxonomy":"product_tag","embeddable":true,"href":"https:\/\/quebaratodigital.com\/index.php?rest_route=%2Fwp%2Fv2%2Fproduct_tag&post=1642"}],"curies":[{"name":"wp","href":"https:\/\/api.w.org\/{rel}","templated":true}]}}