{"id":1660,"date":"2024-10-24T16:50:40","date_gmt":"2024-10-24T16:50:40","guid":{"rendered":"https:\/\/quebaratodigital.com\/?post_type=product&#038;p=1660"},"modified":"2024-10-24T16:50:40","modified_gmt":"2024-10-24T16:50:40","slug":"finanzas-inteligentes-ken-honda-mindvalley","status":"publish","type":"product","link":"https:\/\/quebaratodigital.com\/?product=finanzas-inteligentes-ken-honda-mindvalley","title":{"rendered":"Finanzas Inteligentes \u2013 Ken Honda Mindvalley"},"content":{"rendered":"<p><strong>A la persona que busca resolver problemas financieros y crear una vida de mayor riqueza y prosperidad:<\/strong><\/p>\n<p>\u00bfPor qu\u00e9 hay tanto temor y drama alrededor del dinero?<\/p>\n<p>\u00bfPor qu\u00e9 la gente trabajadora tiene problemas de dinero?<\/p>\n<p>\u00bfPor qu\u00e9 es tan dif\u00edcil ganar el dinero, y tan f\u00e1cil perderlo?<\/p>\n<p>\u00bfPor qu\u00e9 el dinero controla cada \u00e1rea de nuestra vida?<\/p>\n<p>\u00bfPor qu\u00e9 hay tanta gente rica que es infeliz?<\/p>\n<p>Si est\u00e1s lidiando con incertidumbre financiera o deudas en aumento, o si a menudo sientes que no tienes lo suficiente para vivir tu vida al m\u00e1ximo\u2026 es probable que te hayas hecho esas preguntas.<\/p>\n<p>Y si has buscado una soluci\u00f3n en la sabidur\u00eda convencional, has o\u00eddo los mismos consejos una y otra vez:<\/p>\n<p><strong>Trabaja m\u00e1s. Ahorra m\u00e1s. Invierte en acciones y propiedades. Comienza una nueva profesi\u00f3n o negocio.<\/strong><\/p>\n<p>Si esto te suena familiar, no te han dicho toda la verdad sobre el dinero. Y no es tu culpa, porque esa verdad no se aprende en la escuela y tampoco te la revelar\u00e1 la persona rica promedio.<\/p>\n<p><strong>Esta verdad poco conocida sobre el dinero puede resumirse en un concepto: CE para el dinero (Cociente emocional)<\/strong><\/p>\n<p>Seg\u00fan Ken Honda, el maestro del dinero n\u00ba1 de Jap\u00f3n, el CE para el dinero es la clave que separa a la minor\u00eda que disfruta una relaci\u00f3n feliz y sana con el dinero, de la mayor\u00eda que no.<\/p>\n<p>A trav\u00e9s de generaciones de condicionamiento, la sociedad nos ha entrenado para centrarnos solo en la mec\u00e1nica de hacer dinero: ganar, ahorrar, invertir y gastar. Esta visi\u00f3n com\u00fan se denomina CI para el dinero (Cociente intelectual). Algunos llegan a decir que es la base del \u00absue\u00f1o americano\u00bb.<\/p>\n<p>Pero \u00bfse ha desvanecido el sue\u00f1o? Mira las estad\u00edsticas globales en temas de distribuci\u00f3n de la riqueza y movilidad ascendente, y ver\u00e1s que la respuesta es S\u00cd.<\/p>\n<p>La mayor\u00eda de la gente pasa su vida entera preocupada por el dinero. Cargamos con miedo irracional y desconfianza hacia el dinero. Lo vemos como un monstruo y no como un amigo. Incluso solo pensar en \u00e9l nos causa estr\u00e9s y ansiedad.<\/p>\n<p>Y cuando entiendas el concepto de CE para el dinero (Cociente emocional), sabr\u00e1s exactamente por qu\u00e9.<\/p>\n<p><strong>Finanzas Inteligentes: el secreto menos conocido para gozar de una vida de abundancia y prosperidad<\/strong><\/p>\n<p>Tu CE para el dinero es el reflejo de tus creencias personales y tus pensamientos sobre el dinero: las emociones que sientes cuando piensas en dinero y c\u00f3mo tu mente subconsciente toma decisiones financieras autom\u00e1ticamente.<\/p>\n<p>Al igual que alguien que descuida su inteligencia emocional tendr\u00eda problemas para alcanzar su m\u00e1ximo potencial, quienes descuidan el Cociente emocional para el dinero no pueden ser sostenible y felizmente ricos, aunque trabajen duro y hagan las inversiones correctas. Y no importa si su Cociente intelectual para el dinero es alto.<\/p>\n<p>Ken ha perfeccionado un proceso detallado que cualquiera puede seguir para aumentar su CE para el dinero y elevar de forma permanente tanto su \u00e9xito financiero como su vida.<\/p>\n<p>Es un proceso que ha transformado a infinidad de personas alrededor del mundo. Y ahora, por primera vez, ha tra\u00eddo este proceso a Mindvalley a trav\u00e9s del programa Finanzas Inteligentes.<\/p>\n<p>Una vez que inicies el programa, descubrir\u00e1s que tener un alto Cociente emocional para el dinero no es un don ni un talento. Es una habilidad que cualquiera puede aprender siguiendo los pasos correctos para reentrenar el cerebro. Y cuando lo hagas, de inmediato empezar\u00e1s a experimentar el dinero y la vida de una forma completamente nueva:<\/p>\n<div class=\"pb-markdown mv-type--titlebold6 mb-6 md_mb-8\">\n<h4><strong>Credenciales del instructor<\/strong><\/h4>\n<\/div>\n<div class=\"pb-markdown mv-list__goldstar mv-type--body\">\n<ul>\n<li>Ken Honda es uno de los autores de crecimiento personal m\u00e1s populares de Jap\u00f3n, en donde ha vendido m\u00e1s de 7 millones de libros desde 2001.<\/li>\n<li>Es la primera persona de Jap\u00f3n que ha sido votada en el Transformational Leadership Council, una organizaci\u00f3n que representa a los l\u00edderes de opini\u00f3n en crecimiento personal con mayor impacto en el mundo.<\/li>\n<li>Es un orador prol\u00edfico que se ha presentado en m\u00e1s de 200 seminarios en Estados Unidos, Jap\u00f3n, Corea y China.<\/li>\n<\/ul>\n<h4><strong>Lo que aprender\u00e1s<\/strong><\/h4>\n<p><strong>1-<\/strong>\u00a0Obt\u00e9n un mayor sentido de la abundancia:<br \/>\nEn lugar de sentir miedo, estr\u00e9s o negatividad cuando piensas en dinero, reprogramar\u00e1s tu mente para ver al dinero como un amigo querido. Esta es la base para tener lo que Ken llama \u00abdinero feliz\u00bb.<\/p>\n<p><strong>2-<\/strong>\u00a0Multiplica tu riqueza:<br \/>\nRompe las barreras percibidas de cu\u00e1nto vales o eres capaz de ganar y crea un estilo de vida en el que siempre tengas m\u00e1s que suficiente para vivir seg\u00fan tus t\u00e9rminos, e incluso para retribuir.<\/p>\n<p><strong>3-<\/strong>\u00a0Aumenta tus habilidades para el dinero:<br \/>\nDescubre c\u00f3mo liberarte de los h\u00e1bitos que minan el dinero, como gastar de m\u00e1s y el impulso de comprar, y logra reemplazarlos con nuevos h\u00e1bitos que ponen dinero en tus bolsillos.<\/p>\n<p><strong>4-<\/strong>\u00a0Gana y ahorra m\u00e1s:<br \/>\nCrea un instinto para ganar y ahorrar en los sitios correctos, y deja que tu cuenta bancaria y tu paz mental crezcan a medida que te acercas cada d\u00eda m\u00e1s a tu independencia financiera total.<\/p>\n<p><strong>5-<\/strong>\u00a0Supera tu ansiedad y miedo al dinero:<br \/>\nLib\u00e9rate del miedo ligado a las deudas, ganancias y gastos, y accede a un estado de riqueza de libre flujo en el que est\u00e9s en completa paz, sabiendo que siempre atraer\u00e1s el dinero y las oportunidades.<\/p>\n<p><strong>6-<\/strong>\u00a0Eleva tu punto de referencia de la felicidad:<br \/>\nCondiciona tu mente para que no solo sienta felicidad por el dinero, sino por la vida como un todo. Obt\u00e9n un nuevo sentido de seguridad y abundancia, sabiendo que se te proporcionar\u00e1 todo lo que quieres y necesitas.<\/p>\n<p><strong>7-<\/strong>\u00a0Aumenta tus ingresos:<br \/>\nObt\u00e9n el valor, la claridad y la confianza para transformar tus ingresos anuales en tus ingresos mensuales, y dise\u00f1a un estilo de vida en el que no tengas que conformarte con lo segundo mejor ni sacrificar unas cosas por otras.<\/p>\n<p><strong>Explora el contenido del Desaf\u00edo Finanzas Inteligentes<\/strong><\/p>\n<p>El programa Finanzas Inteligentes te lleva en un viaje de 21 d\u00edas que aumentar\u00e1 tu CE para el dinero, mejorando as\u00ed tus finanzas y tu vida.<\/p>\n<p>A lo largo de 3 semanas, el Desaf\u00edo te brinda la orientaci\u00f3n diaria de Ken Honda, quien te llevar\u00e1 a trav\u00e9s de una serie de v\u00eddeos diarios de entrenamiento dise\u00f1ados para transformar tu relaci\u00f3n con el dinero.<\/p>\n<p>Al final del programa experimentar\u00e1s cambios permanentes en tu forma de pensar sobre el dinero, as\u00ed como en tu capacidad de ganar, multiplicar, invertir y retribuir dinero. Por \u00faltimo, sabr\u00e1s c\u00f3mo aprovechar el dinero para crear prosperidad inquebrantable y paz mental.<\/p>\n<p><strong>PARTE 1:<\/strong>\u00a0El camino hacia el dinero feliz<\/p>\n<p><strong>PARTE 2:<\/strong>\u00a0Sana tus heridas financieras<\/p>\n<p><strong>PARTE 3:<\/strong>\u00a0Crea una vida nueva con dinero feliz<\/p>\n<\/div>\n","protected":false},"excerpt":{"rendered":"<div class=\"woocommerce-product-details__short-description\">\n<p class=\"elementor-heading-title elementor-size-default\">Transforma tu relaci\u00f3n con el dinero en tan solo 21 d\u00edas y abre las puertas a una vida de riqueza y prosperidad. Al final del programa experimentar\u00e1s cambios permanentes en tu forma de pensar sobre el dinero, as\u00ed como en tu capacidad de ganar, multiplicar, invertir y retribuir dinero.<\/p>\n<\/div>\n<form class=\"cart\" action=\"https:\/\/miscursosvirtuales.com.co\/producto\/finanzas-inteligentes-ken-honda\/\" enctype=\"multipart\/form-data\" method=\"post\">\n<div class=\"quantity\"><\/div>\n<\/form>\n","protected":false},"featured_media":1661,"comment_status":"open","ping_status":"closed","template":"","meta":{"site-sidebar-layout":"default","site-content-layout":"default","ast-global-header-display":"","ast-main-header-display":"","ast-hfb-above-header-display":"","ast-hfb-below-header-display":"","ast-hfb-mobile-header-display":"","site-post-title":"","ast-breadcrumbs-content":"","ast-featured-img":"","footer-sml-layout":"","theme-transparent-header-meta":"default","adv-header-id-meta":"","stick-header-meta":"","header-above-stick-meta":"","header-main-stick-meta":"","header-below-stick-meta":"","_joinchat":[]},"product_brand":[],"product_cat":[23,22,31],"product_tag":[],"class_list":{"0":"post-1660","1":"product","2":"type-product","3":"status-publish","4":"has-post-thumbnail","6":"product_cat-cursos","7":"product_cat-cursos-mindvalley","8":"product_cat-finanzas","9":"desktop-align-left","10":"tablet-align-left","11":"mobile-align-left","13":"first","14":"instock","15":"sale","16":"downloadable","17":"shipping-taxable","18":"purchasable","19":"product-type-simple"},"_links":{"self":[{"href":"https:\/\/quebaratodigital.com\/index.php?rest_route=\/wp\/v2\/product\/1660","targetHints":{"allow":["GET"]}}],"collection":[{"href":"https:\/\/quebaratodigital.com\/index.php?rest_route=\/wp\/v2\/product"}],"about":[{"href":"https:\/\/quebaratodigital.com\/index.php?rest_route=\/wp\/v2\/types\/product"}],"replies":[{"embeddable":true,"href":"https:\/\/quebaratodigital.com\/index.php?rest_route=%2Fwp%2Fv2%2Fcomments&post=1660"}],"wp:featuredmedia":[{"embeddable":true,"href":"https:\/\/quebaratodigital.com\/index.php?rest_route=\/wp\/v2\/media\/1661"}],"wp:attachment":[{"href":"https:\/\/quebaratodigital.com\/index.php?rest_route=%2Fwp%2Fv2%2Fmedia&parent=1660"}],"wp:term":[{"taxonomy":"product_brand","embeddable":true,"href":"https:\/\/quebaratodigital.com\/index.php?rest_route=%2Fwp%2Fv2%2Fproduct_brand&post=1660"},{"taxonomy":"product_cat","embeddable":true,"href":"https:\/\/quebaratodigital.com\/index.php?rest_route=%2Fwp%2Fv2%2Fproduct_cat&post=1660"},{"taxonomy":"product_tag","embeddable":true,"href":"https:\/\/quebaratodigital.com\/index.php?rest_route=%2Fwp%2Fv2%2Fproduct_tag&post=1660"}],"curies":[{"name":"wp","href":"https:\/\/api.w.org\/{rel}","templated":true}]}}