{"id":1662,"date":"2024-10-24T16:53:25","date_gmt":"2024-10-24T16:53:25","guid":{"rendered":"https:\/\/quebaratodigital.com\/?post_type=product&#038;p=1662"},"modified":"2024-10-24T16:53:26","modified_gmt":"2024-10-24T16:53:26","slug":"despertar-de-la-humanidad-neale-donald-walsch-mindvalley","status":"publish","type":"product","link":"https:\/\/quebaratodigital.com\/?product=despertar-de-la-humanidad-neale-donald-walsch-mindvalley","title":{"rendered":"Despertar de la Humanidad \u2013 Neale Donald Walsch  Mindvalley"},"content":{"rendered":"<div class=\"pb-markdown mv-type--titlebold8\">\n<p>\u00bfAlguna vez has sentido el llamado para cumplir un prop\u00f3sito superior?<\/p>\n<\/div>\n<div class=\"pb-markdown mv-type--body mt-4\">\n<p>\u00bfSientes que tu alma desea una conexi\u00f3n m\u00e1s profunda no solo con tu yo evolucionado, sino con todo y todos los que te rodean?<\/p>\n<p>\u00bfSientes que el caos, las ilusiones y las energ\u00edas negativas a tu alrededor te impiden descubrir tu verdadero camino y tu naturaleza?<\/p>\n<p>De acuerdo con el exitoso autor y celebridad espiritual, Neale Donald Walsch, el despertar espiritual es el llamado m\u00e1s grande y gratificante de todo ser humano.<\/p>\n<p>No necesitas ser monje o cham\u00e1n para experimentarlo, ni debes renunciar a tus metas y sue\u00f1os.<\/p>\n<p>Hay un proceso simple y confiable que va hacia donde est\u00e1s y te lleva hacia aquello para lo que naciste: el paradigma del amor incondicional, conexi\u00f3n y contribuci\u00f3n.<\/p>\n<p>El programa Despertar de la Humanidad de Neale, te gu\u00eda en cada paso de este proceso para que finalmente superes el dolor y las pruebas, despiertes tu m\u00e1ximo potencial humano y abraces tu vida como un Ser Altamente Evolucionado.<\/p>\n<p>&nbsp;<\/p>\n<div id=\"\" class=\"w-full lg_w-2\/3 mx-auto mb-7 md_mb-9\">\n<div class=\"pb-markdown mv-type--headline5 text-center\">\n<h3>El camino hacia tu yo altamente evolucionado<\/h3>\n<\/div>\n<\/div>\n<div id=\"\" class=\"w-full lg_w-2\/3 mx-auto\">\n<div class=\"pb-markdown mv-type--body\">\n<p>Para abrazar un estado superior de consciencia espiritual en todos los \u00e1mbitos de la vida\u2026<\/p>\n<p>Para superar la agitaci\u00f3n social, espiritual, ambiental y pol\u00edtica de nuestra \u00e9poca\u2026<\/p>\n<p>&nbsp;<\/p>\n<p><strong>Debes abrazar tu prop\u00f3sito en la vida: convertirte en un ser altamente evolucionado.<\/strong><\/p>\n<p>Ahora podr\u00e1s poner en pr\u00e1ctica un proceso comprobado para despertar a tu yo verdadero.<\/p>\n<p>Neale Donald Walsch ha ayudado a millones de personas a alcanzar su propio despertar espiritual por medio de sus libros y sus ense\u00f1anzas. Adem\u00e1s, perfeccion\u00f3 el \u201cproceso de ascensi\u00f3n\u201d de 16 partes, que cualquiera puede usar para entrar r\u00e1pida y f\u00e1cilmente en el estado de un Ser Altamente Evolucionado.<\/p>\n<p>Para ello deber\u00e1s abrazar y soltar diversas creencias y patrones de pensamiento que definen la experiencia humana.<\/p>\n<p>A veces parecer\u00e1 il\u00f3gico y quiz\u00e1 desaf\u00ede la espiritualidad convencional de la \u201ccultura popular\u201d.<\/p>\n<p>Pero a medida que avanzas en este proceso durante 36 d\u00edas, te encontrar\u00e1s con olas de profundos descubrimientos espirituales que desembocar\u00e1n en un estado asombroso de paz, aceptaci\u00f3n, claridad y fortalecimiento.<\/p>\n<p>&nbsp;<\/p>\n<h3>Explora el contenido de Despertar de la Humanidad<\/h3>\n<p>NEALE DONALD WALSCH es un mensajero espiritual moderno cuyas palabras siguen influyendo el mundo de maneras muy profundas. Desde muy joven se interes\u00f3 por la religi\u00f3n y tuvo una profunda conexi\u00f3n con la espiritualidad. Pas\u00f3 la mayor parte de su vida prosperando en lo profesional y, al mismo tiempo, buscando un significado espiritual antes de comenzar a experimentar sus famosas conversaciones con Dios.<\/p>\n<p>La serie de libros Conversaciones con Dios surgi\u00f3 a ra\u00edz de esos acercamientos. Traducida a 37 idiomas, ha transformado la vida de millones de personas y las ha inspirado a grandes cambios.<\/p>\n<p>19 a\u00f1os despu\u00e9s de la publicaci\u00f3n del tercer libro de Conversaciones con Dios, todos pensaron que ser\u00eda el \u00faltimo de la serie, incluso el propio Neale. Sin embargo, Neale tuvo otra charla familiar (pero inesperada) con Dios, y esta vez tuvo una asombrosa revelaci\u00f3n para el mundo: Despertar de la humanidad, la clave para el pr\u00f3ximo gran salto evolutivo.<\/p>\n<\/div>\n<\/div>\n<\/div>\n","protected":false},"excerpt":{"rendered":"<div class=\"woocommerce-product-details__short-description\">\n<p>El programa Despertar de la Humanidad de Neale, te gu\u00eda en cada paso de este proceso para que finalmente superes el dolor y las pruebas, despiertes tu m\u00e1ximo potencial humano y abraces tu vida como un Ser Altamente Evolucionado.<\/p>\n<\/div>\n<form class=\"cart\" action=\"https:\/\/miscursosvirtuales.com.co\/producto\/despertar-de-la-humanidad-neale-donald-walsch-mindvalley\/\" enctype=\"multipart\/form-data\" method=\"post\">\n<div class=\"quantity\"><\/div>\n<\/form>\n","protected":false},"featured_media":1663,"comment_status":"open","ping_status":"closed","template":"","meta":{"site-sidebar-layout":"default","site-content-layout":"default","ast-global-header-display":"","ast-main-header-display":"","ast-hfb-above-header-display":"","ast-hfb-below-header-display":"","ast-hfb-mobile-header-display":"","site-post-title":"","ast-breadcrumbs-content":"","ast-featured-img":"","footer-sml-layout":"","theme-transparent-header-meta":"default","adv-header-id-meta":"","stick-header-meta":"","header-above-stick-meta":"","header-main-stick-meta":"","header-below-stick-meta":"","_joinchat":[]},"product_brand":[],"product_cat":[23,22,29],"product_tag":[],"class_list":{"0":"post-1662","1":"product","2":"type-product","3":"status-publish","4":"has-post-thumbnail","6":"product_cat-cursos","7":"product_cat-cursos-mindvalley","8":"product_cat-desarrollo-personal","9":"desktop-align-left","10":"tablet-align-left","11":"mobile-align-left","13":"first","14":"instock","15":"sale","16":"downloadable","17":"shipping-taxable","18":"purchasable","19":"product-type-simple"},"_links":{"self":[{"href":"https:\/\/quebaratodigital.com\/index.php?rest_route=\/wp\/v2\/product\/1662","targetHints":{"allow":["GET"]}}],"collection":[{"href":"https:\/\/quebaratodigital.com\/index.php?rest_route=\/wp\/v2\/product"}],"about":[{"href":"https:\/\/quebaratodigital.com\/index.php?rest_route=\/wp\/v2\/types\/product"}],"replies":[{"embeddable":true,"href":"https:\/\/quebaratodigital.com\/index.php?rest_route=%2Fwp%2Fv2%2Fcomments&post=1662"}],"wp:featuredmedia":[{"embeddable":true,"href":"https:\/\/quebaratodigital.com\/index.php?rest_route=\/wp\/v2\/media\/1663"}],"wp:attachment":[{"href":"https:\/\/quebaratodigital.com\/index.php?rest_route=%2Fwp%2Fv2%2Fmedia&parent=1662"}],"wp:term":[{"taxonomy":"product_brand","embeddable":true,"href":"https:\/\/quebaratodigital.com\/index.php?rest_route=%2Fwp%2Fv2%2Fproduct_brand&post=1662"},{"taxonomy":"product_cat","embeddable":true,"href":"https:\/\/quebaratodigital.com\/index.php?rest_route=%2Fwp%2Fv2%2Fproduct_cat&post=1662"},{"taxonomy":"product_tag","embeddable":true,"href":"https:\/\/quebaratodigital.com\/index.php?rest_route=%2Fwp%2Fv2%2Fproduct_tag&post=1662"}],"curies":[{"name":"wp","href":"https:\/\/api.w.org\/{rel}","templated":true}]}}