{"id":1664,"date":"2024-10-24T16:57:30","date_gmt":"2024-10-24T16:57:30","guid":{"rendered":"https:\/\/quebaratodigital.com\/?post_type=product&#038;p=1664"},"modified":"2024-10-24T16:57:31","modified_gmt":"2024-10-24T16:57:31","slug":"dualidad-jeffry-allen","status":"publish","type":"product","link":"https:\/\/quebaratodigital.com\/?product=dualidad-jeffry-allen","title":{"rendered":"Dualidad \u2013 Jeffry Allen"},"content":{"rendered":"<p>Mindvalley presenta el viaje m\u00e1s profundo que existe de trabajo con energ\u00eda\u2026<br \/>\nDescubre c\u00f3mo aprovechar tu energ\u00eda para obtener respuestas, atraer sincron\u00edas, elevar tu vibraci\u00f3n e impactar al mundo<\/p>\n<p>Este programa es para quienes entienden que somos m\u00e1s que nuestro cuerpo f\u00edsico, que tambi\u00e9n tenemos una parte energ\u00e9tica y consciente: una parte que nuestro sistema de educaci\u00f3n no nos ense\u00f1a.<\/p>\n<p>Dualidad te ense\u00f1a a utilizar el lado energ\u00e9tico de tu cuerpo dual para vivir mejor en este mundo. Los resultados mejoran tu salud, potencian tus habilidades espirituales, te ayudan a estar m\u00e1s presente y, por lo tanto, a aumentar tu eficiencia y funcionamiento en este mundo.<\/p>\n<p>Imagina que vives tu vida con un brazo atado y que te desenvuelves en el mundo como si solo tuvieras una mano. Ahora imagina que de pronto, el segundo brazo queda libre. As\u00ed se siente cuando aprendes a usar tu cuerpo energ\u00e9tico, que nuestra sociedad nos ha hecho reprimir por tanto tiempo.<\/p>\n<p>Dondequiera que vayas, siempre est\u00e1s interactuando con un mundo invisible.<\/p>\n<p>Mira a tu alrededor:<\/p>\n<p>Aunque no las puedas ver, est\u00e1s rodeado por ondas de radio que te atraviesan\u2026 ondas de tu celular\u2026 de WiFi\u2026 fuerzas electromagn\u00e9ticas\u2026 y dem\u00e1s.<\/p>\n<p>Sabes que esas ondas invisibles son reales. De otro modo, no podr\u00edas ver la televisi\u00f3n, navegar en internet o escuchar la radio.<\/p>\n<p>Vives en un mundo energ\u00e9tico invisible.<\/p>\n<p>Pero, \u00bfsab\u00edas que\u2026<\/p>\n<p>&nbsp;<\/p>\n<p>\u2026T\u00da tienes un lado visible\u2026 y un lado invisible?<br \/>\nSi eres como la mayor\u00eda de nosotros en el mundo occidental, te identificar\u00e1s m\u00e1s con la fotograf\u00eda de la izquierda. Sin embargo, la de la derecha es muy real tambi\u00e9n.<\/p>\n<p>Es una foto del aura, un campo energ\u00e9tico que se puede capturar con un m\u00e9todo fotogr\u00e1fico llamado fotograf\u00eda Kirlian.<\/p>\n<p>De hecho, todos tenemos un aura, aunque la mayor\u00eda no sabe siquiera que existe. Y esta foto es la evidencia de que posees DOS cuerpos:<\/p>\n<p>El f\u00edsico\u2026 y el energ\u00e9tico. Pero hay un problema:<\/p>\n<p>La mayor\u00eda de las personas IGNORAN su lado energ\u00e9tico<br \/>\nAqu\u00ed, en occidente, nos hemos enfocado por completo en el cuidado de nuestros cuerpos f\u00edsicos. Muchos cuidamos lo que comemos, hacemos ejercicio para estar en forma, nos duchamos y lavamos nuestros dientes para que nuestro cuerpo f\u00edsico funcione lo mejor posible.<\/p>\n<p>Pero mucha gente no le dedica tiempo suficiente al cuidado de su lado energ\u00e9tico. Esto puede suceder porque nuestros lados energ\u00e9ticos son invisibles, como el WiFi y las ondas de radio, as\u00ed que no le prestamos atenci\u00f3n.<\/p>\n<p>Pero, como aprender\u00e1s, es uno de los peores errores que puedes cometer. Simplemente porque\u2026<\/p>\n<p><strong>Todo es energ\u00eda<\/strong><br \/>\nLa mayor\u00eda no se dan cuenta, pero la ciencia ya comprob\u00f3 que todo en este universo est\u00e1 hecho de la misma energ\u00eda,<\/p>\n<p>desde la pantalla que est\u00e1s mirando ahora hasta el oc\u00e9ano y los \u00e1rboles, las estrellas en el cielo y la cama en que duermes. Incluso tu cuerpo, todo est\u00e1 hecho de lo mismo\u2026 \u00a1de energ\u00eda!<\/p>\n<p>Y, en consecuencia, como estamos hechos de energ\u00eda\u2026 transmitimos energ\u00eda.<\/p>\n<p>De hecho, la energ\u00eda est\u00e1 pulsando a trav\u00e9s de tu cuerpo ahora mismo, mientras lees estas palabras: est\u00e1 emergiendo de los meridianos en tu cuerpo (en los que se cimenta la acupuntura), y gira para formar v\u00f3rtices en el centro de tu ser (tus chakras).<\/p>\n<p>A veces, esa energ\u00eda es positiva.<\/p>\n<p>Pero en ocasiones es negativa y autodestructiva, y causa que tu vida tenga vaivenes inesperados. Eso nos lleva a la siguiente parte:<\/p>\n<p>La raz\u00f3n m\u00e1s com\u00fan del fracaso<br \/>\nCuando alguien no tiene \u00e9xito en la vida, cuando luchamos para atraer dinero, mantener una relaci\u00f3n rom\u00e1ntica a largo plazo o vivir la verdadera felicidad, suele ser porque no estamos en sinton\u00eda con nuestro cuerpo energ\u00e9tico.<\/p>\n<p>Por ejemplo, sabemos que m\u00e1s de la mitad de los matrimonios acaban en divorcio.<\/p>\n<p>Sin embargo, al tener un mejor entendimiento de nuestra energ\u00eda, obtenemos beneficios como mejores cualidades rom\u00e1nticas, empat\u00eda, perd\u00f3n\u2026 evitamos sentimientos que deterioran nuestras relaciones como la depresi\u00f3n y la ira\u2026 y, s\u00ed, disfrutamos al m\u00e1ximo de nuestra sexualidad.<\/p>\n<p>Lo mismo sucede con el dinero.<\/p>\n<p>Muchos luchamos para crear los ingresos que queremos, As\u00ed que nos conformamos con trabajos que no nos llenan, o nos preocupamos porque creemos que no merecemos recibir m\u00e1s dinero.<\/p>\n<p>Sin embargo, cuando sintonizas con tu energ\u00eda y despejas cualquier bloqueo y negativo, descubres que puedes disfrutar de una vida que rebose de abundancia, pasi\u00f3n y \u00e9xito.<\/p>\n<p>Tu intuici\u00f3n se elevar\u00e1 hasta el cielo, ser\u00e1s guiado hacia oportunidades rentables y confiar\u00e1s en que siempre tomar\u00e1s la decisi\u00f3n correcta.<\/p>\n<p>El sistema energ\u00e9tico que redefini\u00f3 el concepto de una vida extraordinaria<br \/>\nAl contrario de lo que nos han dicho, vivir una vida plena no significa tener una cuenta bancaria rebosante o un lugar en la alta sociedad o buenas calificaciones en la universidad\u2026<\/p>\n<p>La \u00fanica raz\u00f3n por la que no est\u00e1s viviendo una vida incre\u00edble es porque no has aprendido a ACTIVAR Y APROVECHAR TU LADO ENERG\u00c9TICO.<\/p>\n<p>Eso quiere decir que la \u00fanica raz\u00f3n por la que est\u00e1s estancado es porque est\u00e1s trabajando con energ\u00eda bloqueada y pasiva, y no has aprendido a liberarla a\u00fan.<\/p>\n<p>Pero no tiene por qu\u00e9 seguir siendo as\u00ed\u2026<\/p>\n<p>Puedes tomar un camino diferente, un camino de energ\u00eda y vitalidad, de equilibrio interno y armon\u00eda.<br \/>\nPuedes aprender de inmediato c\u00f3mo abrirte a tu intuici\u00f3n y a tus dones espirituales.<br \/>\nPuedes experimentar una vida guiada de sincron\u00edas y coincidencias valiosas que te lleven a tus sue\u00f1os.<br \/>\nPuedes disfrutar una vida repleta de amor, dicha y diversi\u00f3n.<br \/>\nY, de verdad, puedes manifestar riquezas, salud, a tu alma gemela o lo que tu coraz\u00f3n m\u00e1s anhele.<\/p>\n<h4><strong>Lo que aprender\u00e1s<\/strong><\/h4>\n<p>8 mejoras incre\u00edbles que disfrutar\u00e1s al utilizar los secretos revelados en Dualidad:<\/p>\n<p><strong>Semana 1:<\/strong>\u00a0Presencia personal y aprender a sentir la energ\u00eda<br \/>\nDescubrir\u00e1s como impulsar tu presencia personal al instante para que seas m\u00e1s seguro y te sientas c\u00f3modo y atento en CUALQUIER situaci\u00f3n. A medida que te vuelvas m\u00e1s presente, empezar\u00e1s a sentir m\u00e1s calma y claridad en tu vida \u2026 tengas el tiempo y la energ\u00eda necesaria para hacer de metas realidad. En esta sesi\u00f3n, descubra c\u00f3mo anclar su chakra base en el centro de la Tierra y aprender una t\u00e9cnica de concentraci\u00f3n sencilla pero poderosa, llamada \u201cMirar desde tu interior\u201d. Ambas te ayudar\u00e1n a estar presente al instante en cualquier momento.<\/p>\n<p>Hablamos de los siguientes temas:<br \/>\n\u25cf El poder de la conciencia y la sanaci\u00f3n energ\u00e9tica<\/p>\n<p>\u25cf La conexi\u00f3n cuerpo-esp\u00edritu para la presencia interna<\/p>\n<p>\u25cf Fortalecer tu conexi\u00f3n y tu presencia interna<\/p>\n<p>\u25cf C\u00f3mo practicar la presencia interna<\/p>\n<p><strong>Semana 2:<\/strong>\u00a0Claridad mental e intuitiva: cultivar una mente equilibrada<br \/>\nAprender\u00e1s c\u00f3mo desbloquear tu energ\u00eda para experimentar mayor creatividad y claridad . Esto quiere decir que \u201cabrir\u00e1s un canal\u201d para las nuevas ideas y oportunidades, y para dejar de aferrarte a tus pensamientos. Tambi\u00e9n experimentamos los primeros pasos para sentir tu energ\u00eda \u2026 silenciar el ruido interno para poder escuchar las se\u00f1ales de tu cuerpo, tus relaciones y tu vida. Esta semana, tambi\u00e9n aprender\u00e1s cuatro herramientas poderosas para impulsar la claridad y la creatividad, y conectar\u00e1s con tu \u201cmente superior\u201d para obtener respuestas r\u00e1pidas, incluso para tus desaf\u00edos m\u00e1s dif\u00edciles.<\/p>\n<p><strong>Hablamos de los siguientes temas:<\/strong><\/p>\n<p>\u25cf Cultivar la intuici\u00f3n y una mente equilibrada<\/p>\n<p>\u25cf Despejar tu mente de distracciones<\/p>\n<p>\u25cf Agudizar tu claridad<\/p>\n<p>\u25cf C\u00f3mo practicar la claridad mental<\/p>\n<p><strong>Semana 3:<\/strong>\u00a0Sanaci\u00f3n corporal: sanar tu cuerpo y canalizar energ\u00eda<br \/>\nAprender\u00e1s c\u00f3mo sanar tu cuerpo de inmediato. Esta sesi\u00f3n es emocionante, pues se trata de conseguir m\u00e1s salud, vitalidad y longevidad . Descubrir\u00e1s 3 t\u00e9cnicas antiguas de sanaci\u00f3n y c\u00f3mo utilizar la energ\u00eda terrestre para eliminar el dolor corporal. Adem\u00e1s, activar\u00e1s los chakras de tus manos para poder sentir la energ\u00eda cuando quieras. Jeffrey tambi\u00e9n te orientar\u00e1 para que te liberes de cualquier dolor innecesario. Te puedes imaginar lo bien que se envi\u00f3 eso.<\/p>\n<p><strong>Hablamos de los siguientes temas:<\/strong><\/p>\n<p>\u25cf \u00bfPor qu\u00e9 luchamos y nos enfermamos?<\/p>\n<p>\u25cf C\u00f3mo energizar y limpiar tu cuerpo<\/p>\n<p>\u25cf C\u00f3mo sanarte con energ\u00eda<\/p>\n<p>\u25cf Perfeccionar tus poderes de sanaci\u00f3n<\/p>\n<p>\u25cf C\u00f3mo poner en pr\u00e1ctica tus herramientas de sanaci\u00f3n<\/p>\n<p><strong>Semana 4:<\/strong>\u00a0L\u00edmites energ\u00e9ticos: entender la empat\u00eda y los l\u00edmites personales sanos<br \/>\nDescubrir\u00e1s c\u00f3mo desarrollar empat\u00eda y crear l\u00edmites energ\u00e9ticos sanos. Eso quiere decir que ser\u00e1s menos susceptible a la energ\u00eda negativa de los dem\u00e1s y tendr\u00e1n m\u00e1s equilibrio. Al utilizar una t\u00e9cnica de sanaci\u00f3n avanzada llamada \u201cRosa del permiso\u201d, optimizar\u00e1s tus niveles de empat\u00eda y evitar\u00e1s abrumarte con el drama ajeno. Tan solo esta sesi\u00f3n ya tiene el poder de transformar tus relaciones.<\/p>\n<p>Hablamos de los siguientes temas:<br \/>\n\u25cf Empat\u00eda: \u00bfpor qu\u00e9 es contagiosa la energ\u00eda?<\/p>\n<p>\u25cf L\u00edmites sanos y tu aura<\/p>\n<p>\u25cf \u00bfQui\u00e9n tiene el control de tu vida ?<\/p>\n<p>\u25cf Convertirte en un ninja de los l\u00edmites sanos<\/p>\n<p>\u25cf C\u00f3mo poner en pr\u00e1ctica los l\u00edmites energ\u00e9ticos sanos<\/p>\n<p>\u25cf C\u00f3mo poner en pr\u00e1ctica tus herramientas de sanaci\u00f3n<\/p>\n<p><strong>Semana 5:<\/strong>\u00a0C\u00f3mo sanar los chakras para la comunicaci\u00f3n y manifestaci\u00f3n<br \/>\nEsta sesi\u00f3n avanzada se trata de limpiar la energ\u00eda de tus chakras. Jeffrey te guiar\u00e1 para crear resonancia y armon\u00eda en tus chakras, lo que te ayudar\u00e1 a liberar amenazas limitantes, resistencias y conflictos. Tambi\u00e9n descubrimos c\u00f3mo despejar bloqueos espec\u00edficos respecto al dinero, para que abras camino a la abundancia. Aprender\u00e1s cuatro t\u00e9cnicas poderosas para mejorar tu vida. Te empoderar\u00e1n para limpiar la energ\u00eda de tus chakras al instante, siempre que lo necesites.<\/p>\n<p>Hablamos de los siguientes temas:<br \/>\n\u25cf \u00bfC\u00f3mo nos estancamos en los viejos patrones? Dualidad<br \/>\n\u25cf Sana los patrones de tus chakras<\/p>\n<p>\u25cf Perfecciona la comunicaci\u00f3n interpersonal<\/p>\n<p>\u25cf Elimina tus bloqueos para manifestar<\/p>\n<p>\u25cf C\u00f3mo alcanzar la maestr\u00eda con los chakras<\/p>\n<p><strong>Semana 6:<\/strong>\u00a0Cambia tus creencias: limpia tus filtros, tu reputaci\u00f3n y tus detonantes<br \/>\nDescubrir\u00e1s c\u00f3mo llevarte mejor con los dem\u00e1s. Aprender\u00e1s los secretos para ver el mundo de forma m\u00e1s clara, con una mente abierta. Esto no solo aumentar\u00e1 tu estabilidad emocional y tu vibraci\u00f3n , sino que dar\u00e1s cuenta de que eres m\u00e1s tolerante con los dem\u00e1s, dar\u00e1s una primera impresi\u00f3n poderosa y positiva, e inspirar\u00e1s a los dem\u00e1s a ayudarte. Con el trabajo avanzado que har\u00e1s en el s\u00e9ptimo nivel de tu aura y la famosa t\u00e9cnica del \u201cSol dorado\u201d, tendr\u00e1s los ejercicios m\u00e1s poderosos que existen para limpiar tu aura.<\/p>\n<p>Hablamos de los siguientes temas:<br \/>\n\u25cf \u00bfQu\u00e9 es la energ\u00eda estancada?<\/p>\n<p>\u25cf \u00bfTus creencias te est\u00e1n ayudando?<\/p>\n<p>\u25cf Elimina creencias no deseadas<\/p>\n<p>\u25cf Truquea tu reputaci\u00f3n<\/p>\n<p>\u25cf C\u00f3mo poner en pr\u00e1ctica las creencias pr\u00e1cticas<\/p>\n<p><strong>Semana 7:<\/strong>\u00a0Utiliza tu intuici\u00f3n: conexi\u00f3n a las sincron\u00edas y la abundancia<br \/>\nAprender\u00e1s los secretos para fluir en sincron\u00eda y tener abundancia. Se trata de c\u00f3mo fluir con tu energ\u00eda para que suceda siempre en el mejor momento. Experimentar\u00e1s el poder del \u201c\u00e9xito sin esfuerzo\u201d, porque cuando dejas de perseguir el \u00e9xito, y te centras en seguir las sincron\u00edas, ver\u00e1s lo f\u00e1cil (y divertido) que es crear la vida de tus sue\u00f1os. Adem\u00e1s, las t\u00e9cnicas avanzadas de esta sesi\u00f3n, como pruebas musculares hasta lecturas de clarividencia, te dar\u00e1n las habilidades que necesitas para crear la vida que siempre has so\u00f1ado.<\/p>\n<p>Hablamos de los siguientes temas:<br \/>\n\u25cf \u00bfQu\u00e9 es la intuici\u00f3n?<\/p>\n<p>\u25cf Mejora tu intuici\u00f3n<\/p>\n<p>\u25cf Crea sincron\u00eda y abundancia<\/p>\n<p>\u25cf C\u00f3mo poner en pr\u00e1ctica tu intuici\u00f3n<\/p>\n<p><strong>Semana 8:<\/strong>\u00a0Expande tu conciencia: conecta con tus gu\u00edas espirituales y tu Yo superior<br \/>\nEn esta poderosa sesi\u00f3n final, te mostraremos c\u00f3mo conectar con tus gu\u00edas espirituales y tu Yo superior. Esto te ayudar\u00e1 a tomar decisiones correctas con rapidez, potenciar tu creatividad, obtener inspiraci\u00f3n y confiar m\u00e1s en ti mismo \u2026 ADEM\u00c1S te sentir\u00e1s m\u00e1s seguro y tendr\u00e1 m\u00e1s amor propio. Todo son beneficios. Tambi\u00e9n descubrimos de primera mano una poderosa verdad: la conexi\u00f3n con tus gu\u00edas espirituales te lleva a tener m\u00e1s amor, dicha, creatividad y abundancia en tu vida.<\/p>\n","protected":false},"excerpt":{"rendered":"<p class=\"txt-white\">Descubre c\u00f3mo aprovechar tu energ\u00eda para obtener respuestas, atraer sincron\u00edas, elevar tu vibraci\u00f3n e impactar al mundo. \u00danete al programa de Jeffrey Allen, el Sanador de Sanadores, y aprende los secretos m\u00e1s efectivos para superar bloqueos r\u00e1pidamente en el d\u00eda a d\u00eda con el trabajo energ\u00e9tico.<\/p>\n","protected":false},"featured_media":1665,"comment_status":"open","ping_status":"closed","template":"","meta":{"site-sidebar-layout":"default","site-content-layout":"default","ast-global-header-display":"","ast-main-header-display":"","ast-hfb-above-header-display":"","ast-hfb-below-header-display":"","ast-hfb-mobile-header-display":"","site-post-title":"","ast-breadcrumbs-content":"","ast-featured-img":"","footer-sml-layout":"","theme-transparent-header-meta":"default","adv-header-id-meta":"","stick-header-meta":"","header-above-stick-meta":"","header-main-stick-meta":"","header-below-stick-meta":"","_joinchat":[]},"product_brand":[],"product_cat":[23,22,29],"product_tag":[],"class_list":{"0":"post-1664","1":"product","2":"type-product","3":"status-publish","4":"has-post-thumbnail","6":"product_cat-cursos","7":"product_cat-cursos-mindvalley","8":"product_cat-desarrollo-personal","9":"desktop-align-left","10":"tablet-align-left","11":"mobile-align-left","13":"first","14":"instock","15":"sale","16":"downloadable","17":"shipping-taxable","18":"purchasable","19":"product-type-simple"},"_links":{"self":[{"href":"https:\/\/quebaratodigital.com\/index.php?rest_route=\/wp\/v2\/product\/1664","targetHints":{"allow":["GET"]}}],"collection":[{"href":"https:\/\/quebaratodigital.com\/index.php?rest_route=\/wp\/v2\/product"}],"about":[{"href":"https:\/\/quebaratodigital.com\/index.php?rest_route=\/wp\/v2\/types\/product"}],"replies":[{"embeddable":true,"href":"https:\/\/quebaratodigital.com\/index.php?rest_route=%2Fwp%2Fv2%2Fcomments&post=1664"}],"wp:featuredmedia":[{"embeddable":true,"href":"https:\/\/quebaratodigital.com\/index.php?rest_route=\/wp\/v2\/media\/1665"}],"wp:attachment":[{"href":"https:\/\/quebaratodigital.com\/index.php?rest_route=%2Fwp%2Fv2%2Fmedia&parent=1664"}],"wp:term":[{"taxonomy":"product_brand","embeddable":true,"href":"https:\/\/quebaratodigital.com\/index.php?rest_route=%2Fwp%2Fv2%2Fproduct_brand&post=1664"},{"taxonomy":"product_cat","embeddable":true,"href":"https:\/\/quebaratodigital.com\/index.php?rest_route=%2Fwp%2Fv2%2Fproduct_cat&post=1664"},{"taxonomy":"product_tag","embeddable":true,"href":"https:\/\/quebaratodigital.com\/index.php?rest_route=%2Fwp%2Fv2%2Fproduct_tag&post=1664"}],"curies":[{"name":"wp","href":"https:\/\/api.w.org\/{rel}","templated":true}]}}