{"id":1674,"date":"2024-10-24T17:25:18","date_gmt":"2024-10-24T17:25:18","guid":{"rendered":"https:\/\/quebaratodigital.com\/?post_type=product&#038;p=1674"},"modified":"2024-10-24T17:25:19","modified_gmt":"2024-10-24T17:25:19","slug":"la-busqueda-de-la-maestria-personal-srikumar-rao-mindvalley","status":"publish","type":"product","link":"https:\/\/quebaratodigital.com\/?product=la-busqueda-de-la-maestria-personal-srikumar-rao-mindvalley","title":{"rendered":"La B\u00fasqueda de la Maestr\u00eda Personal \u2013 Srikumar Rao \u2013 Mindvalley"},"content":{"rendered":"<div class=\"pb-markdown mv-type--titlebold8\">\n<p>Para el buscador apasionado de abundancia, alegr\u00eda, significado, y la fuerza y \u200b\u200bsabidur\u00eda para enfrentar cualquier adversidad:<\/p>\n<\/div>\n<div class=\"pb-markdown mv-type--body mt-4\">\n<p>\u00bfEst\u00e1 de acuerdo en que el estr\u00e9s y la adversidad son partes inevitables de la vida?<\/p>\n<p>Si es as\u00ed, imagina estar tan tranquilo y resistente frente a tu pr\u00f3xima ola de confusi\u00f3n o dificultad \u2026 que te encuentras navegando a trav\u00e9s de ella con facilidad, paz y confianza, donde otros se hundir\u00edan impotentes.<\/p>\n<p>Luego, cuando el cielo se aclare, imag\u00ednese cu\u00e1nto m\u00e1s gratificante ser\u00eda el resto de su viaje \u2026<\/p>\n<p>Si pudieras aprovechar la expresi\u00f3n m\u00e1s completa de tu inteligencia interior, la sabidur\u00eda eterna de los antiguos maestros, e incluso la voluntad del propio Universo, para alcanzar la tierra prometida:<\/p>\n<p><strong>Un lugar donde tus sue\u00f1os m\u00e1s salvajes son ahora tu realidad diaria.<\/strong><\/p>\n<p>Seg\u00fan el profesor Srikumar Rao, uno de los conferencistas de MBA m\u00e1s solicitados del mundo, el escenario anterior es posible para cualquier persona, sin importar cu\u00e1les sean sus desaf\u00edos personales, desencadenantes de estr\u00e9s o aspiraciones.<\/p>\n<p>Y todo comienza adoptando una filosof\u00eda extraordinaria que te permite fluir por la vida, mientras aprovechas los impresionantes poderes dentro de ti y a tu alrededor, para lograr un dominio superlativo de ti mismo y de tu potencial.<\/p>\n<div class=\"w-full lg_w-2\/3 mx-auto mb-7 md_mb-9\">\n<div class=\"pb-markdown mv-type--headline5 text-center\">\n<p>Obtenga la libertad de fluir con la vida y logre una resistencia, abundancia y autodominio extraordinarios<\/p>\n<\/div>\n<\/div>\n<div id=\"\" class=\"w-full lg_w-2\/3 mx-auto\">\n<div class=\"pb-markdown mv-type--body\">\n<p><em>El programa Quest for Personal Mastery<\/em>\u00a0presenta una oportunidad \u00fanica de experimentar el enfoque \u00fanico de Srikumar Rao para el crecimiento personal y la resiliencia, que combina la sabidur\u00eda de los poetas y fil\u00f3sofos antiguos, las verdades universales atemporales y su propia inteligencia infinita e inherente.<\/p>\n<p>A trav\u00e9s de un marco espiritual maravillosamente optimizado, su mente y alma se reacondicionan con las mismas percepciones probadas y la sabidur\u00eda transformadora que Srikumar Rao comparte con los principales directores ejecutivos, ejecutivos y l\u00edderes de opini\u00f3n del mundo en TED Talks y escenarios de conferencias en todo el mundo.<\/p>\n<p>Ya sea que sea un profesional o un emprendedor que busca un mayor logro, o un individuo que busca un gran avance o una soluci\u00f3n a la adversidad, o la fuerza para sobrellevar una transici\u00f3n de vida importante o estresante, todo su enfoque de la vida evolucionar\u00e1 a medida que descubra c\u00f3mo:<\/p>\n<ul>\n<li><strong>Enfrenta situaciones estresantes de frente<\/strong>\u00a0, no con miedo o ansiedad, sino con la seguridad de que lo que est\u00e1s enfrentando es una oportunidad para crecer y aprender \u2026<\/li>\n<li>Accede a\u00a0<strong>una fuerte voz interior<\/strong>\u00a0que te gu\u00eda, te impide ser \u00abv\u00edctima\u00bb de fuerzas que escapan a tu control y te lleva por el camino correcto \u2026<\/li>\n<li><strong>Hazte<\/strong>\u00a0amigo r\u00e1pidamente y\u00a0<strong>\u00fanete<\/strong>\u00a0al\u00a0<strong>Universo<\/strong>\u00a0para co-crear una nueva y emocionante \u00abrealidad\u00bb que se basa en un enfoque de la vida \u00abcentrado en nosotros\u00bb \u2026<\/li>\n<li>Y cultive la determinaci\u00f3n inquebrantable de\u00a0<strong>superar los obst\u00e1culos a<\/strong>\u00a0trav\u00e9s de\u00a0<strong>poderosas t\u00e9cnicas de reestructuraci\u00f3n<\/strong>\u00a0para que pueda darle la vuelta a la \u201ctragedia\u201d, sin importar lo que est\u00e9 sucediendo a su alrededor.<\/li>\n<\/ul>\n<p>En resumen, todos los patrones pasados \u200b\u200bde lucha, incertidumbre, tensi\u00f3n emocional, dudas sobre uno mismo y debilidad se convertir\u00e1n en un recuerdo lejano para usted, ya que con la gu\u00eda de Srikumar Rao, se eleva a los niveles m\u00e1s altos posibles de dominio personal y autoconciencia.<\/p>\n<div id=\"\" class=\"mv-container\">\n<div class=\"pb-markdown mv-type--titlebold4 text-center mb-8 md_mb-12 hidden md_block\">\n<h3><strong>Conoce a tu entrenador<\/strong><\/h3>\n<\/div>\n<\/div>\n<div id=\"\" class=\"mv-section__gutter--small\">\n<section class=\"\">\n<section id=\"173\" class=\"pb-Container about-author\" data-name=\"About Author\">\n<div id=\"\" class=\"mv-container\">\n<div id=\"\" class=\"w-full text-center\">\n<div class=\"pb-markdown mv-type--titlebold5 text-center mb-8 lg_mb-14 lg_w-2\/3 mx-auto\">\n<h3><strong>Profesor Srikumar Rao, creador de The Quest for Personal Mastery<\/strong><\/h3>\n<p>El profesor Srikumar Rao es un orador internacional, autor de bestsellers y uno de los conferencistas de MBA m\u00e1s populares de Estados Unidos.\u00a0Sus cursos se encuentran entre los mejor calificados en muchas de las mejores escuelas de negocios del mundo, incluidas la Universidad de Columbia y The London Business School.<\/p>\n<p>Srikumar Rao consulta regularmente a los principales ejecutivos y emprendedores de la talla de Google, Microsoft, IBM, United Airlines, John &amp; Johnson y muchos m\u00e1s en \u00e1reas como significado, prop\u00f3sito, desempe\u00f1o y liderazgo.<\/p>\n<p>Colaborador habitual de Forbes, Inc.com y CEO.com, sus perspectivas sobre la estrategia empresarial y las dimensiones espirituales del \u00e9xito son muy buscadas en varios canales de medios.<\/p>\n<p>La capacitaci\u00f3n de Srikumar Rao es tan popular que los asistentes deben unirse a una lista de espera de un a\u00f1o solo para ingresar. El programa Quest for Personal Mastery es una parte integral de su objetivo de difundir sus ense\u00f1anzas a una audiencia m\u00e1s amplia, para que m\u00e1s humanidad pueda Benef\u00edciese de sus ideas y marcos transformadores.<\/p>\n<div class=\"mv-container\">\n<div class=\"w-full text-center lg_w-2\/3 mx-auto\">\n<div class=\"pb-markdown mv-type--titlebold4 text-center mb-8 md_mb-12\">\n<h2>Lo que aprender\u00e1s<\/h2>\n<\/div>\n<\/div>\n<\/div>\n<div class=\"mv-container\">\n<div class=\"pb-markdown lg_w-2\/3 mx-auto mv-type--titlebold8 mv-list__number --spacious\">\n<ol>\n<li>Vu\u00e9lvete resistente al estr\u00e9s.\n<p class=\"mv-type--body\">Descubra c\u00f3mo no solo superar el estr\u00e9s debilitante, sino transformarlo en combustible para alcanzar sus objetivos y crear oportunidades \u00fanicas de la nada.<\/p>\n<\/li>\n<li>Reprograme su sistema de creencias.\n<p class=\"mv-type--body\">Descubre cambios mentales de acci\u00f3n r\u00e1pida que te liberan de las creencias, valores y modelos mentales heredados que te retienen silenciosamente.\u00a0Luego, redise\u00f1ar\u00e1 sus creencias para que lo ayuden a lograr sus objetivos y resolver sus desaf\u00edos m\u00e1s r\u00e1pido.<\/p>\n<\/li>\n<li>Desarrolle una mayor positividad.\n<p class=\"mv-type--body\">Acceda a una caja de herramientas de t\u00e9cnicas de atenci\u00f3n plena que lo libera de los patrones de pensamiento negativos y desempoderadores, y reempl\u00e1celos con programaci\u00f3n positiva que lo capacite para crecer continuamente y aprovechar las oportunidades que tiene frente a usted.<\/p>\n<\/li>\n<li>Obtenga una resistencia inquebrantable.\n<p class=\"mv-type--body\">Busca dentro y encuentra la determinaci\u00f3n y la tenacidad para superar los obst\u00e1culos que alguna vez te hayan dejado paralizado.\u00a0Observa c\u00f3mo tus patrones de miedo y dudas se desvanecen en la nada.<\/p>\n<\/li>\n<li>Fomente una mentalidad de crecimiento imparable.\n<p class=\"mv-type--body\">Activa el enfoque y el coraje que necesitas para convertirte en la mejor versi\u00f3n de ti mismo y comienza a alcanzar metas y sue\u00f1os que alguna vez te parecieron imposibles.<\/p>\n<\/li>\n<li>Logre una confianza vertiginosa.\n<p class=\"mv-type--body\">Borre cualquier rastro de duda en su mente y esp\u00edritu, y gane la confianza para resolver cualquier desaf\u00edo y obtener cualquier victoria.\u00a0Incluso si luchaste por creer en ti mismo en el pasado.<\/p>\n<\/li>\n<li>Vu\u00e9lvete profundamente feliz.\n<p class=\"mv-type--body\">Descubre el \u2018secreto\u2019 de la felicidad, dominando un estado mental y estando donde la felicidad es tu emoci\u00f3n predeterminada, incluso cuando las cosas no salen como quieres, e incluso cuando surgen obst\u00e1culos inesperados.<\/p>\n<\/li>\n<\/ol>\n<p>La B\u00fasqueda de la Maestr\u00eda Personal es un programa en l\u00ednea de 45 d\u00edas que despierta su m\u00e1xima capacidad para la paz interior, la resiliencia y el autodominio, mientras lo abre al apoyo y la gu\u00eda del universo mismo.<\/p>\n<p>Con el propio Srikumar Rao como su gu\u00eda, se lo nutrir\u00e1 a trav\u00e9s de un curr\u00edculo maravillosamente optimizado que solo toma de 10 a 15 minutos al d\u00eda.<\/p>\n<p>Cada herramienta, marco mental y t\u00e9cnica que necesita para lograr este esquivo estado de dominio personal est\u00e1n incluidos en el programa.\u00a0Todo lo que necesitas hacer es seguir la gu\u00eda de Srikumar Rao, ya que \u00e9l te abre a verdades e ideas que encender\u00e1n tu m\u00e1ximo potencial humano.<\/p>\n<p><img decoding=\"async\" class=\"aligncenter\" src=\"https:\/\/storyblok-cdn.mindvalley.com\/f\/60579\/1728x900\/6c8da84068\/tqpm_sp_devices_jointheprogram.jpg?trans?quality=30&amp;dpr=1&amp;width=752\" alt=\"The Quest For Personal Mastery en varios dispositivos\" \/><\/p>\n<\/div>\n<\/div>\n<\/div>\n<\/div>\n<\/div>\n<\/section>\n<\/section>\n<\/div>\n<\/div>\n<\/div>\n<\/div>\n","protected":false},"excerpt":{"rendered":"<div class=\"woocommerce-product-details__short-description\">\n<p>Descubra un m\u00e9todo revolucionario para superar cualquier adversidad y lograr niveles de felicidad excepcionales en 45 d\u00edas o menos<\/p>\n<\/div>\n<form class=\"cart\" action=\"https:\/\/miscursosvirtuales.com.co\/producto\/la-busqueda-de-la-maestria-personal-srikumar-rao-mindvalley\/\" enctype=\"multipart\/form-data\" method=\"post\">\n<div class=\"quantity\"><\/div>\n<\/form>\n","protected":false},"featured_media":1675,"comment_status":"open","ping_status":"closed","template":"","meta":{"site-sidebar-layout":"default","site-content-layout":"default","ast-global-header-display":"","ast-main-header-display":"","ast-hfb-above-header-display":"","ast-hfb-below-header-display":"","ast-hfb-mobile-header-display":"","site-post-title":"","ast-breadcrumbs-content":"","ast-featured-img":"","footer-sml-layout":"","theme-transparent-header-meta":"default","adv-header-id-meta":"","stick-header-meta":"","header-above-stick-meta":"","header-main-stick-meta":"","header-below-stick-meta":"","_joinchat":[]},"product_brand":[],"product_cat":[23,22,29],"product_tag":[],"class_list":{"0":"post-1674","1":"product","2":"type-product","3":"status-publish","4":"has-post-thumbnail","6":"product_cat-cursos","7":"product_cat-cursos-mindvalley","8":"product_cat-desarrollo-personal","9":"desktop-align-left","10":"tablet-align-left","11":"mobile-align-left","13":"first","14":"instock","15":"sale","16":"downloadable","17":"shipping-taxable","18":"purchasable","19":"product-type-simple"},"_links":{"self":[{"href":"https:\/\/quebaratodigital.com\/index.php?rest_route=\/wp\/v2\/product\/1674","targetHints":{"allow":["GET"]}}],"collection":[{"href":"https:\/\/quebaratodigital.com\/index.php?rest_route=\/wp\/v2\/product"}],"about":[{"href":"https:\/\/quebaratodigital.com\/index.php?rest_route=\/wp\/v2\/types\/product"}],"replies":[{"embeddable":true,"href":"https:\/\/quebaratodigital.com\/index.php?rest_route=%2Fwp%2Fv2%2Fcomments&post=1674"}],"wp:featuredmedia":[{"embeddable":true,"href":"https:\/\/quebaratodigital.com\/index.php?rest_route=\/wp\/v2\/media\/1675"}],"wp:attachment":[{"href":"https:\/\/quebaratodigital.com\/index.php?rest_route=%2Fwp%2Fv2%2Fmedia&parent=1674"}],"wp:term":[{"taxonomy":"product_brand","embeddable":true,"href":"https:\/\/quebaratodigital.com\/index.php?rest_route=%2Fwp%2Fv2%2Fproduct_brand&post=1674"},{"taxonomy":"product_cat","embeddable":true,"href":"https:\/\/quebaratodigital.com\/index.php?rest_route=%2Fwp%2Fv2%2Fproduct_cat&post=1674"},{"taxonomy":"product_tag","embeddable":true,"href":"https:\/\/quebaratodigital.com\/index.php?rest_route=%2Fwp%2Fv2%2Fproduct_tag&post=1674"}],"curies":[{"name":"wp","href":"https:\/\/api.w.org\/{rel}","templated":true}]}}