{"id":1678,"date":"2024-10-24T17:33:04","date_gmt":"2024-10-24T17:33:04","guid":{"rendered":"https:\/\/quebaratodigital.com\/?post_type=product&#038;p=1678"},"modified":"2024-10-24T17:33:04","modified_gmt":"2024-10-24T17:33:04","slug":"la-vida-integral-ken-wilber-mindvalley","status":"publish","type":"product","link":"https:\/\/quebaratodigital.com\/?product=la-vida-integral-ken-wilber-mindvalley","title":{"rendered":"La Vida integral \u2013 Ken Wilber Mindvalley"},"content":{"rendered":"<h4 style=\"text-align: center;\">Para quienes buscan el despertar espiritual, el dominio de s\u00ed mismos y los niveles m\u00e1s altos de la consciencia humana:<\/h4>\n<p>&nbsp;<\/p>\n<p>Pocos caminos son tan gratificantes como el de la b\u00fasqueda por comprender la consciencia propia y los sistemas que dan forma a la realidad.<\/p>\n<p>Sin embargo, si llevas mucho tiempo en este camino, tambi\u00e9n puede estar lleno de frustraciones.<\/p>\n<p>Por ejemplo, \u00bfc\u00f3mo procesas la inmensidad de ideolog\u00edas y teor\u00edas que tienen perfecto sentido cada una por separado, pero a menudo se contradicen cuando las comparas?<\/p>\n<p>\u00bfC\u00f3mo creas equilibrio y satisfacci\u00f3n en todas las dimensiones de tu ser sin sacrificar una por otra?<\/p>\n<p>Y, \u00bfc\u00f3mo aplicas todo lo que aprendes para minimizar el dolor y el sufrimiento, y crear un impacto real en la manera como te sientes, act\u00faas y te presentas en la vida cotidiana?<\/p>\n<p>Inscr\u00edbete a Vida integral: la unificadora \u201cteor\u00eda de todo\u201d de Ken Wilber, uno de los fil\u00f3sofos y pensadores m\u00e1s grandes de nuestros tiempos.<\/p>\n<p>Desde la d\u00e9cada de 1970, millones de personas han incorporado a su vida la teor\u00eda integral para vivir desde una perspectiva elevada m\u00e1s satisfactoria.<\/p>\n<p>Cuando aplicas esta teor\u00eda, te vuelves m\u00e1s efectivo en todo lo que haces. Obtienes la pr\u00e1ctica espiritual y la perspectiva que siempre has anhelado y, finalmente, obtienes una comprensi\u00f3n profunda de ti mismo y de tu verdadero lugar en el universo.<\/p>\n<p>El programa Vida integral te ofrece una oportunidad para empezar a transformar todas las dimensiones de tu vida gracias a las ense\u00f1anzas de Ken, por medio de un modelo accesible y profundamente gratificante que cualquier persona puede seguir.<\/p>\n<p>El marco definitivo para vivir una vida integral<br \/>\nEl programa Vida Integral te gu\u00eda hacia la aplicaci\u00f3n de una perspectiva integral en los cinco aspectos de tu vida:<\/p>\n<ul>\n<li>Cuerpo<\/li>\n<li>Mente<\/li>\n<li>Esp\u00edritu<\/li>\n<li>Relaciones<\/li>\n<li>Trabajo<\/li>\n<\/ul>\n<p>En lugar de ser otro conjunto de herramientas o t\u00e9cnicas personales para agregar a tu repertorio, Vida Integral te brinda algo mucho m\u00e1s valioso: un \u00abmanual de operaciones\u00bb para pensar, crecer y ser la versi\u00f3n m\u00e1s completa de ti mismo.<\/p>\n<p>Todo el programa te brinda una base s\u00f3lida (Todos los cuadrantes, todos los niveles), que es el marco integral de Ken para la teor\u00eda integral.<\/p>\n<p>A lo largo de este viaje, experimentar\u00e1s niveles elevados de conciencia. Amplificar\u00e1s tus fortalezas, mientras sanas tus debilidades, represiones y obsesiones. Y dise\u00f1ar\u00e1s una pr\u00e1ctica espiritual profundamente personal que honre cada profundidad de tu ser.<\/p>\n<p>Adem\u00e1s, obtendr\u00e1s una plataforma para aplicar las pr\u00e1cticas y los conjuntos de conocimientos que ya resuenan contigo.<\/p>\n<p>Desde la meditaci\u00f3n y la atenci\u00f3n plena hasta el ejercicio, la nutrici\u00f3n, la filosof\u00eda, el rendimiento m\u00e1ximo o cualquier otra disciplina en la que est\u00e9s involucrado actualmente: Vida Integral te gu\u00eda para aplicarlos todos de una manera cohesiva e infinitamente m\u00e1s gratificante en cada dimensi\u00f3n de tu vida.<\/p>\n<h2>Explora el programa de Vida integral<\/h2>\n<p>&nbsp;<\/p>\n<p>Vida integral es un viaje online de 35 d\u00edas que enriquece todas las dimensiones de tu vida, con el enfoque integral del pensamiento y el ser de Ken Wilber.<\/p>\n<p>Por medio de lecciones en v\u00eddeo de breve duraci\u00f3n presentadas por Ken, profundizar\u00e1s en los cambios de modelos y mentalidades que necesitas para expandir tu consciencia y hacer un impacto m\u00e1s grande, mientras incorporas la teor\u00eda integral a tu trabajo, tu vida personal y tus pr\u00e1cticas espirituales.<\/p>\n<p>El programa Vida integral consigue un equilibrio perfecto entre filosof\u00eda y practicidad. A lo largo de cada d\u00eda, vivir\u00e1s momentos eureka que tendr\u00e1n un impacto profundo a nivel espiritual y emocional, as\u00ed como descubrimientos pr\u00e1cticos que mejorar\u00e1n evidentemente tu comportamiento, productividad, claridad mental y tus conexiones con los dem\u00e1s.<\/p>\n<p>Al final del programa, tendr\u00e1s una perspectiva completamente nueva de ti mismo, de tu realidad y de tu lugar en el Universo.<\/p>\n<p>&nbsp;<\/p>\n<p><img fetchpriority=\"high\" decoding=\"async\" class=\"aligncenter\" src=\"https:\/\/storyblok-cdn.mindvalley.com\/f\/60579\/2068x1110\/a20f86f7f1\/til_sp_devices_curriculum_es.png?trans?quality=40&amp;auto=webp&amp;dpr=1&amp;width=752\" alt=\"The Integral Life on multiple devices\" width=\"584\" height=\"314\" \/><\/p>\n","protected":false},"excerpt":{"rendered":"<div class=\"woocommerce-product-details__short-description\">\n<p>El programa Vida integral te ofrece una oportunidad para empezar a transformar todas las dimensiones de tu vida gracias a las ense\u00f1anzas de Ken, por medio de un modelo accesible y profundamente gratificante que cualquier persona puede seguir.<\/p>\n<\/div>\n<form class=\"cart\" action=\"https:\/\/miscursosvirtuales.com.co\/producto\/la-vida-integral-ken-wilber\/\" enctype=\"multipart\/form-data\" method=\"post\">\n<div class=\"quantity\"><\/div>\n<\/form>\n","protected":false},"featured_media":1679,"comment_status":"open","ping_status":"closed","template":"","meta":{"site-sidebar-layout":"default","site-content-layout":"default","ast-global-header-display":"","ast-main-header-display":"","ast-hfb-above-header-display":"","ast-hfb-below-header-display":"","ast-hfb-mobile-header-display":"","site-post-title":"","ast-breadcrumbs-content":"","ast-featured-img":"","footer-sml-layout":"","theme-transparent-header-meta":"default","adv-header-id-meta":"","stick-header-meta":"","header-above-stick-meta":"","header-main-stick-meta":"","header-below-stick-meta":"","_joinchat":[]},"product_brand":[],"product_cat":[23,22,29],"product_tag":[],"class_list":{"0":"post-1678","1":"product","2":"type-product","3":"status-publish","4":"has-post-thumbnail","6":"product_cat-cursos","7":"product_cat-cursos-mindvalley","8":"product_cat-desarrollo-personal","9":"desktop-align-left","10":"tablet-align-left","11":"mobile-align-left","13":"first","14":"instock","15":"sale","16":"downloadable","17":"shipping-taxable","18":"purchasable","19":"product-type-simple"},"_links":{"self":[{"href":"https:\/\/quebaratodigital.com\/index.php?rest_route=\/wp\/v2\/product\/1678","targetHints":{"allow":["GET"]}}],"collection":[{"href":"https:\/\/quebaratodigital.com\/index.php?rest_route=\/wp\/v2\/product"}],"about":[{"href":"https:\/\/quebaratodigital.com\/index.php?rest_route=\/wp\/v2\/types\/product"}],"replies":[{"embeddable":true,"href":"https:\/\/quebaratodigital.com\/index.php?rest_route=%2Fwp%2Fv2%2Fcomments&post=1678"}],"wp:featuredmedia":[{"embeddable":true,"href":"https:\/\/quebaratodigital.com\/index.php?rest_route=\/wp\/v2\/media\/1679"}],"wp:attachment":[{"href":"https:\/\/quebaratodigital.com\/index.php?rest_route=%2Fwp%2Fv2%2Fmedia&parent=1678"}],"wp:term":[{"taxonomy":"product_brand","embeddable":true,"href":"https:\/\/quebaratodigital.com\/index.php?rest_route=%2Fwp%2Fv2%2Fproduct_brand&post=1678"},{"taxonomy":"product_cat","embeddable":true,"href":"https:\/\/quebaratodigital.com\/index.php?rest_route=%2Fwp%2Fv2%2Fproduct_cat&post=1678"},{"taxonomy":"product_tag","embeddable":true,"href":"https:\/\/quebaratodigital.com\/index.php?rest_route=%2Fwp%2Fv2%2Fproduct_tag&post=1678"}],"curies":[{"name":"wp","href":"https:\/\/api.w.org\/{rel}","templated":true}]}}