{"id":1680,"date":"2024-10-24T17:48:16","date_gmt":"2024-10-24T17:48:16","guid":{"rendered":"https:\/\/quebaratodigital.com\/?post_type=product&#038;p=1680"},"modified":"2025-01-10T15:46:35","modified_gmt":"2025-01-10T15:46:35","slug":"enfocate-y-vuelvete-indistraible-nir-eyal-mindavalley","status":"publish","type":"product","link":"https:\/\/quebaratodigital.com\/?product=enfocate-y-vuelvete-indistraible-nir-eyal-mindavalley","title":{"rendered":"Enf\u00f3cate y vu\u00e9lvete indistra\u00edble \u2013 Nir Eyal Mindavalley"},"content":{"rendered":"<div class=\"pb-markdown mv-type--titlebold3\">\n<h1 style=\"text-align: center;\">Vu\u00e9lvete indistra\u00edble: Aprende herramientas para dejar de procrastinar, y aumentar la productividad y la felicidad<\/h1>\n<p>&nbsp;<\/p>\n<\/div>\n<div class=\"pb-markdown mv-type--title5\">\n<h5>Experimenta el proceso de formaci\u00f3n de h\u00e1bitos de Nir Eyal, que te ayudar\u00e1 a tener productividad, concentraci\u00f3n y claridad sobrehumanas en cada \u00e1rea de la vida, adem\u00e1s de la libertad de prosperar en este mundo lleno de distracciones.<\/h5>\n<div class=\"pb-markdown mv-type--titlebold8\">\n<p>\u00bfAlguna vez has sentido que estar \u00abagobiado\u00bb es tu estado permanente?<\/p>\n<\/div>\n<div class=\"pb-markdown mv-type--body mt-4\">\n<p>Tal vez a menudo sientes que tu atenci\u00f3n va en mil direcciones diferentes.<\/p>\n<p>Tal vez tu lista de pendientes crece d\u00eda a d\u00eda.<\/p>\n<p>Y tal vez tus propios h\u00e1bitos, como distraerte f\u00e1cilmente, procrastinar o pasar mucho tiempo en tu tel\u00e9fono inteligente, te distraen de tareas m\u00e1s importantes.<\/p>\n<p>Si algo de esto te suena familiar, recuerda que no solo eres t\u00fa: el planeta entero lidia con una cantidad enorme de informaci\u00f3n y distracciones que exigen su atenci\u00f3n.<\/p>\n<p>(Un estudio reciente post-COVID incluso descubri\u00f3 que un 83% de los norteamericanos se sienten agobiados todos los d\u00edas: una cantidad impactante).<\/p>\n<p>Entonces, \u00bfcu\u00e1l es la clave para sobrevivir, e incluso prosperar, en un mundo que apenas te deja respirar?<\/p>\n<p>Descubre las respuestas en el programa \u00abEnf\u00f3cate y vu\u00e9lvete indistra\u00edble\u00bb con el autor de \u00e9xitos de ventas en formaci\u00f3n de h\u00e1bitos, Nir Eyal.<\/p>\n<p>Al aprovechar el poder de la neurociencia y psicolog\u00eda de vanguardia, Nir te guiar\u00e1 para que tomar las riendas de tu programaci\u00f3n interna y, en el proceso, recuperar tu capacidad de trabajo, desempe\u00f1o y productividad.<\/p>\n<h4>El m\u00e9todo m\u00e1s eficaz del mundo para volverte indistra\u00edble<\/h4>\n<p><em>Enf\u00f3cate y vu\u00e9lvete indistra\u00edble<\/em>\u00a0es un programa en l\u00ednea que te lleva a niveles sobrehumanos de concentraci\u00f3n, claridad y productividad.<\/p>\n<p>Durante 27 d\u00edas, acompa\u00f1ar\u00e1s a Nir Eyal, un experto y pionero en el campo de la formaci\u00f3n de h\u00e1bitos, mientras te ense\u00f1a su m\u00e9todo de cuatro pasos para la indistractibilidad duradera aplicando lo mejor de la neurociencia, la psicolog\u00eda y la tecnolog\u00eda de formaci\u00f3n de h\u00e1bitos.<\/p>\n<p>A medida que las distracciones y los patrones no deseados dejen de controlarte, obtendr\u00e1s el poder para dirigir tu atenci\u00f3n y energ\u00eda hacia lo m\u00e1s importante para ti.<\/p>\n<p>El resultado es un cambio sin precedentes en todos los \u00e1mbitos de tu vida: desde tu rendimiento profesional y tu productividad, hasta tu salud mental y tu bienestar, pasando por tus relaciones y tu vida amorosa.<\/p>\n<h3>Contenidos del Desaf\u00edo<br \/>\nExplora el contenido\u00a0de Enf\u00f3cate y vu\u00e9lvete indistra\u00edble<\/h3>\n<p>Enf\u00f3cate y vu\u00e9lvete indistra\u00edble\u00a0es un programa de 27 d\u00edas que incluye un entrenamiento inmersivo, herramientas de transformaci\u00f3n y coaching con Nir Eyal.<\/p>\n<p>Con solo dedicar de 5 a 15 minutos al d\u00eda, analizar\u00e1s profundamente tus creencias subconscientes, tus h\u00e1bitos y rutinas diarias y todas las \u00e1reas de tu vida que influyen en tu capacidad para concentrarte y rendir al m\u00e1ximo.<\/p>\n<p>Descubrir\u00e1s patrones y puntos ciegos que no sab\u00edas que ten\u00edas. Obtendr\u00e1s poderosas estrategias para lidiar con las distracciones de tu interior y del mundo que te rodea.<\/p>\n<p>Y, lo m\u00e1s importante, ser\u00e1s libre de elegir una vida mucho m\u00e1s productiva, satisfactoria y tranquila.<\/p>\n<p><strong>PARTE 1<\/strong><\/p>\n<p>Domina tus detonantes internos<\/p>\n<p><strong>PARTE 2<\/strong><\/p>\n<p>Haz tiempo para la tracci\u00f3n<\/p>\n<p><strong>PARTE 3<\/strong><\/p>\n<p>Combate los detonantes externos<\/p>\n<p><strong>PARTE 4<\/strong><\/p>\n<p>Evita la distracci\u00f3n con pactos<\/p>\n<p><strong>PARTE 5<\/strong><\/p>\n<p>Crea un espacio de trabajo indistra\u00edble<\/p>\n<p><strong>PARTE 6<\/strong><\/p>\n<p>Cr\u00eda hijos indistra\u00edbles<\/p>\n<p><strong>PARTE 7<\/strong><\/p>\n<p>C\u00f3mo tener relaciones sin distracciones<\/p>\n<p>Nir Eyal es un autor y orador de \u00e9xito internacional, y uno de los mayores expertos del mundo en el campo de la concentraci\u00f3n y la formaci\u00f3n de h\u00e1bitos.<\/p>\n<p>Su viaje hacia la formaci\u00f3n de h\u00e1bitos comenz\u00f3 en el peor momento de su vida, cuando era cl\u00ednicamente obeso y luchaba por enfocarse en sus objetivos.<\/p>\n<p>Lo que empez\u00f3 como una misi\u00f3n personal se convirti\u00f3 en una serie de libros \u00e9xitos de ventas y en impresionantes investigaciones pioneras sobre el comportamiento humano, respaldadas por estudios revisados por pares en docenas de revistas acad\u00e9micas.<\/p>\n<p>El trabajo de Nir ha recibido una amplia cobertura en medios como\u00a0Time, The Harvard Business Review, Inc., Psychology Today, entre otras.<\/p>\n<p>Tambi\u00e9n ha sido llamado \u00abEl profeta de la tecnolog\u00eda de formaci\u00f3n de h\u00e1bitos\u00bb por\u00a0The M.I.T. Technology Review, en honor a que es cofundador de varias empresas en este sector, y por su extenso trabajo ayudando a las empresas a crear productos de formaci\u00f3n de h\u00e1bitos.<\/p>\n<p>Basado en su exitoso libro,\u00a0Enf\u00f3cate y vu\u00e9lvete indistra\u00edble\u00a0es la primera colaboraci\u00f3n de Nir con Mindvalley, y su objetivo es equipar a la humanidad con las herramientas y los cambios de mentalidad necesarios para prosperar en un mundo cada vez m\u00e1s disperso y ca\u00f3tico.<\/p>\n<div id=\"\" class=\"mv-container\">\n<div class=\"pb-markdown mv-type--titlebold5 text-center mb-8 md_mb-12 lg_mb-16 lg_w-2\/3 mx-auto\">\n<p><img decoding=\"async\" class=\"aligncenter\" src=\"https:\/\/storyblok-cdn.mindvalley.com\/f\/60579\/2068x1110\/efb80eedd9\/bfi_sp_devices_curriculum_es.png?trans?quality=40&amp;auto=webp&amp;dpr=0.800000011920929&amp;width=800\" alt=\"Becoming Focused and Indistractable on multiple devices\" \/><\/p>\n<\/div>\n<\/div>\n<\/div>\n<\/div>\n","protected":false},"excerpt":{"rendered":"<div class=\"woocommerce-product-details__short-description\">\n<p>Experimenta el proceso de formaci\u00f3n de h\u00e1bitos de Nir Eyal, que te ayudar\u00e1 a tener productividad, concentraci\u00f3n y claridad sobrehumanas en cada \u00e1rea de la vida, adem\u00e1s de la libertad de prosperar en este mundo lleno de distracciones.<\/p>\n<\/div>\n<form class=\"cart\" action=\"https:\/\/miscursosvirtuales.com.co\/producto\/enfocate-y-vuelvete-indistraible-nir-eyal-mindavalley\/\" enctype=\"multipart\/form-data\" method=\"post\">\n<div class=\"quantity\"><\/div>\n<\/form>\n","protected":false},"featured_media":1681,"comment_status":"open","ping_status":"closed","template":"","meta":{"site-sidebar-layout":"default","site-content-layout":"default","ast-global-header-display":"","ast-main-header-display":"","ast-hfb-above-header-display":"","ast-hfb-below-header-display":"","ast-hfb-mobile-header-display":"","site-post-title":"","ast-breadcrumbs-content":"","ast-featured-img":"","footer-sml-layout":"","theme-transparent-header-meta":"default","adv-header-id-meta":"","stick-header-meta":"","header-above-stick-meta":"","header-main-stick-meta":"","header-below-stick-meta":"","_joinchat":[]},"product_brand":[],"product_cat":[23,22,29,32],"product_tag":[],"class_list":{"0":"post-1680","1":"product","2":"type-product","3":"status-publish","4":"has-post-thumbnail","6":"product_cat-cursos","7":"product_cat-cursos-mindvalley","8":"product_cat-desarrollo-personal","9":"product_cat-productividad","10":"desktop-align-left","11":"tablet-align-left","12":"mobile-align-left","14":"first","15":"instock","16":"sale","17":"downloadable","18":"shipping-taxable","19":"purchasable","20":"product-type-simple"},"_links":{"self":[{"href":"https:\/\/quebaratodigital.com\/index.php?rest_route=\/wp\/v2\/product\/1680","targetHints":{"allow":["GET"]}}],"collection":[{"href":"https:\/\/quebaratodigital.com\/index.php?rest_route=\/wp\/v2\/product"}],"about":[{"href":"https:\/\/quebaratodigital.com\/index.php?rest_route=\/wp\/v2\/types\/product"}],"replies":[{"embeddable":true,"href":"https:\/\/quebaratodigital.com\/index.php?rest_route=%2Fwp%2Fv2%2Fcomments&post=1680"}],"wp:featuredmedia":[{"embeddable":true,"href":"https:\/\/quebaratodigital.com\/index.php?rest_route=\/wp\/v2\/media\/1681"}],"wp:attachment":[{"href":"https:\/\/quebaratodigital.com\/index.php?rest_route=%2Fwp%2Fv2%2Fmedia&parent=1680"}],"wp:term":[{"taxonomy":"product_brand","embeddable":true,"href":"https:\/\/quebaratodigital.com\/index.php?rest_route=%2Fwp%2Fv2%2Fproduct_brand&post=1680"},{"taxonomy":"product_cat","embeddable":true,"href":"https:\/\/quebaratodigital.com\/index.php?rest_route=%2Fwp%2Fv2%2Fproduct_cat&post=1680"},{"taxonomy":"product_tag","embeddable":true,"href":"https:\/\/quebaratodigital.com\/index.php?rest_route=%2Fwp%2Fv2%2Fproduct_tag&post=1680"}],"curies":[{"name":"wp","href":"https:\/\/api.w.org\/{rel}","templated":true}]}}