{"id":1682,"date":"2024-10-24T17:52:22","date_gmt":"2024-10-24T17:52:22","guid":{"rendered":"https:\/\/quebaratodigital.com\/?post_type=product&#038;p=1682"},"modified":"2024-10-24T17:52:23","modified_gmt":"2024-10-24T17:52:23","slug":"energias-del-amor-donna-eden-david-feinstein-mindvalley","status":"publish","type":"product","link":"https:\/\/quebaratodigital.com\/?product=energias-del-amor-donna-eden-david-feinstein-mindvalley","title":{"rendered":"Energ\u00edas del Amor \u2013 Donna Eden &#038; David Feinstein Mindvalley"},"content":{"rendered":"<div class=\"pb-markdown mv-type--titlebold8\">\n<p>Una invitaci\u00f3n abierta para quien busca alcanzar una intimidad m\u00e1s profunda o sanar su relaci\u00f3n amorosa:<\/p>\n<\/div>\n<div class=\"pb-markdown mv-type--body mt-4\">\n<p>\u00bfAlguna vez te has preguntado en secreto si tu pareja es realmente la persona adecuada para ti?<\/p>\n<p>Por ejemplo, cuando tienen una discusi\u00f3n dolorosa\u2026<\/p>\n<p>O cuando te molesta algo que hace todo el tiempo\u2026<\/p>\n<p>O cuando dejas de sentir esa pasi\u00f3n y la conexi\u00f3n intensa que sent\u00edas al inicio de tu relaci\u00f3n.<\/p>\n<p>Si esto te suena familiar \u2014y en especial si hablar, negociar o incluso la terapia de parejas no te ha dado una soluci\u00f3n permanente\u2014, debes saber que una cosa es segura:<\/p>\n<p><strong>Hay una brecha energ\u00e9tica invisible entre tu pareja y t\u00fa.<\/strong><\/p>\n<p>M\u00e1s que cualquier otra cosa, esto es por lo que tantas parejas se conforman con una relaci\u00f3n que solo \u00abest\u00e1 bien\u00bb, en lugar de buscar una relaci\u00f3n incre\u00edble. O, peor a\u00fan, una que se convierte en una serie de peleas recurrentes (muchas veces por cosas de las que ni siquiera se acuerdan), y que al final se convierten en rupturas.<\/p>\n<p>Sin embargo \u2014como est\u00e1s a punto de descubrir\u2014 cuando sabes conectar con tu pareja a nivel energ\u00e9tico, tu relaci\u00f3n se mejora r\u00e1pida, profunda y autom\u00e1ticamente: incluso en situaciones en las que parece que las palabras y las acciones ya no funcionan.<\/p>\n<p>&nbsp;<\/p>\n<div class=\"w-full lg_w-2\/3 mx-auto mb-7 md_mb-9\">\n<div class=\"pb-markdown mv-type--headline5 text-center\">\n<h3 style=\"text-align: center;\">La respuesta energ\u00e9tica para tener la relaci\u00f3n amorosa m\u00e1s profunda y enriquecedora de tu vida<\/h3>\n<p>&nbsp;<\/p>\n<\/div>\n<\/div>\n<div id=\"\" class=\"w-full lg_w-2\/3 mx-auto\">\n<div class=\"pb-markdown mv-type--body\">\n<p>El Desaf\u00edo Energ\u00edas del amor es una inmersi\u00f3n profunda que te abrir\u00e1 los ojos y el coraz\u00f3n para que entiendas la verdadera naturaleza energ\u00e9tica tanto tuya como de tu pareja.<\/p>\n<p>En este Desaf\u00edo tendr\u00e1s la gu\u00eda de los prestigiosos sanadores energ\u00e9ticos Donna Eden y David Feinstein, y descubrir\u00e1s c\u00f3mo aprovechar el reino energ\u00e9tico para tener una intimidad, amor y conexi\u00f3n extraordinarios en tu relaci\u00f3n actual, o incluso para sentar las bases de una nueva.<\/p>\n<p>La clave de este programa est\u00e1 en una serie de herramientas y t\u00e9cnicas energ\u00e9ticas que los ayudar\u00e1 a descubrir qui\u00e9nes son realmente. Les ofrece un marco de conexi\u00f3n y comunicaci\u00f3n que les permitir\u00e1:<\/p>\n<ul>\n<li>Entenderse profundamente\u2026<\/li>\n<li>Sentirse escuchados, respetados y apreciados\u2026<\/li>\n<li>Interpretar y trabajar los patrones energ\u00e9ticos \u00fanicos de cada uno\u2026<\/li>\n<li>Y resolver cualquier conflicto mientras regresan a un estado de sublime armon\u00eda energ\u00e9tica uno con el otro.<\/li>\n<li><\/li>\n<\/ul>\n<div class=\"mv-container\">\n<div class=\"w-full text-center lg_w-2\/3 mx-auto\">\n<div class=\"pb-markdown mv-type--titlebold4 text-center mb-8 md_mb-12\">\n<h2>Lo que aprender\u00e1s<\/h2>\n<\/div>\n<\/div>\n<\/div>\n<div class=\"mv-container\">\n<div class=\"pb-markdown lg_w-2\/3 mx-auto mv-type--titlebold8 mv-list__number --spacious\">\n<ol>\n<li>Fortalece tu relaci\u00f3n\n<p class=\"mv-type--body\">Descubre c\u00f3mo armonizar tus energ\u00edas \u00fanicas con las de tu pareja y dale a tu relaci\u00f3n una vida de gran amor, conexi\u00f3n y alegr\u00eda.<\/p>\n<\/li>\n<li>Logra una conexi\u00f3n m\u00e1s profunda con tu pareja\n<p class=\"mv-type--body\">Aprende sencillas herramientas y pr\u00e1cticas que te permitir\u00e1n conectar con tu pareja en un nivel puramente energ\u00e9tico, en el que no necesitar\u00e1n palabras, y en el que se ver\u00e1n y entender\u00e1n uno al otro por lo que realmente son.<\/p>\n<\/li>\n<li>Redescubre tu felicidad\n<p class=\"mv-type--body\">Explora tus energ\u00edas y las de tu pareja y recupera la felicidad para la que naci\u00f3 tu alma, tanto en la relaci\u00f3n con tu pareja como con tu relaci\u00f3n contigo mismo.<\/p>\n<\/li>\n<li>Conecta mejor con los dem\u00e1s\n<p class=\"mv-type--body\">Usa tus nuevas herramientas energ\u00e9ticas para conectar profundamente y empatizar no solo con tu pareja, sino tambi\u00e9n con tus amigos, familiares, compa\u00f1eros de trabajo e incluso con extra\u00f1os.<\/p>\n<\/li>\n<li>Amplifica tu inteligencia emocional\n<p class=\"mv-type--body\">Aprende a interpretar con exactitud tus propias emociones y las de los dem\u00e1s. Ser\u00e1s capaz de \u00ableer la habitaci\u00f3n\u00bb mejor, tanto en momentos de interacci\u00f3n como de autorreflexi\u00f3n.<\/p>\n<\/li>\n<li>Con\u00f3cete a ti mismo\n<p class=\"mv-type--body\">Explora tu plano energ\u00e9tico y obt\u00e9n una comprensi\u00f3n reveladora de tu destino y tu prop\u00f3sito. Descubre por qu\u00e9 eres como eres para que puedas expresarte con autenticidad y vivir alineado con tu verdadero ser.<\/p>\n<\/li>\n<li>Resuelve conflictos y malentendidos\n<p class=\"mv-type--body\">Aprende a resolver los conflictos en un nivel energ\u00e9tico, en lugar de a trav\u00e9s de palabras y acciones. Descubrir\u00e1s que, a menudo, la mejor soluci\u00f3n es sentir al otro, en lugar de debatir o negociar.<\/p>\n<\/li>\n<li>Descubre la verdadera intimidad\n<p class=\"mv-type--body\">Si crees que conoces a tu pareja, espera a dominar la intimidad a nivel energ\u00e9tico. Aprende a ver, sentir y comunicarte con tu pareja energ\u00e9ticamente, y si\u00e9ntete m\u00e1s cerca de ella que nunca.<\/p>\n<\/li>\n<\/ol>\n<h3><strong>Contenidos del Desaf\u00edo<\/strong><\/h3>\n<p><strong>PARTE 1:\u00a0<\/strong>\u00a0Las energ\u00edas invisibles en tu relaci\u00f3n (D\u00eda 1-7)<\/p>\n<p><strong>PARTE 2:<\/strong>\u00a0 Tu estilo sensorial (D\u00eda 8-15)<\/p>\n<p><strong>PARTE 3:\u00a0<\/strong>\u00a0Las 7 habilidades esenciales para el amor (D\u00eda 16-23)<\/p>\n<p><strong>PARTE 4:<\/strong>\u00a0 Di S\u00cd (D\u00eda 24-30)<\/p>\n<p>&nbsp;<\/p>\n<p><img decoding=\"async\" class=\"aligncenter\" src=\"https:\/\/storyblok-cdn.mindvalley.com\/f\/60579\/1728x900\/22188f6c85\/eol_sp_devices_jointheprogram_es.jpg?trans?quality=75&amp;dpr=1&amp;width=752\" alt=\"Energies of Love on various devices\" \/><\/p>\n<\/div>\n<\/div>\n<\/div>\n<\/div>\n<\/div>\n","protected":false},"excerpt":{"rendered":"<div class=\"woocommerce-product-details__short-description\">\n<p>Fortalece y sana tu relaci\u00f3n amorosa armonizando tu patr\u00f3n energ\u00e9tico \u00fanico con el de tu pareja.<\/p>\n<\/div>\n<form class=\"cart\" action=\"https:\/\/miscursosvirtuales.com.co\/producto\/energias-del-amor-donna-eden-david-feinstein\/\" enctype=\"multipart\/form-data\" method=\"post\">\n<div class=\"quantity\"><\/div>\n<\/form>\n","protected":false},"featured_media":1683,"comment_status":"open","ping_status":"closed","template":"","meta":{"site-sidebar-layout":"default","site-content-layout":"default","ast-global-header-display":"","ast-main-header-display":"","ast-hfb-above-header-display":"","ast-hfb-below-header-display":"","ast-hfb-mobile-header-display":"","site-post-title":"","ast-breadcrumbs-content":"","ast-featured-img":"","footer-sml-layout":"","theme-transparent-header-meta":"default","adv-header-id-meta":"","stick-header-meta":"","header-above-stick-meta":"","header-main-stick-meta":"","header-below-stick-meta":"","_joinchat":[]},"product_brand":[],"product_cat":[23,22,29],"product_tag":[],"class_list":{"0":"post-1682","1":"product","2":"type-product","3":"status-publish","4":"has-post-thumbnail","6":"product_cat-cursos","7":"product_cat-cursos-mindvalley","8":"product_cat-desarrollo-personal","9":"desktop-align-left","10":"tablet-align-left","11":"mobile-align-left","13":"first","14":"instock","15":"sale","16":"downloadable","17":"shipping-taxable","18":"purchasable","19":"product-type-simple"},"_links":{"self":[{"href":"https:\/\/quebaratodigital.com\/index.php?rest_route=\/wp\/v2\/product\/1682","targetHints":{"allow":["GET"]}}],"collection":[{"href":"https:\/\/quebaratodigital.com\/index.php?rest_route=\/wp\/v2\/product"}],"about":[{"href":"https:\/\/quebaratodigital.com\/index.php?rest_route=\/wp\/v2\/types\/product"}],"replies":[{"embeddable":true,"href":"https:\/\/quebaratodigital.com\/index.php?rest_route=%2Fwp%2Fv2%2Fcomments&post=1682"}],"wp:featuredmedia":[{"embeddable":true,"href":"https:\/\/quebaratodigital.com\/index.php?rest_route=\/wp\/v2\/media\/1683"}],"wp:attachment":[{"href":"https:\/\/quebaratodigital.com\/index.php?rest_route=%2Fwp%2Fv2%2Fmedia&parent=1682"}],"wp:term":[{"taxonomy":"product_brand","embeddable":true,"href":"https:\/\/quebaratodigital.com\/index.php?rest_route=%2Fwp%2Fv2%2Fproduct_brand&post=1682"},{"taxonomy":"product_cat","embeddable":true,"href":"https:\/\/quebaratodigital.com\/index.php?rest_route=%2Fwp%2Fv2%2Fproduct_cat&post=1682"},{"taxonomy":"product_tag","embeddable":true,"href":"https:\/\/quebaratodigital.com\/index.php?rest_route=%2Fwp%2Fv2%2Fproduct_tag&post=1682"}],"curies":[{"name":"wp","href":"https:\/\/api.w.org\/{rel}","templated":true}]}}