{"id":1684,"date":"2024-10-24T20:31:54","date_gmt":"2024-10-24T20:31:54","guid":{"rendered":"https:\/\/quebaratodigital.com\/?post_type=product&#038;p=1684"},"modified":"2024-10-24T20:31:54","modified_gmt":"2024-10-24T20:31:54","slug":"expresa-e-inspira-lisa-nichols","status":"publish","type":"product","link":"https:\/\/quebaratodigital.com\/?product=expresa-e-inspira-lisa-nichols","title":{"rendered":"Expresa e Inspira \u2013 Lisa Nichols"},"content":{"rendered":"<p>Tanto si quieres expresar una idea con convicci\u00f3n en una junta de trabajo o un evento social, en un seminario o hasta en la calle, tu capacidad de comunicaci\u00f3n es una de las m\u00e1s importantes de tu vida.<\/p>\n<p>\u00bfAlguna vez so\u00f1aste con ser tan bueno hablando en p\u00fablico que tus palabras dejen huella?<\/p>\n<p>\u00bfO comunicar mejor tus ideas y propuestas en juntas de negocios o ventas?<\/p>\n<p>\u00bfO compartir una idea tan bien que se vuelva viral en redes sociales?<\/p>\n<p>Si es as\u00ed, has venido al lugar correcto. De hecho, muchos estudios demuestran que las personas que saben expresarse bien disfrutan de mayores ingresos, m\u00e1s autoestima, familias y relaciones m\u00e1s felices, e incluso mejor salud.<\/p>\n<p>Lo triste es que muchos a\u00fan pensamos que el talento natural de ser comunicadores poderosos solo corresponde a unos cuantos afortunados.<\/p>\n<p>Pero, \u00bfser\u00e1 verdad? \u00bfAcaso todos los conferencistas carism\u00e1ticos, expertos en persuasi\u00f3n, vendedores de alto nivel, comunicadores emp\u00e1ticos y maestros oradores nacen dominando la oratoria?<\/p>\n<p>\u00bfO habr\u00e1n descubierto c\u00f3mo acceder a un poder que todos y cada uno de nosotros ya poseemos?<\/p>\n<p>Presentamos el curso de oratoria m\u00e1s avanzado del mundo<\/p>\n<p><strong>Expresa e inspira<\/strong>\u00a0con\u00a0<strong>Lisa Nichols<\/strong>\u00a0es un programa que te abrir\u00e1 los ojos y despertar\u00e1 el poderoso comunicador que hay en ti.<\/p>\n<p>En solo 5 horas totales de contenido, divididas en 30 d\u00edas (un promedio de 10 minutos al d\u00eda), Lisa te ense\u00f1ar\u00e1 a descubrir y expresar tu verdad con confianza, cautivar a cualquier persona o p\u00fablico con tu carisma natural y canalizar tus emociones m\u00e1s profundas para inspirar, persuadir y motivar a quienes te rodean.<\/p>\n<p>Este programa est\u00e1 dise\u00f1ado seg\u00fan el m\u00e9todo de ense\u00f1anza de los Desaf\u00edos de Mindvalley, con los que aprender es tan divertido y adictivo como un juego de computadora. Solo necesitas invertir 10 minutos al d\u00eda (de media). Con cada lecci\u00f3n aprender\u00e1s un matiz sutil pero poderoso para dominar la oratoria.<\/p>\n<p>A lo largo del Desaf\u00edo ir\u00e1s adquiriendo habilidades cada vez m\u00e1s avanzadas y para el D\u00eda 30, puede que seas uno de los oradores m\u00e1s poderosos de tu empresa.<\/p>\n<p>Incluso si eres una persona nerviosa o introvertida o un principiante total. Aun si crees que la comunicaci\u00f3n no es lo tuyo, d\u00e9jate guiar por Lisa y adquirir\u00e1s la impresionante capacidad de hablar e inspirar.<\/p>\n<p>&nbsp;<\/p>\n<h4><strong>Lisa Nichols hablando de oratoria y comunicaci\u00f3n<\/strong><\/h4>\n<p>&nbsp;<\/p>\n<p>Lisa Nichols es ampliamente considerada como una de las mejores maestras de oratoria en el mundo. Su dominio de la comunicaci\u00f3n y motivaci\u00f3n la pone al nivel de las m\u00e1s grandes leyendas de oradores, como Martin Luther King Jr., John F. Kennedy y Nelson Mandela entre otros.<\/p>\n<p>Algo evidente cuando la invitaron al programa de Oprah Winfrey. Su capacidad para conectar con el p\u00fablico y compartir su historia la llev\u00f3 a ser invitada a programas de todo el mundo y hasta ser coautora del libro \u00abChicken Soup for the African American Soul\u00bb (Caldo de pollo para el alma afroamericana).<\/p>\n<p>Sus apariciones posteriores en programas como The Steve Harvey Show se hicieron virales y alcanzaron m\u00e1s de 100 millones de visualizaciones, gracias a la capacidad de comunicaci\u00f3n de Lisa.<\/p>\n<p>Pero antes de este reconocimiento, su vida estuvo plagada de escasez y dificultades sin igual. En 1994, Lisa era una madre soltera viviendo en el sur de Los \u00c1ngeles que apenas sobreviv\u00eda con la ayuda del gobierno. Con solo USD 11,42 en el banco, no ten\u00eda ni para comprarle pa\u00f1ales a su hijo. Lisa super\u00f3 sola esta situaci\u00f3n y el dolor de su pasado hace que dedique su vida a ayudar a los dem\u00e1s.<\/p>\n<p>Lisa es reconocida por el impacto que tiene en la vida de adolescentes. A trav\u00e9s de la ONG Motivating the Teen Spirit (Motivando el esp\u00edritu adolescente), Lisa ha tocado las vidas de m\u00e1s de 270.000 adolescentes, evitado m\u00e1s de 3.800 suicidios adolescentes, apoyado a 2.500 desertores escolares para que vuelvan a la escuela y ayudado a miles de personas a regresar con sus familias.<\/p>\n<p>Gracias a su trabajo con adolescentes a principios del a\u00f1o 2000 y su aparici\u00f3n en el exitoso documental El Secreto, Lisa comenz\u00f3 a recibir solicitudes para ense\u00f1ar a las personas su extraordinario m\u00e9todo de comunicaci\u00f3n. Esto la llev\u00f3 a dedicar su vida a ense\u00f1ar a los dem\u00e1s, hablando y expres\u00e1ndose en p\u00fablico. Esa misma d\u00e9cada se convirti\u00f3 en la mejor coach de oratoria del mundo. Hoy d\u00eda, Lisa ayuda a 80 millones de personas al a\u00f1o a trav\u00e9s de sus apariciones y su plataforma.<\/p>\n<p>&nbsp;<\/p>\n<div class=\"mv-container\">\n<div class=\"w-full text-center lg_w-2\/3 mx-auto\">\n<div class=\"pb-markdown mv-type--titlebold4 text-center mb-8 md_mb-12\">\n<h2>Lo que aprender\u00e1s<\/h2>\n<p>&nbsp;<\/p>\n<\/div>\n<\/div>\n<\/div>\n<div class=\"mv-container\">\n<div class=\"pb-markdown lg_w-2\/3 mx-auto mv-type--titlebold8 mv-list__number --spacious\">\n<ol>\n<li>Descubre y usa tu voz:\n<p class=\"mv-type--body\">descubre el mensaje \u00fanico y poderoso que naciste para compartir sin miedo con el mundo.<\/p>\n<\/li>\n<li>Perfecciona tu magnetismo natural:\n<p class=\"mv-type--body\">descubre c\u00f3mo ser un comunicador m\u00e1s carism\u00e1tico y convi\u00e9rtete en un l\u00edder natural.<\/p>\n<\/li>\n<li>Desarrolla una confianza inquebrantable:\n<p class=\"mv-type--body\">deja atr\u00e1s el nerviosismo y la ansiedad, y sorprende a cualquiera con tu fresco sentido de confianza y autenticidad.<\/p>\n<\/li>\n<li>Ten un mejor rendimiento en el trabajo y s\u00e9 un colaborador estrella:\n<p class=\"mv-type--body\">obt\u00e9n la confianza que necesitas para compartir tus ideas e impresionar a los dem\u00e1s en cualquier situaci\u00f3n, desde negociaciones con clientes hasta juntas de equipo.<\/p>\n<\/li>\n<li>Fortalece tus relaciones:\n<p class=\"mv-type--body\">canaliza m\u00e1s amor, compasi\u00f3n y empat\u00eda en tus conversaciones con las personas que m\u00e1s te importan.<\/p>\n<\/li>\n<li>Vu\u00e9lvete un motivador experto:\n<p class=\"mv-type--body\">observa c\u00f3mo la gente se enamora de ti mientras compartes historias impulsadas por la emoci\u00f3n que cautivan a tus oyentes de principio a fin. Esta es una gran ventaja si usas redes sociales.<\/p>\n<\/li>\n<li>Cautiva a cualquier p\u00fablico (ya sea de 1 o 1000 personas):\n<p class=\"mv-type--body\">tanto en el escenario como entre amigos, tendr\u00e1s el poder de cautivar a cualquier multitud.<\/p>\n<\/li>\n<li>Ten mayores ganancias y m\u00e1s eventos como orador:\n<p class=\"mv-type--body\">las herramientas que aprender\u00e1s har\u00e1n que recibas m\u00e1s ovaciones y que tengas m\u00e1s demanda como orador.<\/p>\n<\/li>\n<\/ol>\n<p>&nbsp;<\/p>\n<h2 style=\"text-align: center;\">Contenido del Desaf\u00edo<\/h2>\n<p>&nbsp;<\/p>\n<div class=\"pb-markdown mv-type--body lg_w-1\/3\">\n<p>El programa Expresa e inspira te da todo lo que necesitas para convertirte en un orador y comunicador excepcional.<\/p>\n<p>Disfrutar\u00e1s de la amorosa gu\u00eda de Lisa cada d\u00eda del programa, a trav\u00e9s de una serie de principios, herramientas y t\u00e9cnicas cuidadosamente dise\u00f1adas para despertar el poderoso comunicador que hay en ti.<\/p>\n<p>A medida que apliques las lecciones en tus interacciones diarias, te dar\u00e1s cuenta de que tus habilidades de comunicaci\u00f3n crecen enormemente, hasta que en solo 31 d\u00edas, ser\u00e1s capaz de expresar tu verdad de forma poderosa, natural y sin esfuerzo.<\/p>\n<p>Pero ver\u00e1s resultados todos los d\u00edas.<\/p>\n<\/div>\n<\/div>\n<\/div>\n","protected":false},"excerpt":{"rendered":"<div class=\"woocommerce-product-details__short-description\">\n<p class=\"elementor-heading-title elementor-size-default\">C\u00f3mo convertirte en un orador de talla mundial y descubrir tu poder para inspirar e influenciar a los dem\u00e1s.<\/p>\n<\/div>\n","protected":false},"featured_media":1685,"comment_status":"open","ping_status":"closed","template":"","meta":{"site-sidebar-layout":"default","site-content-layout":"default","ast-global-header-display":"","ast-main-header-display":"","ast-hfb-above-header-display":"","ast-hfb-below-header-display":"","ast-hfb-mobile-header-display":"","site-post-title":"","ast-breadcrumbs-content":"","ast-featured-img":"","footer-sml-layout":"","theme-transparent-header-meta":"default","adv-header-id-meta":"","stick-header-meta":"","header-above-stick-meta":"","header-main-stick-meta":"","header-below-stick-meta":"","_joinchat":[]},"product_brand":[],"product_cat":[23,22,29],"product_tag":[],"class_list":{"0":"post-1684","1":"product","2":"type-product","3":"status-publish","4":"has-post-thumbnail","6":"product_cat-cursos","7":"product_cat-cursos-mindvalley","8":"product_cat-desarrollo-personal","9":"desktop-align-left","10":"tablet-align-left","11":"mobile-align-left","13":"first","14":"instock","15":"sale","16":"downloadable","17":"shipping-taxable","18":"purchasable","19":"product-type-simple"},"_links":{"self":[{"href":"https:\/\/quebaratodigital.com\/index.php?rest_route=\/wp\/v2\/product\/1684","targetHints":{"allow":["GET"]}}],"collection":[{"href":"https:\/\/quebaratodigital.com\/index.php?rest_route=\/wp\/v2\/product"}],"about":[{"href":"https:\/\/quebaratodigital.com\/index.php?rest_route=\/wp\/v2\/types\/product"}],"replies":[{"embeddable":true,"href":"https:\/\/quebaratodigital.com\/index.php?rest_route=%2Fwp%2Fv2%2Fcomments&post=1684"}],"wp:featuredmedia":[{"embeddable":true,"href":"https:\/\/quebaratodigital.com\/index.php?rest_route=\/wp\/v2\/media\/1685"}],"wp:attachment":[{"href":"https:\/\/quebaratodigital.com\/index.php?rest_route=%2Fwp%2Fv2%2Fmedia&parent=1684"}],"wp:term":[{"taxonomy":"product_brand","embeddable":true,"href":"https:\/\/quebaratodigital.com\/index.php?rest_route=%2Fwp%2Fv2%2Fproduct_brand&post=1684"},{"taxonomy":"product_cat","embeddable":true,"href":"https:\/\/quebaratodigital.com\/index.php?rest_route=%2Fwp%2Fv2%2Fproduct_cat&post=1684"},{"taxonomy":"product_tag","embeddable":true,"href":"https:\/\/quebaratodigital.com\/index.php?rest_route=%2Fwp%2Fv2%2Fproduct_tag&post=1684"}],"curies":[{"name":"wp","href":"https:\/\/api.w.org\/{rel}","templated":true}]}}