{"id":1686,"date":"2024-10-24T20:34:56","date_gmt":"2024-10-24T20:34:56","guid":{"rendered":"https:\/\/quebaratodigital.com\/?post_type=product&#038;p=1686"},"modified":"2024-10-24T20:34:56","modified_gmt":"2024-10-24T20:34:56","slug":"familias-conscientes-dra-shefali-tsabary","status":"publish","type":"product","link":"https:\/\/quebaratodigital.com\/?product=familias-conscientes-dra-shefali-tsabary","title":{"rendered":"Familias Conscientes \u2013 Dra. Shefali Tsabary"},"content":{"rendered":"<p><strong>A las familias que a\u00fan buscan la \u00abmejor\u00bb manera de nutrir y amar a sus hijos:<\/strong><\/p>\n<p>\u00bfAlguna vez te cuestionas las decisiones que haces como padre o madre?<\/p>\n<p>\u00bfTe preocupa que tu hijo o hija herede las mismas inseguridades y debilidades que t\u00fa?<\/p>\n<p>\u00bfTe has sentido agobiado por la infinidad de opiniones contradictorias sobre lo que hace bueno y efectivo a un padre o madre?<\/p>\n<p>De acuerdo con la psic\u00f3loga cl\u00ednica, Dra. Shefali Tsabary, la verdadera fuente de frustraci\u00f3n e incertidumbre que enfrenta lo padres viene de un malentendido fundamental que se ha perpetuado por generaciones y que es:<\/p>\n<p>El ni\u00f1o o ni\u00f1a con que fuiste bendecido no es el m\u00e1s importante ni en el que debes enfocarte.<\/p>\n<p><strong>M\u00e1s bien es el que llevas dentro.<\/strong><\/p>\n<p>Porque hasta que sanes las heridas de tu ni\u00f1o interior y regreses a un espacio de profundo amor y autoconsciencia, no podr\u00e1s mostrarte como el padre que tu hijo necesita.<\/p>\n<p>De hecho, as\u00ed es precisamente como terminas tatuando todas tus frustraciones y patrones autodestructivos en tu hijo. As\u00ed que en vez de preocuparte por la disciplina, o por qu\u00e9 escuela o clase es mejor para tu hijo\u2026<\/p>\n<p><strong>Lo mejor que puedes hacer por \u00e9l es cuidar a tu ni\u00f1o interior.<\/strong><\/p>\n<p>Esta es la verdad fundamental detr\u00e1s Familias Conscientes: un paradigma revolucionario sobre ser padre o madre, creado por la Dra. Shefali, una de las luminarias en paternidad m\u00e1s galardonadas de la actualidad.<\/p>\n<p>A trav\u00e9s de este programa de Mindvalley descubrir\u00e1s todo lo que necesitas saber sobre paternidad consciente, y c\u00f3mo aprovecharla para superar los retos de padre, mientras honras a tu hijo (y a ti mismo) de la forma m\u00e1s aut\u00e9ntica.<\/p>\n<p>&nbsp;<\/p>\n<h4 style=\"text-align: center;\">Presentando la gu\u00eda definitiva para las Familias Conscientes<\/h4>\n<p>&nbsp;<\/p>\n<p>A trav\u00e9s del programa Familias Conscientes, la Dra. Shefali Tsabary ofrece la primera gu\u00eda paso a paso para evolucionar la relaci\u00f3n entre t\u00fa, tu hijo y tu ni\u00f1o interior.<\/p>\n<p>A trav\u00e9s de una serie de poderosas herramientas y esquemas mentales, descubrir\u00e1s c\u00f3mo enfocarte primero hacia adentro, y despu\u00e9s aprovechar tu autoevoluci\u00f3n para superar tus retos de paternidad con compasi\u00f3n y empat\u00eda en cada etapa del crecimiento de tu hijo o hija.<\/p>\n<p>M\u00e1s espec\u00edficamente, experimentar\u00e1s cinco cambios transformacionales \u00fanicos que te llevar\u00e1n desde donde est\u00e1s, hasta donde puedas apoyar mejor a tu hijo y a ti mismo como un padre o madre consciente.<\/p>\n<p><strong>1- Desde la proyecci\u00f3n:<\/strong>\u00a0Superponer nuestros propios pensamientos y creencias en nuestros hijos. A la pausa: permitiendo al ni\u00f1o expresarse como realmente es.<\/p>\n<p><strong>2- Desde la expectativa:<\/strong>\u00a0Poniendo presi\u00f3n extra, tanto consciente como inconscientemente, en tu hijo. A la participaci\u00f3n emp\u00e1tica: Ver el mundo desde la perspectiva del ni\u00f1o en el momento presente.<\/p>\n<p><strong>3.- Del juicio:<\/strong>\u00a0Etiquetar el comportamiento del ni\u00f1o como \u00abbueno\u00bb o \u00abmalo\u00bb o \u00abpositivo\u00bb o \u00abnegativo\u00bb. A la compasi\u00f3n: Aceptar al ni\u00f1o por quien es, un ser que evoluciona constantemente.<\/p>\n<p><strong>4- De las reacciones:<\/strong>\u00a0Permitir que tus emociones te alcancen y se desencadenen. A los sentimientos: Permitirte observar y experimentar tus emociones por completo.<\/p>\n<p><strong>5- De la correcci\u00f3n:<\/strong>\u00a0Controlar y manipular los comportamientos de tu hijo. A la conexi\u00f3n: Alimentando los lazos profundos y significativos que t\u00fa y tu hijo desean.<\/p>\n<p>&nbsp;<\/p>\n<p><strong>La instructora de Mindvalley<\/strong><\/p>\n<p>&nbsp;<\/p>\n<p><strong>Conoce a la Dra. Shefali Tsabary: Nuestra experta en Familias Conscientes<\/strong><\/p>\n<p>Oprah la llam\u00f3 \u00abrevolucionaria\u00bb y \u00abtransformadora\u00bb. La Dra. Shefali es autora de libros que son \u00e9xito de ventas del New York Times, posee un doctorado en psicolog\u00eda cl\u00ednica de la Universidad de Columbia en Nueva York y es la experta m\u00e1s destacada en el campo de la paternidad consciente.<\/p>\n<p>El inter\u00e9s de la Dra. Shefali por un nuevo paradigma de paternidad surgi\u00f3 de su propia experiencia como madre. El d\u00eda que la Dra. Shefali reaccion\u00f3 irracionalmente ante el berrinche de su hija de 3 a\u00f1os se dio cuenta de que sus frustraciones como madre no ten\u00edan que ver con su hija. M\u00e1s bien se trataba de sus propias necesidades insatisfechas de la ni\u00f1ez, que estaba proyectando inconscientemente en su propia hija.<\/p>\n<p>Darse cuenta de esto la llev\u00f3 a examinar y desafiar la \u00abnaturaleza controladora\u00bb de los modelos tradicionales de la paternidad; los que pronto se descubrir\u00eda, a menudo ejercen una presi\u00f3n excesiva en los ni\u00f1os peque\u00f1os, despoj\u00e1ndolos de su confianza y autonom\u00eda.<\/p>\n<p>Al fusionar la psicolog\u00eda occidental y la filosof\u00eda oriental, la Dra. Shefali adopt\u00f3 un enfoque m\u00e1s consciente de la paternidad que se centra en tratar a nuestros hijos como seres soberanos, crear conexiones reales con ellos y \u2014lo m\u00e1s importante\u2014 despertar nuestra conciencia como familias.<\/p>\n<p>&nbsp;<\/p>\n<h4 style=\"text-align: center;\"><strong>Lo que aprender\u00e1s<\/strong><\/h4>\n<p>&nbsp;<\/p>\n<p><strong>1- Adquiere nuevas habilidades como madre o padre consciente:<\/strong><\/p>\n<p>Descubre las herramientas y enfoques \u00fanicos de las familias conscientes para los escenarios del d\u00eda a d\u00eda. Y evoluciona en un padre que alimenta a trav\u00e9s del amor y la comunicaci\u00f3n aut\u00e9ntica.<\/p>\n<p><strong>2- Ayuda a tu hijo a encontrar su propia voz:<\/strong><\/p>\n<p>Empodera a tu hijo a mejorar sus conexiones, mejorar su confianza y y empat\u00eda para poder construir relaciones significativas y sanas a lo largo de su vida.<\/p>\n<p><strong>3- Crea un ambiente de expresi\u00f3n libre en casa:<\/strong><\/p>\n<p>Desarrolla una comunicaci\u00f3n abierta y honesta donde toda tu familia se pueda expresar con libertad y sin miedo al juicio ni al rechazo.<\/p>\n<p><strong>4- Convi\u00e9rtete en una influencia positiva:<\/strong><\/p>\n<p>Descubre la manera m\u00e1s efectiva de ser un ejemplo positivo para tu hijo, y de crear un ambiente de consistencia, en el que tus palabras y acciones siempre est\u00e9n alineadas.<\/p>\n<p><strong>5- Fortalece tu relaci\u00f3n con tu ni\u00f1o interior:<\/strong><\/p>\n<p>Entiende la esencia de qui\u00e9n eres en realidad e inspira a tu hijo a descubrirse a s\u00ed mismo en el proceso. Este es el fundamento clave de la metodolog\u00eda de la paternidad y maternidad consciente.<\/p>\n<p><strong>6- Maneja conflictos efectivamente:<\/strong><\/p>\n<p>Desarrolla un m\u00e9todo para lidiar los conflictos a cualquier edad, resolver malos entendidos r\u00e1pidamente con amor, y crear un ambiente armonioso de comunicaci\u00f3n.<\/p>\n<p><strong>7- Apoya el crecimiento y aprendizaje de tu hijo:<\/strong><\/p>\n<p>Aprende a motivar e inspirar a tus hijos para que evolucionen hacia su m\u00e1ximo potencial, sin sofocarlos con las amenazas y castigos de la \u00abvieja escuela\u00bb.<\/p>\n<p><strong>8- Mejora tu inteligencia emocional:<\/strong><\/p>\n<p>Ay\u00fadate a ti y a tu hijo a desarrollar una mejor inteligencia emocional, para que ambos os pod\u00e1is entender y conectar uno con el otro en un nivel m\u00e1s profundo y aut\u00e9ntico.<\/p>\n<p>&nbsp;<\/p>\n<h4 style=\"text-align: center;\"><strong>Contenido<\/strong><\/h4>\n<p>&nbsp;<\/p>\n<p>El programa Familias Conscientes es la gu\u00eda definitiva para transformar tu vida y la de tu hijo a trav\u00e9s de la novedosa filosof\u00eda de paternidad de la Dra. Shefali.<\/p>\n<p>En este viaje de 35 d\u00edas, te unir\u00e1s a la Dra. Shefali por solo 20 \u2013 30 minutos al d\u00eda, mientras ella te lleva sistem\u00e1ticamente m\u00e1s all\u00e1 de los mitos e ilusiones del modelo tradicional de paternidad, a la vez que te da las herramientas y gu\u00eda que necesitas para elevar tu nivel de consciencia y alimentar una profunda y significativa conexi\u00f3n con tu hijo.<\/p>\n<p>Ya sea que est\u00e9s criando un beb\u00e9, un ni\u00f1o peque\u00f1o, un adolescente o un adulto joven, o incluso si est\u00e1s esperando o intentado tener un hijo, este programa los empoderar\u00e1 a ambos, a ti y a tu hijo, con despertares tanto espirituales como emocionales extraordinarios que resonar\u00e1n por el resto de sus vidas.<\/p>\n","protected":false},"excerpt":{"rendered":"<div class=\"woocommerce-product-details__short-description\">\n<p class=\"elementor-heading-title elementor-size-default\">Descubre las herramientas transformacionales y las perspectivas que han empoderado a millones de padres a alimentar ni\u00f1os m\u00e1s aut\u00e9nticos, satisfechos y autoconscientes.<\/p>\n<\/div>\n","protected":false},"featured_media":1687,"comment_status":"open","ping_status":"closed","template":"","meta":{"site-sidebar-layout":"default","site-content-layout":"default","ast-global-header-display":"","ast-main-header-display":"","ast-hfb-above-header-display":"","ast-hfb-below-header-display":"","ast-hfb-mobile-header-display":"","site-post-title":"","ast-breadcrumbs-content":"","ast-featured-img":"","footer-sml-layout":"","theme-transparent-header-meta":"default","adv-header-id-meta":"","stick-header-meta":"","header-above-stick-meta":"","header-main-stick-meta":"","header-below-stick-meta":"","_joinchat":[]},"product_brand":[],"product_cat":[23,22,29],"product_tag":[],"class_list":{"0":"post-1686","1":"product","2":"type-product","3":"status-publish","4":"has-post-thumbnail","6":"product_cat-cursos","7":"product_cat-cursos-mindvalley","8":"product_cat-desarrollo-personal","9":"desktop-align-left","10":"tablet-align-left","11":"mobile-align-left","13":"first","14":"instock","15":"sale","16":"downloadable","17":"shipping-taxable","18":"purchasable","19":"product-type-simple"},"_links":{"self":[{"href":"https:\/\/quebaratodigital.com\/index.php?rest_route=\/wp\/v2\/product\/1686","targetHints":{"allow":["GET"]}}],"collection":[{"href":"https:\/\/quebaratodigital.com\/index.php?rest_route=\/wp\/v2\/product"}],"about":[{"href":"https:\/\/quebaratodigital.com\/index.php?rest_route=\/wp\/v2\/types\/product"}],"replies":[{"embeddable":true,"href":"https:\/\/quebaratodigital.com\/index.php?rest_route=%2Fwp%2Fv2%2Fcomments&post=1686"}],"wp:featuredmedia":[{"embeddable":true,"href":"https:\/\/quebaratodigital.com\/index.php?rest_route=\/wp\/v2\/media\/1687"}],"wp:attachment":[{"href":"https:\/\/quebaratodigital.com\/index.php?rest_route=%2Fwp%2Fv2%2Fmedia&parent=1686"}],"wp:term":[{"taxonomy":"product_brand","embeddable":true,"href":"https:\/\/quebaratodigital.com\/index.php?rest_route=%2Fwp%2Fv2%2Fproduct_brand&post=1686"},{"taxonomy":"product_cat","embeddable":true,"href":"https:\/\/quebaratodigital.com\/index.php?rest_route=%2Fwp%2Fv2%2Fproduct_cat&post=1686"},{"taxonomy":"product_tag","embeddable":true,"href":"https:\/\/quebaratodigital.com\/index.php?rest_route=%2Fwp%2Fv2%2Fproduct_tag&post=1686"}],"curies":[{"name":"wp","href":"https:\/\/api.w.org\/{rel}","templated":true}]}}