{"id":1688,"date":"2024-10-24T20:38:50","date_gmt":"2024-10-24T20:38:50","guid":{"rendered":"https:\/\/quebaratodigital.com\/?post_type=product&#038;p=1688"},"modified":"2024-10-24T20:38:50","modified_gmt":"2024-10-24T20:38:50","slug":"super-lectura-jim-kwik-en-espanol","status":"publish","type":"product","link":"https:\/\/quebaratodigital.com\/?product=super-lectura-jim-kwik-en-espanol","title":{"rendered":"S\u00faper Lectura \u2013 Jim Kwik (en espa\u00f1ol)"},"content":{"rendered":"<div id=\"group-1\" class=\"l-page-navi__section js-waypoint _nopaddingbottom\">\n<div class=\"_row fixed-width aside-right\">\n<div class=\"_colwrap _quarters \">\n<div class=\"_col _article \">\n<p><strong>\u00bfHace cuanto\u00a0<em>aprendiste<\/em>\u00a0a leer?<\/strong><\/p>\n<p>Lo m\u00e1s probable es que te est\u00e9s preguntando esto en voz alta en tu cabeza.<\/p>\n<p>Ver\u00e1s, hay una voz interna que surge cada vez que lees\u2026 y es tu voz.<\/p>\n<p>\u00bfPor qu\u00e9 sucede esto?<\/p>\n<p>Es una habilidad que aprendiste\u00a0<strong>a los 6 a\u00f1os.<\/strong><\/p>\n<p>Cuando estabas en la primaria y tu maestro te hac\u00eda leer en voz alta. Vocalizabas las palabras y \u00e9l te indicaba si lo hac\u00edas bien o mal. Eventualmente, te pidi\u00f3 que leyeras en silencio.<\/p>\n<p>Fue entonces cuando interiorizaste esa voz en alto.<\/p>\n<p><strong>Esa tambi\u00e9n fue la \u00faltima vez que aprendiste a leer.<\/strong><\/p>\n<p>El problema es que tu yo de 6 a\u00f1os no aprendi\u00f3 a manejar el exceso de informaci\u00f3n que tenemos hoy.<\/p>\n<p>Justo ahora, tu mente puede procesar solo la informaci\u00f3n que puedes leer. Y puedes leer tan r\u00e1pido como puedes hablar.<\/p>\n<p>Lo que significa que tu tasa de crecimiento es m\u00e1s lenta de lo que deber\u00eda ser.<\/p>\n<p>&nbsp;<\/p>\n<\/div>\n<\/div>\n<\/div>\n<div class=\"_row fixed-width \">\n<div class=\"_colwrap _centered\">\n<div class=\"_col\">\n<h3>La educaci\u00f3n tradicional se ha robado el talento natural de tu cerebro<\/h3>\n<\/div>\n<\/div>\n<\/div>\n<div class=\"_row fixed-width padtopbottom1em\">\n<div class=\"_colwrap _centered\">\n<div class=\"_col\">\n<div class=\"_row fixed-width padbottom1em\">\n<div class=\"_colwrap _phi \">\n<div class=\"_col _aside \"><\/div>\n<div class=\"_col _article \">\n<p>Una vez que tu mente infantil vio la forma tradicional de lectura, se aferr\u00f3 a este m\u00e9todo de aprendizaje.<\/p>\n<p>Durante a\u00f1os, tu mente crey\u00f3 que hay l\u00edmite en tus habilidades\u2026 que puedes ser un alumno \u201cdotado\u201d o no\u2026<\/p>\n<p>Que no puedes cambiar tu C.I., tu velocidad de lectura o tu capacidad de aprender y recordar nueva informaci\u00f3n.<\/p>\n<p>Cuando, en realidad, es el m\u00e9todo de lectura tradicional el que bloque\u00f3 las habilidades innatas de tu mente.<\/p>\n<p><em><strong>Pero, \u00bfy si hubiera forma de acelerar tu lectura y convertir al aprendizaje en tu superpoder?<\/strong><\/em><\/p>\n<p>&nbsp;<\/p>\n<\/div>\n<\/div>\n<\/div>\n<\/div>\n<\/div>\n<\/div>\n<\/div>\n<div class=\"_row fixed-width padbottom1em mobile-padbottom2em\">\n<div class=\"_colwrap _centered\">\n<div class=\"_col\">\n<h3>Desbloqueando las habilidades innatas de tu mente<\/h3>\n<p>&nbsp;<\/p>\n<p>Con toda la informaci\u00f3n disponible ahora, la capacidad de lectura de un ni\u00f1o de 6 a\u00f1os es insuficiente.<\/p>\n<p>Y, si eres un verdadero alumno del crecimiento personal, es probable que sepas\u00a0<strong>lo dif\u00edcil que es obtener y recordar nueva informaci\u00f3n.<\/strong><\/p>\n<p>Los libros apilados en tu escritorio\u2026 junto a tu cama\u2026 en la barra de la cocina\u2026<\/p>\n<p>Todas las lecciones que deseas, y, sin embargo\u2026<\/p>\n<p>No parece haber suficiente tiempo en el d\u00eda para aprenderlo todo.<\/p>\n<p>Si quieres ser capaz de aprender m\u00e1s, procesar informaci\u00f3n m\u00e1s r\u00e1pido, recordar m\u00e1s conocimientos y crecer a una velocidad incre\u00edble, necesitas aumentar tu velocidad de lectura.<\/p>\n<p>Una vez que entras al mundo de la lectura r\u00e1pida,\u00a0<strong>desbloqueas un nivel acelerado de crecimiento personal y el aprendizaje se convierte en tu superpoder.<\/strong><\/p>\n<p>&nbsp;<\/p>\n<h3>Haz que la Superlectura sea tu superpoder<\/h3>\n<p>&nbsp;<\/p>\n<\/div>\n<\/div>\n<\/div>\n<div class=\"_row fixed-width padtopbottom1em\">\n<div class=\"_colwrap _centered\">\n<div class=\"_col\">\n<div class=\"_row fixed-width padbottom1em\">\n<div class=\"_colwrap _phi \">\n<div class=\"_col _article \">\n<p class=\"_nospacingtop\">Esto es lo que pasa cuando desbloqueas tu poder de superlector\u2026<\/p>\n<ul class=\"list-checked ordermenu-listing\">\n<li class=\"list-checked\">La vida se despliega a un ritmo incre\u00edble.\u00a0<strong>Eres capaz de adquirir nuevas habilidades para aumentar tu \u00e9xito en el \u00e1rea que quieras\u2026\u00a0<em>\u00a1en minutos!<\/em><\/strong><\/li>\n<li>\u00bfQuieres tener ventaja en tu vida profesional? Pues al fin podr\u00e1s tomar el curso que compraste.<\/li>\n<li>O quiz\u00e1s buscas la forma de mejorar la intimidad con tu pareja. En ese caso devorar\u00e1s nuevas t\u00e9cnicas para probar cuando termines el Kama Sutra m\u00e1s r\u00e1pido que tu almuerzo.<\/li>\n<li>Tal vez buscas entender a fondo tus finanzas y as\u00ed crear la riqueza que siempre has so\u00f1ado.<\/li>\n<li>Entender\u00e1s f\u00e1cilmente los secretos de la inversi\u00f3n financiera \u2014 \u00a1en una semana o menos!<\/li>\n<\/ul>\n<p>Sin importar lo que quieras aprender,\u00a0<strong>podr\u00e1s consumir conocimiento el doble de r\u00e1pido y aumentar 50% tu tasa de crecimiento personal.<\/strong><\/p>\n<p>Por eso el Desaf\u00edo Superlectura es tan incre\u00edble. F\u00e1cilmente transformar\u00e1s tu aprendizaje en un superpoder, ya que aprovecha herramientas probadas por la ciencia y t\u00e9cnicas del mejor coach para encender el poder natural de tu cerebro.<\/p>\n<\/div>\n<div class=\"_col _aside \"><\/div>\n<\/div>\n<\/div>\n<\/div>\n<\/div>\n<\/div>\n<div class=\"_row fixed-width padtopbottom3em\">\n<div class=\"_colwrap _centered\">\n<div class=\"_col\">\n<h2 class=\"_nomargintop\">\u00bfC\u00f3mo Superlectura duplica tu<br class=\"desktop\" \/>tasa de crecimiento personal?<\/h2>\n<p>&nbsp;<\/p>\n<p class=\"_nospacingtop\"><strong>Cuando tomes el Desaf\u00edo\u00a0<em>Superlectura<\/em>, primero descubrir\u00e1s qu\u00e9 tan r\u00e1pido lees ahora y cu\u00e1nto comprendes con esa velocidad.<\/strong><\/p>\n<p>Por lo general, las t\u00e9cnicas comunes de lectura r\u00e1pida involucran cierto nivel de barrido, para que aparentes leer m\u00e1s r\u00e1pido\u2026<\/p>\n<p>Pero, en realidad, aprendes menos.<\/p>\n<p>Adem\u00e1s, existe un mito generalizado que dice que si lees m\u00e1s, por alguna raz\u00f3n entiendes menos.<\/p>\n<p>La genialidad detr\u00e1s del Desaf\u00edo\u00a0<em>Superlectura<\/em>\u00a0es que acumula t\u00e9cnicas neuroestimulantes y las aplica a la memoria y la lectura r\u00e1pida.<\/p>\n<p>Estos m\u00e9todos ejercitan los hemisferios izquierdo y derecho del cerebro al mismo tiempo.<\/p>\n<p>Cuando esto sucede, se activa una se\u00f1al en tu cerebro que aumenta su capacidad para nuevos est\u00edmulos e informaci\u00f3n.<\/p>\n<p>De modo que tu cerebro busca m\u00e1s informaci\u00f3n y abre nuevos espacios para guardarla.<\/p>\n<p>As\u00ed, el cerebro comienza a consumir nueva informaci\u00f3n a una velocidad incre\u00edble. Entonces, no solo lees m\u00e1s \u2014\u00a0<strong>aprendes, comprendes y recuerdas mejor en menos tiempo.<\/strong><\/p>\n<p>&nbsp;<\/p>\n<p>Solo entonces, el Desaf\u00edo\u00a0<em>Superlectura<\/em>\u00a0te da ejercicios de lectura r\u00e1pida, que son las rutinas mentales que tu nueva y ampliada capacidad de aprendizaje necesita para asegurarse de que tus habilidades mentales sigan expandi\u00e9ndose.<\/p>\n<p>Y gracias a que acudimos al coach cerebral #1 en retenci\u00f3n de memoria, lectura r\u00e1pida y desbloqueo del potencial mental, el Desaf\u00edo\u00a0<em>Superlectura<\/em>\u00a0es la t\u00e9cnica de aprendizaje acelerado m\u00e1s avanzada del planeta.<\/p>\n<p>No solo tu crecimiento se duplica, est\u00e1 garantizado.<\/p>\n<\/div>\n<\/div>\n<\/div>\n","protected":false},"excerpt":{"rendered":"<p>Sigue el m\u00e9todo comprobado del coach mental de Hollywood, Jim Kwik, en su NUEVO Desaf\u00edo Superlectura, para absorber las ense\u00f1anzas al instante y que tengas la ventaja en cualquier \u00e1rea de la vida.<\/p>\n","protected":false},"featured_media":1689,"comment_status":"open","ping_status":"closed","template":"","meta":{"site-sidebar-layout":"default","site-content-layout":"default","ast-global-header-display":"","ast-main-header-display":"","ast-hfb-above-header-display":"","ast-hfb-below-header-display":"","ast-hfb-mobile-header-display":"","site-post-title":"","ast-breadcrumbs-content":"","ast-featured-img":"","footer-sml-layout":"","theme-transparent-header-meta":"default","adv-header-id-meta":"","stick-header-meta":"","header-above-stick-meta":"","header-main-stick-meta":"","header-below-stick-meta":"","_joinchat":[]},"product_brand":[],"product_cat":[23,22],"product_tag":[],"class_list":{"0":"post-1688","1":"product","2":"type-product","3":"status-publish","4":"has-post-thumbnail","6":"product_cat-cursos","7":"product_cat-cursos-mindvalley","8":"desktop-align-left","9":"tablet-align-left","10":"mobile-align-left","12":"first","13":"instock","14":"sale","15":"downloadable","16":"shipping-taxable","17":"purchasable","18":"product-type-simple"},"_links":{"self":[{"href":"https:\/\/quebaratodigital.com\/index.php?rest_route=\/wp\/v2\/product\/1688","targetHints":{"allow":["GET"]}}],"collection":[{"href":"https:\/\/quebaratodigital.com\/index.php?rest_route=\/wp\/v2\/product"}],"about":[{"href":"https:\/\/quebaratodigital.com\/index.php?rest_route=\/wp\/v2\/types\/product"}],"replies":[{"embeddable":true,"href":"https:\/\/quebaratodigital.com\/index.php?rest_route=%2Fwp%2Fv2%2Fcomments&post=1688"}],"wp:featuredmedia":[{"embeddable":true,"href":"https:\/\/quebaratodigital.com\/index.php?rest_route=\/wp\/v2\/media\/1689"}],"wp:attachment":[{"href":"https:\/\/quebaratodigital.com\/index.php?rest_route=%2Fwp%2Fv2%2Fmedia&parent=1688"}],"wp:term":[{"taxonomy":"product_brand","embeddable":true,"href":"https:\/\/quebaratodigital.com\/index.php?rest_route=%2Fwp%2Fv2%2Fproduct_brand&post=1688"},{"taxonomy":"product_cat","embeddable":true,"href":"https:\/\/quebaratodigital.com\/index.php?rest_route=%2Fwp%2Fv2%2Fproduct_cat&post=1688"},{"taxonomy":"product_tag","embeddable":true,"href":"https:\/\/quebaratodigital.com\/index.php?rest_route=%2Fwp%2Fv2%2Fproduct_tag&post=1688"}],"curies":[{"name":"wp","href":"https:\/\/api.w.org\/{rel}","templated":true}]}}