{"id":1692,"date":"2024-10-25T00:58:26","date_gmt":"2024-10-25T00:58:26","guid":{"rendered":"https:\/\/quebaratodigital.com\/?post_type=product&#038;p=1692"},"modified":"2024-10-25T00:58:26","modified_gmt":"2024-10-25T00:58:26","slug":"el-arte-de-la-proyeccion-astral-jade-shaw-mindvalley","status":"publish","type":"product","link":"https:\/\/quebaratodigital.com\/?product=el-arte-de-la-proyeccion-astral-jade-shaw-mindvalley","title":{"rendered":"El Arte de la Proyecci\u00f3n Astral Jade Shaw MindValley"},"content":{"rendered":"<p><em>El arte de la proyecci\u00f3n astral<\/em>\u00a0es un programa en l\u00ednea que te ense\u00f1ar\u00e1 las bases de la proyecci\u00f3n astral, con las que luego podr\u00e1s emprender tus propios viajes astrales.<\/p>\n<p>&nbsp;<\/p>\n<p>Durante 28 d\u00edas seguidos, te unir\u00e1s a Jade Shaw para microlecciones en v\u00eddeos de 15 a 20 minutos, dise\u00f1ados para aumentar gradualmente tu conocimiento y habilidad en la proyecci\u00f3n astral.<\/p>\n<p>Este Desaf\u00edo se divide en cuatro partes diferentes, cada una con su enfoque y sus metas.<\/p>\n<p>Con Jade como tu gu\u00eda, experimentar\u00e1s todas las dimensiones y posibilidades del viaje astral. Aprender\u00e1s c\u00f3mo navegar tanto por los planos astrales como por tu propia mente para tener las mejores experiencias. Tambi\u00e9n descubrir\u00e1s una pr\u00e1ctica que podr\u00e1s usar el resto de tu vida para explorar, crecer y alcanzar tu m\u00e1ximo potencial.<\/p>\n<div id=\"elementor-tab-title-3791\" class=\"elementor-tab-title elementor-active\" tabindex=\"0\" role=\"tab\" data-tab=\"1\" aria-controls=\"elementor-tab-content-3791\" aria-expanded=\"true\" aria-selected=\"true\">PARTE 1 La pista de vuelo \u2013 Prepara tu cuerpo y tu mente<\/div>\n<div id=\"elementor-tab-content-3791\" class=\"elementor-tab-content elementor-clearfix elementor-active\" role=\"tabpanel\" data-tab=\"1\" aria-labelledby=\"elementor-tab-title-3791\">\n<div class=\"pb-markdown mv-type--body mt-4 md_pl-16\" data-v-2c11db6c=\"\">\n<p>Tu aventura comienza al ponerte tus alas y obtener una base s\u00f3lida en el viaje astral. Descubrir\u00e1s lo que en realidad es la proyecci\u00f3n astral (y lo que no es), en qu\u00e9 te beneficia y c\u00f3mo enfrentar los bloqueos que la mayor\u00eda de los principiantes tienen cuando la experimentan.<\/p>\n<p>&nbsp;<\/p>\n<\/div>\n<div class=\"pb-markdown mv-type--body mv-list__primary mt-4 md_pl-16\" data-v-2c11db6c=\"\">\n<p><strong>Algunos puntos importantes son:<\/strong><\/p>\n<ul>\n<li><strong>La verdad poco conocida sobre la proyecci\u00f3n astral:<\/strong>\u00a0qu\u00e9 es la proyecci\u00f3n astral, m\u00e1s all\u00e1 de los mitos, exageraciones y conceptos err\u00f3neos. Lo que aprender\u00e1s aqu\u00ed transformar\u00e1 tu comprensi\u00f3n sobre ella y abrir\u00e1 el camino para experimentarla en su forma m\u00e1s aut\u00e9ntica.<\/li>\n<li><strong>La llave de encendido para el viaje astral:<\/strong>\u00a0descubre la manera m\u00e1s f\u00e1cil para lograr y dominar el estado \u201cmente despierta, cuerpo dormido\u201d (MDCD), el estado \u00f3ptimo para experimentar la proyecci\u00f3n astral.<\/li>\n<li><strong>Desaparece los dos enemigos de la proyecci\u00f3n astral:<\/strong>\u00a0el miedo y las creencias limitantes son las dos razones principales por las que las personas no pueden cruzar el umbral. Descubrir\u00e1s la manera m\u00e1s eficiente para superarlas definitivamente.<\/li>\n<li><strong>Y mucho, mucho m\u00e1s.<\/strong><\/li>\n<\/ul>\n<p>&nbsp;<\/p>\n<\/div>\n<\/div>\n<div id=\"elementor-tab-title-3792\" class=\"elementor-tab-title elementor-active\" tabindex=\"0\" role=\"tab\" data-tab=\"2\" aria-controls=\"elementor-tab-content-3792\" aria-expanded=\"true\" aria-selected=\"true\">PARTE 2 El despegue \u2013 Aprender a volar<\/div>\n<div id=\"elementor-tab-content-3792\" class=\"elementor-tab-content elementor-clearfix elementor-active\" role=\"tabpanel\" data-tab=\"2\" aria-labelledby=\"elementor-tab-title-3792\">\n<div class=\"pb-markdown mv-type--body mt-4 md_pl-16\" data-v-2c11db6c=\"\">\n<p>Una vez que conseguiste tus alas astrales, el siguiente paso es saber c\u00f3mo usarlas. Aqu\u00ed aprender\u00e1s a preparar tu mente, cuerpo y energ\u00eda corporal para el despegue, todo con una serie de t\u00e9cnicas simples que hacen que la proyecci\u00f3n astral sea accesible para todos.<\/p>\n<p>&nbsp;<\/p>\n<\/div>\n<div class=\"pb-markdown mv-type--body mv-list__primary mt-4 md_pl-16\" data-v-2c11db6c=\"\">\n<p><strong>Algunos puntos importantes son:<\/strong><\/p>\n<p>&nbsp;<\/p>\n<ul>\n<li><strong>Abandonar tu cuerpo f\u00edsico de manera segura:<\/strong>\u00a0aprende la forma m\u00e1s eficaz y consistente para conseguir el estado vibracional para desconectar tu consciencia de tu cuerpo (y regresar a \u00e9l sin miedo o dudas).<\/li>\n<li><strong>Mapa de las maravillas del multiverso:<\/strong>\u00a0el viaje astral es mucho m\u00e1s que solo explorar el mundo, sino tambi\u00e9n planetas, universos y dimensiones. Obtendr\u00e1s una gu\u00eda sobre qu\u00e9 esperar y de los lugares incre\u00edbles que puedes visitar sin siquiera levantarte del sof\u00e1 o de la cama.<\/li>\n<li><strong>El m\u00e9todo \u201cdespertar y volver a la cama\u201d para una experiencia extracorp\u00f3rea:<\/strong> esta t\u00e9cnica induce una experiencia extracorp\u00f3rea casi tan f\u00e1cil<\/li>\n<\/ul>\n<p>&nbsp;<\/p>\n<\/div>\n<\/div>\n<div id=\"elementor-tab-title-3793\" class=\"elementor-tab-title elementor-active\" tabindex=\"0\" role=\"tab\" data-tab=\"3\" aria-controls=\"elementor-tab-content-3793\" aria-expanded=\"true\" aria-selected=\"true\">PARTE 3 Comenzar a dominarla \u2013 La pr\u00e1ctica hace al maestro<\/div>\n<div id=\"elementor-tab-content-3793\" class=\"elementor-tab-content elementor-clearfix elementor-active\" role=\"tabpanel\" data-tab=\"3\" aria-labelledby=\"elementor-tab-title-3793\">\n<div class=\"pb-markdown mv-type--body mt-4 md_pl-16\" data-v-2c11db6c=\"\">\n<p>Luego, es hora de ir m\u00e1s all\u00e1 con una serie de t\u00e9cnicas avanzadas que te dar\u00e1n m\u00e1s opciones, m\u00e1s libertad y m\u00e1s soluciones para obst\u00e1culos comunes en el viaje astral. Lo que aprender\u00e1s aqu\u00ed te elevar\u00e1 de principiante a un explorador astral muy competente.<\/p>\n<p>&nbsp;<\/p>\n<\/div>\n<div class=\"pb-markdown mv-type--body mv-list__primary mt-4 md_pl-16\" data-v-2c11db6c=\"\">\n<p><strong>Algunos puntos importantes son:<\/strong><\/p>\n<ul>\n<li><strong>Emprende viajes astrales m\u00e1s largos, profundos y ricos:<\/strong>\u00a0de ganar claridad en tus \u201cojos\u201d astrales a controlar el vuelo y saltar entre realidades. Descubre m\u00e9todos avanzados para mejorar tus habilidades en el viaje astral.<\/li>\n<li><strong>Por qu\u00e9 la par\u00e1lisis del sue\u00f1o es un regalo:<\/strong>\u00a0la mayor\u00eda cree que la par\u00e1lisis del sue\u00f1o es una acci\u00f3n indeseada, pero una vez que sabes c\u00f3mo, puedes usarla como entrada a algunas de tus aventuras astrales m\u00e1s valiosas.<\/li>\n<li><strong>Ir m\u00e1s all\u00e1 a trav\u00e9s de la privaci\u00f3n sensorial:<\/strong>\u00a0descubre c\u00f3mo realizar tu propio experimento Ganzfeld y aprovechar la ciencia de la privaci\u00f3n sensorial para experimentar viajes astrales m\u00e1s v\u00edvidos y transformadores.<\/li>\n<li><strong>Y mucho, mucho m\u00e1s.<\/strong><\/li>\n<\/ul>\n<p>&nbsp;<\/p>\n<\/div>\n<\/div>\n<div id=\"elementor-tab-title-3794\" class=\"elementor-tab-title elementor-active\" tabindex=\"0\" role=\"tab\" data-tab=\"4\" aria-controls=\"elementor-tab-content-3794\" aria-expanded=\"true\" aria-selected=\"true\">PARTE 4 Ascenso y vuelo hacia destinos m\u00e1s elevados<\/div>\n<div id=\"elementor-tab-content-3794\" class=\"elementor-tab-content elementor-clearfix elementor-active\" role=\"tabpanel\" data-tab=\"4\" aria-labelledby=\"elementor-tab-title-3794\">\n<div class=\"pb-markdown mv-type--body mt-4 md_pl-16\" data-v-2c11db6c=\"\">\n<p>El paso final de tu viaje te lleva a los reinos del dominio de la proyecci\u00f3n astral. Aqu\u00ed descubrir\u00e1s los niveles m\u00e1s altos y las funciones del viaje astral, incluyendo viajes para recuperar el alma, reconectar con seres queridos fallecidos y hasta transformar tu relaci\u00f3n con la vida y la muerte.<\/p>\n<p>&nbsp;<\/p>\n<\/div>\n<div class=\"pb-markdown mv-type--body mv-list__primary mt-4 md_pl-16\" data-v-2c11db6c=\"\">\n<p><strong>Algunos puntos importantes son:<\/strong><\/p>\n<ul>\n<li><strong>Encuentros m\u00e1s all\u00e1 de la vida y la muerte:<\/strong>\u00a0aprende c\u00f3mo conectar con esp\u00edritus, entidades, seres queridos y familiares fallecidos en un espacio de amor y seguridad. Ideal para sanar el duelo y encontrar un cierre cuando no puedes superarlo.<\/li>\n<li><strong>Sanar tu alma, aceptar tu sombra:<\/strong>\u00a0sigue estos pasos para emprender viajes que afianzar\u00e1n tu alma y te reconectar\u00e1n con tus verdades m\u00e1s profundas, alumbrar\u00e1n tu prop\u00f3sito verdadero y te permitir\u00e1 aceptar tus sombras en vez de temerles.<\/li>\n<li><strong>El arte de la muerte consciente:<\/strong>\u00a0\u00bftienes ansiedad o incertidumbre por tu propia muerte o la muerte de un ser querido? Descubre c\u00f3mo aprovechar la proyecci\u00f3n astral para obtener una nueva percepci\u00f3n liberadora sobre la muerte, la consciencia eterna y la vida misma.<\/li>\n<li><strong>Y mucho, mucho m\u00e1s.<\/strong><\/li>\n<\/ul>\n<p>&nbsp;<\/p>\n<\/div>\n<\/div>\n<h3 class=\"elementor-heading-title elementor-size-default\">La gu\u00eda definitiva para que cualquiera pueda hacer un viaje astral: la pr\u00e1ctica espiritual m\u00e1s enriquecedora en el multiverso.<\/h3>\n","protected":false},"excerpt":{"rendered":"<h3 class=\"elementor-heading-title elementor-size-default\">La gu\u00eda definitiva para que cualquiera pueda hacer un viaje astral: la pr\u00e1ctica espiritual m\u00e1s enriquecedora en el multiverso.<\/h3>\n","protected":false},"featured_media":1693,"comment_status":"open","ping_status":"closed","template":"","meta":{"site-sidebar-layout":"default","site-content-layout":"default","ast-global-header-display":"","ast-main-header-display":"","ast-hfb-above-header-display":"","ast-hfb-below-header-display":"","ast-hfb-mobile-header-display":"","site-post-title":"","ast-breadcrumbs-content":"","ast-featured-img":"","footer-sml-layout":"","theme-transparent-header-meta":"default","adv-header-id-meta":"","stick-header-meta":"","header-above-stick-meta":"","header-main-stick-meta":"","header-below-stick-meta":"","_joinchat":[]},"product_brand":[],"product_cat":[23,22],"product_tag":[],"class_list":{"0":"post-1692","1":"product","2":"type-product","3":"status-publish","4":"has-post-thumbnail","6":"product_cat-cursos","7":"product_cat-cursos-mindvalley","8":"desktop-align-left","9":"tablet-align-left","10":"mobile-align-left","12":"first","13":"instock","14":"sale","15":"downloadable","16":"shipping-taxable","17":"purchasable","18":"product-type-simple"},"_links":{"self":[{"href":"https:\/\/quebaratodigital.com\/index.php?rest_route=\/wp\/v2\/product\/1692","targetHints":{"allow":["GET"]}}],"collection":[{"href":"https:\/\/quebaratodigital.com\/index.php?rest_route=\/wp\/v2\/product"}],"about":[{"href":"https:\/\/quebaratodigital.com\/index.php?rest_route=\/wp\/v2\/types\/product"}],"replies":[{"embeddable":true,"href":"https:\/\/quebaratodigital.com\/index.php?rest_route=%2Fwp%2Fv2%2Fcomments&post=1692"}],"wp:featuredmedia":[{"embeddable":true,"href":"https:\/\/quebaratodigital.com\/index.php?rest_route=\/wp\/v2\/media\/1693"}],"wp:attachment":[{"href":"https:\/\/quebaratodigital.com\/index.php?rest_route=%2Fwp%2Fv2%2Fmedia&parent=1692"}],"wp:term":[{"taxonomy":"product_brand","embeddable":true,"href":"https:\/\/quebaratodigital.com\/index.php?rest_route=%2Fwp%2Fv2%2Fproduct_brand&post=1692"},{"taxonomy":"product_cat","embeddable":true,"href":"https:\/\/quebaratodigital.com\/index.php?rest_route=%2Fwp%2Fv2%2Fproduct_cat&post=1692"},{"taxonomy":"product_tag","embeddable":true,"href":"https:\/\/quebaratodigital.com\/index.php?rest_route=%2Fwp%2Fv2%2Fproduct_tag&post=1692"}],"curies":[{"name":"wp","href":"https:\/\/api.w.org\/{rel}","templated":true}]}}