{"id":1694,"date":"2024-10-25T01:01:57","date_gmt":"2024-10-25T01:01:57","guid":{"rendered":"https:\/\/quebaratodigital.com\/?post_type=product&#038;p=1694"},"modified":"2024-10-25T01:01:57","modified_gmt":"2024-10-25T01:01:57","slug":"las-claves-de-la-libertad-empresarial-eric-edmeades-mindvalley","status":"publish","type":"product","link":"https:\/\/quebaratodigital.com\/?product=las-claves-de-la-libertad-empresarial-eric-edmeades-mindvalley","title":{"rendered":"Las Claves de la Libertad Empresarial Eric Edmeades Mindvalley"},"content":{"rendered":"<div class=\"elementor-element elementor-element-772f1cc elementor-widget elementor-widget-text-editor\" data-id=\"772f1cc\" data-element_type=\"widget\" data-widget_type=\"text-editor.default\">\n<div class=\"elementor-widget-container\">\n<div class=\"elementor-text-editor elementor-clearfix\">\n<h4 style=\"text-align: center;\">\u00bfQu\u00e9 tal si pudieras cosechar todas las recompensas del \u00e9xito empresarial\u2026 sin ninguna de las desventajas?<\/h4>\n<p>&nbsp;<\/p>\n<p>Desde libertad financiera y de tiempo, hasta alcanzar un objetivo o misi\u00f3n personal, la mayor\u00eda de las personas se convierten en empresarios por razones similares.<\/p>\n<p>Sin embargo, frecuentemente sucede exactamente lo contrario; pues la ansiedad agobiante, la carga de trabajo abrumadora y la incertidumbre financiera convierten el sue\u00f1o emprendedor en una pesadilla empresarial.<\/p>\n<p>As\u00ed que no es de sorprenderse que 50% de los empresarios cierren su negocio en los primeros cinco a\u00f1os\u2026<\/p>\n<p>Mientras que el 50% restante a menudo termina estancado en un ciclo interminable de estr\u00e9s y luchas.<\/p>\n<p><strong>\u00bfEs que la iniciativa empresarial debe conllevar por fuerza este precio tan alto?<\/strong><\/p>\n<p>Imagina tener un negocio que no te encadene, sino que\u00a0<strong>te libere.<\/strong><\/p>\n<p>Un negocio y un equipo apasionado que opere, crezca y gane por ti en\u00a0<strong>piloto autom\u00e1tico\u2026<\/strong><\/p>\n<p>Que te d\u00e9 la libertad de\u00a0<strong>hacer m\u00e1s de lo que amas<\/strong>\u00a0y menos de lo que no\u2026<\/p>\n<p>Un negocio del que f\u00e1cilmente te puedas\u00a0<strong>alejar<\/strong>\u00a0durante semanas, meses o incluso a\u00f1os, para perseguir otros proyectos o simplemente para pasar m\u00e1s tiempo en la playa.<\/p>\n<p>El empresario internacional y mentor de negocios Eric Edmeades se refiere a la idea de este sue\u00f1o como\u00a0<strong>libertad empresarial.<\/strong><\/p>\n<p>Es una idea que ha perfeccionado durante d\u00e9cadas de crear negocios extremadamente exitosos en varios campos e industrias.<\/p>\n<p>A trav\u00e9s de un esquema rigurosamente optimizado de sistemas y procesos, dise\u00f1\u00f3 un procedimiento paso a paso que cualquier empresario de cualquier nivel puede usar para crear r\u00e1pidamente un negocio altamente eficiente y automatizado.<\/p>\n<p>De esto trata\u00a0<strong>Las claves de la libertad empresarial<\/strong>. Adem\u00e1s, transformar\u00e1 para siempre tu enfoque como empresario en los negocios y en la vida<\/p>\n<p>&nbsp;<\/p>\n<\/div>\n<\/div>\n<\/div>\n<div class=\"elementor-element elementor-element-453c55b elementor-widget elementor-widget-heading\" data-id=\"453c55b\" data-element_type=\"widget\" data-widget_type=\"heading.default\">\n<div class=\"elementor-widget-container\">\n<h3 class=\"elementor-heading-title elementor-size-default\" style=\"text-align: center;\">Un programa de 6 semanas que revoluciona la eficiencia de tu negocio con herramientas empresariales de vanguardia para impulsar el crecimiento, automatizar tareas clave y lograr total libertad financiera y de estilo de vida.<\/h3>\n<p>&nbsp;<\/p>\n<\/div>\n<\/div>\n<div class=\"elementor-element elementor-element-6e15f6d elementor-widget elementor-widget-text-editor\" data-id=\"6e15f6d\" data-element_type=\"widget\" data-widget_type=\"text-editor.default\">\n<div class=\"elementor-widget-container\">\n<div class=\"elementor-text-editor elementor-clearfix\">\n<h4>La transformaci\u00f3n empresarial definitiva en solo 6 semanas<\/h4>\n<p>Las claves de la libertad empresarial es un programa en l\u00ednea que apunta hacia la riqueza automatizada, la libertad en el estilo de vida y el crecimiento e impacto ilimitado. Todo esto gracias a la creaci\u00f3n de un negocio altamente eficiente.<\/p>\n<p>El proceso en s\u00ed mismo tambi\u00e9n es incre\u00edblemente eficiente: pasar\u00e1s solo 20 minutos al d\u00eda con Eric Edmeades durante 6 semanas; \u00e9l te preparar\u00e1 y equipar\u00e1 con los mejores sistemas y herramientas de hoy en d\u00eda para automatizar y optimizar tu negocio.<\/p>\n<p>El programa est\u00e1 dise\u00f1ado para empresarios de todos los niveles, independientemente de d\u00f3nde est\u00e1s en tu viaje empresarial o de d\u00f3nde quieres estar.<\/p>\n<p>Mientras avanzas en el programa, experimentar\u00e1s progresos r\u00e1pidos en cada aspecto para crear tu libertad empresarial, incluyendo tus procesos internos clave, tu gesti\u00f3n de equipo y roles, tu marketing e incluso tus habilidades de liderazgo.<\/p>\n<p>&nbsp;<\/p>\n<\/div>\n<\/div>\n<\/div>\n<div class=\"elementor-element elementor-element-b4d7ae9 elementor-widget elementor-widget-heading\" data-id=\"b4d7ae9\" data-element_type=\"widget\" data-widget_type=\"heading.default\">\n<div class=\"elementor-widget-container\">\n<h3 class=\"elementor-heading-title elementor-size-default\" style=\"text-align: center;\">Contenidos del Desaf\u00edo<\/h3>\n<p style=\"text-align: center;\">\n<\/div>\n<\/div>\n<div class=\"elementor-element elementor-element-8e0e398 elementor-widget elementor-widget-text-editor\" data-id=\"8e0e398\" data-element_type=\"widget\" data-widget_type=\"text-editor.default\">\n<div class=\"elementor-widget-container\">\n<div class=\"elementor-text-editor elementor-clearfix\">\n<h3 style=\"text-align: center;\">Explora el contenido de Las claves de la libertad empresarial Mindvalley<\/h3>\n<p style=\"text-align: center;\">\n<\/div>\n<\/div>\n<\/div>\n<section class=\"elementor-section elementor-inner-section elementor-element elementor-element-54bae0f elementor-section-boxed elementor-section-height-default elementor-section-height-default\" data-id=\"54bae0f\" data-element_type=\"section\">\n<div class=\"elementor-container elementor-column-gap-default\">\n<div class=\"elementor-row\">\n<div class=\"elementor-column elementor-col-50 elementor-inner-column elementor-element elementor-element-a7a7986\" data-id=\"a7a7986\" data-element_type=\"column\">\n<div class=\"elementor-column-wrap elementor-element-populated\">\n<div class=\"elementor-widget-wrap\">\n<div class=\"elementor-element elementor-element-620fcdb elementor-widget elementor-widget-text-editor\" data-id=\"620fcdb\" data-element_type=\"widget\" data-widget_type=\"text-editor.default\">\n<div class=\"elementor-widget-container\">\n<div class=\"elementor-text-editor elementor-clearfix\">\n<p>Las claves de la libertad empresarial es un programa en l\u00ednea de 6 semanas con el empresario internacional y mentor de negocios Eric Edmeades.<\/p>\n<p>En estas seis semanas, pasar\u00e1s solo 20 minutos al d\u00eda con Eric viendo v\u00eddeos de formaci\u00f3n exhaustivos mientras \u00e9l te equipa con herramientas, esquemas y procesos para crear un negocio altamente automatizado y optimizado.<\/p>\n<p>Lo que descubras en el programa puede aplicarse tanto a tu negocio como a tu vida empresarial de forma instant\u00e1nea.<\/p>\n<p>Al finalizar el Desaf\u00edo, habr\u00e1s obtenido un sistema que usar\u00e1s a trav\u00e9s de tu viaje empresarial para acelerar y alcanzar todos tus objetivos personales y profesionales.<\/p>\n<\/div>\n<\/div>\n<\/div>\n<\/div>\n<\/div>\n<\/div>\n<\/div>\n<\/div>\n<\/section>\n","protected":false},"excerpt":{"rendered":"<p>Un programa de 6 semanas que revoluciona la eficiencia de tu negocio con herramientas empresariales de vanguardia para impulsar el crecimiento, automatizar tareas clave y lograr total libertad financiera y de estilo de vida.<\/p>\n","protected":false},"featured_media":1695,"comment_status":"open","ping_status":"closed","template":"","meta":{"site-sidebar-layout":"default","site-content-layout":"default","ast-global-header-display":"","ast-main-header-display":"","ast-hfb-above-header-display":"","ast-hfb-below-header-display":"","ast-hfb-mobile-header-display":"","site-post-title":"","ast-breadcrumbs-content":"","ast-featured-img":"","footer-sml-layout":"","theme-transparent-header-meta":"default","adv-header-id-meta":"","stick-header-meta":"","header-above-stick-meta":"","header-main-stick-meta":"","header-below-stick-meta":"","_joinchat":[]},"product_brand":[],"product_cat":[23,22],"product_tag":[],"class_list":{"0":"post-1694","1":"product","2":"type-product","3":"status-publish","4":"has-post-thumbnail","6":"product_cat-cursos","7":"product_cat-cursos-mindvalley","8":"desktop-align-left","9":"tablet-align-left","10":"mobile-align-left","12":"first","13":"instock","14":"sale","15":"downloadable","16":"shipping-taxable","17":"purchasable","18":"product-type-simple"},"_links":{"self":[{"href":"https:\/\/quebaratodigital.com\/index.php?rest_route=\/wp\/v2\/product\/1694","targetHints":{"allow":["GET"]}}],"collection":[{"href":"https:\/\/quebaratodigital.com\/index.php?rest_route=\/wp\/v2\/product"}],"about":[{"href":"https:\/\/quebaratodigital.com\/index.php?rest_route=\/wp\/v2\/types\/product"}],"replies":[{"embeddable":true,"href":"https:\/\/quebaratodigital.com\/index.php?rest_route=%2Fwp%2Fv2%2Fcomments&post=1694"}],"wp:featuredmedia":[{"embeddable":true,"href":"https:\/\/quebaratodigital.com\/index.php?rest_route=\/wp\/v2\/media\/1695"}],"wp:attachment":[{"href":"https:\/\/quebaratodigital.com\/index.php?rest_route=%2Fwp%2Fv2%2Fmedia&parent=1694"}],"wp:term":[{"taxonomy":"product_brand","embeddable":true,"href":"https:\/\/quebaratodigital.com\/index.php?rest_route=%2Fwp%2Fv2%2Fproduct_brand&post=1694"},{"taxonomy":"product_cat","embeddable":true,"href":"https:\/\/quebaratodigital.com\/index.php?rest_route=%2Fwp%2Fv2%2Fproduct_cat&post=1694"},{"taxonomy":"product_tag","embeddable":true,"href":"https:\/\/quebaratodigital.com\/index.php?rest_route=%2Fwp%2Fv2%2Fproduct_tag&post=1694"}],"curies":[{"name":"wp","href":"https:\/\/api.w.org\/{rel}","templated":true}]}}