{"id":1705,"date":"2024-10-25T01:33:40","date_gmt":"2024-10-25T01:33:40","guid":{"rendered":"https:\/\/quebaratodigital.com\/?post_type=product&#038;p=1705"},"modified":"2024-10-25T16:44:59","modified_gmt":"2024-10-25T16:44:59","slug":"only-academy-de-aida-esther-cortes-lemos","status":"publish","type":"product","link":"https:\/\/quebaratodigital.com\/?product=only-academy-de-aida-esther-cortes-lemos","title":{"rendered":"Only Academy de Aida Esther Cortes Lemos"},"content":{"rendered":"<p>Es un curso para<strong>\u00a0GENERAR INGRESOS CADA SEMANA CON 0LYF4NS!<\/strong><\/p>\n<p>&nbsp;<\/p>\n<p>\u00danete a la primera academia online de modelos enfocada en OnlyFans, descubre como generar $2.000 USD \ud83d\udcb8 en 7 d\u00edas creando contenido y posicion\u00e1ndote en la industria de contenido digital exclusivo con la ayuda de cientos de herramientas y estrategias de marketing que estas a punto de descubrir.<\/p>\n<p>&nbsp;<\/p>\n<p><strong>11 M\u00d3DULOS \u2013 QUE TE LLEVAR\u00c1N DE 0 A 100<\/strong><\/p>\n<p>&nbsp;<\/p>\n<p>Aprender\u00e1s paso a paso de como comenzar desde cero en 0nlyF4ns\ud83d\ude80<\/p>\n<p>&nbsp;<\/p>\n<section class=\"elementor-section elementor-top-section elementor-element elementor-element-4b16ef6 elementor-section-boxed elementor-section-height-default elementor-section-height-default\" data-id=\"4b16ef6\" data-element_type=\"section\">\n<div class=\"elementor-container elementor-column-gap-default\">\n<div class=\"elementor-column elementor-col-100 elementor-top-column elementor-element elementor-element-d6befe4\" data-id=\"d6befe4\" data-element_type=\"column\">\n<div class=\"elementor-widget-wrap elementor-element-populated\">\n<div class=\"elementor-element elementor-element-8df1642 elementor-widget elementor-widget-heading\" data-id=\"8df1642\" data-element_type=\"widget\" data-widget_type=\"heading.default\">\n<div class=\"elementor-widget-container\">\n<h2 class=\"elementor-heading-title elementor-size-default\">\u00bfQu\u00e9 aprender\u00e1s en el curso Only Academy?<\/h2>\n<p>&nbsp;<\/p>\n<\/div>\n<\/div>\n<\/div>\n<\/div>\n<\/div>\n<\/section>\n<section class=\"elementor-section elementor-top-section elementor-element elementor-element-6028ea3 elementor-section-boxed elementor-section-height-default elementor-section-height-default\" data-id=\"6028ea3\" data-element_type=\"section\" data-settings=\"{&quot;background_background&quot;:&quot;classic&quot;}\">\n<div class=\"elementor-container elementor-column-gap-default\">\n<div class=\"elementor-column elementor-col-100 elementor-top-column elementor-element elementor-element-e4ea72e\" data-id=\"e4ea72e\" data-element_type=\"column\">\n<div class=\"elementor-widget-wrap elementor-element-populated\">\n<div class=\"elementor-element elementor-element-a044964 elementor-widget elementor-widget-text-editor\" data-id=\"a044964\" data-element_type=\"widget\" data-widget_type=\"text-editor.default\">\n<div class=\"elementor-widget-container\">\n<p><strong>\u2714Aprender\u00e1s paso a paso de como comenzar desde cero en 0nlyF4ns para que puedas generar mucho dinero cada semana.<\/strong><\/p>\n<p>&nbsp;<\/p>\n<p>\u2714Te ense\u00f1ar\u00e9 todos mis trucos y t\u00e1cticas para conseguir\u00a0<strong>miles de suscriptores mes tras mes<\/strong>.<\/p>\n<p>\u2714Recibe las herramientas,\u00a0<strong>secretos, tips, estrategias de marketing<\/strong>\u00a0y todo lo que necesitas para crear contenido viral, expandir el alcance en tus redes y aumentar seguidores exponencialmente en solo d\u00edas.<\/p>\n<p>\u2714Aprender\u00e1s a\u00a0<strong>potenciar tus cuentas con tr\u00e1fico pago, marcando una gran diferencia<\/strong>\u00a0respecto a otras modelos que no lo hacen ni lo contemplan.<\/p>\n<p>&nbsp;<\/p>\n<\/div>\n<\/div>\n<section class=\"elementor-section elementor-top-section elementor-element elementor-element-d89528e elementor-section-boxed elementor-section-height-default elementor-section-height-default\" data-id=\"d89528e\" data-element_type=\"section\">\n<div class=\"elementor-container elementor-column-gap-default\">\n<div class=\"elementor-column elementor-col-100 elementor-top-column elementor-element elementor-element-5ebdcc3\" data-id=\"5ebdcc3\" data-element_type=\"column\">\n<div class=\"elementor-widget-wrap elementor-element-populated\">\n<div class=\"elementor-element elementor-element-fbd9fe4 elementor-widget elementor-widget-heading\" data-id=\"fbd9fe4\" data-element_type=\"widget\" data-widget_type=\"heading.default\">\n<div class=\"elementor-widget-container\">\n<h2 class=\"elementor-heading-title elementor-size-default\">\u00bfPara qui\u00e9n es el curso?<\/h2>\n<\/div>\n<\/div>\n<\/div>\n<\/div>\n<\/div>\n<\/section>\n<section class=\"elementor-section elementor-top-section elementor-element elementor-element-a4553ae elementor-section-boxed elementor-section-height-default elementor-section-height-default\" data-id=\"a4553ae\" data-element_type=\"section\" data-settings=\"{&quot;background_background&quot;:&quot;classic&quot;}\">\n<div class=\"elementor-container elementor-column-gap-default\">\n<div class=\"elementor-column elementor-col-100 elementor-top-column elementor-element elementor-element-ae1331a\" data-id=\"ae1331a\" data-element_type=\"column\">\n<div class=\"elementor-widget-wrap elementor-element-populated\">\n<div class=\"elementor-element elementor-element-1e7c102 elementor-widget elementor-widget-text-editor\" data-id=\"1e7c102\" data-element_type=\"widget\" data-widget_type=\"text-editor.default\">\n<div class=\"elementor-widget-container\">\n<p><strong>Este curso es para ti si:<\/strong><\/p>\n<ul>\n<li>Quieres comenzar una carrera desde cero en\u00a00nlyF4ns<\/li>\n<li>Ya est\u00e1s en 0nlyF4ns y buscas crecer o mejorar tus resultados<\/li>\n<li>Buscas\u00a0 ganar dinero r\u00e1pido\u00a0y vivir de lo que amas<\/li>\n<li>Te gustar\u00eda\u00a0aprender a promocionarte y aumentar tus seguidores<\/li>\n<li>Deseas aumentar tu seguridad y confianza para estar frente a las c\u00e1maras<\/li>\n<\/ul>\n<\/div>\n<\/div>\n<\/div>\n<\/div>\n<\/div>\n<\/section>\n<\/div>\n<\/div>\n<\/div>\n<\/section>\n","protected":false},"excerpt":{"rendered":"<p>El Curso Only Academy Aida Cortes te ense\u00f1ara como puedes generar de manera efectiva ingresos por la app f\u00e1cilmente y aprender trucos<\/p>\n","protected":false},"featured_media":1706,"comment_status":"open","ping_status":"closed","template":"","meta":{"site-sidebar-layout":"default","site-content-layout":"default","ast-global-header-display":"","ast-main-header-display":"","ast-hfb-above-header-display":"","ast-hfb-below-header-display":"","ast-hfb-mobile-header-display":"","site-post-title":"","ast-breadcrumbs-content":"","ast-featured-img":"","footer-sml-layout":"","theme-transparent-header-meta":"default","adv-header-id-meta":"","stick-header-meta":"","header-above-stick-meta":"","header-main-stick-meta":"","header-below-stick-meta":"","_joinchat":[]},"product_brand":[],"product_cat":[23],"product_tag":[],"class_list":{"0":"post-1705","1":"product","2":"type-product","3":"status-publish","4":"has-post-thumbnail","6":"product_cat-cursos","7":"desktop-align-left","8":"tablet-align-left","9":"mobile-align-left","11":"first","12":"instock","13":"sale","14":"downloadable","15":"shipping-taxable","16":"purchasable","17":"product-type-simple"},"_links":{"self":[{"href":"https:\/\/quebaratodigital.com\/index.php?rest_route=\/wp\/v2\/product\/1705","targetHints":{"allow":["GET"]}}],"collection":[{"href":"https:\/\/quebaratodigital.com\/index.php?rest_route=\/wp\/v2\/product"}],"about":[{"href":"https:\/\/quebaratodigital.com\/index.php?rest_route=\/wp\/v2\/types\/product"}],"replies":[{"embeddable":true,"href":"https:\/\/quebaratodigital.com\/index.php?rest_route=%2Fwp%2Fv2%2Fcomments&post=1705"}],"wp:featuredmedia":[{"embeddable":true,"href":"https:\/\/quebaratodigital.com\/index.php?rest_route=\/wp\/v2\/media\/1706"}],"wp:attachment":[{"href":"https:\/\/quebaratodigital.com\/index.php?rest_route=%2Fwp%2Fv2%2Fmedia&parent=1705"}],"wp:term":[{"taxonomy":"product_brand","embeddable":true,"href":"https:\/\/quebaratodigital.com\/index.php?rest_route=%2Fwp%2Fv2%2Fproduct_brand&post=1705"},{"taxonomy":"product_cat","embeddable":true,"href":"https:\/\/quebaratodigital.com\/index.php?rest_route=%2Fwp%2Fv2%2Fproduct_cat&post=1705"},{"taxonomy":"product_tag","embeddable":true,"href":"https:\/\/quebaratodigital.com\/index.php?rest_route=%2Fwp%2Fv2%2Fproduct_tag&post=1705"}],"curies":[{"name":"wp","href":"https:\/\/api.w.org\/{rel}","templated":true}]}}