{"id":1707,"date":"2024-10-25T01:39:54","date_gmt":"2024-10-25T01:39:54","guid":{"rendered":"https:\/\/quebaratodigital.com\/?post_type=product&#038;p=1707"},"modified":"2024-10-25T01:39:54","modified_gmt":"2024-10-25T01:39:54","slug":"cambiar-tu-vida-es-facil-marisa-peer-gaia","status":"publish","type":"product","link":"https:\/\/quebaratodigital.com\/?product=cambiar-tu-vida-es-facil-marisa-peer-gaia","title":{"rendered":"Cambiar tu vida es F\u00e1cil &#8211;  marisa peer Gaia"},"content":{"rendered":"<h3><strong>CURSO CAMBIAR TU VIDA ES F\u00c1CIL MARISA PEER<\/strong><\/h3>\n<p>&nbsp;<\/p>\n<div class=\"elementor-element elementor-element-c149a09 elementor-widget elementor-widget-text-editor\" data-id=\"c149a09\" data-element_type=\"widget\" data-widget_type=\"text-editor.default\">\n<div class=\"elementor-widget-container\">\n<div class=\"elementor-text-editor elementor-clearfix\">\n<div id=\"comp-kzmuhmks\" class=\"KcpHeO tz5f0K comp-kzmuhmks wixui-rich-text\" data-testid=\"richTextElement\">\n<p data-sider-select-id=\"da0297b5-7d80-4c28-9778-6e3246b8987d\">La vida que sue\u00f1as est\u00e1 m\u00e1s cerca de lo que piensas. Por primera vez en Gaia, Marisa Peer \u2013 una destacada oradora motivacional- te mostrar\u00e1 c\u00f3mo transformar tu vida, aprovechando el poder de tu mente, en este evento de un d\u00eda, en cuatro poderosas sesiones. Aprende a dominar tu mente para lograr cambios fenomenales en las \u00e1reas m\u00e1s importantes de tu vida: salud, riqueza, amor y autoestima.<\/p>\n<p data-sider-select-id=\"da0297b5-7d80-4c28-9778-6e3246b8987d\">\n<h4><strong>Descubrir\u00e1s c\u00f3mo:<\/strong><\/h4>\n<ul>\n<li>Desarrollar, sin esfuerzo, h\u00e1bitos alimenticios m\u00e1s saludables para un bienestar \u00f3ptimo<\/li>\n<li>Manifestar la abundancia financiera y la libertad que pensabas que estaba fuera de tu alcance<\/li>\n<li>Atraer la relaci\u00f3n duradera, significativa y amorosa que te mereces<\/li>\n<li>Amarte de verdad, aceptarte y creer en t\u00ed mismo, hasta el punto en que todos los que te rodean lo sientan tambi\u00e9n<\/li>\n<\/ul>\n<p>&nbsp;<\/p>\n<\/div>\n<\/div>\n<\/div>\n<\/div>\n<div class=\"elementor-element elementor-element-1ff0bd1 elementor-widget elementor-widget-heading\" data-id=\"1ff0bd1\" data-element_type=\"widget\" data-widget_type=\"heading.default\">\n<div class=\"elementor-widget-container\">\n<h4 class=\"elementor-heading-title elementor-size-default\" data-sider-select-id=\"abcf1569-2c30-422c-89c1-f2ef3a9757da\"><strong>Acompa\u00f1a a, la mundialmente aclamada terapeuta, Marisa Peer en cuatro poderosas charlas transformativas sobre c\u00f3mo lograr un cambio fenomenal en \u00e1reas clave de tu vida: abundancia, salud, amor y paz interior.<\/strong><\/h4>\n<p>&nbsp;<\/p>\n<\/div>\n<\/div>\n<div class=\"elementor-element elementor-element-a231bc9 elementor-widget elementor-widget-text-editor\" data-id=\"a231bc9\" data-element_type=\"widget\" data-widget_type=\"text-editor.default\">\n<div class=\"elementor-widget-container\">\n<div class=\"elementor-text-editor elementor-clearfix\">\n<div id=\"comp-kzmuhmqb\" class=\"KcpHeO tz5f0K comp-kzmuhmqb wixui-rich-text\" data-testid=\"richTextElement\">\n<h4><strong>TEMARIO:<\/strong><\/h4>\n<p><strong>Sesi\u00f3n 1: Los secretos del amor duradero (1hr, 24 mins)<\/strong><\/p>\n<div class=\"detail-episode__community-meta\">\n<div class=\"community-meta\">\n<div class=\"community-meta__stats\">\n<div>Atrae a una pareja que te apoye y te ame, con quien puedas crear una relacion sana y duradera, tan pronto superes los comportamientos repetitivos que te han saboteado en el pasado.<\/div>\n<div><\/div>\n<div><strong>Sesi\u00f3n 2: Atrae y mant\u00e9n riqueza (1 hr, 21 mins)<\/strong><\/div>\n<\/div>\n<div>\n<div>Elimina definitivamente tus bloqueos en torno al dinero para atraer y mantener la riqueza, la abundancia y la libertad financiera.<\/div>\n<div><\/div>\n<\/div>\n<div class=\"community-meta__stats\">\n<div class=\"community-meta__stat-item community-meta__stat-item--last\"><strong>Sesi\u00f3n 3: Alcanza una salud \u00f3ptima (1 hr, 20 mins)<\/strong><\/div>\n<div>Descubre c\u00f3mo elegir -sin esfuerzo- comida m\u00e1s nutritiva, superar los antojos, aumentar la inmunidad y desarrollar una imagen corporal positiva;\u00a0sin dietas ni planes de entrenamiento agotadores.<\/div>\n<div><\/div>\n<\/div>\n<\/div>\n<\/div>\n<div><strong>Sesi\u00f3n 4: La clave de la paz interior profunda (1 hr, 12 mins)<\/strong><\/div>\n<div class=\"detail-episode__community-meta\">\n<div class=\"community-meta\">\n<div class=\"community-meta__stats\">\n<div>La paz interior proviene de la autoaceptaci\u00f3n.\u00a0Aprende finalmente a amarte y aceptarte de una forma tan completa que puedas convertirte en tu aliado m\u00e1s solidario y poderoso.<\/div>\n<\/div>\n<\/div>\n<\/div>\n<\/div>\n<\/div>\n<\/div>\n<\/div>\n","protected":false},"excerpt":{"rendered":"<div class=\"woocommerce-product-details__short-description\">\n<div class=\"elementor-element elementor-element-1ff0bd1 elementor-widget elementor-widget-heading\" data-id=\"1ff0bd1\" data-element_type=\"widget\" data-widget_type=\"heading.default\">\n<div class=\"elementor-widget-container\"><strong>Acompa\u00f1a a, la mundialmente aclamada terapeuta, Marisa Peer en cuatro poderosas charlas transformativas sobre c\u00f3mo lograr un cambio fenomenal en \u00e1reas clave de tu vida: abundancia, salud, amor y paz interior.<\/strong><\/div>\n<\/div>\n<div class=\"elementor-element elementor-element-a231bc9 elementor-widget elementor-widget-text-editor\" data-id=\"a231bc9\" data-element_type=\"widget\" data-widget_type=\"text-editor.default\">\n<div class=\"elementor-widget-container\">\n<div class=\"elementor-text-editor elementor-clearfix\">\n<div id=\"comp-kzmuhmqb\" class=\"KcpHeO tz5f0K comp-kzmuhmqb wixui-rich-text\" data-testid=\"richTextElement\"><\/div>\n<\/div>\n<\/div>\n<\/div>\n<\/div>\n","protected":false},"featured_media":1708,"comment_status":"open","ping_status":"closed","template":"","meta":{"site-sidebar-layout":"default","site-content-layout":"default","ast-global-header-display":"","ast-main-header-display":"","ast-hfb-above-header-display":"","ast-hfb-below-header-display":"","ast-hfb-mobile-header-display":"","site-post-title":"","ast-breadcrumbs-content":"","ast-featured-img":"","footer-sml-layout":"","theme-transparent-header-meta":"default","adv-header-id-meta":"","stick-header-meta":"","header-above-stick-meta":"","header-main-stick-meta":"","header-below-stick-meta":"","_joinchat":[]},"product_brand":[],"product_cat":[23,29],"product_tag":[],"class_list":{"0":"post-1707","1":"product","2":"type-product","3":"status-publish","4":"has-post-thumbnail","6":"product_cat-cursos","7":"product_cat-desarrollo-personal","8":"desktop-align-left","9":"tablet-align-left","10":"mobile-align-left","12":"first","13":"instock","14":"sale","15":"shipping-taxable","16":"purchasable","17":"product-type-simple"},"_links":{"self":[{"href":"https:\/\/quebaratodigital.com\/index.php?rest_route=\/wp\/v2\/product\/1707","targetHints":{"allow":["GET"]}}],"collection":[{"href":"https:\/\/quebaratodigital.com\/index.php?rest_route=\/wp\/v2\/product"}],"about":[{"href":"https:\/\/quebaratodigital.com\/index.php?rest_route=\/wp\/v2\/types\/product"}],"replies":[{"embeddable":true,"href":"https:\/\/quebaratodigital.com\/index.php?rest_route=%2Fwp%2Fv2%2Fcomments&post=1707"}],"wp:featuredmedia":[{"embeddable":true,"href":"https:\/\/quebaratodigital.com\/index.php?rest_route=\/wp\/v2\/media\/1708"}],"wp:attachment":[{"href":"https:\/\/quebaratodigital.com\/index.php?rest_route=%2Fwp%2Fv2%2Fmedia&parent=1707"}],"wp:term":[{"taxonomy":"product_brand","embeddable":true,"href":"https:\/\/quebaratodigital.com\/index.php?rest_route=%2Fwp%2Fv2%2Fproduct_brand&post=1707"},{"taxonomy":"product_cat","embeddable":true,"href":"https:\/\/quebaratodigital.com\/index.php?rest_route=%2Fwp%2Fv2%2Fproduct_cat&post=1707"},{"taxonomy":"product_tag","embeddable":true,"href":"https:\/\/quebaratodigital.com\/index.php?rest_route=%2Fwp%2Fv2%2Fproduct_tag&post=1707"}],"curies":[{"name":"wp","href":"https:\/\/api.w.org\/{rel}","templated":true}]}}