{"id":1711,"date":"2024-10-25T02:00:40","date_gmt":"2024-10-25T02:00:40","guid":{"rendered":"https:\/\/quebaratodigital.com\/?post_type=product&#038;p=1711"},"modified":"2024-10-25T02:00:40","modified_gmt":"2024-10-25T02:00:40","slug":"masterclass-la-energia-del-dinero-mariana-fresnedo","status":"publish","type":"product","link":"https:\/\/quebaratodigital.com\/?product=masterclass-la-energia-del-dinero-mariana-fresnedo","title":{"rendered":"Masterclass La Energ\u00eda del Dinero \u2013 Mariana Fresnedo"},"content":{"rendered":"<h3><strong>\u00bfSiempre haz querido tener m\u00e1s dinero y ya te cansaste de ped\u00edrselo al Universo sin tener \u00e9xito?<\/strong><\/h3>\n<p>&nbsp;<\/p>\n<p><strong>No importa cu\u00e1ntas veces lo pidas, el universo no habla espa\u00f1ol, mucho menos ingl\u00e9s. \u2028El \u00fanico idioma que tenemos para comunicarnos con el Universo es nuestra energ\u00eda.<\/p>\n<p>Manifestar dinero nunca fue tan f\u00e1cil&#8230;<br \/>\nY no lo digo yo, lo dicen las\u00a0m\u00e1s de 3,500 personas que lo han tomado.<\/strong><\/p>\n<p><span style=\"box-sizing: inherit;\" data-metadata=\"&lt;!--(figmeta)eyJmaWxlS2V5IjoiZzh4d1J2bEp0N0YzdnFlcUNuczZiQiIsInBhc3RlSUQiOjEzOTQzMzcxOTMsImRhdGFUeXBlIjoic2NlbmUifQo=(\/figmeta)--&gt;\">\u00a0<\/span><\/p>\n<p>Todo lo que existe en el universo es energ\u00eda y por ende t\u00fa y el dinero tambi\u00e9n lo son\u2026 Entiendo que\u00a0<strong>el dinero pueda hacerte sentir: estresadx, avergonzadx, juiciosx, enojadx, desmotivadx\u2026<\/strong>\u00a0Pero, la realidad es que estos sentimientos\u00a0<strong>no te van a llevar a conectar con esta energ\u00eda.<\/strong><\/p>\n<p><strong>\u00a0\u00a0<\/strong><\/p>\n<p><strong>Si no te alcanza el dinero que atraes puedes experimentar un nuevo nivel de riqueza&#8230;<\/p>\n<p>La MasterCLass de La Energ\u00eda del Dinero\u00a0es el primer paso para crear esta nueva realidad.<\/strong><\/p>\n<p>&nbsp;<\/p>\n<p>El regalo m\u00e1s grande de la F\u00edsica Cu\u00e1ntica es darte una explicaci\u00f3n cient\u00edfica y racional de c\u00f3mo funciona la energ\u00eda universal y cuando entiendes eso, sabes por qu\u00e9 es tu responsabilidad reprogramar el cuadro de creencias que tienes (lo que piensas que el mundo del dinero es), para elevar tu frecuencia vibratoria. Hacer esto en autom\u00e1tico te conecta con posibilidades infinitas de crecimiento expansivo.<\/p>\n","protected":false},"excerpt":{"rendered":"<p>Desmantelando la trillada ley de la atracci\u00f3n de una vez por todas para manifestar m\u00e1s dinero.<\/p>\n","protected":false},"featured_media":1712,"comment_status":"open","ping_status":"closed","template":"","meta":{"site-sidebar-layout":"default","site-content-layout":"default","ast-global-header-display":"","ast-main-header-display":"","ast-hfb-above-header-display":"","ast-hfb-below-header-display":"","ast-hfb-mobile-header-display":"","site-post-title":"","ast-breadcrumbs-content":"","ast-featured-img":"","footer-sml-layout":"","theme-transparent-header-meta":"default","adv-header-id-meta":"","stick-header-meta":"","header-above-stick-meta":"","header-main-stick-meta":"","header-below-stick-meta":"","_joinchat":[]},"product_brand":[],"product_cat":[23],"product_tag":[],"class_list":{"0":"post-1711","1":"product","2":"type-product","3":"status-publish","4":"has-post-thumbnail","6":"product_cat-cursos","7":"desktop-align-left","8":"tablet-align-left","9":"mobile-align-left","11":"first","12":"instock","13":"sale","14":"downloadable","15":"shipping-taxable","16":"purchasable","17":"product-type-simple"},"_links":{"self":[{"href":"https:\/\/quebaratodigital.com\/index.php?rest_route=\/wp\/v2\/product\/1711","targetHints":{"allow":["GET"]}}],"collection":[{"href":"https:\/\/quebaratodigital.com\/index.php?rest_route=\/wp\/v2\/product"}],"about":[{"href":"https:\/\/quebaratodigital.com\/index.php?rest_route=\/wp\/v2\/types\/product"}],"replies":[{"embeddable":true,"href":"https:\/\/quebaratodigital.com\/index.php?rest_route=%2Fwp%2Fv2%2Fcomments&post=1711"}],"wp:featuredmedia":[{"embeddable":true,"href":"https:\/\/quebaratodigital.com\/index.php?rest_route=\/wp\/v2\/media\/1712"}],"wp:attachment":[{"href":"https:\/\/quebaratodigital.com\/index.php?rest_route=%2Fwp%2Fv2%2Fmedia&parent=1711"}],"wp:term":[{"taxonomy":"product_brand","embeddable":true,"href":"https:\/\/quebaratodigital.com\/index.php?rest_route=%2Fwp%2Fv2%2Fproduct_brand&post=1711"},{"taxonomy":"product_cat","embeddable":true,"href":"https:\/\/quebaratodigital.com\/index.php?rest_route=%2Fwp%2Fv2%2Fproduct_cat&post=1711"},{"taxonomy":"product_tag","embeddable":true,"href":"https:\/\/quebaratodigital.com\/index.php?rest_route=%2Fwp%2Fv2%2Fproduct_tag&post=1711"}],"curies":[{"name":"wp","href":"https:\/\/api.w.org\/{rel}","templated":true}]}}