{"id":1713,"date":"2024-10-25T02:14:56","date_gmt":"2024-10-25T02:14:56","guid":{"rendered":"https:\/\/quebaratodigital.com\/?post_type=product&#038;p=1713"},"modified":"2024-10-25T02:14:56","modified_gmt":"2024-10-25T02:14:56","slug":"los-secretos-de-la-longevidad-ben-greenfield-mindvalley","status":"publish","type":"product","link":"https:\/\/quebaratodigital.com\/?product=los-secretos-de-la-longevidad-ben-greenfield-mindvalley","title":{"rendered":"Los secretos de la longevidad \u2013 Ben Greenfield Mindvalley"},"content":{"rendered":"<p><strong>\u00bfHas sentido que tu cuerpo, tu salud y tus niveles de energ\u00eda ya no son los de antes?<\/strong><\/p>\n<p><strong>Puede que est\u00e9s en buena forma,<\/strong>\u00a0pero ahora necesitas ejercitarte por m\u00e1s tiempo y con m\u00e1s intensidad de lo normal para conservar tu fuerza y peso (solo para sentirte abatido, adolorido y agotado al d\u00eda siguiente).<\/p>\n<p><strong>Puede que seas un profesional productivo o el due\u00f1o de un negocio,<\/strong>\u00a0pero luchas por encontrar el tiempo tres veces a la semana para las agotadoras sesiones de una hora en el gimnasio que te alejan de tu familia, amigos y pasatiempos.<\/p>\n<p><strong>O puede que seas una persona mayor,<\/strong>\u00a0pero no disfrutas de tu tiempo libre como lo imaginaste porque simplemente no tienes la misma energ\u00eda y fuerza que antes (o peor, pasas cada vez m\u00e1s tiempo lidiando con nuevos dolores).<\/p>\n<p>Sin importar tu circunstancia, lo m\u00e1s probable es que la hayas atribuido al envejecimiento como parte inevitable de la vida.<\/p>\n<p>Y aunque es cierto que el envejecimiento es natural, lo que no lo es son nuestras creencias sobre C\u00d3MO debemos envejecer.<\/p>\n<ul>\n<li>P\u00e9rdida muscular<\/li>\n<li>Menores niveles de energ\u00eda<\/li>\n<li>Dolor en articulaciones<\/li>\n<li>Menor resistencia<\/li>\n<li>Huesos fr\u00e1giles<\/li>\n<li>Mala postura<\/li>\n<li>Piel opaca<\/li>\n<\/ul>\n<p>Todo lo anterior y m\u00e1s es lo que nuestra sociedad postindustrial nos ha dicho que es \u00abenvejecer\u00bb y que no importa qui\u00e9n seas, eventualmente te volver\u00e1s d\u00e9bil, fr\u00e1gil y ap\u00e1tico con los a\u00f1os.<\/p>\n<p>Pero, \u00bfy si lo que entendemos por envejecimiento no fuera un hecho, sino una opci\u00f3n?<\/p>\n<p>\u00bfY si fuera posible elegir otra? \u00bfUna que te otorgue una vida larga y satisfactoria llena de energ\u00eda juvenil, salud inquebrantable y una notable condici\u00f3n f\u00edsica?<\/p>\n<p>&nbsp;<\/p>\n<p><strong>Transforma tu cuerpo, tu salud y tu vida con Los secretos de la longevidad<\/strong><\/p>\n<p>&nbsp;<\/p>\n<p>El Desaf\u00edo Los secretos de la longevidad es un protocolo f\u00e1cil de seguir que combina la ciencia de vanguardia del rendimiento corporal y las tradiciones de las culturas m\u00e1s longevas del mundo con el fin de darte la f\u00f3rmula definitiva para una vida larga, sana y plena.<\/p>\n<p>Con solo 5 a 20 minutos al d\u00eda, tu cuerpo experimentar\u00e1 cambios fisiol\u00f3gicos naturales que elevar\u00e1n todos los marcadores del bienestar, desde la fuerza y la movilidad hasta los niveles de energ\u00eda, longevidad y m\u00e1s.<\/p>\n<p>Lo que no encontrar\u00e1s en este programa son entrenamientos agotadores y largos que te dejen adolorido y cansado.<\/p>\n<p>\u00bfPor qu\u00e9? Porque la ciencia ha demostrado recientemente que muchos de los entrenamientos agotadores que promueve la industria del fitness causan inflamaci\u00f3n generalizada, da\u00f1an el sistema cardiovascular, desgastan tus articulaciones, \u00a1y en realidad te hacen envejecer m\u00e1s r\u00e1pido!<\/p>\n<p>En lugar de presionarte m\u00e1s, correr m\u00e1s y hacer m\u00e1s repeticiones, disfrutar\u00e1s de un proceso optimizado que requiere de poco tiempo y esfuerzo para transformar tus cuatro \u00e1reas claves:\u00a0<strong>Condici\u00f3n f\u00edsica | Salud | Belleza | Longevidad<\/strong><\/p>\n<p>&nbsp;<\/p>\n<h4><strong>Conoce a tu instructor<\/strong><\/h4>\n<p><strong>Ben Greenfield, creador de Los secretos de la longevidad<\/strong><\/p>\n<p>Desde atletas de la NHL y la NFL hasta los principales CEO y atletas de resistencia, cuando los mejores del mundo quieren llevar su rendimiento mental y f\u00edsico al m\u00e1ximo de sus capacidades, recurren al reconocido biohacker y entrenador de rendimiento corporal y cerebral, Ben Greenfield.<\/p>\n<p>A pesar de lucir en buena forma de acuerdo con los par\u00e1metros tradicionales, a los 35 a\u00f1os, Ben descubri\u00f3 que su edad biol\u00f3gica era mucho mayor que su edad cronol\u00f3gica y que su cuerpo se estaba deteriorando m\u00e1s r\u00e1pido de lo que pensaba.<\/p>\n<p>As\u00ed que Ben pas\u00f3 los siguientes dos a\u00f1os experimentando por su cuenta sin descanso y sometiendo a su cuerpo a incontables biohacks para descubrir si pod\u00eda no solo retrasar el envejecimiento, sino revertirlo.<\/p>\n<p>Hoy, a la edad de 37 a\u00f1os, la edad biol\u00f3gica de Ben es de 20, una enorme diferencia de 17 a\u00f1os. Sorprendentemente, las t\u00e9cnicas que \u00e9l usa para lograr esto no requieren de equipo o habilidades especiales. Y tampoco exigen altos niveles de esfuerzo o tiempo.<\/p>\n<p>Es decir, Ben descubri\u00f3 biohacks que cualquiera, sin importar su edad o condici\u00f3n f\u00edsica actual, puede usar para transformar su cuerpo y su vida.<\/p>\n<p>El Desaf\u00edo Los secretos de la longevidad re\u00fane todos los descubrimientos de Ben en una experiencia de aprendizaje en l\u00ednea intuitiva y f\u00e1cil de seguir para que t\u00fa tambi\u00e9n puedas mejorar tu bienestar y vivir tu vida al m\u00e1ximo.<\/p>\n<p>&nbsp;<\/p>\n<h4><strong>Lo que aprender\u00e1s<\/strong><\/h4>\n<p><strong>1-<\/strong>\u00a0Optimiza tu condici\u00f3n f\u00edsica..<br \/>\nDescubre biohacks y protocolos f\u00e1ciles de seguir que r\u00e1pidamente mejorar\u00e1n todos los marcadores de tu condici\u00f3n f\u00edsica, desde la fuerza, hasta la velocidad y la resistencia.<\/p>\n<p><strong>2-<\/strong>\u00a0Desarrolla un mejor aspecto f\u00edsico.<br \/>\nS\u00e9 est\u00e9ticamente hermoso de pies a cabeza. Elimina la grasa indeseada y mejora la definici\u00f3n muscular de acuerdo a tu tipo de cuerpo ideal.<\/p>\n<p><strong>3-<\/strong>\u00a0Aumenta tus m\u00fasculos y fuerza.<br \/>\nDesarrolla un cuerpo fuerte y robusto que pueda hacer m\u00e1s, resistir m\u00e1s, llegar hasta el final e incluso se recupere m\u00e1s r\u00e1pido de los entrenamientos.<\/p>\n<p><strong>4-<\/strong>\u00a0Mejora tu desempe\u00f1o atl\u00e9tico.<br \/>\nYa seas un atleta comprometido o un guerrero de fin de semana, descubre ingeniosos trucos para rendir mejor en cualquier forma de actividad f\u00edsica o deporte.<\/p>\n<p><strong>5-<\/strong>\u00a0Incrementa tu movilidad.<br \/>\nCondiciona tu cuerpo para que tenga un mayor rango de movimiento fortaleciendo tus articulaciones, mejorando tu flexibilidad y arreglando tu postura.<\/p>\n<p><strong>6-<\/strong>\u00a0Aumenta tu energ\u00eda.<br \/>\nReemplaza el letargo y la lentitud por energ\u00eda ilimitada para aprovechar al m\u00e1ximo cada d\u00eda y maximizar tu productividad.<\/p>\n<p><strong>7-<\/strong>\u00a0Vive m\u00e1s tiempo.<br \/>\nPrep\u00e1rate para una vida larga y plena optimizando tu inmunidad, metabolismo y otros marcadores fisiol\u00f3gicos de longevidad.<\/p>\n<p><strong>8-<\/strong>\u00a0Luce y si\u00e9ntete m\u00e1s joven.<br \/>\nRevierte tu edad biol\u00f3gica por dentro y por fuera, elimina los s\u00edntomas del envejecimiento y la enfermedad, y luce y si\u00e9ntete de lo mejor.<\/p>\n<p>&nbsp;<\/p>\n<h4 style=\"text-align: center;\"><strong>Contenido<\/strong><br \/>\n<strong>Explora Los secretos de la longevidad<\/strong><\/h4>\n<p>&nbsp;<\/p>\n<p>El Desaf\u00edo Los secretos de la longevidad es un proceso f\u00e1cil de seguir que mejora sistem\u00e1ticamente tu bienestar en general y te otorga un cuerpo que luce bien, se siente incre\u00edble, funciona a su m\u00e1ximo potencial y dura. Durante 7 semanas acompa\u00f1ar\u00e1s a Ben Greenfield en una serie de lecciones diarias en l\u00ednea de 15 a 20 minutos, dise\u00f1adas para simular una sesi\u00f3n privada con \u00e9l (la cual normalmente tiene un costo de m\u00e1s de $4997 d\u00f3lares al mes y que tiene una lista de espera para reservar con meses de anticipaci\u00f3n) En cada sesi\u00f3n descubrir\u00e1s una estrategia transformacional y una t\u00e9cnica o un biohack divertido y f\u00e1cil de incorporar a tu vida diaria, sin importar que tan ocupado o estresado puedas estar. A medida que avance el programa, notar\u00e1s cambios profundos en c\u00f3mo se ve y se siente tu cuerpo. Y al finalizar, tendr\u00e1s todas las herramientas, h\u00e1bitos y conocimientos que necesitas para vivir el resto de tu vida en un estado de bienestar y longevidad extraordinarios.<\/p>\n","protected":false},"excerpt":{"rendered":"<div class=\"woocommerce-product-details__short-description\">\n<p class=\"elementor-heading-title elementor-size-default\">Experimenta los r\u00e1pidos biohacks respaldados por la ciencia que Ben Greenfield usa con atletas de clase mundial, los principales CEO y otras personas destacadas para mejorar tu salud y longevidad.<\/p>\n<\/div>\n<form class=\"cart\" action=\"https:\/\/miscursosvirtuales.com.co\/producto\/los-secretos-de-la-longevidad-ben-greenfield\/\" enctype=\"multipart\/form-data\" method=\"post\">\n<div class=\"quantity\"><\/div>\n<\/form>\n","protected":false},"featured_media":1714,"comment_status":"open","ping_status":"closed","template":"","meta":{"site-sidebar-layout":"default","site-content-layout":"default","ast-global-header-display":"","ast-main-header-display":"","ast-hfb-above-header-display":"","ast-hfb-below-header-display":"","ast-hfb-mobile-header-display":"","site-post-title":"","ast-breadcrumbs-content":"","ast-featured-img":"","footer-sml-layout":"","theme-transparent-header-meta":"default","adv-header-id-meta":"","stick-header-meta":"","header-above-stick-meta":"","header-main-stick-meta":"","header-below-stick-meta":"","_joinchat":[]},"product_brand":[],"product_cat":[23,22],"product_tag":[],"class_list":{"0":"post-1713","1":"product","2":"type-product","3":"status-publish","4":"has-post-thumbnail","6":"product_cat-cursos","7":"product_cat-cursos-mindvalley","8":"desktop-align-left","9":"tablet-align-left","10":"mobile-align-left","12":"first","13":"instock","14":"sale","15":"downloadable","16":"shipping-taxable","17":"purchasable","18":"product-type-simple"},"_links":{"self":[{"href":"https:\/\/quebaratodigital.com\/index.php?rest_route=\/wp\/v2\/product\/1713","targetHints":{"allow":["GET"]}}],"collection":[{"href":"https:\/\/quebaratodigital.com\/index.php?rest_route=\/wp\/v2\/product"}],"about":[{"href":"https:\/\/quebaratodigital.com\/index.php?rest_route=\/wp\/v2\/types\/product"}],"replies":[{"embeddable":true,"href":"https:\/\/quebaratodigital.com\/index.php?rest_route=%2Fwp%2Fv2%2Fcomments&post=1713"}],"wp:featuredmedia":[{"embeddable":true,"href":"https:\/\/quebaratodigital.com\/index.php?rest_route=\/wp\/v2\/media\/1714"}],"wp:attachment":[{"href":"https:\/\/quebaratodigital.com\/index.php?rest_route=%2Fwp%2Fv2%2Fmedia&parent=1713"}],"wp:term":[{"taxonomy":"product_brand","embeddable":true,"href":"https:\/\/quebaratodigital.com\/index.php?rest_route=%2Fwp%2Fv2%2Fproduct_brand&post=1713"},{"taxonomy":"product_cat","embeddable":true,"href":"https:\/\/quebaratodigital.com\/index.php?rest_route=%2Fwp%2Fv2%2Fproduct_cat&post=1713"},{"taxonomy":"product_tag","embeddable":true,"href":"https:\/\/quebaratodigital.com\/index.php?rest_route=%2Fwp%2Fv2%2Fproduct_tag&post=1713"}],"curies":[{"name":"wp","href":"https:\/\/api.w.org\/{rel}","templated":true}]}}