{"id":1717,"date":"2024-10-25T16:49:58","date_gmt":"2024-10-25T16:49:58","guid":{"rendered":"https:\/\/quebaratodigital.com\/?post_type=product&#038;p=1717"},"modified":"2025-01-10T15:46:25","modified_gmt":"2025-01-10T15:46:25","slug":"la-ciencia-de-la-manifestacion-de-juan-pablo-barahona-mindvalley","status":"publish","type":"product","link":"https:\/\/quebaratodigital.com\/?product=la-ciencia-de-la-manifestacion-de-juan-pablo-barahona-mindvalley","title":{"rendered":"La Ciencia de la Manifestacion de Juan Pablo Barahona Mindvalley"},"content":{"rendered":"<div class=\"pb-markdown mv-type--titlebold2\">\n<h2 style=\"text-align: center;\">Ll\u00e9valo al siguiente nivel y vive una transformaci\u00f3n interior de sanci\u00f3n, pr\u00e1ctica y ciencia enfocado en el arte de la manifestaci\u00f3n<\/h2>\n<p>&nbsp;<\/p>\n<\/div>\n<div class=\"pb-markdown mv-type--title5\">\n<h5>Por primera vez en Espa\u00f1ol la metodolog\u00eda que combina ciencia moderna y sanaci\u00f3n ancestral probada. Aprende a utilizar tu alqu\u00edmia interior para incrementar tu energ\u00eda de manifestaci\u00f3n y crear la vida que deseas en solo 21 d\u00edas.<\/h5>\n<p>&nbsp;<\/p>\n<div class=\"pb-markdown mv-type--titlebold7\">\n<h3>Qu\u00e9 obtendr\u00e1s:<\/h3>\n<p>&nbsp;<\/p>\n<\/div>\n<div class=\"pb-markdown mv-type--body mv-list__primary\">\n<ul>\n<li>El Desaf\u00edo completo de \u201cLa Ciencia de la Manifestaci\u00f3n\u201d para mejorar tu salud, incrementar tu energ\u00eda y vivir en abundancia en todas las \u00e1reas de vida. (relaciones, dinero, conexi\u00f3n espiritual, energia, enfoque, etc)<\/li>\n<li>21 d\u00edas de entrenamiento con el creador del m\u00e9todo Quantum Flow y experto en bienestar<\/li>\n<li>Sencillas lecciones semanales y tutor\u00eda para encender tu energ\u00eda de la manifestaci\u00f3n.<\/li>\n<li>Bonos de videos de entrenamiento<\/li>\n<li>Acceso de por vida a todo el programa y todos los bonos<\/li>\n<li>Aplicaci\u00f3n para smartphone (Apple o Android) para ir aprendiendo sobre la marcha<\/li>\n<li>Versi\u00f3n de escritorio, aplicaci\u00f3n para iPad y Apple TV<\/li>\n<li>Acceso de por vida a la comunidad de estudiantes en l\u00ednea de \u201cLa Ciencia de la manifestaci\u00f3n\u201d<\/li>\n<\/ul>\n<\/div>\n<div class=\"elementor-element elementor-element-05d936d elementor-widget elementor-widget-text-editor\" data-id=\"05d936d\" data-element_type=\"widget\" data-widget_type=\"text-editor.default\">\n<div class=\"elementor-widget-container\">\n<div class=\"elementor-text-editor elementor-clearfix\">\n<div class=\"mv-container storyblok__outline\" data-blok-c=\"undefined\" data-blok-uid=\"undefined\">\n<div class=\"w-full text-center lg_w-2\/3 mx-auto storyblok__outline\" data-blok-c=\"undefined\" data-blok-uid=\"undefined\">\n<div class=\"pb-markdown mv-type--titlebold4 text-center mb-8 md_mb-10 lg_mb-12\">\n<h2 style=\"text-align: center;\">Contenidos del Desaf\u00edo<\/h2>\n<\/div>\n<\/div>\n<\/div>\n<div id=\"\" class=\"mv-container storyblok__outline\" data-blok-c=\"undefined\" data-blok-uid=\"undefined\">\n<div class=\"pb-markdown mv-type--titlebold5 text-center mb-8 md_mb-12 lg_mb-16 lg_w-2\/3 mx-auto\">\n<h3 style=\"text-align: center;\">Explora el Programa la Ciencia de la Manifestaci\u00f3n<\/h3>\n<p>&nbsp;<\/p>\n<\/div>\n<\/div>\n<\/div>\n<\/div>\n<\/div>\n<section class=\"elementor-section elementor-inner-section elementor-element elementor-element-2dee14c elementor-section-boxed elementor-section-height-default elementor-section-height-default\" data-id=\"2dee14c\" data-element_type=\"section\" data-settings=\"{&quot;jet_parallax_layout_list&quot;:[]}\">\n<div class=\"elementor-container elementor-column-gap-default\">\n<div class=\"elementor-row\">\n<div class=\"elementor-column elementor-col-50 elementor-inner-column elementor-element elementor-element-f3a7306\" data-id=\"f3a7306\" data-element_type=\"column\">\n<div class=\"elementor-column-wrap elementor-element-populated\">\n<div class=\"elementor-widget-wrap\">\n<div class=\"elementor-element elementor-element-406de0c elementor-widget elementor-widget-text-editor\" data-id=\"406de0c\" data-element_type=\"widget\" data-widget_type=\"text-editor.default\">\n<div class=\"elementor-widget-container\">\n<div class=\"elementor-text-editor elementor-clearfix\">\n<p><img fetchpriority=\"high\" decoding=\"async\" class=\"size-full wp-image-12718 alignright\" src=\"https:\/\/i0.wp.com\/libreriapremium.vip\/wp-content\/uploads\/2023\/06\/tn_Banner3La-Ciencia-de-la-Manifestacion-Juan-Pablo-Barahona.jpg?resize=500%2C260&amp;ssl=1\" alt=\"\" width=\"500\" height=\"260\" data-recalc-dims=\"1\" \/>La Ciencia de la Manifestaci\u00f3n es un programa de entrenamiento diario de 21 d\u00edas con el creador de Quantum Flow y experto en bienestar Juan Pablo Barahona.<\/p>\n<p>En solo 15 a 20 minutos al d\u00eda, te unir\u00e1s a JuanPa mientras te gu\u00eda a trav\u00e9s de su exclusiva metodolog\u00eda que combina ciencia moderna y sanaci\u00f3n ancestral para encender tu capacidad de manifestaci\u00f3n en todas las \u00e1reas de tu vida, no solo dinero sino tambi\u00e9n relaciones, energ\u00eda, salud, conexi\u00f3n espiritual, enfoque, etc.<\/p>\n<p>El programa est\u00e1 dise\u00f1ado para ser f\u00e1cil de seguir y transformacional al instante. A medida que avanzas a lo largo de los d\u00edas, notar\u00e1s r\u00e1pidamente cambios tangibles en tu cuerpo f\u00edsico y energ\u00e9tico, y es probable que las personas que te rodean tambi\u00e9n lo hagan.<\/p>\n<p>Al final del programa, \u201cLa Ciencia de la Manifestaci\u00f3n\u201d se instalar\u00e1 permanentemente en ti lo que te permitir\u00e1 acceder a sus nuevos dones internos cuando y donde los necesites para transformar tu vida.<\/p>\n<p><img decoding=\"async\" class=\"aligncenter\" src=\"https:\/\/i0.wp.com\/libreriapremium.vip\/wp-content\/uploads\/2023\/06\/tn_Programa-diario.jpg?resize=725%2C493&amp;ssl=1\" \/><\/p>\n<\/div>\n<\/div>\n<\/div>\n<\/div>\n<\/div>\n<\/div>\n<\/div>\n<\/div>\n<\/section>\n<\/div>\n","protected":false},"excerpt":{"rendered":"<h2>Aprende a utilizar tu alquimia interior para incrementar tu energ\u00eda de manifestaci\u00f3n y crear la vida que deseas en solo 21 d\u00edas.<\/h2>\n","protected":false},"featured_media":1718,"comment_status":"open","ping_status":"closed","template":"","meta":{"site-sidebar-layout":"default","site-content-layout":"default","ast-global-header-display":"","ast-main-header-display":"","ast-hfb-above-header-display":"","ast-hfb-below-header-display":"","ast-hfb-mobile-header-display":"","site-post-title":"","ast-breadcrumbs-content":"","ast-featured-img":"","footer-sml-layout":"","theme-transparent-header-meta":"default","adv-header-id-meta":"","stick-header-meta":"","header-above-stick-meta":"","header-main-stick-meta":"","header-below-stick-meta":"","_joinchat":[]},"product_brand":[],"product_cat":[23,22],"product_tag":[],"class_list":{"0":"post-1717","1":"product","2":"type-product","3":"status-publish","4":"has-post-thumbnail","6":"product_cat-cursos","7":"product_cat-cursos-mindvalley","8":"desktop-align-left","9":"tablet-align-left","10":"mobile-align-left","12":"first","13":"instock","14":"sale","15":"downloadable","16":"shipping-taxable","17":"purchasable","18":"product-type-simple"},"_links":{"self":[{"href":"https:\/\/quebaratodigital.com\/index.php?rest_route=\/wp\/v2\/product\/1717","targetHints":{"allow":["GET"]}}],"collection":[{"href":"https:\/\/quebaratodigital.com\/index.php?rest_route=\/wp\/v2\/product"}],"about":[{"href":"https:\/\/quebaratodigital.com\/index.php?rest_route=\/wp\/v2\/types\/product"}],"replies":[{"embeddable":true,"href":"https:\/\/quebaratodigital.com\/index.php?rest_route=%2Fwp%2Fv2%2Fcomments&post=1717"}],"wp:featuredmedia":[{"embeddable":true,"href":"https:\/\/quebaratodigital.com\/index.php?rest_route=\/wp\/v2\/media\/1718"}],"wp:attachment":[{"href":"https:\/\/quebaratodigital.com\/index.php?rest_route=%2Fwp%2Fv2%2Fmedia&parent=1717"}],"wp:term":[{"taxonomy":"product_brand","embeddable":true,"href":"https:\/\/quebaratodigital.com\/index.php?rest_route=%2Fwp%2Fv2%2Fproduct_brand&post=1717"},{"taxonomy":"product_cat","embeddable":true,"href":"https:\/\/quebaratodigital.com\/index.php?rest_route=%2Fwp%2Fv2%2Fproduct_cat&post=1717"},{"taxonomy":"product_tag","embeddable":true,"href":"https:\/\/quebaratodigital.com\/index.php?rest_route=%2Fwp%2Fv2%2Fproduct_tag&post=1717"}],"curies":[{"name":"wp","href":"https:\/\/api.w.org\/{rel}","templated":true}]}}