{"id":1724,"date":"2024-12-26T01:50:19","date_gmt":"2024-12-26T01:50:19","guid":{"rendered":"https:\/\/quebaratodigital.com\/?post_type=product&#038;p=1724"},"modified":"2024-12-26T01:50:34","modified_gmt":"2024-12-26T01:50:34","slug":"breathwork-el-poder-de-la-respiracion-niraj-naik-mindvalley","status":"publish","type":"product","link":"https:\/\/quebaratodigital.com\/?product=breathwork-el-poder-de-la-respiracion-niraj-naik-mindvalley","title":{"rendered":"Breathwork: el poder de la respiraci\u00f3n Niraj Naik Mindvalley"},"content":{"rendered":"<h2 class=\"mv-type--titlebold3 text-cool-grey-700\" style=\"text-align: center;\" data-v-aa593756=\"\">Trabajo de respiraci\u00f3n para una vitalidad y claridad inigualables con Niraj Naik<\/h2>\n<p>&nbsp;<\/p>\n<div id=\"\" class=\"grid grid-cols-12 min-h-fit storyblok__outline\" data-v-65686310=\"\" data-blok-c=\"undefined\" data-blok-uid=\"undefined\">\n<div id=\"\" class=\"col-span-12 lg_col-span-8 lg_col-start-3 min-h-fit storyblok__outline\" data-v-65686310=\"\" data-blok-c=\"undefined\" data-blok-uid=\"undefined\">\n<div class=\"pb-markdown min-h-fit mv-type--titlebold4 text-left mb-3 storyblok__outline\" data-v-65686310=\"\" data-blok-c=\"undefined\" data-blok-uid=\"undefined\">\n<p>\u00bfEst\u00e1s listo para transformar tu respiraci\u00f3n en tu herramienta m\u00e1s poderosa para la vitalidad?<\/p>\n<p>&nbsp;<\/p>\n<\/div>\n<\/div>\n<\/div>\n<div id=\"\" class=\"grid grid-cols-12 min-h-fit storyblok__outline\" data-v-65686310=\"\" data-blok-c=\"undefined\" data-blok-uid=\"undefined\">\n<div id=\"\" class=\"col-span-12 lg_col-span-8 lg_col-start-3 min-h-fit storyblok__outline\" data-v-65686310=\"\" data-blok-c=\"undefined\" data-blok-uid=\"undefined\">\n<div class=\"pb-markdown min-h-fit mv-type--body text-left mb-3 storyblok__outline\" data-v-65686310=\"\" data-blok-c=\"undefined\" data-blok-uid=\"undefined\">\n<p>Muchos pasan por alto el profundo impacto que tiene la respiraci\u00f3n en la salud, el rendimiento y el bienestar.<\/p>\n<p>&nbsp;<\/p>\n<p>Los h\u00e1bitos de respiraci\u00f3n inconscientes pueden socavar nuestra salud, nuestra resistencia al estr\u00e9s e incluso nuestra esperanza de vida. Sin embargo, el trabajo de respiraci\u00f3n \u00f3ptimo, basado tanto en la ciencia como en pr\u00e1cticas antiguas, ofrece una curaci\u00f3n y un crecimiento incomparables.<\/p>\n<p>&nbsp;<\/p>\n<p>Con SOMA Breath de Niraj Naik, emprende un viaje de 14 d\u00edas para revolucionar tu forma de respirar, desbloqueando un mundo de felicidad espiritual, m\u00e1ximo rendimiento y curaci\u00f3n hol\u00edstica.<\/p>\n<p>&nbsp;<\/p>\n<p>Experimente la transformaci\u00f3n que m\u00e1s de 1.700 instructores e innumerables personas en todo el mundo han logrado a trav\u00e9s de estas t\u00e9cnicas poderosas y accesibles.<\/p>\n<p>&nbsp;<\/p>\n<div id=\"\" class=\"grid grid-cols-12 min-h-fit storyblok__outline\" data-v-65686310=\"\" data-blok-c=\"undefined\" data-blok-uid=\"undefined\">\n<div id=\"\" class=\"col-span-12 lg_col-span-8 lg_col-start-3 min-h-fit storyblok__outline\" data-v-65686310=\"\" data-blok-c=\"undefined\" data-blok-uid=\"undefined\">\n<div class=\"pb-markdown min-h-fit mv-type--titlebold5 text-left mb-6 lg_text-center storyblok__outline\" data-v-65686310=\"\" data-blok-c=\"undefined\" data-blok-uid=\"undefined\">\n<h3 style=\"text-align: center;\">Una f\u00f3rmula probada para desbloquear la curaci\u00f3n hol\u00edstica y el m\u00e1ximo rendimiento con SOMA Breath en solo 14 d\u00edas, revolucionando su bienestar y capacidad.<\/h3>\n<p>&nbsp;<\/p>\n<\/div>\n<div id=\"\" class=\"mv-container w-full lg_w-2\/3 mx-auto grid grid-cols-1 gap-4 md_gap-6 min-h-fit storyblok__outline\" data-v-65686310=\"\" data-blok-c=\"undefined\" data-blok-uid=\"undefined\">\n<div class=\"pb-markdown min-h-fit mv-type--titlebold3 text-left lg_text-center storyblok__outline\" data-v-65686310=\"\" data-blok-c=\"undefined\" data-blok-uid=\"undefined\">\n<h2>El curr\u00edculo<\/h2>\n<p>&nbsp;<\/p>\n<p><img decoding=\"async\" src=\"https:\/\/storyblok-cdn.mindvalley.com\/f\/60579\/1920x1080\/b2607a8e44\/bw-curriculum.png?quality=60&amp;auto=webp&amp;dpr=0.800000011920929&amp;width=690\" alt=\"Breathwork for Life en m\u00faltiples dispositivos\" \/><\/p>\n<p>Breathwork for Life es un programa en l\u00ednea de 14 d\u00edas para lograr una salud extraordinaria, longevidad, m\u00e1ximo rendimiento y felicidad espiritual mediante el dominio de la m\u00e1s simple de todas las funciones corporales.<\/p>\n<p>Cada d\u00eda, te unir\u00e1s al fundador de SOMA Breath, Niraj Naik, para una lecci\u00f3n inmersiva del tama\u00f1o de un bocado, mientras te gu\u00eda a trav\u00e9s de las t\u00e9cnicas de respiraci\u00f3n exclusivas de SOMA, meditaciones y cambios sutiles en el estilo de vida que transforman tu respiraci\u00f3n en una fuente infinita de curaci\u00f3n y bienestar.<\/p>\n<p>En este programa descubrir\u00e1s r\u00e1pidamente que\u00a0<strong>la respiraci\u00f3n \u00f3ptima no es dif\u00edcil<\/strong>\u00a0y que, siguiendo los pasos graduales correctos, te resultar\u00e1 tan f\u00e1cil y natural como lo has hecho toda tu vida.<\/p>\n<p>Al finalizar el programa, usted emerger\u00e1 con una relaci\u00f3n permanentemente transformada con su respiraci\u00f3n y un conjunto de herramientas con t\u00e9cnicas y pr\u00e1cticas que usar\u00e1 durante toda su<\/p>\n<\/div>\n<\/div>\n<div class=\"grid grid-cols-12 gap-6 mv-container\" data-v-6e1f6448=\"\" data-test=\"two-column\">\n<div class=\"m-auto col-span-12 lg_col-span-5\" data-v-6e1f6448=\"\" data-test=\"two-column-left\">\n<div class=\"grid grid-cols-1 gap-3\" data-v-6e1f6448=\"\">\n<div class=\"variant6\" data-v-6e1f6448=\"\">\n<div class=\"hidden md_block\" data-v-6e1f6448=\"\"><\/div>\n<div class=\"pb-markdown min-h-fit mv-type--body body-copy mx-auto text-left storyblok__outline\" data-v-6e1f6448=\"\" data-blok-c=\"undefined\" data-blok-uid=\"undefined\"><\/div>\n<\/div>\n<\/div>\n<\/div>\n<\/div>\n<\/div>\n<\/div>\n<div id=\"\" class=\"grid grid-cols-12 mb-6 min-h-fit storyblok__outline\" data-v-65686310=\"\" data-blok-c=\"undefined\" data-blok-uid=\"undefined\"><\/div>\n<\/div>\n<\/div>\n<\/div>\n","protected":false},"excerpt":{"rendered":"<div class=\"mv-container\" data-v-aa593756=\"\">\n<div class=\"grid gap-4 lg_gap-6 lg_text-center text-left lg_w-5\/6 mx-auto\" data-v-aa593756=\"\">\n<p class=\"mv-type--title6 text-cool-grey-600\" data-v-aa593756=\"\">Un programa de 14 d\u00edas de Niraj Naik para desbloquear la curaci\u00f3n, la felicidad y el m\u00e1ximo rendimiento a trav\u00e9s de las t\u00e9cnicas transformadoras de SOMA Breath.<\/p>\n<\/div>\n<\/div>\n<div class=\"mv-container grid lg_grid-cols-3 gap-6 items-center\" data-v-aa593756=\"\">\n<div class=\"lg_col-span-2 hidden lg_block\" data-v-aa593756=\"\">\n<div data-v-b5aac44a=\"\" data-v-aa593756=\"\"><\/div>\n<\/div>\n<\/div>\n","protected":false},"featured_media":1725,"comment_status":"open","ping_status":"closed","template":"","meta":{"site-sidebar-layout":"default","site-content-layout":"default","ast-global-header-display":"","ast-main-header-display":"","ast-hfb-above-header-display":"","ast-hfb-below-header-display":"","ast-hfb-mobile-header-display":"","site-post-title":"","ast-breadcrumbs-content":"","ast-featured-img":"","footer-sml-layout":"","theme-transparent-header-meta":"default","adv-header-id-meta":"","stick-header-meta":"","header-above-stick-meta":"","header-main-stick-meta":"","header-below-stick-meta":"","_joinchat":[]},"product_brand":[],"product_cat":[23,22],"product_tag":[],"class_list":{"0":"post-1724","1":"product","2":"type-product","3":"status-publish","4":"has-post-thumbnail","6":"product_cat-cursos","7":"product_cat-cursos-mindvalley","8":"desktop-align-left","9":"tablet-align-left","10":"mobile-align-left","12":"first","13":"instock","14":"sale","15":"downloadable","16":"shipping-taxable","17":"purchasable","18":"product-type-simple"},"_links":{"self":[{"href":"https:\/\/quebaratodigital.com\/index.php?rest_route=\/wp\/v2\/product\/1724","targetHints":{"allow":["GET"]}}],"collection":[{"href":"https:\/\/quebaratodigital.com\/index.php?rest_route=\/wp\/v2\/product"}],"about":[{"href":"https:\/\/quebaratodigital.com\/index.php?rest_route=\/wp\/v2\/types\/product"}],"replies":[{"embeddable":true,"href":"https:\/\/quebaratodigital.com\/index.php?rest_route=%2Fwp%2Fv2%2Fcomments&post=1724"}],"wp:featuredmedia":[{"embeddable":true,"href":"https:\/\/quebaratodigital.com\/index.php?rest_route=\/wp\/v2\/media\/1725"}],"wp:attachment":[{"href":"https:\/\/quebaratodigital.com\/index.php?rest_route=%2Fwp%2Fv2%2Fmedia&parent=1724"}],"wp:term":[{"taxonomy":"product_brand","embeddable":true,"href":"https:\/\/quebaratodigital.com\/index.php?rest_route=%2Fwp%2Fv2%2Fproduct_brand&post=1724"},{"taxonomy":"product_cat","embeddable":true,"href":"https:\/\/quebaratodigital.com\/index.php?rest_route=%2Fwp%2Fv2%2Fproduct_cat&post=1724"},{"taxonomy":"product_tag","embeddable":true,"href":"https:\/\/quebaratodigital.com\/index.php?rest_route=%2Fwp%2Fv2%2Fproduct_tag&post=1724"}],"curies":[{"name":"wp","href":"https:\/\/api.w.org\/{rel}","templated":true}]}}