{"id":1730,"date":"2025-01-09T17:28:20","date_gmt":"2025-01-09T17:28:20","guid":{"rendered":"https:\/\/quebaratodigital.com\/?post_type=product&#038;p=1730"},"modified":"2025-01-09T17:28:21","modified_gmt":"2025-01-09T17:28:21","slug":"saama-1-0-veturian-arana","status":"publish","type":"product","link":"https:\/\/quebaratodigital.com\/?product=saama-1-0-veturian-arana","title":{"rendered":"SAAMA 1.0 \u2013 Veturi\u00e1n Arana"},"content":{"rendered":"<div class=\"n module-type-text diyfeLiveArea \">\n<h4>\u00a1Bienestar, crecimiento personal, prosperidad y abundancia sin barreras!<\/h4>\n<\/div>\n<div class=\"n module-type-text diyfeLiveArea \">\n<p>La\u00a0<strong>V\u00eddeo Escuela SAAMA \u00abCaminando con Conciencia\u00bb<\/strong>\u00a0es la soluci\u00f3n perfecta cuando el alumno no puede acceder a una Formaci\u00f3n Presencial.<\/p>\n<p>&nbsp;<\/p>\n<p>La\u00a0<strong>Formaci\u00f3n SAAMA 1.0 On-Line<\/strong>\u00a0ha sido grabada en una Formaci\u00f3n real con Veturi\u00e1n y su equipo de tutores y te permitir\u00e1 \u201cvivir\u201d la Formaci\u00f3n tal y como si estuvieras sentado entre los otros alumnos.<\/p>\n<p>&nbsp;<\/p>\n<p><strong>Beneficios:<\/strong><\/p>\n<p><strong>\u2013<\/strong>\u00a0Podr\u00e1s usar SAAMA para ti mismo\/a, para tus seres queridos y para los dem\u00e1s<\/p>\n<p><strong>\u2013<\/strong>\u00a0Si ya has estudiado Medicina Tradicional China, Medicina Alop\u00e1tica, Osteopat\u00eda, Naturopat\u00eda, Craneosacral, Homeopat\u00eda, Rebirthing o cualquier otra terapia como Reiki, Terapia de Respuesta Espiritual, Bioneuroemoci\u00f3n, Lectura de Registros Ak\u00e1sicos, PNL, Psicolog\u00eda, Reflexolog\u00eda, Flores de Bach, masaje, etc, la Formaci\u00f3n SAAMA\u00ae 1.0 integrar\u00e1 autom\u00e1ticamente todo lo que sabes y enriquecer\u00e1 tu potencial de sanaci\u00f3n.<\/p>\n<p><strong>\u2013<\/strong>\u00a0Pero si nunca has hecho nada de lo mencionado anteriormente, SAAMA\u00ae te preparar\u00e1 para comenzar a trabajar al d\u00eda siguiente, y te animar\u00e1 a aprender otras terapias para que cada d\u00eda seas mejor terapeuta.<\/p>\n<p>&nbsp;<\/p>\n<p><strong>TODO EL MUNDO PUEDE APRENDER LA T\u00c9CNICA SAAMA<\/strong><\/p>\n<p>&nbsp;<\/p>\n<p><strong>No es necesario ning\u00fan concimiento previo expec\u00edfico, ni ninguna \u00absensibilidad especial\u00bb<\/strong><\/p>\n<p><strong>No necesitas ser terapueta, ni tener que luego dedicarte a ser terapeuta<\/strong><\/p>\n<\/div>\n","protected":false},"excerpt":{"rendered":"<div class=\"woocommerce-product-details__short-description\">\n<p>Aprender\u00e1s d\u00f3nde est\u00e1 la ra\u00edz del problema, por qu\u00e9 ocurri\u00f3, d\u00f3nde se esconde, qu\u00e9 \u00f3rgano afecta y c\u00f3mo borrarla en segundos, ya sea con la persona frente a ti o a kil\u00f3metros de distancia.<\/p>\n<\/div>\n<form class=\"cart\" action=\"https:\/\/miscursosvirtuales.com.co\/producto\/saama-1-0-veturian-arana\/\" enctype=\"multipart\/form-data\" method=\"post\">\n<div class=\"quantity\"><\/div>\n<\/form>\n","protected":false},"featured_media":1731,"comment_status":"open","ping_status":"closed","template":"","meta":{"site-sidebar-layout":"default","site-content-layout":"default","ast-global-header-display":"","ast-main-header-display":"","ast-hfb-above-header-display":"","ast-hfb-below-header-display":"","ast-hfb-mobile-header-display":"","site-post-title":"","ast-breadcrumbs-content":"","ast-featured-img":"","footer-sml-layout":"","theme-transparent-header-meta":"default","adv-header-id-meta":"","stick-header-meta":"","header-above-stick-meta":"","header-main-stick-meta":"","header-below-stick-meta":"","_joinchat":[]},"product_brand":[],"product_cat":[23,29],"product_tag":[],"class_list":{"0":"post-1730","1":"product","2":"type-product","3":"status-publish","4":"has-post-thumbnail","6":"product_cat-cursos","7":"product_cat-desarrollo-personal","8":"desktop-align-left","9":"tablet-align-left","10":"mobile-align-left","12":"first","13":"instock","14":"sale","15":"downloadable","16":"shipping-taxable","17":"purchasable","18":"product-type-simple"},"_links":{"self":[{"href":"https:\/\/quebaratodigital.com\/index.php?rest_route=\/wp\/v2\/product\/1730","targetHints":{"allow":["GET"]}}],"collection":[{"href":"https:\/\/quebaratodigital.com\/index.php?rest_route=\/wp\/v2\/product"}],"about":[{"href":"https:\/\/quebaratodigital.com\/index.php?rest_route=\/wp\/v2\/types\/product"}],"replies":[{"embeddable":true,"href":"https:\/\/quebaratodigital.com\/index.php?rest_route=%2Fwp%2Fv2%2Fcomments&post=1730"}],"wp:featuredmedia":[{"embeddable":true,"href":"https:\/\/quebaratodigital.com\/index.php?rest_route=\/wp\/v2\/media\/1731"}],"wp:attachment":[{"href":"https:\/\/quebaratodigital.com\/index.php?rest_route=%2Fwp%2Fv2%2Fmedia&parent=1730"}],"wp:term":[{"taxonomy":"product_brand","embeddable":true,"href":"https:\/\/quebaratodigital.com\/index.php?rest_route=%2Fwp%2Fv2%2Fproduct_brand&post=1730"},{"taxonomy":"product_cat","embeddable":true,"href":"https:\/\/quebaratodigital.com\/index.php?rest_route=%2Fwp%2Fv2%2Fproduct_cat&post=1730"},{"taxonomy":"product_tag","embeddable":true,"href":"https:\/\/quebaratodigital.com\/index.php?rest_route=%2Fwp%2Fv2%2Fproduct_tag&post=1730"}],"curies":[{"name":"wp","href":"https:\/\/api.w.org\/{rel}","templated":true}]}}