{"id":1732,"date":"2025-01-09T17:29:54","date_gmt":"2025-01-09T17:29:54","guid":{"rendered":"https:\/\/quebaratodigital.com\/?post_type=product&#038;p=1732"},"modified":"2025-01-09T17:29:55","modified_gmt":"2025-01-09T17:29:55","slug":"saama-2-0-veturian-arana","status":"publish","type":"product","link":"https:\/\/quebaratodigital.com\/?product=saama-2-0-veturian-arana","title":{"rendered":"SAAMA 2.0 \u2013 Veturian Arana"},"content":{"rendered":"<p>SAAMA\u00ae 2.0 es la evoluci\u00f3n de SAAMA\u00ae 1.0, es una versi\u00f3n m\u00e1s extendida y metaf\u00edsica.<\/p>\n<p>Trabajamos con mundos M\u00e1gicos y Divinos, aplicando con-ceptos invisibles y manejando conceptos, como el Tiempo, de una manera distinta a la conocida.<\/p>\n<p>Se va un paso m\u00e1s all\u00e1 en el pensamiento cu\u00e1ntico y se fusiona con el mundo espiritual. Es la uni\u00f3n de lo visible y de lo invisible.<\/p>\n<p>La recomendamos a aquellas personas que quieran avanzar por el camino del pensamiento cu\u00e1ntico, alejados del raciocinio y la l\u00f3gica del mundo Newtoniano.<\/p>\n<p>La Formaci\u00f3n SAAMA\u00ae 2.0 On-Line ha sido grabada en una Formaci\u00f3n real con Veturi\u00e1n y su equipo de tutores y te permitir\u00e1 \u201cvivir\u201d la Formaci\u00f3n tal y como si estuvieras sentado entre los otros alumnos.<\/p>\n<h2><\/h2>\n<h2><strong>Beneficios<\/strong><\/h2>\n<ul>\n<li>Ampliar tu visi\u00f3n del mundo cu\u00e1ntico.<\/li>\n<li>Ampliar tu Aura y el Tubo Pr\u00e1nico.<\/li>\n<li>No tener miedo a crear, volar e imaginar.<\/li>\n<li>Ampliar tu mente cu\u00e1ntica<\/li>\n<li>Ver la vida con la visi\u00f3n del \u00c1guila<\/li>\n<li>Ensanchar el Aura y lograr volar m\u00e1s alto.<\/li>\n<li>Imaginar realidades distintas.<\/li>\n<li>Entender la presencia de la Consciencia en todo.<\/li>\n<li>Sentir la Fuerza de la Creatividad.<\/li>\n<li>Activar la sanaci\u00f3n en aquellos que la necesiten sin distancia y sin tiempo.<\/li>\n<li>Entrar de lleno en el Camino Espiritual.<\/li>\n<li>Disfrutar de ser m\u00e1s sensible gracias al c\u00f3digo 2.0<\/li>\n<li>Tener m\u00e1s herramientas para ayudarte a ti, a los tuyos y a tus clientes.<\/li>\n<\/ul>\n","protected":false},"excerpt":{"rendered":"<div class=\"woocommerce-product-details__short-description\">\n<p>SAAMA\u00ae 2.0 es la evoluci\u00f3n de SAAMA\u00ae 1.0, ha sido grabada en una Formaci\u00f3n real con Veturi\u00e1n y su equipo de tutores y te permitir\u00e1 \u201cvivir\u201d la Formaci\u00f3n tal y como si estuvieras sentado entre los otros alumnos.<\/p>\n<\/div>\n<form class=\"cart\" action=\"https:\/\/miscursosvirtuales.com.co\/producto\/saama-2-0-veturian-arana\/\" enctype=\"multipart\/form-data\" method=\"post\">\n<div class=\"quantity\"><\/div>\n<\/form>\n","protected":false},"featured_media":1733,"comment_status":"open","ping_status":"closed","template":"","meta":{"site-sidebar-layout":"default","site-content-layout":"default","ast-global-header-display":"","ast-main-header-display":"","ast-hfb-above-header-display":"","ast-hfb-below-header-display":"","ast-hfb-mobile-header-display":"","site-post-title":"","ast-breadcrumbs-content":"","ast-featured-img":"","footer-sml-layout":"","theme-transparent-header-meta":"default","adv-header-id-meta":"","stick-header-meta":"","header-above-stick-meta":"","header-main-stick-meta":"","header-below-stick-meta":"","_joinchat":[]},"product_brand":[],"product_cat":[23,29],"product_tag":[],"class_list":{"0":"post-1732","1":"product","2":"type-product","3":"status-publish","4":"has-post-thumbnail","6":"product_cat-cursos","7":"product_cat-desarrollo-personal","8":"desktop-align-left","9":"tablet-align-left","10":"mobile-align-left","12":"first","13":"instock","14":"sale","15":"downloadable","16":"shipping-taxable","17":"purchasable","18":"product-type-simple"},"_links":{"self":[{"href":"https:\/\/quebaratodigital.com\/index.php?rest_route=\/wp\/v2\/product\/1732","targetHints":{"allow":["GET"]}}],"collection":[{"href":"https:\/\/quebaratodigital.com\/index.php?rest_route=\/wp\/v2\/product"}],"about":[{"href":"https:\/\/quebaratodigital.com\/index.php?rest_route=\/wp\/v2\/types\/product"}],"replies":[{"embeddable":true,"href":"https:\/\/quebaratodigital.com\/index.php?rest_route=%2Fwp%2Fv2%2Fcomments&post=1732"}],"wp:featuredmedia":[{"embeddable":true,"href":"https:\/\/quebaratodigital.com\/index.php?rest_route=\/wp\/v2\/media\/1733"}],"wp:attachment":[{"href":"https:\/\/quebaratodigital.com\/index.php?rest_route=%2Fwp%2Fv2%2Fmedia&parent=1732"}],"wp:term":[{"taxonomy":"product_brand","embeddable":true,"href":"https:\/\/quebaratodigital.com\/index.php?rest_route=%2Fwp%2Fv2%2Fproduct_brand&post=1732"},{"taxonomy":"product_cat","embeddable":true,"href":"https:\/\/quebaratodigital.com\/index.php?rest_route=%2Fwp%2Fv2%2Fproduct_cat&post=1732"},{"taxonomy":"product_tag","embeddable":true,"href":"https:\/\/quebaratodigital.com\/index.php?rest_route=%2Fwp%2Fv2%2Fproduct_tag&post=1732"}],"curies":[{"name":"wp","href":"https:\/\/api.w.org\/{rel}","templated":true}]}}