{"id":1736,"date":"2025-01-09T17:52:03","date_gmt":"2025-01-09T17:52:03","guid":{"rendered":"https:\/\/quebaratodigital.com\/?post_type=product&#038;p=1736"},"modified":"2025-01-09T17:52:03","modified_gmt":"2025-01-09T17:52:03","slug":"mundo-de-ingles-de-disney-curso-de-ingles","status":"publish","type":"product","link":"https:\/\/quebaratodigital.com\/?product=mundo-de-ingles-de-disney-curso-de-ingles","title":{"rendered":"Mundo de Ingles de Disney &#8211; Curso de ingles"},"content":{"rendered":"<p>Disney English, el m\u00e9todo progresivo m\u00e1s reciente producido y comprobado por Disney para ense\u00f1ar ingl\u00e9s, es la combinaci\u00f3n perfecta entre educaci\u00f3n y diversi\u00f3n dentro de un sistema de aprendizaje contextual que les permite a los ni\u00f1os no solo aprender ingl\u00e9s, sino ampliar su cultura general con los aprendizajes que aqu\u00ed adquieren.<\/p>\n<p>&nbsp;<\/p>\n<p>Con Disney English tus hijos aprender\u00e1n ingl\u00e9s de una manera divertida y did\u00e1ctica. Vivir\u00e1n muchas aventuras con sus personajes favoritos al tiempo que estudian el ingl\u00e9s como lengua materna.<\/p>\n<p>&nbsp;<\/p>\n<p>Disney English, el m\u00e9todo progresivo m\u00e1s reciente producido y comprobado por Disney para ense\u00f1ar ingl\u00e9s, es la combinaci\u00f3n perfecta entre educaci\u00f3n y diversi\u00f3n dentro de un sistema de aprendizaje contextual que les permite a los ni\u00f1os no solo aprender ingl\u00e9s, sino ampliar su cultura general con los aprendizajes que aqu\u00ed adquieren.<\/p>\n","protected":false},"excerpt":{"rendered":"<h4 class=\"sow-headline\">\u00a1REGALA A TUS HIJOS UN FUTURO MARAVILLOSO!<\/h4>\n","protected":false},"featured_media":1737,"comment_status":"open","ping_status":"closed","template":"","meta":{"site-sidebar-layout":"default","site-content-layout":"default","ast-global-header-display":"","ast-main-header-display":"","ast-hfb-above-header-display":"","ast-hfb-below-header-display":"","ast-hfb-mobile-header-display":"","site-post-title":"","ast-breadcrumbs-content":"","ast-featured-img":"","footer-sml-layout":"","theme-transparent-header-meta":"default","adv-header-id-meta":"","stick-header-meta":"","header-above-stick-meta":"","header-main-stick-meta":"","header-below-stick-meta":"","_joinchat":[]},"product_brand":[],"product_cat":[23,27],"product_tag":[],"class_list":{"0":"post-1736","1":"product","2":"type-product","3":"status-publish","4":"has-post-thumbnail","6":"product_cat-cursos","7":"product_cat-cursos-de-ingles","8":"desktop-align-left","9":"tablet-align-left","10":"mobile-align-left","12":"first","13":"instock","14":"sale","15":"downloadable","16":"shipping-taxable","17":"purchasable","18":"product-type-simple"},"_links":{"self":[{"href":"https:\/\/quebaratodigital.com\/index.php?rest_route=\/wp\/v2\/product\/1736","targetHints":{"allow":["GET"]}}],"collection":[{"href":"https:\/\/quebaratodigital.com\/index.php?rest_route=\/wp\/v2\/product"}],"about":[{"href":"https:\/\/quebaratodigital.com\/index.php?rest_route=\/wp\/v2\/types\/product"}],"replies":[{"embeddable":true,"href":"https:\/\/quebaratodigital.com\/index.php?rest_route=%2Fwp%2Fv2%2Fcomments&post=1736"}],"wp:featuredmedia":[{"embeddable":true,"href":"https:\/\/quebaratodigital.com\/index.php?rest_route=\/wp\/v2\/media\/1737"}],"wp:attachment":[{"href":"https:\/\/quebaratodigital.com\/index.php?rest_route=%2Fwp%2Fv2%2Fmedia&parent=1736"}],"wp:term":[{"taxonomy":"product_brand","embeddable":true,"href":"https:\/\/quebaratodigital.com\/index.php?rest_route=%2Fwp%2Fv2%2Fproduct_brand&post=1736"},{"taxonomy":"product_cat","embeddable":true,"href":"https:\/\/quebaratodigital.com\/index.php?rest_route=%2Fwp%2Fv2%2Fproduct_cat&post=1736"},{"taxonomy":"product_tag","embeddable":true,"href":"https:\/\/quebaratodigital.com\/index.php?rest_route=%2Fwp%2Fv2%2Fproduct_tag&post=1736"}],"curies":[{"name":"wp","href":"https:\/\/api.w.org\/{rel}","templated":true}]}}