{"id":1738,"date":"2025-01-09T18:00:19","date_gmt":"2025-01-09T18:00:19","guid":{"rendered":"https:\/\/quebaratodigital.com\/?post_type=product&#038;p=1738"},"modified":"2025-01-09T18:00:19","modified_gmt":"2025-01-09T18:00:19","slug":"disney-magic-curso-de-ingles","status":"publish","type":"product","link":"https:\/\/quebaratodigital.com\/?product=disney-magic-curso-de-ingles","title":{"rendered":"Disney Magic curso de ingles"},"content":{"rendered":"<p>Incre\u00edble Curso de Ingles para ni\u00f1os!<\/p>\n<p>&nbsp;<\/p>\n<p>Magic English es un curso de ingl\u00e9s para ni\u00f1os interactivo, divertido y eficaz con la garant\u00eda y los personajes de Disney.<\/p>\n<p>Magic English es un curso de ingl\u00e9s interactivo compuesto para aprender jugando y divirti\u00e9ndose.<\/p>\n<p>&nbsp;<\/p>\n<p>Bambi, Aladdin, Daisy, Donald o Mowgly son algunos de los entretenidos profesores , el curso interactivo que ayudar\u00e1 a sus hijos a descubrir el ingl\u00e9s de una forma altamente educativa, con la diversi\u00f3n y el entretenimiento que siempre garantiza la factor\u00eda Disney.<\/p>\n<p>&nbsp;<\/p>\n<p>El curso de ingl\u00e9s ha sido desarrollado por un equipo de expertos en la ense\u00f1anza de ingl\u00e9s utilizando los m\u00e1s modernos m\u00e9todos pedag\u00f3gicos. Un curso progresivo e interactivo que permitir\u00e1 a sus hijos aprender unas 700 palabras y estructuras gramaticales. Gracias a los personajes Disney, \u00a1aprender ingl\u00e9s ser\u00e1 una experiencia m\u00e1gica!<\/p>\n<p>&nbsp;<\/p>\n<p>Edad: de 3 a 8 a\u00f1os<\/p>\n","protected":false},"excerpt":{"rendered":"<p>Incre\u00edble Curso de Ingles para ni\u00f1os! &nbsp; Magic English es un curso de ingl\u00e9s para ni\u00f1os interactivo, divertido y eficaz con la garant\u00eda y los personajes de Disney. Magic English es un curso de ingl\u00e9s interactivo compuesto para aprender jugando y divirti\u00e9ndose. &nbsp; Bambi, Aladdin, Daisy, Donald o Mowgly son algunos de los entretenidos profesores &hellip;<\/p>\n<p class=\"read-more\"> <a class=\"\" href=\"https:\/\/quebaratodigital.com\/?product=disney-magic-curso-de-ingles\"> <span class=\"screen-reader-text\">Disney Magic curso de ingles<\/span> Leer m\u00e1s &raquo;<\/a><\/p>\n","protected":false},"featured_media":1739,"comment_status":"open","ping_status":"closed","template":"","meta":{"site-sidebar-layout":"default","site-content-layout":"default","ast-global-header-display":"","ast-main-header-display":"","ast-hfb-above-header-display":"","ast-hfb-below-header-display":"","ast-hfb-mobile-header-display":"","site-post-title":"","ast-breadcrumbs-content":"","ast-featured-img":"","footer-sml-layout":"","theme-transparent-header-meta":"default","adv-header-id-meta":"","stick-header-meta":"","header-above-stick-meta":"","header-main-stick-meta":"","header-below-stick-meta":"","_joinchat":[]},"product_brand":[],"product_cat":[23,27],"product_tag":[],"class_list":{"0":"post-1738","1":"product","2":"type-product","3":"status-publish","4":"has-post-thumbnail","6":"product_cat-cursos","7":"product_cat-cursos-de-ingles","8":"desktop-align-left","9":"tablet-align-left","10":"mobile-align-left","12":"first","13":"instock","14":"sale","15":"downloadable","16":"shipping-taxable","17":"purchasable","18":"product-type-simple"},"_links":{"self":[{"href":"https:\/\/quebaratodigital.com\/index.php?rest_route=\/wp\/v2\/product\/1738","targetHints":{"allow":["GET"]}}],"collection":[{"href":"https:\/\/quebaratodigital.com\/index.php?rest_route=\/wp\/v2\/product"}],"about":[{"href":"https:\/\/quebaratodigital.com\/index.php?rest_route=\/wp\/v2\/types\/product"}],"replies":[{"embeddable":true,"href":"https:\/\/quebaratodigital.com\/index.php?rest_route=%2Fwp%2Fv2%2Fcomments&post=1738"}],"wp:featuredmedia":[{"embeddable":true,"href":"https:\/\/quebaratodigital.com\/index.php?rest_route=\/wp\/v2\/media\/1739"}],"wp:attachment":[{"href":"https:\/\/quebaratodigital.com\/index.php?rest_route=%2Fwp%2Fv2%2Fmedia&parent=1738"}],"wp:term":[{"taxonomy":"product_brand","embeddable":true,"href":"https:\/\/quebaratodigital.com\/index.php?rest_route=%2Fwp%2Fv2%2Fproduct_brand&post=1738"},{"taxonomy":"product_cat","embeddable":true,"href":"https:\/\/quebaratodigital.com\/index.php?rest_route=%2Fwp%2Fv2%2Fproduct_cat&post=1738"},{"taxonomy":"product_tag","embeddable":true,"href":"https:\/\/quebaratodigital.com\/index.php?rest_route=%2Fwp%2Fv2%2Fproduct_tag&post=1738"}],"curies":[{"name":"wp","href":"https:\/\/api.w.org\/{rel}","templated":true}]}}