{"id":1740,"date":"2025-01-09T18:07:49","date_gmt":"2025-01-09T18:07:49","guid":{"rendered":"https:\/\/quebaratodigital.com\/?post_type=product&#038;p=1740"},"modified":"2025-01-09T18:07:49","modified_gmt":"2025-01-09T18:07:49","slug":"sesame-english-curso-de-ingles","status":"publish","type":"product","link":"https:\/\/quebaratodigital.com\/?product=sesame-english-curso-de-ingles","title":{"rendered":"Sesame English Curso de ingles"},"content":{"rendered":"<p data-adtags-visited=\"true\">-Curso Ingles Ni\u00f1os Plaza Sesamo (Sesame English)-<\/p>\n<p data-adtags-visited=\"true\"><br class=\"html-br\" \/>Berlitz\u00ae y los creadores de Sesame Street\u00ae, han formado un equipo para presentar Sesame English\u2122, un programa para ense\u00f1ar ingl\u00e9s a los ni\u00f1os de 4-7 a\u00f1os de edad que necesiten aprender el idioma.<\/p>\n<p data-adtags-visited=\"true\">\n<p data-adtags-visited=\"true\">En dicho programa (efectivo para escuelas, grupos y alumnos particulares), aparece un personaje multiling\u00fce llamado Tingo, un \u2018muppet\u2019 creado por Jim Henson Company y Sesame Workshop\u2122, la Empresa que ha deleitado al mundo con Sesame Street y su elenco de adorables personajes durante m\u00e1s de 30 a\u00f1os, y uno de los nombres m\u00e1s respetados en el entretenimiento pedag\u00f3gico para ni\u00f1os.<\/p>\n<p data-adtags-visited=\"true\">\n<p data-adtags-visited=\"true\">Tingo hace que este aprendizaje del idioma ingl\u00e9s sea efectivo y divertido.<br class=\"html-br\" \/>Sesame English\u2122 utiliza el exclusivo M\u00e9todo Berlitz\u00ae, el cual es cien por cien conversacional. Profesores altamente cualificados de Berlitz\u00ae utilizan estos materiales junto con los personajes \u2018Muppets\u2019 para crear un marco de aprendizaje adecuado para los ni\u00f1os.<\/p>\n<div id=\"atatags-26942-67800effa503e\" data-adtags-width=\"640\"><\/div>\n","protected":false},"excerpt":{"rendered":"<h4>Learning english is fun<\/h4>\n","protected":false},"featured_media":1741,"comment_status":"open","ping_status":"closed","template":"","meta":{"site-sidebar-layout":"default","site-content-layout":"default","ast-global-header-display":"","ast-main-header-display":"","ast-hfb-above-header-display":"","ast-hfb-below-header-display":"","ast-hfb-mobile-header-display":"","site-post-title":"","ast-breadcrumbs-content":"","ast-featured-img":"","footer-sml-layout":"","theme-transparent-header-meta":"default","adv-header-id-meta":"","stick-header-meta":"","header-above-stick-meta":"","header-main-stick-meta":"","header-below-stick-meta":"","_joinchat":[]},"product_brand":[],"product_cat":[23,27],"product_tag":[],"class_list":{"0":"post-1740","1":"product","2":"type-product","3":"status-publish","4":"has-post-thumbnail","6":"product_cat-cursos","7":"product_cat-cursos-de-ingles","8":"desktop-align-left","9":"tablet-align-left","10":"mobile-align-left","12":"first","13":"instock","14":"sale","15":"downloadable","16":"shipping-taxable","17":"purchasable","18":"product-type-simple"},"_links":{"self":[{"href":"https:\/\/quebaratodigital.com\/index.php?rest_route=\/wp\/v2\/product\/1740","targetHints":{"allow":["GET"]}}],"collection":[{"href":"https:\/\/quebaratodigital.com\/index.php?rest_route=\/wp\/v2\/product"}],"about":[{"href":"https:\/\/quebaratodigital.com\/index.php?rest_route=\/wp\/v2\/types\/product"}],"replies":[{"embeddable":true,"href":"https:\/\/quebaratodigital.com\/index.php?rest_route=%2Fwp%2Fv2%2Fcomments&post=1740"}],"wp:featuredmedia":[{"embeddable":true,"href":"https:\/\/quebaratodigital.com\/index.php?rest_route=\/wp\/v2\/media\/1741"}],"wp:attachment":[{"href":"https:\/\/quebaratodigital.com\/index.php?rest_route=%2Fwp%2Fv2%2Fmedia&parent=1740"}],"wp:term":[{"taxonomy":"product_brand","embeddable":true,"href":"https:\/\/quebaratodigital.com\/index.php?rest_route=%2Fwp%2Fv2%2Fproduct_brand&post=1740"},{"taxonomy":"product_cat","embeddable":true,"href":"https:\/\/quebaratodigital.com\/index.php?rest_route=%2Fwp%2Fv2%2Fproduct_cat&post=1740"},{"taxonomy":"product_tag","embeddable":true,"href":"https:\/\/quebaratodigital.com\/index.php?rest_route=%2Fwp%2Fv2%2Fproduct_tag&post=1740"}],"curies":[{"name":"wp","href":"https:\/\/api.w.org\/{rel}","templated":true}]}}