{"id":1742,"date":"2025-01-09T18:17:09","date_gmt":"2025-01-09T18:17:09","guid":{"rendered":"https:\/\/quebaratodigital.com\/?post_type=product&#038;p=1742"},"modified":"2025-01-09T18:17:09","modified_gmt":"2025-01-09T18:17:09","slug":"curso-online-de-el-arte-de-preparar-pizzas","status":"publish","type":"product","link":"https:\/\/quebaratodigital.com\/?product=curso-online-de-el-arte-de-preparar-pizzas","title":{"rendered":"Curso online de El arte de preparar pizzas"},"content":{"rendered":"<p>Si te interesa conseguir la masa perfecta y aprender de cu\u00e1ntas maneras diferentes se pueden preparar pizzas, este curso de elaboraci\u00f3n de pizzas para principiantes es lo que necesitas.<\/p>\n<p>La pizza se ha convertido en un plato cl\u00e1sico de la gastronom\u00eda alrededor del mundo, formando parte de la carta de fast foods emblem\u00e1ticos y del men\u00fa recurrente de aficionados y aficionadas a preparar pizza casera los fines de semana.<\/p>\n<p>Por ese motivo, en este curso de elaboraci\u00f3n de pizzas, aprender\u00e1s a preparar el ingrediente m\u00e1s importante de la pizza: la masa. Entender\u00e1s c\u00f3mo experimentar con los tipos de composici\u00f3n, las harinas, leudados y cocciones, y aprender\u00e1s c\u00f3mo preparar las salsas que acompa\u00f1ar\u00e1n tu creaci\u00f3n, as\u00ed como los tipos de quesos que puedes utilizar.<\/p>\n<p>De la mano de Sandals, tu profesor en este curso de preparaci\u00f3n de pizzas, descubrir\u00e1s cu\u00e1les son los or\u00edgenes de la pizza y ver\u00e1s, de forma pr\u00e1ctica, la diferencia al preparar la pizza napolitana, la pizza romana, fugazzeta rellena y la focaccia, entre otras opciones.<\/p>\n<p>Aprende a confeccionar las mejores pizzas para vender, para tu hogar o para tu reuni\u00f3n con amigos en este curso de elaboraci\u00f3n de pizzas online de Crehana.<\/p>\n<p>&nbsp;<\/p>\n<h2 class=\"tw-mb-2.4 tw-font-h5 tw-font-bold\">\u00bfQu\u00e9 necesitas para tomar el curso?<\/h2>\n<ul>\n<li class=\"tw-flex tw-justify-start tw-items-stretch sm:tw-items-center tw-rounded-1 tw-border tw-border-solid tw-border-primary-light-300 tw-mb-1.2 tw-overflow-hidden\" aria-label=\"Computadora o laptop con conexi\u00f3n a internet.\">\n<div class=\"tw-p-1.6 tw-bg-primary-light-100 tw-rounded-1 tw-flex tw-items-center\" aria-hidden=\"true\"><\/div>\n<p class=\"tw-px-1.6 tw-py-1.2 tw-font-body4 tw-align-middle\">Computadora o laptop con conexi\u00f3n a internet.<\/p>\n<\/li>\n<li class=\"tw-flex tw-justify-start tw-items-stretch sm:tw-items-center tw-rounded-1 tw-border tw-border-solid tw-border-primary-light-300 tw-mb-1.2 tw-overflow-hidden\" aria-label=\"Elegir los ingredientes a utilizar para tu proyecto final seg\u00fan el tipo de pizza que decidas hacer. Podr\u00e1s encontrar estos ingredientes en los adjuntos del curso.\">\n<div class=\"tw-p-1.6 tw-bg-primary-light-100 tw-rounded-1 tw-flex tw-items-center\" aria-hidden=\"true\"><\/div>\n<p class=\"tw-px-1.6 tw-py-1.2 tw-font-body4 tw-align-middle\">Elegir los ingredientes a utilizar para tu proyecto final seg\u00fan el tipo de pizza que decidas hacer. Podr\u00e1s encontrar estos ingredientes en los adjuntos del curso.<\/p>\n<\/li>\n<li class=\"tw-flex tw-justify-start tw-items-stretch sm:tw-items-center tw-rounded-1 tw-border tw-border-solid tw-border-primary-light-300 tw-mb-1.2 tw-overflow-hidden\" aria-label=\"Horno para preparar las pizzas.\">\n<div class=\"tw-p-1.6 tw-bg-primary-light-100 tw-rounded-1 tw-flex tw-items-center\" aria-hidden=\"true\"><\/div>\n<p class=\"tw-px-1.6 tw-py-1.2 tw-font-body4 tw-align-middle\">Horno para preparar las pizzas.<\/p>\n<\/li>\n<\/ul>\n<p>&nbsp;<\/p>\n<h2 class=\"mb-24 font-h4\">\u00bfQu\u00e9 aprender\u00e1s en este curso de preparaci\u00f3n de pizzas con Sandals?<\/h2>\n<ul class=\"lg:justify-between lg:flex lg:flex-wrap\">\n<li class=\"sc-40e5e3b7-0 hMBMBl flex items-start mb-16 font-body3\">Har\u00e1s un repaso por los or\u00edgenes de la pizza, su llegada a Am\u00e9rica y su consolidaci\u00f3n como fast food.<\/li>\n<li class=\"sc-40e5e3b7-0 hMBMBl flex items-start mb-16 font-body3\">Descubrir\u00e1s la diferencia al elaborar pizza napolitana, fugazzeta rellena, pizza romana, focaccia, entre otras variaciones.<\/li>\n<li class=\"sc-40e5e3b7-0 hMBMBl flex items-start mb-16 font-body3\">Entender\u00e1s c\u00f3mo realizar el proceso del amasado y leudado de la masa pizzera.<\/li>\n<li class=\"sc-40e5e3b7-0 hMBMBl flex items-start mb-16 font-body3\">Revisar\u00e1s c\u00f3mo preparar la masa, la salsa, el queso, y armar\u00e1s la base de la pizza.<\/li>\n<\/ul>\n","protected":false},"excerpt":{"rendered":"<h5>Este curso est\u00e1 dirigido a todas aquellas personas que quieran dominar las t\u00e9cnicas caseras para preparar una pizza, ya sea para un negocio o por inter\u00e9s personal.<\/h5>\n","protected":false},"featured_media":1743,"comment_status":"open","ping_status":"closed","template":"","meta":{"site-sidebar-layout":"default","site-content-layout":"default","ast-global-header-display":"","ast-main-header-display":"","ast-hfb-above-header-display":"","ast-hfb-below-header-display":"","ast-hfb-mobile-header-display":"","site-post-title":"","ast-breadcrumbs-content":"","ast-featured-img":"","footer-sml-layout":"","theme-transparent-header-meta":"default","adv-header-id-meta":"","stick-header-meta":"","header-above-stick-meta":"","header-main-stick-meta":"","header-below-stick-meta":"","_joinchat":[]},"product_brand":[],"product_cat":[33,23],"product_tag":[],"class_list":{"0":"post-1742","1":"product","2":"type-product","3":"status-publish","4":"has-post-thumbnail","6":"product_cat-cocina","7":"product_cat-cursos","8":"desktop-align-left","9":"tablet-align-left","10":"mobile-align-left","12":"first","13":"instock","14":"downloadable","15":"shipping-taxable","16":"purchasable","17":"product-type-simple"},"_links":{"self":[{"href":"https:\/\/quebaratodigital.com\/index.php?rest_route=\/wp\/v2\/product\/1742","targetHints":{"allow":["GET"]}}],"collection":[{"href":"https:\/\/quebaratodigital.com\/index.php?rest_route=\/wp\/v2\/product"}],"about":[{"href":"https:\/\/quebaratodigital.com\/index.php?rest_route=\/wp\/v2\/types\/product"}],"replies":[{"embeddable":true,"href":"https:\/\/quebaratodigital.com\/index.php?rest_route=%2Fwp%2Fv2%2Fcomments&post=1742"}],"wp:featuredmedia":[{"embeddable":true,"href":"https:\/\/quebaratodigital.com\/index.php?rest_route=\/wp\/v2\/media\/1743"}],"wp:attachment":[{"href":"https:\/\/quebaratodigital.com\/index.php?rest_route=%2Fwp%2Fv2%2Fmedia&parent=1742"}],"wp:term":[{"taxonomy":"product_brand","embeddable":true,"href":"https:\/\/quebaratodigital.com\/index.php?rest_route=%2Fwp%2Fv2%2Fproduct_brand&post=1742"},{"taxonomy":"product_cat","embeddable":true,"href":"https:\/\/quebaratodigital.com\/index.php?rest_route=%2Fwp%2Fv2%2Fproduct_cat&post=1742"},{"taxonomy":"product_tag","embeddable":true,"href":"https:\/\/quebaratodigital.com\/index.php?rest_route=%2Fwp%2Fv2%2Fproduct_tag&post=1742"}],"curies":[{"name":"wp","href":"https:\/\/api.w.org\/{rel}","templated":true}]}}