{"id":1744,"date":"2025-01-10T15:43:23","date_gmt":"2025-01-10T15:43:23","guid":{"rendered":"https:\/\/quebaratodigital.com\/?post_type=product&#038;p=1744"},"modified":"2025-01-10T15:43:24","modified_gmt":"2025-01-10T15:43:24","slug":"curso-online-de-prepara-hamburguesas-como-un-experto","status":"publish","type":"product","link":"https:\/\/quebaratodigital.com\/?product=curso-online-de-prepara-hamburguesas-como-un-experto","title":{"rendered":"Curso online de Prepara hamburguesas como un experto"},"content":{"rendered":"<p>En este curso de preparaci\u00f3n de hamburguesas online aprenderemos, precisamente, c\u00f3mo preparar hamburguesas incre\u00edbles. Entenderemos el secreto de los ingredientes de las hamburguesas, que por m\u00e1s sencillos que parezcan, tienen toda una l\u00f3gica profunda y le dan el car\u00e1cter distintivo a las hamburguesas.<\/p>\n<p>Comenzaremos con un recorrido hist\u00f3rico del origen y la preparaci\u00f3n de las hamburguesas desde su nacimiento. Veremos c\u00f3mo un plato tra\u00eddo por migrantes a Nueva York logr\u00f3 conquistar los paladares de miles de personas y popularizarse a nivel mundial.<\/p>\n<p>Revisaremos uno a uno y con gran detalle los principales ingredientes de la hamburguesa. A lo largo del curso de hamburguesas, nos centraremos en la carne, protagonista indiscutible de este plato, y recorreremos los distintos tipos de panes m\u00e1s utilizados en la preparaci\u00f3n de hamburguesas. Tambi\u00e9n hablaremos del queso, la cebolla, las salsas y aderezos, y de los otros toppings y acompa\u00f1amientos comunes que resaltan el sabor y complementan la experiencia a la hora de comer una hamburguesa.<\/p>\n<p>Dedicaremos un m\u00f3dulo entero de este curso de hamburguesas online para hacer un recorrido paso a paso por la preparaci\u00f3n de las hamburguesas m\u00e1s ic\u00f3nicas del mundo, en donde veremos sus ingredientes, forma de preparaci\u00f3n y todos esos detallitos que las hacen \u00fanicas.<\/p>\n<p>Ya con el conocimiento integrado de la preparaci\u00f3n de hamburguesas y las claves de sus ingredientes, veremos c\u00f3mo tomarles fotos para que no solo sean deliciosas, sino que se vean irresistibles. Esto ser\u00e1 muy \u00fatil si en alg\u00fan momento quieres emprender un negocio de hamburguesas o simplemente quieres despertar el deseo en todos tus amigos y redes sociales.<\/p>\n<p>&nbsp;<\/p>\n<h2 class=\"tw-mb-2.4 tw-font-h5 tw-font-bold\">\u00bfQu\u00e9 necesitas para tomar el curso?<\/h2>\n<p>&nbsp;<\/p>\n<ul>\n<li class=\"tw-flex tw-justify-start tw-items-stretch sm:tw-items-center tw-rounded-1 tw-border tw-border-solid tw-border-primary-light-300 tw-mb-1.2 tw-overflow-hidden\" aria-label=\"Una cocina con buen fuego\">\n<p class=\"tw-px-1.6 tw-py-1.2 tw-font-body4 tw-align-middle\">Una cocina con buen fuego<\/p>\n<\/li>\n<li class=\"tw-flex tw-justify-start tw-items-stretch sm:tw-items-center tw-rounded-1 tw-border tw-border-solid tw-border-primary-light-300 tw-mb-1.2 tw-overflow-hidden\" aria-label=\"Una esp\u00e1tula y una sart\u00e9n gruesa o plancha en buen estado\">\n<p class=\"tw-px-1.6 tw-py-1.2 tw-font-body4 tw-align-middle\">Una esp\u00e1tula y una sart\u00e9n gruesa o plancha en buen estado<\/p>\n<\/li>\n<li class=\"tw-flex tw-justify-start tw-items-stretch sm:tw-items-center tw-rounded-1 tw-border tw-border-solid tw-border-primary-light-300 tw-mb-1.2 tw-overflow-hidden\" aria-label=\"Una picadora de carne (ideal pero no obligatorio)\">\n<p class=\"tw-px-1.6 tw-py-1.2 tw-font-body4 tw-align-middle\">Una picadora de carne (ideal pero no obligatorio)<\/p>\n<\/li>\n<li class=\"tw-flex tw-justify-start tw-items-stretch sm:tw-items-center tw-rounded-1 tw-border tw-border-solid tw-border-primary-light-300 tw-mb-1.2 tw-overflow-hidden\" aria-label=\"Una c\u00e1mara de cualquier tipo para tomar fotos de tus platos (\u00a1usa la de tu celular, no hay problema!)\">\n<p class=\"tw-px-1.6 tw-py-1.2 tw-font-body4 tw-align-middle\">Una c\u00e1mara de cualquier tipo para tomar fotos de tus platos (\u00a1usa la de tu celular, no hay problema!)<\/p>\n<\/li>\n<li class=\"tw-flex tw-justify-start tw-items-stretch sm:tw-items-center tw-rounded-1 tw-border tw-border-solid tw-border-primary-light-300 tw-mb-1.2 tw-overflow-hidden\" aria-label=\"Variedades espec\u00edficas de los ingredientes m\u00e1s evidentes de una hamburguesa (pan, carne, salsas y adicionales). El detalle de estos depender\u00e1 de qu\u00e9 tipo de hamburguesa quieras preparar. La informaci\u00f3n detallada de los ingredientes la encontrar\u00e1s en las clases de este curso\">\n<p class=\"tw-px-1.6 tw-py-1.2 tw-font-body4 tw-align-middle\">Variedades espec\u00edficas de los ingredientes m\u00e1s evidentes de una hamburguesa (pan, carne, salsas y adicionales). El detalle de estos depender\u00e1 de qu\u00e9 tipo de hamburguesa quieras preparar. La informaci\u00f3n detallada de los ingredientes la encontrar\u00e1s en las clases de este curso<\/p>\n<\/li>\n<\/ul>\n<p>&nbsp;<\/p>\n<h2 class=\"mb-24 font-h4\">\u00bfQu\u00e9 aprender\u00e1s en este curso de preparaci\u00f3n de hamburguesas online?<\/h2>\n<ul class=\"lg:justify-between lg:flex lg:flex-wrap\">\n<li class=\"sc-40e5e3b7-0 hMBMBl flex items-start mb-16 font-body3\">Aprender\u00e1s c\u00f3mo hacer hamburguesas incre\u00edbles.<\/li>\n<li class=\"sc-40e5e3b7-0 hMBMBl flex items-start mb-16 font-body3\">Entender\u00e1s la l\u00f3gica de los ingredientes de una hamburguesa y las claves que no pueden faltar.<\/li>\n<li class=\"sc-40e5e3b7-0 hMBMBl flex items-start mb-16 font-body3\">Conocer\u00e1s los diferentes tipos de hamburguesas con sus ingredientes y t\u00e9cnicas de preparaci\u00f3n.<\/li>\n<li class=\"sc-40e5e3b7-0 hMBMBl flex items-start mb-16 font-body3\">Obtendr\u00e1s una visi\u00f3n para convertir la preparaci\u00f3n de hamburguesas en un negocio.<\/li>\n<li class=\"sc-40e5e3b7-0 hMBMBl flex items-start mb-16 font-body3\">Aprender\u00e1s c\u00f3mo sacar fotos de tus hamburguesas para promocionar tu trabajo en redes sociales o ser la envidia de tus amigos.<\/li>\n<\/ul>\n<h2 class=\"mb-16 font-h4 text-primary-main\">Curso de nivel introductorio<\/h2>\n<p class=\"flex items-start font-body3\">Este curso de preparaci\u00f3n de hamburguesas es de nivel introductorio y para tomarlo solo necesitas el deseo de aprender a preparar hamburguesas incre\u00edbles. No necesitas experiencia en cocina ni tampoco ser un experto de las hamburguesas.<\/p>\n<p class=\"flex items-start font-body3\">\n<p>A lo largo de este curso online ver\u00e1s un poco de la historia de las hamburguesas y c\u00f3mo estas han evolucionado hasta nuestros d\u00edas. Entender\u00e1s cu\u00e1les los ingredientes infaltables en una buena hamburguesa y aprender\u00e1s a preparar las hamburguesas m\u00e1s ic\u00f3nicas de todos los tiempos.<\/p>\n<p class=\"flex items-start font-body3\">\n<p>Al finalizar este curso tendr\u00e1s una visi\u00f3n completa de este plato y entender\u00e1s un poco m\u00e1s a fondo c\u00f3mo funciona la venta de hamburguesas como negocio, por si est\u00e1s pensando en emprender.<\/p>\n","protected":false},"excerpt":{"rendered":"<p>Al finalizar este curso tendr\u00e1s una visi\u00f3n completa de este plato y entender\u00e1s un poco m\u00e1s a fondo c\u00f3mo funciona la venta de hamburguesas como negocio, por si est\u00e1s pensando en emprender.<\/p>\n","protected":false},"featured_media":1745,"comment_status":"open","ping_status":"closed","template":"","meta":{"site-sidebar-layout":"default","site-content-layout":"default","ast-global-header-display":"","ast-main-header-display":"","ast-hfb-above-header-display":"","ast-hfb-below-header-display":"","ast-hfb-mobile-header-display":"","site-post-title":"","ast-breadcrumbs-content":"","ast-featured-img":"","footer-sml-layout":"","theme-transparent-header-meta":"default","adv-header-id-meta":"","stick-header-meta":"","header-above-stick-meta":"","header-main-stick-meta":"","header-below-stick-meta":"","_joinchat":[]},"product_brand":[],"product_cat":[33,23],"product_tag":[],"class_list":{"0":"post-1744","1":"product","2":"type-product","3":"status-publish","4":"has-post-thumbnail","6":"product_cat-cocina","7":"product_cat-cursos","8":"desktop-align-left","9":"tablet-align-left","10":"mobile-align-left","12":"first","13":"instock","14":"sale","15":"downloadable","16":"shipping-taxable","17":"purchasable","18":"product-type-simple"},"_links":{"self":[{"href":"https:\/\/quebaratodigital.com\/index.php?rest_route=\/wp\/v2\/product\/1744","targetHints":{"allow":["GET"]}}],"collection":[{"href":"https:\/\/quebaratodigital.com\/index.php?rest_route=\/wp\/v2\/product"}],"about":[{"href":"https:\/\/quebaratodigital.com\/index.php?rest_route=\/wp\/v2\/types\/product"}],"replies":[{"embeddable":true,"href":"https:\/\/quebaratodigital.com\/index.php?rest_route=%2Fwp%2Fv2%2Fcomments&post=1744"}],"wp:featuredmedia":[{"embeddable":true,"href":"https:\/\/quebaratodigital.com\/index.php?rest_route=\/wp\/v2\/media\/1745"}],"wp:attachment":[{"href":"https:\/\/quebaratodigital.com\/index.php?rest_route=%2Fwp%2Fv2%2Fmedia&parent=1744"}],"wp:term":[{"taxonomy":"product_brand","embeddable":true,"href":"https:\/\/quebaratodigital.com\/index.php?rest_route=%2Fwp%2Fv2%2Fproduct_brand&post=1744"},{"taxonomy":"product_cat","embeddable":true,"href":"https:\/\/quebaratodigital.com\/index.php?rest_route=%2Fwp%2Fv2%2Fproduct_cat&post=1744"},{"taxonomy":"product_tag","embeddable":true,"href":"https:\/\/quebaratodigital.com\/index.php?rest_route=%2Fwp%2Fv2%2Fproduct_tag&post=1744"}],"curies":[{"name":"wp","href":"https:\/\/api.w.org\/{rel}","templated":true}]}}