{"id":1747,"date":"2025-02-10T00:43:10","date_gmt":"2025-02-10T00:43:10","guid":{"rendered":"https:\/\/quebaratodigital.com\/?post_type=product&#038;p=1747"},"modified":"2025-09-09T12:22:50","modified_gmt":"2025-09-09T12:22:50","slug":"salto-cuantico-burt-goldman-mindvalley-espanol","status":"publish","type":"product","link":"https:\/\/quebaratodigital.com\/?product=salto-cuantico-burt-goldman-mindvalley-espanol","title":{"rendered":"Salto Cu\u00e1ntico Burt Goldman Mindvalley En Espa\u00f1ol"},"content":{"rendered":"<h4 style=\"text-align: center;\">CREA UN NUEVO YO CON EL SALTO CU\u00c1NTICO DE MINDVALLEY POR BURT GOLDMAN<\/h4>\n<p>&nbsp;<\/p>\n<p>Basado en el trabajo del difunto pionero de la ciencia mental Burt Goldman,\u00a0<strong>el Salto Cu\u00e1ntico<\/strong>\u00a0<strong>de Mindvalley<\/strong>\u00a0es un m\u00e9todo de visualizaci\u00f3n avanzado como ning\u00fan otro. Aprovecha tu mente para conocer versiones alternativas de ti en el multiverso y encarna la sabidur\u00eda, las habilidades y la inspiraci\u00f3n que necesitas para dise\u00f1ar tu realidad definitiva.<\/p>\n<p>&nbsp;<\/p>\n<div class=\"pb-markdown min-h-fit mv-type--titlebold8 storyblok__outline\" data-v-65686310=\"\" data-blok-c=\"undefined\" data-blok-uid=\"undefined\">\n<p>Un programa para la persona que quiere llegar m\u00e1s lejos, dominar nuevas habilidades y capacidades y dar el paso hacia la vida que siempre ha so\u00f1ado.<\/p>\n<p>&nbsp;<\/p>\n<\/div>\n<p><strong>Cuando haces un salto cu\u00e1ntico, entras en el nivel alfa de la mente: donde te visualizas volando a trav\u00e9s del multiverso y conociendo versiones alternativas de ti mismo con las experiencias y habilidades que necesitas en tu propia realidad.<\/strong><\/p>\n<p>&nbsp;<\/p>\n<p>Ya sea que est\u00e9 buscando un avance profesional o financiero\u2026 dominar una nueva habilidad, un idioma o un instrumento musical\u2026 sanar la mente, el cuerpo o el alma\u2026 o incluso una soluci\u00f3n a un desaf\u00edo \u00abimposible\u00bb\u2026<\/p>\n<p>&nbsp;<\/p>\n<p>El Salto Cu\u00e1ntico te da las claves para ampliar tu filtro de posibilidades y aprovechar todo tu potencial: mucho m\u00e1s all\u00e1 de los bloqueos subconscientes que te frenan en esta realidad.<\/p>\n<div id=\"\" class=\"w-full lg_w-2\/3 mx-auto mb-7 md_mb-9 min-h-fit storyblok__outline\" data-v-65686310=\"\" data-blok-c=\"undefined\" data-blok-uid=\"undefined\">\n<div class=\"pb-markdown min-h-fit mv-type--headline5 text-center storyblok__outline\" data-v-65686310=\"\" data-blok-c=\"undefined\" data-blok-uid=\"undefined\">\n<div id=\"\" class=\"w-full lg_w-2\/3 mx-auto mb-7 md_mb-9 min-h-fit storyblok__outline\" data-v-65686310=\"\" data-blok-c=\"undefined\" data-blok-uid=\"undefined\">\n<div class=\"pb-markdown min-h-fit mv-type--headline5 text-center storyblok__outline\" data-v-65686310=\"\" data-blok-c=\"undefined\" data-blok-uid=\"undefined\">\n<h3>Salto cu\u00e1ntico en 4 sencillos pasos<\/h3>\n<\/div>\n<\/div>\n<div id=\"\" class=\"w-full lg_w-2\/3 mx-auto min-h-fit storyblok__outline\" data-v-65686310=\"\" data-blok-c=\"undefined\" data-blok-uid=\"undefined\"><img decoding=\"async\" src=\"https:\/\/storyblok-cdn.mindvalley.com\/f\/60579\/3200x1800\/28c2825067\/qj_sp_steps.jpg?quality=60&amp;auto=webp&amp;dpr=1&amp;width=800\" alt=\"4 sencillos pasos para realizar el salto cu\u00e1ntico\" \/><\/div>\n<\/div>\n<div data-v-65686310=\"\" data-blok-c=\"undefined\" data-blok-uid=\"undefined\">\n<h2 data-blok-c=\"undefined\" data-blok-uid=\"undefined\">\u00bfQUE APRENDER\u00c1S EN SALTO CU\u00c1NTICO?<\/h2>\n<ol>\n<li><strong>Aprende y domina cualquier nueva habilidad.<\/strong>\n<p class=\"mv-type--body\">\n<\/li>\n<li><strong>Encuentra las respuestas, la inspiraci\u00f3n y las soluciones que necesitas<\/strong>\n<p class=\"mv-type--body\">\n<\/li>\n<li><strong>Establezca metas y visiones impresionantes<\/strong>\n<p class=\"mv-type--body\">\n<\/li>\n<li><strong>Manifiesta tus sue\u00f1os y deseos<\/strong>\n<p class=\"mv-type--body\">\n<\/li>\n<li><strong>Ilumina tu gu\u00eda intuitiva<\/strong>\n<p class=\"mv-type--body\">\n<\/li>\n<li><strong>Sana tu mente, cuerpo y alma.<\/strong>\n<p class=\"mv-type--body\">\n<\/li>\n<li><strong>Profundiza tus pr\u00e1cticas de meditaci\u00f3n y atenci\u00f3n plena<\/strong>\n<p class=\"mv-type--body\">\n<\/li>\n<\/ol>\n<div class=\"pb-markdown min-h-fit mv-type--titlebold5 text-center mb-8 md_mb-12 lg_mb-16 lg_w-2\/3 mx-auto storyblok__outline\" data-v-65686310=\"\" data-blok-c=\"undefined\" data-blok-uid=\"undefined\">\n<h2>PLAN DE ESTUDIO<\/h2>\n<p>&nbsp;<\/p>\n<\/div>\n<div class=\"flex flex-wrap-reverse lg_flex-wrap lg_items-center min-h-fit storyblok__outline\" data-v-65686310=\"\" data-blok-c=\"undefined\" data-blok-uid=\"undefined\">\n<div class=\"pb-markdown min-h-fit mv-type--body lg_w-1\/3 storyblok__outline\" data-v-65686310=\"\" data-blok-c=\"undefined\" data-blok-uid=\"undefined\">\n<p>Salto Cu\u00e1ntico de Mindvalley es un programa en l\u00ednea que te gu\u00eda a trav\u00e9s de cada paso de la exploraci\u00f3n del multiverso y el encuentro con tus yoes alternativos a trav\u00e9s del poder de la visualizaci\u00f3n avanzada.<\/p>\n<p>&nbsp;<\/p>\n<p>Te unir\u00e1s al creador de Salto Cu\u00e1ntico, Burt Goldman, en una serie de lecciones multimedia, visualizaciones y ejercicios mentales de nivel alfa para dominar esta pr\u00e1ctica transformacional.<\/p>\n<p>&nbsp;<\/p>\n<p>El programa est\u00e1 dise\u00f1ado para estudiarlo f\u00e1cilmente a su propio ritmo y no es necesaria experiencia previa: una mente abierta es la \u00fanica herramienta que necesita para seguirlo y convertirse en un saltador cu\u00e1ntico altamente capaz.<\/p>\n<p>&nbsp;<\/p>\n<p>Y al final del programa, ser\u00e1s totalmente capaz de realizar tus propios Saltos Cu\u00e1nticos: tan a menudo como quieras y para cualquier objetivo o deseo.<\/p>\n<p>&nbsp;<\/p>\n<h3 style=\"text-align: center;\">Salto Cu\u00e1ntico Burt Goldman Mindvalley Espa\u00f1ol<\/h3>\n<p>&nbsp;<\/p>\n<\/div>\n<p><img decoding=\"async\" class=\"aligncenter\" src=\"https:\/\/storyblok-cdn.mindvalley.com\/f\/60579\/2068x1110\/a99e40ad39\/qj_sp_devices_curriculum.png?quality=60&amp;auto=webp&amp;dpr=1&amp;width=800\" alt=\"Salto cu\u00e1ntico en m\u00faltiples dispositivos\" \/><\/p>\n<\/div>\n<\/div>\n<\/div>\n","protected":false},"excerpt":{"rendered":"<h4>CREA UN NUEVO YO CON EL SALTO CU\u00c1NTICO DE MINDVALLEY POR BURT GOLDMAN<\/h4>\n<p>Audio en espa\u00f1ol<\/p>\n<p>40 lecciones<\/p>\n<p>Acceso siempre<\/p>\n","protected":false},"featured_media":1748,"comment_status":"open","ping_status":"closed","template":"","meta":{"site-sidebar-layout":"default","site-content-layout":"default","ast-global-header-display":"","ast-main-header-display":"","ast-hfb-above-header-display":"","ast-hfb-below-header-display":"","ast-hfb-mobile-header-display":"","site-post-title":"","ast-breadcrumbs-content":"","ast-featured-img":"","footer-sml-layout":"","theme-transparent-header-meta":"default","adv-header-id-meta":"","stick-header-meta":"","header-above-stick-meta":"","header-main-stick-meta":"","header-below-stick-meta":"","_joinchat":[]},"product_brand":[],"product_cat":[23,22],"product_tag":[],"class_list":{"0":"post-1747","1":"product","2":"type-product","3":"status-publish","4":"has-post-thumbnail","6":"product_cat-cursos","7":"product_cat-cursos-mindvalley","8":"desktop-align-left","9":"tablet-align-left","10":"mobile-align-left","12":"first","13":"instock","14":"sale","15":"downloadable","16":"shipping-taxable","17":"purchasable","18":"product-type-simple"},"_links":{"self":[{"href":"https:\/\/quebaratodigital.com\/index.php?rest_route=\/wp\/v2\/product\/1747","targetHints":{"allow":["GET"]}}],"collection":[{"href":"https:\/\/quebaratodigital.com\/index.php?rest_route=\/wp\/v2\/product"}],"about":[{"href":"https:\/\/quebaratodigital.com\/index.php?rest_route=\/wp\/v2\/types\/product"}],"replies":[{"embeddable":true,"href":"https:\/\/quebaratodigital.com\/index.php?rest_route=%2Fwp%2Fv2%2Fcomments&post=1747"}],"wp:featuredmedia":[{"embeddable":true,"href":"https:\/\/quebaratodigital.com\/index.php?rest_route=\/wp\/v2\/media\/1748"}],"wp:attachment":[{"href":"https:\/\/quebaratodigital.com\/index.php?rest_route=%2Fwp%2Fv2%2Fmedia&parent=1747"}],"wp:term":[{"taxonomy":"product_brand","embeddable":true,"href":"https:\/\/quebaratodigital.com\/index.php?rest_route=%2Fwp%2Fv2%2Fproduct_brand&post=1747"},{"taxonomy":"product_cat","embeddable":true,"href":"https:\/\/quebaratodigital.com\/index.php?rest_route=%2Fwp%2Fv2%2Fproduct_cat&post=1747"},{"taxonomy":"product_tag","embeddable":true,"href":"https:\/\/quebaratodigital.com\/index.php?rest_route=%2Fwp%2Fv2%2Fproduct_tag&post=1747"}],"curies":[{"name":"wp","href":"https:\/\/api.w.org\/{rel}","templated":true}]}}