{"id":1753,"date":"2025-02-13T21:03:22","date_gmt":"2025-02-13T21:03:22","guid":{"rendered":"https:\/\/quebaratodigital.com\/?post_type=product&#038;p=1753"},"modified":"2025-10-16T15:16:52","modified_gmt":"2025-10-16T15:16:52","slug":"redes-de-poder-de-coral-mujaes","status":"publish","type":"product","link":"https:\/\/quebaratodigital.com\/?product=redes-de-poder-de-coral-mujaes","title":{"rendered":"Redes de Poder de Coral Mujaes"},"content":{"rendered":"<div class=\"elementor-element elementor-element-b660b0f premium-title-color elementor-widget elementor-widget-premium-addon-title\" data-id=\"b660b0f\" data-element_type=\"widget\" data-widget_type=\"premium-addon-title.default\">\n<div class=\"elementor-widget-container\">\n<div class=\"premium-title-container style1\">\n<h2 class=\"premium-title-header premium-title-style1\"><span class=\"premium-title-text\">\u00bfQu\u00e9 aprender\u00e1s en Redes de Poder de Coral Mujaes?<\/span><\/h2>\n<\/div>\n<\/div>\n<\/div>\n<section class=\"elementor-section elementor-inner-section elementor-element elementor-element-0837d40 elementor-section-boxed elementor-section-height-default elementor-section-height-default\" data-id=\"0837d40\" data-element_type=\"section\" data-settings=\"{&quot;jet_parallax_layout_list&quot;:[],&quot;premium_particles_zindex&quot;:0,&quot;premium_particles_responsive&quot;:[&quot;desktop&quot;,&quot;tablet&quot;,&quot;mobile&quot;]}\">\n<div class=\"elementor-container elementor-column-gap-default\">\n<div class=\"elementor-column elementor-col-100 elementor-inner-column elementor-element elementor-element-024b031\" data-id=\"024b031\" data-element_type=\"column\" data-settings=\"{&quot;premium_particles_zindex&quot;:0,&quot;premium_particles_responsive&quot;:[&quot;desktop&quot;,&quot;tablet&quot;,&quot;mobile&quot;]}\">\n<div class=\"elementor-widget-wrap elementor-element-populated\">\n<div class=\"elementor-element elementor-element-b13c974 elementor-align-left elementor-icon-list--layout-traditional elementor-list-item-link-full_width elementor-widget elementor-widget-icon-list\" data-id=\"b13c974\" data-element_type=\"widget\" data-widget_type=\"icon-list.default\">\n<div class=\"elementor-widget-container\">\n<ul class=\"elementor-icon-list-items\">\n<li class=\"elementor-icon-list-item\"><span class=\"elementor-icon-list-text\"><i class=\"fa fa-check\" aria-hidden=\"true\"><\/i>\u00a0Aprende estrategias avanzadas para crear contenido viral.<\/span><\/li>\n<li class=\"elementor-icon-list-item\"><span class=\"elementor-icon-list-text\"><i class=\"fa fa-check\" aria-hidden=\"true\"><\/i>\u00a0Descubre c\u00f3mo usar el algoritmo de cada red social a tu favor.<\/span><\/li>\n<\/ul>\n<\/div>\n<\/div>\n<\/div>\n<\/div>\n<\/div>\n<\/section>\n<div class=\"elementor-element elementor-element-1fd3b23 premium-title-color elementor-widget elementor-widget-premium-addon-title\" data-id=\"1fd3b23\" data-element_type=\"widget\" data-widget_type=\"premium-addon-title.default\">\n<div class=\"elementor-widget-container\">\n<div class=\"premium-title-container style1\">\n<h2 class=\"premium-title-header premium-title-style1\"><span class=\"premium-title-text\">\u00bfQu\u00e9 es Redes de Poder de Coral Mujaes?<\/span><\/h2>\n<\/div>\n<\/div>\n<\/div>\n<div class=\"elementor-element elementor-element-37ba0f01 elementor-widget elementor-widget-woocommerce-product-content\" data-id=\"37ba0f01\" data-element_type=\"widget\" data-widget_type=\"woocommerce-product-content.default\">\n<div class=\"elementor-widget-container\">\n<h2>Con el curso\u00a0<strong>Redes de Poder <\/strong>Transforma tus redes sociales en m\u00e1quinas de viralizaci\u00f3n y ventas.<\/h2>\n<p>&nbsp;<\/p>\n<p>Con el curso \u201cRedes de Poder\u201d de Coral Mujaes, aprender\u00e1s a dominar las t\u00e9cnicas avanzadas de creaci\u00f3n de contenido viral y monetizable en plataformas como TikTok, Instagram y YouTube. Esta metodolog\u00eda \u00fanica, que llev\u00f3 a Coral a acumular m\u00e1s de 4 millones de seguidores en tan solo 13 meses, est\u00e1 dise\u00f1ada para ense\u00f1arte c\u00f3mo captar clientes sin necesidad de webinars, diferenciarte de tu competencia y aumentar tu autoridad en el mercado digital.<\/p>\n<p>&nbsp;<\/p>\n<h2>Aprende a viralizar contenido con prop\u00f3sito<\/h2>\n<p>Deja de preguntarte c\u00f3mo funcionan los algoritmos y convi\u00e9rtete en un experto en el lenguaje de cada red social. Este curso te proporciona herramientas pr\u00e1cticas y estrategias comprobadas para crear contenido que no solo sea atractivo, sino que tambi\u00e9n conecte con tu audiencia y convierta seguidores en clientes leales.<\/p>\n<p>&nbsp;<\/p>\n<h3>Las claves de la viralizaci\u00f3n y la monetizaci\u00f3n de Coral Mujaes<\/h3>\n<p>Descubre c\u00f3mo crear publicaciones y videos dise\u00f1ados espec\u00edficamente para captar la atenci\u00f3n de audiencias m\u00e1s amplias, generando interacciones que se traduzcan en ventas. Dominar\u00e1s las t\u00e9cnicas m\u00e1s innovadoras en creaci\u00f3n de contenido para destacar en un entorno competitivo, mientras construyes una comunidad s\u00f3lida que apoye tu marca o negocio.<\/p>\n<\/div>\n<h3>Aumenta tu autoridad y transforma tus n\u00fameros<\/h3>\n<p>Aprender\u00e1s a:<\/p>\n<ul>\n<li>Crear contenido que potencie tu presencia y autoridad en redes sociales.<\/li>\n<li>Dominar los algoritmos de TikTok, Instagram y YouTube.<\/li>\n<li>Generar seguidores interesados en tus productos o servicios.<\/li>\n<li>Fomentar la interacci\u00f3n y compromiso de tu comunidad.<\/li>\n<li>Aplicar estrategias para convertir seguidores en clientes y aumentar tus ingresos.<\/li>\n<\/ul>\n<div id=\"target-id67a931ce3d948\" class=\"collapseomatic_content \">\n<h3>\u00bfQu\u00e9 m\u00f3dulos incluye?<\/h3>\n<ul>\n<li>M\u00f3dulo 1. Introducci\u00f3n, mentalidad y ventas<\/li>\n<li>M\u00f3dulo 2. Avatar, oferta, promoci\u00f3n<\/li>\n<li>M\u00f3dulo 3. Estructura de contenido viral<\/li>\n<li>M\u00f3dulo 4. Grabaci\u00f3n y edici\u00f3n<\/li>\n<li>M\u00f3dulo 5. Estrategia para viralizar cualquier cuenta en Instagram<\/li>\n<li>M\u00f3dulo 6. Estrategia Omnicanal (C\u00f3mo ser viral en TikTok y Youtube)<\/li>\n<li>M\u00f3dulo 7. C\u00f3mo conseguir m\u00e1s clientes de los que puedes atender con tus redes<\/li>\n<li>M\u00f3dulo 8. C\u00f3mo usar las historias de Instagram<\/li>\n<li>M\u00f3dulo 9. Chatbots y c\u00f3mo vender incluso sin una web<\/li>\n<li>Bono extra<\/li>\n<li>Preguntas frecuentes sobre implementaci\u00f3n<\/li>\n<li>Sesiones en vivo<\/li>\n<\/ul>\n<div class=\"flex max-w-full flex-col flex-grow\">\n<div class=\"min-h-8 text-message flex w-full flex-col items-end gap-2 whitespace-normal break-words [.text-message+&amp;]:mt-5\" dir=\"auto\" data-message-author-role=\"assistant\" data-message-id=\"fa08a7f6-28d7-4ec9-b878-4b5711ada301\" data-message-model-slug=\"gpt-4o\">\n<div class=\"flex w-full flex-col gap-1 empty:hidden first:pt-[3px]\">\n<div class=\"markdown prose w-full break-words dark:prose-invert dark\">\n<h2>Lo que aprender\u00e1s en este curso<\/h2>\n<ul>\n<li>C\u00f3mo usar el algoritmo de cada red social a tu favor.<\/li>\n<li>Estrategias avanzadas para crear contenido viral.<\/li>\n<li>M\u00e9todos para captar y convertir audiencias en clientes leales.<\/li>\n<li>T\u00e9cnicas para construir una marca personal s\u00f3lida y memorable.<\/li>\n<li>F\u00f3rmulas comprobadas para generar ingresos pasivos mediante redes sociales.<\/li>\n<\/ul>\n<p>No pierdas la oportunidad de aprender de una experta en viralizaci\u00f3n que ha revolucionado el contenido digital en espa\u00f1ol. \u00a1Inscr\u00edbete ahora y comienza a transformar tu presencia en redes sociales!<\/p>\n<\/div>\n<\/div>\n<\/div>\n<\/div>\n<\/div>\n<\/div>\n","protected":false},"excerpt":{"rendered":"<h2>Con el curso\u00a0<strong>Redes de Poder de Coral Mujaes<\/strong>\u00a0Transforma tus redes sociales en m\u00e1quinas de viralizaci\u00f3n y ventas.<\/h2>\n","protected":false},"featured_media":1754,"comment_status":"open","ping_status":"closed","template":"","meta":{"site-sidebar-layout":"default","site-content-layout":"default","ast-global-header-display":"","ast-main-header-display":"","ast-hfb-above-header-display":"","ast-hfb-below-header-display":"","ast-hfb-mobile-header-display":"","site-post-title":"","ast-breadcrumbs-content":"","ast-featured-img":"","footer-sml-layout":"","theme-transparent-header-meta":"default","adv-header-id-meta":"","stick-header-meta":"","header-above-stick-meta":"","header-main-stick-meta":"","header-below-stick-meta":"","_joinchat":[]},"product_brand":[],"product_cat":[23],"product_tag":[],"class_list":{"0":"post-1753","1":"product","2":"type-product","3":"status-publish","4":"has-post-thumbnail","6":"product_cat-cursos","7":"desktop-align-left","8":"tablet-align-left","9":"mobile-align-left","11":"first","12":"instock","13":"sale","14":"downloadable","15":"shipping-taxable","16":"purchasable","17":"product-type-simple"},"_links":{"self":[{"href":"https:\/\/quebaratodigital.com\/index.php?rest_route=\/wp\/v2\/product\/1753","targetHints":{"allow":["GET"]}}],"collection":[{"href":"https:\/\/quebaratodigital.com\/index.php?rest_route=\/wp\/v2\/product"}],"about":[{"href":"https:\/\/quebaratodigital.com\/index.php?rest_route=\/wp\/v2\/types\/product"}],"replies":[{"embeddable":true,"href":"https:\/\/quebaratodigital.com\/index.php?rest_route=%2Fwp%2Fv2%2Fcomments&post=1753"}],"wp:featuredmedia":[{"embeddable":true,"href":"https:\/\/quebaratodigital.com\/index.php?rest_route=\/wp\/v2\/media\/1754"}],"wp:attachment":[{"href":"https:\/\/quebaratodigital.com\/index.php?rest_route=%2Fwp%2Fv2%2Fmedia&parent=1753"}],"wp:term":[{"taxonomy":"product_brand","embeddable":true,"href":"https:\/\/quebaratodigital.com\/index.php?rest_route=%2Fwp%2Fv2%2Fproduct_brand&post=1753"},{"taxonomy":"product_cat","embeddable":true,"href":"https:\/\/quebaratodigital.com\/index.php?rest_route=%2Fwp%2Fv2%2Fproduct_cat&post=1753"},{"taxonomy":"product_tag","embeddable":true,"href":"https:\/\/quebaratodigital.com\/index.php?rest_route=%2Fwp%2Fv2%2Fproduct_tag&post=1753"}],"curies":[{"name":"wp","href":"https:\/\/api.w.org\/{rel}","templated":true}]}}