{"id":1755,"date":"2025-02-13T21:07:33","date_gmt":"2025-02-13T21:07:33","guid":{"rendered":"https:\/\/quebaratodigital.com\/?post_type=product&#038;p=1755"},"modified":"2025-09-22T17:43:50","modified_gmt":"2025-09-22T17:43:50","slug":"negocios-de-poder-coral-mujaes","status":"publish","type":"product","link":"https:\/\/quebaratodigital.com\/?product=negocios-de-poder-coral-mujaes","title":{"rendered":"Negocios De Poder Coral Mujaes"},"content":{"rendered":"<h2 class=\"sub-title_header\" style=\"text-align: center;\">\u00a1BIENVENID@ A NEGOCIO DE PODER!<\/h2>\n<h2 class=\"sub-title_header\" style=\"text-align: center;\">FACTURA TUS PRIMEROS 10K USD EN L\u00cdNEA EN 60 D\u00cdAS<\/h2>\n<p style=\"text-align: center;\">Empieza tu negocio digital hoy mismo, sin importar si no sabes de tecnolog\u00eda o marketing.<\/p>\n<p>&nbsp;<\/p>\n<p>\u00a1LLEG\u00d3 EL MOMENTO DE SUMARTE A LA ERA DIGITAL!<\/p>\n<p>NEGOCIO DE PODER ES EL PUENTE QUE TE LLEVAR\u00c1 DE UN NEGOCIO LIMITADO A UNO QUE TE D\u00c9 LIBERTAD.<\/p>\n<p>En Negocio de Poder te ense\u00f1ar\u00e9 el plan definitivo para transformar tu conocimiento en\u00a0un negocio digital rentable, sin depender de nadie m\u00e1s (ni agencias, socios o aliados) para hacerlo funcionar. Te dar\u00e9 las herramientas de marketing digital m\u00e1s disruptivas y LUCRATIVAS que los mentores tradicionales no te ense\u00f1an.<\/p>\n<p>Hoy por hoy, empaquetar tu experiencia en un programa digital es la forma m\u00e1s inteligente para hacer generar abundancia econ\u00f3mica y quienes se sumen HOY a esta nueva econom\u00eda se llevar\u00e1n a la mayor\u00eda de los clientes.<\/p>\n<p>Trabajar m\u00e1s no es suficiente; necesitas trabajar inteligente.\u00a0La \u00fanica forma real de ganar m\u00e1s\u00a0(sin sacrificar tu salud, tu tiempo o tu familia) es vendiendo de manera masiva a trav\u00e9s de un producto digital.<\/p>\n<p>Si puedes ayudar a otros a lograr un resultado.. el mercado digital es para ti.<\/p>\n<p>&nbsp;<\/p>\n<div class=\"row-fluid-wrapper row-depth-1 row-number-56 dnd-row\">\n<div class=\"row-fluid \">\n<div class=\"span12 widget-span widget-type-custom_widget dnd-module\" data-widget-type=\"custom_widget\" data-x=\"0\" data-w=\"12\">\n<div id=\"hs_cos_wrapper_module_1698253259111\" class=\"hs_cos_wrapper hs_cos_wrapper_widget hs_cos_wrapper_type_module widget-type-header\" data-hs-cos-general-type=\"widget\" data-hs-cos-type=\"module\">\n<h3>\u00a1LA TRANSFORMACI\u00d3N QUE NECESITAS EMPIEZA AQU\u00cd!<\/h3>\n<\/div>\n<\/div>\n<\/div>\n<\/div>\n<div class=\"row-fluid-wrapper row-depth-1 row-number-57 cell_16982533463573-row-2-padding cell_16982533463573-row-2-vertical-alignment dnd-row\">\n<div class=\"row-fluid \">\n<div class=\"span12 widget-span widget-type-cell cell_1698253424425-margin cell_1698253424425-padding cell_1698253424425-vertical-alignment dnd-column\" data-widget-type=\"cell\" data-x=\"0\" data-w=\"12\">\n<div class=\"row-fluid-wrapper row-depth-1 row-number-58 dnd-row\">\n<div class=\"row-fluid \">\n<div class=\"span12 widget-span widget-type-custom_widget dnd-module\" data-widget-type=\"custom_widget\" data-x=\"0\" data-w=\"12\">\n<div id=\"hs_cos_wrapper_module_1698254150274\" class=\"hs_cos_wrapper hs_cos_wrapper_widget hs_cos_wrapper_type_module widget-type-rich_text\" data-hs-cos-general-type=\"widget\" data-hs-cos-type=\"module\">\n<p>El primer programa de habla hispana que te llevar\u00e1 a construir intencionalmente un negocio en internet, vendiendo tus formaciones online, para hacer dinero con principios comprobados.<\/p>\n<p>\u00a1Te quiero ayudar a construir una \u00abm\u00e1quina de hacer dinero\u00bb!<\/p>\n<\/div>\n<\/div>\n<p><img decoding=\"async\" class=\"aligncenter\" src=\"https:\/\/negocio.coralmujaes.com\/hs-fs\/hubfs\/macndp.png?width=500&amp;height=325&amp;name=macndp.png\" alt=\"macndp\" \/><\/p>\n<\/div>\n<h4><strong>NEGOCIO DE PODER TE DAR\u00c1:<\/strong><\/h4>\n<p>&nbsp;<\/p>\n<p>\ud83d\udd25\u00a0Independencia tecnol\u00f3gica: Deja de depender de otros para gestionar tu negocio digital.<\/p>\n<p>\ud83d\udd25Automatizaci\u00f3n y marketing digital: Aprende a crear embudos de ventas con un copy disruptivo, que conecta y que convierte<\/p>\n<p>\ud83d\udd25Estructura clara y confianza: Sabes lo que haces, pero no sab\u00edas por d\u00f3nde empezar. Negocio de Poder te dar\u00e1 la estructura para organizar tus ideas y lanzar con confianza.<\/p>\n<p>\ud83d\udd25Ventas reales, sin depender de nadie m\u00e1s: Olv\u00eddate de esperar resultados de agencias externas. T\u00fa misma aprender\u00e1s c\u00f3mo atraer a los clientes correctos y venderles de manera efectiva.<\/p>\n<p>&nbsp;<\/p>\n<\/div>\n<p>Adem\u00e1s Negocio de Poder te da la educaci\u00f3n tecnol\u00f3gica y la estructura que necesitas para darle orden a tus talentos y creatividad.<\/p>\n<p>Plataformas, aplicaciones, know-how para mujeres CERO TECNOL\u00d3GICAS\u00a0 y multipasionales.\u00a0(hasta la fecha yo no s\u00e9 hacer NADA TECH \u00a1Te lo prometo!) Y tengo un negocio pr\u00f3spero en l\u00ednea.<\/p>\n<div class=\"row-fluid-wrapper row-depth-1 row-number-58 dnd-row\">\n<div class=\"row-fluid \">\n<p>&nbsp;<\/p>\n<\/div>\n<\/div>\n<\/div>\n<\/div>\n<\/div>\n","protected":false},"excerpt":{"rendered":"<h2 class=\"sub-title_header\">FACTURA TUS PRIMEROS 10K USD EN L\u00cdNEA EN 60 D\u00cdAS<\/h2>\n<p>Empieza tu negocio digital hoy mismo, sin importar si no sabes de tecnolog\u00eda o marketing.<\/p>\n","protected":false},"featured_media":1756,"comment_status":"open","ping_status":"closed","template":"","meta":{"site-sidebar-layout":"default","site-content-layout":"default","ast-global-header-display":"","ast-main-header-display":"","ast-hfb-above-header-display":"","ast-hfb-below-header-display":"","ast-hfb-mobile-header-display":"","site-post-title":"","ast-breadcrumbs-content":"","ast-featured-img":"","footer-sml-layout":"","theme-transparent-header-meta":"default","adv-header-id-meta":"","stick-header-meta":"","header-above-stick-meta":"","header-main-stick-meta":"","header-below-stick-meta":"","_joinchat":[]},"product_brand":[],"product_cat":[23],"product_tag":[],"class_list":{"0":"post-1755","1":"product","2":"type-product","3":"status-publish","4":"has-post-thumbnail","6":"product_cat-cursos","7":"desktop-align-left","8":"tablet-align-left","9":"mobile-align-left","11":"first","12":"instock","13":"sale","14":"shipping-taxable","15":"purchasable","16":"product-type-simple"},"_links":{"self":[{"href":"https:\/\/quebaratodigital.com\/index.php?rest_route=\/wp\/v2\/product\/1755","targetHints":{"allow":["GET"]}}],"collection":[{"href":"https:\/\/quebaratodigital.com\/index.php?rest_route=\/wp\/v2\/product"}],"about":[{"href":"https:\/\/quebaratodigital.com\/index.php?rest_route=\/wp\/v2\/types\/product"}],"replies":[{"embeddable":true,"href":"https:\/\/quebaratodigital.com\/index.php?rest_route=%2Fwp%2Fv2%2Fcomments&post=1755"}],"wp:featuredmedia":[{"embeddable":true,"href":"https:\/\/quebaratodigital.com\/index.php?rest_route=\/wp\/v2\/media\/1756"}],"wp:attachment":[{"href":"https:\/\/quebaratodigital.com\/index.php?rest_route=%2Fwp%2Fv2%2Fmedia&parent=1755"}],"wp:term":[{"taxonomy":"product_brand","embeddable":true,"href":"https:\/\/quebaratodigital.com\/index.php?rest_route=%2Fwp%2Fv2%2Fproduct_brand&post=1755"},{"taxonomy":"product_cat","embeddable":true,"href":"https:\/\/quebaratodigital.com\/index.php?rest_route=%2Fwp%2Fv2%2Fproduct_cat&post=1755"},{"taxonomy":"product_tag","embeddable":true,"href":"https:\/\/quebaratodigital.com\/index.php?rest_route=%2Fwp%2Fv2%2Fproduct_tag&post=1755"}],"curies":[{"name":"wp","href":"https:\/\/api.w.org\/{rel}","templated":true}]}}