{"id":1757,"date":"2025-02-13T21:10:58","date_gmt":"2025-02-13T21:10:58","guid":{"rendered":"https:\/\/quebaratodigital.com\/?post_type=product&#038;p=1757"},"modified":"2025-10-16T15:14:30","modified_gmt":"2025-10-16T15:14:30","slug":"psicologia-fit-de-coral-mujaes","status":"publish","type":"product","link":"https:\/\/quebaratodigital.com\/?product=psicologia-fit-de-coral-mujaes","title":{"rendered":"Psicolog\u00eda Fit de Coral Mujaes"},"content":{"rendered":"<div class=\"elementor-element elementor-element-b660b0f premium-title-color elementor-widget elementor-widget-premium-addon-title\" data-id=\"b660b0f\" data-element_type=\"widget\" data-widget_type=\"premium-addon-title.default\">\n<div class=\"elementor-widget-container\">\n<div class=\"premium-title-container style1\">\n<h2 class=\"premium-title-header premium-title-style1\"><span class=\"premium-title-text\">\u00bfQu\u00e9 aprender\u00e1s en Psicolog\u00eda Fit de Coral Mujaes?<\/span><\/h2>\n<\/div>\n<\/div>\n<\/div>\n<section class=\"elementor-section elementor-inner-section elementor-element elementor-element-0837d40 elementor-section-boxed elementor-section-height-default elementor-section-height-default\" data-id=\"0837d40\" data-element_type=\"section\" data-settings=\"{&quot;jet_parallax_layout_list&quot;:[],&quot;premium_particles_zindex&quot;:0,&quot;premium_particles_responsive&quot;:[&quot;desktop&quot;,&quot;tablet&quot;,&quot;mobile&quot;]}\">\n<div class=\"elementor-container elementor-column-gap-default\">\n<div class=\"elementor-column elementor-col-100 elementor-inner-column elementor-element elementor-element-024b031\" data-id=\"024b031\" data-element_type=\"column\" data-settings=\"{&quot;premium_particles_zindex&quot;:0,&quot;premium_particles_responsive&quot;:[&quot;desktop&quot;,&quot;tablet&quot;,&quot;mobile&quot;]}\">\n<div class=\"elementor-widget-wrap elementor-element-populated\">\n<div class=\"elementor-element elementor-element-b13c974 elementor-align-left elementor-icon-list--layout-traditional elementor-list-item-link-full_width elementor-widget elementor-widget-icon-list\" data-id=\"b13c974\" data-element_type=\"widget\" data-widget_type=\"icon-list.default\">\n<div class=\"elementor-widget-container\">\n<ul class=\"elementor-icon-list-items\">\n<li class=\"elementor-icon-list-item\"><span class=\"elementor-icon-list-text\">\u00a0Aprende estrategias de nutrici\u00f3n para transformar tu cuerpo.<\/span><\/li>\n<li class=\"elementor-icon-list-item\"><span class=\"elementor-icon-list-text\">\u00a0Descubre t\u00e9cnicas para fortalecer tu autoestima y mentalidad.<\/span><\/li>\n<\/ul>\n<p>&nbsp;<\/p>\n<h2>Con el curso\u00a0<strong>Psicolog\u00eda Fit <\/strong>Transforma tu Cuerpo y tu Vida con Este Curso Integral.<\/h2>\n<p>Descubre c\u00f3mo lograr el cuerpo fit, marcado y est\u00e9tico que siempre has deseado, sin sacrificar tu vida social ni comprometer tu salud mental. Este curso est\u00e1 dise\u00f1ado para ayudarte a alcanzar un equilibrio entre bienestar f\u00edsico, emocional y personal, mientras mejoras tu autoestima y das un gran paso hacia la mejor versi\u00f3n de ti mismo. Prep\u00e1rate para esculpir no solo tu cuerpo, sino tambi\u00e9n tu mentalidad, y conquistar tus metas m\u00e1s ambiciosas.<\/p>\n<p>&nbsp;<\/p>\n<h2>Esculpe tu cuerpo como una herramienta de transformaci\u00f3n personal<\/h2>\n<p>En este curso, aprender\u00e1s que un cuerpo trabajado y saludable no es solo un objetivo f\u00edsico, sino una manifestaci\u00f3n de tu compromiso contigo mismo y tus metas. Te guiaremos paso a paso para que puedas mirarte al espejo y decirte, con genuina convicci\u00f3n: \u201cTe amo\u201d. Este viaje transformador no solo te ayudar\u00e1 a ganar fuerza f\u00edsica, sino tambi\u00e9n una autoestima inquebrantable que trascender\u00e1 todas tus dificultades. Donde antes hab\u00eda debilidad, encontrar\u00e1s fortaleza; donde hab\u00eda dudas, surgir\u00e1n confianza y satisfacci\u00f3n personal.<\/p>\n<p>&nbsp;<\/p>\n<p>Adem\u00e1s de trabajar en tu f\u00edsico, aprender\u00e1s a integrar h\u00e1bitos saludables y sostenibles que se adapten a tu estilo de vida, asegurando que tu bienestar no se limite a resultados temporales, sino que forme parte de tu d\u00eda a d\u00eda.<\/p>\n<p>&nbsp;<\/p>\n<h3>Metodolog\u00eda que respeta tu vida y tu mente<\/h3>\n<p>&nbsp;<\/p>\n<p>Uno de los pilares de este curso es demostrar que puedes transformar tu cuerpo sin caer en restricciones extremas o planes que comprometan tu felicidad. Aqu\u00ed aprender\u00e1s c\u00f3mo mantener un equilibrio que respete tu vida social y tu salud mental mientras avanzas hacia tus objetivos.<br \/>\n<strong>Tu transformaci\u00f3n ser\u00e1 integral y sostenible con Coral Mujaes.<\/strong><\/p>\n<p>Este curso incluye estrategias de nutrici\u00f3n, entrenamientos adaptables y herramientas pr\u00e1cticas para mantener la motivaci\u00f3n. Conocer\u00e1s m\u00e9todos efectivos para optimizar tu tiempo y disfrutar del proceso, haciendo de tu camino al cuerpo fit una experiencia placentera y emocionante.<\/p>\n<p>&nbsp;<\/p>\n<\/div>\n<\/div>\n<h3>\u00bfQu\u00e9 m\u00f3dulos incluye?<\/h3>\n<ul>\n<li>M\u00f3dulo 1. Empieza aqu\u00ed<\/li>\n<li>M\u00f3dulo 2. Preparaci\u00f3n<\/li>\n<li>M\u00f3dulo 3. La psicolog\u00eda correcta para nunca volver a fallar<\/li>\n<li>M\u00f3dulo 4. Domina tus antojos y construye disciplina inquebrantable<\/li>\n<li>M\u00f3dulo 5. Blindate emocionalmente ante los retos fit<\/li>\n<li>M\u00f3dulo 6. Las 3 leyes del fitness<\/li>\n<li>M\u00f3dulo 7. Refuerza tu psicolog\u00eda fit: el ant\u00eddoto a romper tu dieta<\/li>\n<li>M\u00f3dulo 8. Coaching con Maria Acosta IFBB PRO<\/li>\n<li>M\u00f3dulo 9. Miralo solo cuando hayas terminado tu programa<\/li>\n<\/ul>\n<p>&nbsp;<\/p>\n<div class=\"flex max-w-full flex-col flex-grow\">\n<div class=\"min-h-8 text-message flex w-full flex-col items-end gap-2 whitespace-normal break-words [.text-message+&amp;]:mt-5\" dir=\"auto\" data-message-author-role=\"assistant\" data-message-id=\"fa08a7f6-28d7-4ec9-b878-4b5711ada301\" data-message-model-slug=\"gpt-4o\">\n<div class=\"flex w-full flex-col gap-1 empty:hidden first:pt-[3px]\">\n<div class=\"markdown prose w-full break-words dark:prose-invert dark\">\n<h3>Qu\u00e9 aprender\u00e1s en este curso?<\/h3>\n<ul>\n<li>C\u00f3mo planificar entrenamientos efectivos que se adapten a tu estilo de vida.<\/li>\n<li>Estrategias de nutrici\u00f3n para transformar tu cuerpo sin sentirte en restricci\u00f3n.<\/li>\n<li>T\u00e9cnicas para fortalecer tu autoestima y mentalidad mientras trabajas en tu f\u00edsico.<\/li>\n<li>M\u00e9todos para integrar h\u00e1bitos saludables que sean sostenibles a largo plazo.<\/li>\n<li>Herramientas para equilibrar tu vida social con tus objetivos fitness.<\/li>\n<\/ul>\n<p>&nbsp;<\/p>\n<h2>Un cuerpo fit: la clave para potenciar todos tus proyectos<\/h2>\n<p>Un cuerpo trabajado no es solo una meta en s\u00ed misma; es una herramienta poderosa para impulsar todos los aspectos de tu vida. Con este curso, lograr\u00e1s no solo un f\u00edsico est\u00e9tico, sino tambi\u00e9n la energ\u00eda, confianza y claridad mental necesarias para llevar tu emprendimiento y proyectos personales al siguiente nivel. Ver\u00e1s c\u00f3mo esta transformaci\u00f3n impacta positivamente en tu satisfacci\u00f3n y felicidad en todos los \u00e1mbitos de tu vida.<\/p>\n<p>Este curso es m\u00e1s que una gu\u00eda para conseguir un cuerpo marcado: es una invitaci\u00f3n a un cambio profundo, a amar y respetar tu cuerpo como parte esencial de tu bienestar integral. Es el momento de dar el primer paso hacia la mejor versi\u00f3n de ti mismo. \u00bfEst\u00e1s listo para transformar tu cuerpo y tu vida? \u00a1Inscr\u00edbete ahora y comienza este viaje transformador!<\/p>\n<\/div>\n<\/div>\n<\/div>\n<\/div>\n<\/div>\n<\/div>\n<\/div>\n<\/section>\n","protected":false},"excerpt":{"rendered":"<h2>Transforma tu Cuerpo y tu Vida con Este Curso Integral.<\/h2>\n","protected":false},"featured_media":1758,"comment_status":"open","ping_status":"closed","template":"","meta":{"site-sidebar-layout":"default","site-content-layout":"default","ast-global-header-display":"","ast-main-header-display":"","ast-hfb-above-header-display":"","ast-hfb-below-header-display":"","ast-hfb-mobile-header-display":"","site-post-title":"","ast-breadcrumbs-content":"","ast-featured-img":"","footer-sml-layout":"","theme-transparent-header-meta":"default","adv-header-id-meta":"","stick-header-meta":"","header-above-stick-meta":"","header-main-stick-meta":"","header-below-stick-meta":"","_joinchat":[]},"product_brand":[],"product_cat":[23],"product_tag":[],"class_list":{"0":"post-1757","1":"product","2":"type-product","3":"status-publish","4":"has-post-thumbnail","6":"product_cat-cursos","7":"desktop-align-left","8":"tablet-align-left","9":"mobile-align-left","11":"first","12":"instock","13":"sale","14":"shipping-taxable","15":"purchasable","16":"product-type-simple"},"_links":{"self":[{"href":"https:\/\/quebaratodigital.com\/index.php?rest_route=\/wp\/v2\/product\/1757","targetHints":{"allow":["GET"]}}],"collection":[{"href":"https:\/\/quebaratodigital.com\/index.php?rest_route=\/wp\/v2\/product"}],"about":[{"href":"https:\/\/quebaratodigital.com\/index.php?rest_route=\/wp\/v2\/types\/product"}],"replies":[{"embeddable":true,"href":"https:\/\/quebaratodigital.com\/index.php?rest_route=%2Fwp%2Fv2%2Fcomments&post=1757"}],"wp:featuredmedia":[{"embeddable":true,"href":"https:\/\/quebaratodigital.com\/index.php?rest_route=\/wp\/v2\/media\/1758"}],"wp:attachment":[{"href":"https:\/\/quebaratodigital.com\/index.php?rest_route=%2Fwp%2Fv2%2Fmedia&parent=1757"}],"wp:term":[{"taxonomy":"product_brand","embeddable":true,"href":"https:\/\/quebaratodigital.com\/index.php?rest_route=%2Fwp%2Fv2%2Fproduct_brand&post=1757"},{"taxonomy":"product_cat","embeddable":true,"href":"https:\/\/quebaratodigital.com\/index.php?rest_route=%2Fwp%2Fv2%2Fproduct_cat&post=1757"},{"taxonomy":"product_tag","embeddable":true,"href":"https:\/\/quebaratodigital.com\/index.php?rest_route=%2Fwp%2Fv2%2Fproduct_tag&post=1757"}],"curies":[{"name":"wp","href":"https:\/\/api.w.org\/{rel}","templated":true}]}}