{"id":1765,"date":"2025-02-28T15:09:20","date_gmt":"2025-02-28T15:09:20","guid":{"rendered":"https:\/\/quebaratodigital.com\/?post_type=product&#038;p=1765"},"modified":"2025-09-22T17:43:51","modified_gmt":"2025-09-22T17:43:51","slug":"poder-autocontrol-y-libertad-coral-mujaes","status":"publish","type":"product","link":"https:\/\/quebaratodigital.com\/?product=poder-autocontrol-y-libertad-coral-mujaes","title":{"rendered":"Poder, Autocontrol y Libertad Coral Mujaes"},"content":{"rendered":"<p>Reclama tu poder personal ante la comida 4EVER. La gran mentira de los atracones es que te hacen creer que no tienes poder alguno sobre ellos y que eres su v\u00edctima.<\/p>\n<p>&nbsp;<\/p>\n<p>En este curso de 21 d\u00edas<strong>\u00a0aprender\u00e1s exactamente c\u00f3mo re-programar a tu cerebro para liberarlos de este comportamiento adictivo para siempre y lograr los objetivos<\/strong>\u00a0que siempre has querido en tu espiritual, tu integridad y si tu est\u00e9tica corporal \ud83d\ude03<\/p>\n<p>&nbsp;<\/p>\n<p><strong>ESTO ES LO QUE EST\u00c1S A PUNTO DE LOGRAR<\/strong><\/p>\n<p>&nbsp;<\/p>\n<p><strong>\ud83d\udc49Una transformaci\u00f3n profunda, no solo en tu relaci\u00f3n con la comida, sino tambi\u00e9n en c\u00f3mo te percibes y te relacionas con el mundo.<\/strong><\/p>\n<p>&nbsp;<\/p>\n<p>\ud83d\udc49Una vida donde la comida ya no domine tus pensamientos y emociones, sino que sea una fuente de nutrici\u00f3n y placer.<\/p>\n<p>&nbsp;<\/p>\n<p><strong>\ud83d\udc49Recuperar la confianza en ti mismo(a) y en tus decisiones, liber\u00e1ndote de creencias limitantes.<\/strong><\/p>\n<p>&nbsp;<\/p>\n<p>\ud83d\udc49Enfocarte en lo que realmente importa en tu vida, m\u00e1s all\u00e1 de la obsesi\u00f3n con la alimentaci\u00f3n.<\/p>\n<p>&nbsp;<\/p>\n<p>\ud83d\udc49Descubrir y vivir tu potencial m\u00e1ximo, d\u00e1ndote permiso para alcanzar tus sue\u00f1os sin que nada te detenga.<\/p>\n<p>&nbsp;<\/p>\n<p><strong>CONVI\u00c9RTETE EN LA VOZ DE AUTORIDAD EN TU VIDA. ERES QUI\u00c9N DECIDE TU DESTINO.<\/strong><\/p>\n<p>&nbsp;<\/p>\n<p><strong>\ud83d\udc69\u200d\ud83c\udfebCoral Mujaes<\/strong>\u00a0es una figura prominente y din\u00e1mica en el mundo de los negocios digitales y el desarrollo personal, destac\u00e1ndose como una l\u00edder carism\u00e1tica al frente de un imperio digital que agrupa a m\u00e1s de un mill\u00f3n de mujeres. Su influencia y ense\u00f1anzas han sido fundamentales en la formaci\u00f3n y el empoderamiento de mujeres en el \u00e1mbito empresarial digital, convirti\u00e9ndola en un referente indispensable en el sector.<\/p>\n<p>&nbsp;<\/p>\n<p>&nbsp;<\/p>\n","protected":false},"excerpt":{"rendered":"<p><strong>CONVI\u00c9RTETE EN LA VOZ DE AUTORIDAD EN TU VIDA. ERES QUI\u00c9N DECIDE TU DESTINO.<\/strong><\/p>\n","protected":false},"featured_media":1766,"comment_status":"open","ping_status":"closed","template":"","meta":{"site-sidebar-layout":"default","site-content-layout":"default","ast-global-header-display":"","ast-main-header-display":"","ast-hfb-above-header-display":"","ast-hfb-below-header-display":"","ast-hfb-mobile-header-display":"","site-post-title":"","ast-breadcrumbs-content":"","ast-featured-img":"","footer-sml-layout":"","theme-transparent-header-meta":"default","adv-header-id-meta":"","stick-header-meta":"","header-above-stick-meta":"","header-main-stick-meta":"","header-below-stick-meta":"","_joinchat":[]},"product_brand":[],"product_cat":[23],"product_tag":[],"class_list":{"0":"post-1765","1":"product","2":"type-product","3":"status-publish","4":"has-post-thumbnail","6":"product_cat-cursos","7":"desktop-align-left","8":"tablet-align-left","9":"mobile-align-left","11":"first","12":"instock","13":"sale","14":"shipping-taxable","15":"purchasable","16":"product-type-simple"},"_links":{"self":[{"href":"https:\/\/quebaratodigital.com\/index.php?rest_route=\/wp\/v2\/product\/1765","targetHints":{"allow":["GET"]}}],"collection":[{"href":"https:\/\/quebaratodigital.com\/index.php?rest_route=\/wp\/v2\/product"}],"about":[{"href":"https:\/\/quebaratodigital.com\/index.php?rest_route=\/wp\/v2\/types\/product"}],"replies":[{"embeddable":true,"href":"https:\/\/quebaratodigital.com\/index.php?rest_route=%2Fwp%2Fv2%2Fcomments&post=1765"}],"wp:featuredmedia":[{"embeddable":true,"href":"https:\/\/quebaratodigital.com\/index.php?rest_route=\/wp\/v2\/media\/1766"}],"wp:attachment":[{"href":"https:\/\/quebaratodigital.com\/index.php?rest_route=%2Fwp%2Fv2%2Fmedia&parent=1765"}],"wp:term":[{"taxonomy":"product_brand","embeddable":true,"href":"https:\/\/quebaratodigital.com\/index.php?rest_route=%2Fwp%2Fv2%2Fproduct_brand&post=1765"},{"taxonomy":"product_cat","embeddable":true,"href":"https:\/\/quebaratodigital.com\/index.php?rest_route=%2Fwp%2Fv2%2Fproduct_cat&post=1765"},{"taxonomy":"product_tag","embeddable":true,"href":"https:\/\/quebaratodigital.com\/index.php?rest_route=%2Fwp%2Fv2%2Fproduct_tag&post=1765"}],"curies":[{"name":"wp","href":"https:\/\/api.w.org\/{rel}","templated":true}]}}