{"id":1768,"date":"2025-02-28T15:22:47","date_gmt":"2025-02-28T15:22:47","guid":{"rendered":"https:\/\/quebaratodigital.com\/?post_type=product&#038;p=1768"},"modified":"2025-09-22T17:43:50","modified_gmt":"2025-09-22T17:43:50","slug":"conquista-tu-destino-coral-mujaes","status":"publish","type":"product","link":"https:\/\/quebaratodigital.com\/?product=conquista-tu-destino-coral-mujaes","title":{"rendered":"Conquista Tu Destino Coral Mujaes"},"content":{"rendered":"<h3 style=\"text-align: center;\">SEMINARIO EN VIVO INTENSIVO PARA MUJERES AMBICIOSAS, DUE\u00d1AS DE NEGOCIO EN BUSCA DE TENERLO TODO \ud83d\udcb0\ud83d\udcaa<\/h3>\n<p>&nbsp;<\/p>\n<div class=\"row-fluid-wrapper row-depth-1 row-number-136 dnd-row\">\n<div class=\"row-fluid \">\n<div class=\"span12 widget-span widget-type-custom_widget dnd-module\" data-widget-type=\"custom_widget\" data-x=\"0\" data-w=\"12\">\n<div id=\"hs_cos_wrapper_module_170172382891817\" class=\"hs_cos_wrapper hs_cos_wrapper_widget hs_cos_wrapper_type_module widget-type-rich_text\" data-hs-cos-general-type=\"widget\" data-hs-cos-type=\"module\">\n<p class=\"parrafo\">En el mundo saturado de hoy vemos todo tipo de l\u00edderes batallando con sacar sus emprendimientos adelante, no pudiendo vender por m\u00e1s cursos de marketing y emprendimiento y abundancia que compran.<\/p>\n<p>&nbsp;<\/p>\n<h4 class=\"subtitulos\">\u00bfSABES QU\u00c9 DESCUBR\u00cd?<\/h4>\n<p>&nbsp;<\/p>\n<\/div>\n<\/div>\n<\/div>\n<\/div>\n<div class=\"row-fluid-wrapper row-depth-1 row-number-137 dnd-row\">\n<div class=\"row-fluid \">\n<div class=\"span12 widget-span widget-type-custom_widget dnd-module\" data-widget-type=\"custom_widget\" data-x=\"0\" data-w=\"12\">\n<div id=\"hs_cos_wrapper_module_170172382891820\" class=\"hs_cos_wrapper hs_cos_wrapper_widget hs_cos_wrapper_type_module widget-type-rich_text\" data-hs-cos-general-type=\"widget\" data-hs-cos-type=\"module\">\n<p>Que existe un problema de incongruencia entre los l\u00edderes y sus mensajes, es decir, por m\u00e1s que pregonan una cosa en su vida privada no pueden ellos mismos cumplir las propias promesas de sus programas, productos o servicios.<\/p>\n<p>&nbsp;<\/p>\n<p>Cuando una expera o mujer de negocios esta detr\u00e1s de c\u00e1maras. No pueden seguir sus propios consejos, les cuesta trabajo vivir su mensaje, y estar alineadas con lo que predican y en realidad creen.<\/p>\n<p>&nbsp;<\/p>\n<p>Por ejemplo, predican que \u201cganan millones\u201d pero apenas pueden pagar sus cuentas. Predican \u201cbaja de peso, sigue una dieta\u201d y siguen comiendo en exceso a escondidas y con una alimentaci\u00f3n desordenada sin poder tener un cuerpo que grite los resultados que prometen.<\/p>\n<\/div>\n<\/div>\n<p><img decoding=\"async\" src=\"https:\/\/reto.coralmujaes.com\/hs-fs\/hubfs\/Cory-2x.png?width=200&amp;height=221&amp;name=Cory-2x.png\" alt=\"Cory-2x\" \/><\/p>\n<div class=\"row-fluid-wrapper row-depth-2 row-number-1 dnd-row\">\n<div class=\"row-fluid \">\n<div class=\"span12 widget-span widget-type-custom_widget dnd-module\" data-widget-type=\"custom_widget\" data-x=\"0\" data-w=\"12\">\n<div id=\"hs_cos_wrapper_module_17017249271207\" class=\"hs_cos_wrapper hs_cos_wrapper_widget hs_cos_wrapper_type_module widget-type-rich_text\" data-hs-cos-general-type=\"widget\" data-hs-cos-type=\"module\">\n<h4 class=\"subtitulos\">ESTA LUCHA INTERNA MATA TUS VENTAS. PORQUE TU PALABRA PIERDE PODER.<\/h4>\n<\/div>\n<\/div>\n<\/div>\n<\/div>\n<div class=\"row-fluid-wrapper row-depth-2 row-number-2 dnd-row\">\n<div class=\"row-fluid \">\n<div class=\"span12 widget-span widget-type-custom_widget dnd-module\" data-widget-type=\"custom_widget\" data-x=\"0\" data-w=\"12\">\n<div id=\"hs_cos_wrapper_module_17017249271208\" class=\"hs_cos_wrapper hs_cos_wrapper_widget hs_cos_wrapper_type_module widget-type-rich_text\" data-hs-cos-general-type=\"widget\" data-hs-cos-type=\"module\">\n<div><strong>Recuerda algo: LAS PALABRAS JALAN, PERO EL EJEMPLO ARRASTRA.<\/strong><\/div>\n<div><\/div>\n<div>Es un tema de \u00e9tica el que mantiene a las emprendedoras y due\u00f1as de negocios sobreviviendo y no facturando ya que\u2026.<\/div>\n<div><\/div>\n<\/div>\n<div>\n<div class=\"row-fluid-wrapper row-depth-1 row-number-146 dnd-row\">\n<div class=\"row-fluid \">\n<div class=\"span12 widget-span widget-type-cell dnd-column\" data-widget-type=\"cell\" data-x=\"0\" data-w=\"12\">\n<div class=\"row-fluid-wrapper row-depth-1 row-number-1 dnd-row\">\n<div class=\"row-fluid \">\n<div class=\"span12 widget-span widget-type-custom_widget dnd-module\" data-widget-type=\"custom_widget\" data-x=\"0\" data-w=\"12\">\n<div id=\"hs_cos_wrapper_module_17017249271195\" class=\"hs_cos_wrapper hs_cos_wrapper_widget hs_cos_wrapper_type_module widget-type-header\" data-hs-cos-general-type=\"widget\" data-hs-cos-type=\"module\">\n<h3 style=\"text-align: center;\">EL DINERO SIGUE A LA CONGRUENCIA. LA \u00c9TICA VENDE COMO PAN CALIENTE.<\/h3>\n<p>&nbsp;<\/p>\n<\/div>\n<\/div>\n<\/div>\n<\/div>\n<\/div>\n<\/div>\n<\/div>\n<div class=\"row-fluid-wrapper row-depth-1 row-number-2 cell_17017249271192-row-1-vertical-alignment dnd-row\">\n<div class=\"row-fluid \">\n<div class=\"span6 widget-span widget-type-cell dnd-column cell_17017249271196-vertical-alignment\" data-widget-type=\"cell\" data-x=\"0\" data-w=\"6\">\n<div class=\"row-fluid-wrapper row-depth-1 row-number-3 dnd-row\">\n<div class=\"row-fluid \">\n<div class=\"span12 widget-span widget-type-custom_widget dnd-module\" data-widget-type=\"custom_widget\" data-x=\"0\" data-w=\"12\">\n<div id=\"hs_cos_wrapper_module_17017249271205\" class=\"hs_cos_wrapper hs_cos_wrapper_widget hs_cos_wrapper_type_module widget-type-rich_text\" data-hs-cos-general-type=\"widget\" data-hs-cos-type=\"module\">\n<p class=\"parrafo\">\u00bfTe pasa actualmente con tu negocio y tu liderazgo?<\/p>\n<p class=\"parrafo\">No est\u00e1s sola guapa, yo estuve ah\u00ed tambi\u00e9n, yo era la l\u00edder que en alg\u00fan momento ense\u00f1aba c\u00f3mo recuperarse de la bulimia pero la verdad yo segu\u00eda batallando con eso, que ense\u00f1e como estar abstinente del az\u00facar y la harina pero yo segu\u00eda pidiendo ubereats en la noche lleno de postres healthys que me hac\u00edan ser incongruente con mi mensaje.<\/p>\n<p class=\"parrafo\">\n<\/div>\n<\/div>\n<\/div>\n<\/div>\n<\/div>\n<div class=\"span6 widget-span widget-type-cell cell_17017249271197-vertical-alignment dnd-column cell_17017249271197-padding\" data-widget-type=\"cell\" data-x=\"6\" data-w=\"6\">\n<div class=\"row-fluid-wrapper row-depth-1 row-number-4 dnd-row\">\n<div class=\"row-fluid \">\n<div class=\"span12 widget-span widget-type-custom_widget dnd-module\" data-widget-type=\"custom_widget\" data-x=\"0\" data-w=\"12\">\n<div id=\"hs_cos_wrapper_module_17017249271206\" class=\"hs_cos_wrapper hs_cos_wrapper_widget hs_cos_wrapper_type_module widget-type-rich_text\" data-hs-cos-general-type=\"widget\" data-hs-cos-type=\"module\">\n<p>Afortunadamente me entren\u00e9 con los mejores coaches y mentores, invert\u00ed cientos de miles de d\u00f3lares en estar cerca de mentores con una \u00e9tica inquebrantable y aprend\u00ed muy r\u00e1pido como liberarme de esos comportamientos que saboteaban mi liderazgo y con ello mi econom\u00eda.<\/p>\n<p>Descubr\u00ed que&#8230;<\/p>\n<p>Mi \u00e9tica y mi congruencia me hicieron millonaria en tiempo r\u00e9cord, y es posible para ti tambi\u00e9n.<\/p>\n<p>&nbsp;<\/p>\n<\/div>\n<\/div>\n<div>\n<h3 style=\"text-align: center;\">SEMINARIO EN VIVO QUE TE DAR\u00c1 LAS HERRAMIENTAS NECESARIAS PARA INTEGRARTE Y VOLVERTE UN L\u00cdDER CONGRUENTE QUE DOMINA Y CONQUISTA TODAS SUS METAS IMPOSIBLES.<\/h3>\n<div><\/div>\n<\/div>\n<p><strong>En tan solo 3 d\u00edas aprender\u00e1s de la mano conmigo a:<\/strong><\/p>\n<p>&nbsp;<\/p>\n<div class=\"span4 widget-span widget-type-cell dnd-column\" data-widget-type=\"cell\" data-x=\"0\" data-w=\"4\">\n<div class=\"row-fluid-wrapper row-depth-1 row-number-11 dnd-row\">\n<div class=\"row-fluid \">\n<div class=\"span12 widget-span widget-type-custom_widget module_1701725879519-flexbox-positioning dnd-module\" data-widget-type=\"custom_widget\" data-x=\"0\" data-w=\"12\">\n<div id=\"hs_cos_wrapper_module_1701725879519\" class=\"hs_cos_wrapper hs_cos_wrapper_widget hs_cos_wrapper_type_module widget-type-linked_image\" data-hs-cos-general-type=\"widget\" data-hs-cos-type=\"module\"><span id=\"hs_cos_wrapper_module_1701725879519_\" class=\"hs_cos_wrapper hs_cos_wrapper_widget hs_cos_wrapper_type_linked_image\" data-hs-cos-general-type=\"widget\" data-hs-cos-type=\"linked_image\"><img decoding=\"async\" class=\"hs-image-widget \" title=\"icon2\" src=\"https:\/\/reto.coralmujaes.com\/hs-fs\/hubfs\/icon2.webp?width=120&amp;height=85&amp;name=icon2.webp\" sizes=\"(max-width: 120px) 100vw, 120px\" srcset=\"https:\/\/reto.coralmujaes.com\/hs-fs\/hubfs\/icon2.webp?width=60&amp;height=43&amp;name=icon2.webp 60w, https:\/\/reto.coralmujaes.com\/hs-fs\/hubfs\/icon2.webp?width=120&amp;height=85&amp;name=icon2.webp 120w, https:\/\/reto.coralmujaes.com\/hs-fs\/hubfs\/icon2.webp?width=180&amp;height=128&amp;name=icon2.webp 180w, https:\/\/reto.coralmujaes.com\/hs-fs\/hubfs\/icon2.webp?width=240&amp;height=170&amp;name=icon2.webp 240w, https:\/\/reto.coralmujaes.com\/hs-fs\/hubfs\/icon2.webp?width=300&amp;height=213&amp;name=icon2.webp 300w, https:\/\/reto.coralmujaes.com\/hs-fs\/hubfs\/icon2.webp?width=360&amp;height=255&amp;name=icon2.webp 360w\" alt=\"icon2\" width=\"120\" height=\"85\" \/><\/span><\/div>\n<\/div>\n<\/div>\n<\/div>\n<div class=\"row-fluid-wrapper row-depth-1 row-number-12 dnd-row\">\n<div class=\"row-fluid \">\n<div class=\"span12 widget-span widget-type-custom_widget dnd-module\" data-widget-type=\"custom_widget\" data-x=\"0\" data-w=\"12\">\n<div id=\"hs_cos_wrapper_module_1701726049937\" class=\"hs_cos_wrapper hs_cos_wrapper_widget hs_cos_wrapper_type_module widget-type-rich_text\" data-hs-cos-general-type=\"widget\" data-hs-cos-type=\"module\">\n<div><strong>ERRADICAR EL AUTOSABOTAJE<\/strong>.<\/div>\n<div><\/div>\n<\/div>\n<\/div>\n<\/div>\n<\/div>\n<\/div>\n<div class=\"span4 widget-span widget-type-cell dnd-column\" data-widget-type=\"cell\" data-x=\"4\" data-w=\"4\">\n<div class=\"row-fluid-wrapper row-depth-1 row-number-13 dnd-row\">\n<div class=\"row-fluid \">\n<div class=\"span12 widget-span widget-type-custom_widget module_1701725882838-flexbox-positioning dnd-module\" data-widget-type=\"custom_widget\" data-x=\"0\" data-w=\"12\">\n<div id=\"hs_cos_wrapper_module_1701725882838\" class=\"hs_cos_wrapper hs_cos_wrapper_widget hs_cos_wrapper_type_module widget-type-linked_image\" data-hs-cos-general-type=\"widget\" data-hs-cos-type=\"module\"><span id=\"hs_cos_wrapper_module_1701725882838_\" class=\"hs_cos_wrapper hs_cos_wrapper_widget hs_cos_wrapper_type_linked_image\" data-hs-cos-general-type=\"widget\" data-hs-cos-type=\"linked_image\"><img decoding=\"async\" class=\"hs-image-widget \" title=\"ico9\" src=\"https:\/\/reto.coralmujaes.com\/hs-fs\/hubfs\/ico9.webp?width=100&amp;height=88&amp;name=ico9.webp\" sizes=\"(max-width: 100px) 100vw, 100px\" srcset=\"https:\/\/reto.coralmujaes.com\/hs-fs\/hubfs\/ico9.webp?width=50&amp;height=44&amp;name=ico9.webp 50w, https:\/\/reto.coralmujaes.com\/hs-fs\/hubfs\/ico9.webp?width=100&amp;height=88&amp;name=ico9.webp 100w, https:\/\/reto.coralmujaes.com\/hs-fs\/hubfs\/ico9.webp?width=150&amp;height=132&amp;name=ico9.webp 150w, https:\/\/reto.coralmujaes.com\/hs-fs\/hubfs\/ico9.webp?width=200&amp;height=176&amp;name=ico9.webp 200w, https:\/\/reto.coralmujaes.com\/hs-fs\/hubfs\/ico9.webp?width=250&amp;height=220&amp;name=ico9.webp 250w, https:\/\/reto.coralmujaes.com\/hs-fs\/hubfs\/ico9.webp?width=300&amp;height=264&amp;name=ico9.webp 300w\" alt=\"ico9\" width=\"100\" height=\"88\" \/><\/span><\/div>\n<\/div>\n<\/div>\n<\/div>\n<div class=\"row-fluid-wrapper row-depth-1 row-number-14 dnd-row\">\n<div class=\"row-fluid \">\n<div class=\"span12 widget-span widget-type-custom_widget dnd-module\" data-widget-type=\"custom_widget\" data-x=\"0\" data-w=\"12\">\n<div id=\"hs_cos_wrapper_module_1701726107622\" class=\"hs_cos_wrapper hs_cos_wrapper_widget hs_cos_wrapper_type_module widget-type-rich_text\" data-hs-cos-general-type=\"widget\" data-hs-cos-type=\"module\">\n<div><strong>ALINEARTE INTERNAMENTE CON TU MENSAJE<\/strong>.<\/div>\n<div><\/div>\n<\/div>\n<\/div>\n<\/div>\n<\/div>\n<\/div>\n<div class=\"span4 widget-span widget-type-cell dnd-column\" data-widget-type=\"cell\" data-x=\"8\" data-w=\"4\">\n<div class=\"row-fluid-wrapper row-depth-1 row-number-15 dnd-row\">\n<div class=\"row-fluid \">\n<div class=\"span12 widget-span widget-type-custom_widget module_1701725886109-flexbox-positioning dnd-module\" data-widget-type=\"custom_widget\" data-x=\"0\" data-w=\"12\">\n<div id=\"hs_cos_wrapper_module_1701725886109\" class=\"hs_cos_wrapper hs_cos_wrapper_widget hs_cos_wrapper_type_module widget-type-linked_image\" data-hs-cos-general-type=\"widget\" data-hs-cos-type=\"module\"><span id=\"hs_cos_wrapper_module_1701725886109_\" class=\"hs_cos_wrapper hs_cos_wrapper_widget hs_cos_wrapper_type_linked_image\" data-hs-cos-general-type=\"widget\" data-hs-cos-type=\"linked_image\"><img decoding=\"async\" class=\"hs-image-widget \" title=\"ico8\" src=\"https:\/\/reto.coralmujaes.com\/hs-fs\/hubfs\/ico8.webp?width=90&amp;height=90&amp;name=ico8.webp\" sizes=\"(max-width: 90px) 100vw, 90px\" srcset=\"https:\/\/reto.coralmujaes.com\/hs-fs\/hubfs\/ico8.webp?width=45&amp;height=45&amp;name=ico8.webp 45w, https:\/\/reto.coralmujaes.com\/hs-fs\/hubfs\/ico8.webp?width=90&amp;height=90&amp;name=ico8.webp 90w, https:\/\/reto.coralmujaes.com\/hs-fs\/hubfs\/ico8.webp?width=135&amp;height=135&amp;name=ico8.webp 135w, https:\/\/reto.coralmujaes.com\/hs-fs\/hubfs\/ico8.webp?width=180&amp;height=180&amp;name=ico8.webp 180w, https:\/\/reto.coralmujaes.com\/hs-fs\/hubfs\/ico8.webp?width=225&amp;height=225&amp;name=ico8.webp 225w, https:\/\/reto.coralmujaes.com\/hs-fs\/hubfs\/ico8.webp?width=270&amp;height=270&amp;name=ico8.webp 270w\" alt=\"ico8\" width=\"90\" height=\"90\" \/><\/span><\/div>\n<\/div>\n<\/div>\n<\/div>\n<div class=\"row-fluid-wrapper row-depth-1 row-number-16 dnd-row\">\n<div class=\"row-fluid \">\n<div class=\"span12 widget-span widget-type-custom_widget dnd-module\" data-widget-type=\"custom_widget\" data-x=\"0\" data-w=\"12\">\n<div id=\"hs_cos_wrapper_module_1701726112297\" class=\"hs_cos_wrapper hs_cos_wrapper_widget hs_cos_wrapper_type_module widget-type-rich_text\" data-hs-cos-general-type=\"widget\" data-hs-cos-type=\"module\">\n<div><strong>FORTALECER TU LIDERAZGO<\/strong>.<\/div>\n<div><\/div>\n<\/div>\n<div>\n<div class=\"row-fluid-wrapper row-depth-1 row-number-17 dnd-row\">\n<div class=\"row-fluid \">\n<div class=\"span12 widget-span widget-type-custom_widget dnd-module\" data-widget-type=\"custom_widget\" data-x=\"0\" data-w=\"12\">\n<div id=\"hs_cos_wrapper_module_1701726224475\" class=\"hs_cos_wrapper hs_cos_wrapper_widget hs_cos_wrapper_type_module widget-type-header\" data-hs-cos-general-type=\"widget\" data-hs-cos-type=\"module\">\n<h3 style=\"text-align: center;\">ELIMINA POR COMPLETO LOS COMPORTAMIENTOS QUE TE HACEN ESTAR FUERA DE INTEGRACI\u00d3N CON LO QUE PREDICAS Y LA L\u00cdDER QUE REALMENTE ERES<\/h3>\n<p>&nbsp;<\/p>\n<\/div>\n<\/div>\n<div class=\"row-fluid-wrapper row-depth-1 row-number-18 dnd-row\">\n<div class=\"row-fluid \">\n<div class=\"span12 widget-span widget-type-custom_widget dnd-module\" data-widget-type=\"custom_widget\" data-x=\"0\" data-w=\"12\">\n<div id=\"hs_cos_wrapper_module_17017266659015\" class=\"hs_cos_wrapper hs_cos_wrapper_widget hs_cos_wrapper_type_module widget-type-header\" data-hs-cos-general-type=\"widget\" data-hs-cos-type=\"module\">\n<h3>\u00bfQU\u00c9 PUEDES ESPERAR DE ESTE EVENTO?<\/h3>\n<p>&nbsp;<\/p>\n<\/div>\n<\/div>\n<\/div>\n<\/div>\n<div class=\"row-fluid-wrapper row-depth-1 row-number-19 cell_17017266659012-row-1-vertical-alignment cell_17017266659012-row-1-margin dnd-row\">\n<div class=\"row-fluid \">\n<div class=\"span6 widget-span widget-type-cell dnd-column cell_17017266659016-vertical-alignment\" data-widget-type=\"cell\" data-x=\"0\" data-w=\"6\">\n<div class=\"row-fluid-wrapper row-depth-1 row-number-20 dnd-row\">\n<div class=\"row-fluid \">\n<div class=\"span12 widget-span widget-type-custom_widget dnd-module\" data-widget-type=\"custom_widget\" data-x=\"0\" data-w=\"12\">\n<div id=\"hs_cos_wrapper_module_170172666590110\" class=\"hs_cos_wrapper hs_cos_wrapper_widget hs_cos_wrapper_type_module widget-type-rich_text\" data-hs-cos-general-type=\"widget\" data-hs-cos-type=\"module\">\n<p class=\"parrafo\">Conquista tu Destino es un EVENTO VIRTUAL Y PRESENCIAL EN VIVO de 3 d\u00edas donde vamos a trabajar intensivamente a nivel interno para establecer en ti los niveles correctos de acci\u00f3n y mentalidad que garantizar\u00e1n tu \u00e9xito en este a\u00f1o.<\/p>\n<\/div>\n<\/div>\n<\/div>\n<\/div>\n<div class=\"row-fluid-wrapper row-depth-1 row-number-21 dnd-row\">\n<div class=\"row-fluid \">\n<div class=\"span12 widget-span widget-type-custom_widget dnd-module\" data-widget-type=\"custom_widget\" data-x=\"0\" data-w=\"12\">\n<div id=\"hs_cos_wrapper_module_17017267390943\" class=\"hs_cos_wrapper hs_cos_wrapper_widget hs_cos_wrapper_type_module widget-type-rich_text\" data-hs-cos-general-type=\"widget\" data-hs-cos-type=\"module\">\n<p class=\"parrafo\">Adem\u00e1s, sabr\u00e1s c\u00f3mo sostener los resultados extraordinarios a lo largo del a\u00f1o en tu vida personal y profesional.<\/p>\n<\/div>\n<p>&nbsp;<\/p>\n<div id=\"hs_cos_wrapper_module_17017267390943\" class=\"hs_cos_wrapper hs_cos_wrapper_widget hs_cos_wrapper_type_module widget-type-rich_text\" data-hs-cos-general-type=\"widget\" data-hs-cos-type=\"module\">\n<div class=\"row-fluid-wrapper row-depth-1 row-number-23 dnd-row\">\n<div class=\"row-fluid \">\n<div class=\"span12 widget-span widget-type-custom_widget dnd-module\" data-widget-type=\"custom_widget\" data-x=\"0\" data-w=\"12\">\n<div id=\"hs_cos_wrapper_module_1701726832389\" class=\"hs_cos_wrapper hs_cos_wrapper_widget hs_cos_wrapper_type_module widget-type-header\" data-hs-cos-general-type=\"widget\" data-hs-cos-type=\"module\">\n<h3 style=\"text-align: center;\">ES HORA DE LLEVAR A OTRO NIVEL LAS HABILIDADES QUE GARANZAR\u00c1N QUE PUEDAS ESCALAR TU NEGOCIO Y FACTURAR 10 VECES LO QUE HAS FACTURADO HASTA HOY<\/h3>\n<p>&nbsp;<\/p>\n<\/div>\n<\/div>\n<\/div>\n<\/div>\n<div class=\"row-fluid-wrapper row-depth-1 row-number-24 dnd-row\">\n<div class=\"row-fluid \">\n<div class=\"span12 widget-span widget-type-custom_widget dnd-module\" data-widget-type=\"custom_widget\" data-x=\"0\" data-w=\"12\">\n<div id=\"hs_cos_wrapper_module_1701726938129\" class=\"hs_cos_wrapper hs_cos_wrapper_widget hs_cos_wrapper_type_module widget-type-rich_text\" data-hs-cos-general-type=\"widget\" data-hs-cos-type=\"module\">\n<div>\ud83d\udda4 Eliminar\u00e1s la procrastinaci\u00f3n y las inseguridades que impiden que seas una mujer influyente.<\/div>\n<div><\/div>\n<div>\ud83d\udda4 Saldr\u00e1s con herramientas de autocontrol emocional.<\/div>\n<div><\/div>\n<div>\ud83d\udda4 Aprender\u00e1s c\u00f3mo navegar los retos de tu negocio y tu vida de manera asertiva e inteligente.<\/div>\n<div><\/div>\n<div><strong>\u00bfEst\u00e1s lista para ser la mujer que sabe c\u00f3mo tenerlo todo?<\/strong><\/div>\n<div><\/div>\n<\/div>\n<div>\n<div class=\"row-fluid-wrapper row-depth-1 row-number-26 dnd-row\">\n<div class=\"row-fluid \">\n<div class=\"span12 widget-span widget-type-custom_widget dnd-module\" data-widget-type=\"custom_widget\" data-x=\"0\" data-w=\"12\">\n<div id=\"hs_cos_wrapper_module_1701727284594\" class=\"hs_cos_wrapper hs_cos_wrapper_widget hs_cos_wrapper_type_module widget-type-header\" data-hs-cos-general-type=\"widget\" data-hs-cos-type=\"module\">\n<h3>CONQUISTAR TUS METAS M\u00c1S AMBICIOSAS SE TRATA DE DISCIPLINA<\/h3>\n<\/div>\n<\/div>\n<\/div>\n<\/div>\n<div class=\"row-fluid-wrapper row-depth-1 row-number-27 dnd-row\">\n<div class=\"row-fluid \">\n<div class=\"span12 widget-span widget-type-custom_widget dnd-module\" data-widget-type=\"custom_widget\" data-x=\"0\" data-w=\"12\">\n<div id=\"hs_cos_wrapper_module_1701727298498\" class=\"hs_cos_wrapper hs_cos_wrapper_widget hs_cos_wrapper_type_module widget-type-header\" data-hs-cos-general-type=\"widget\" data-hs-cos-type=\"module\">\n<h3>CONQUISTAR TUS METAS M\u00c1S AMBICIOSAS SE TRATA DE DISCIPLINA<\/h3>\n<p>&nbsp;<\/p>\n<\/div>\n<\/div>\n<\/div>\n<\/div>\n<div class=\"row-fluid-wrapper row-depth-1 row-number-28 dnd-row\">\n<div class=\"row-fluid \">\n<div class=\"span12 widget-span widget-type-custom_widget dnd-module\" data-widget-type=\"custom_widget\" data-x=\"0\" data-w=\"12\">\n<div id=\"hs_cos_wrapper_module_1701727360336\" class=\"hs_cos_wrapper hs_cos_wrapper_widget hs_cos_wrapper_type_module widget-type-rich_text\" data-hs-cos-general-type=\"widget\" data-hs-cos-type=\"module\">\n<p class=\"parrafo\">LOS GRANDES L\u00cdDERES TIENEN 3 GRANDES CUALIDADES EN COM\u00daN:<\/p>\n<p><strong>DISCIPLINA, COMPROMISO Y \u00c9TICA DE TRABAJO.<\/strong><\/p>\n<p>&nbsp;<\/p>\n<p class=\"parrafo\">Nadie nace con ellos\u2026se desarrollan. En conquista tu destino te ense\u00f1are como desarrollar este m\u00fasculo de la disciplina en tu vida para que te veas a ti misma siendo consistente:<\/p>\n<\/div>\n<\/div>\n<\/div>\n<\/div>\n<div class=\"row-fluid-wrapper row-depth-1 row-number-29 dnd-row\">\n<div class=\"row-fluid \">\n<div class=\"span6 widget-span widget-type-custom_widget dnd-module\" data-widget-type=\"custom_widget\" data-x=\"0\" data-w=\"6\">\n<div id=\"hs_cos_wrapper_module_1701727366615\" class=\"hs_cos_wrapper hs_cos_wrapper_widget hs_cos_wrapper_type_module widget-type-rich_text\" data-hs-cos-general-type=\"widget\" data-hs-cos-type=\"module\">\n<div>\ud83d\udda4 Acabar\u00e1s lo que empiezas<\/div>\n<div><\/div>\n<div>\ud83d\udda4 Dar\u00e1s los webinars que necesites para facturar<\/div>\n<div><\/div>\n<div>\ud83d\udda4 C\u00f3mo actuar bajo presi\u00f3n y con asertividad<\/div>\n<div><\/div>\n<div>\ud83d\udda4 Optimizar tu tiempo<\/div>\n<div><\/div>\n<div><\/div>\n<\/div>\n<\/div>\n<div class=\"span6 widget-span widget-type-custom_widget dnd-module\" data-widget-type=\"custom_widget\" data-x=\"6\" data-w=\"6\">\n<div id=\"hs_cos_wrapper_module_1701727375733\" class=\"hs_cos_wrapper hs_cos_wrapper_widget hs_cos_wrapper_type_module widget-type-rich_text\" data-hs-cos-general-type=\"widget\" data-hs-cos-type=\"module\">\n<div>\ud83d\udda4 Ser m\u00e1s productiva<\/div>\n<div><\/div>\n<div>\ud83d\udda4 Elocuente<\/div>\n<div><\/div>\n<div>\ud83d\udda4 Irradiar\u00e1s energ\u00eda irresistible en tus conferencias, videos, fotos y redes<\/div>\n<div><\/div>\n<div>\ud83d\udda4 La flojera y el miedo a ser vista en tu negocio se ir\u00e1<\/div>\n<\/div>\n<\/div>\n<\/div>\n<\/div>\n<\/div>\n<\/div>\n<\/div>\n<\/div>\n<\/div>\n<\/div>\n<\/div>\n<\/div>\n<\/div>\n<\/div>\n<\/div>\n<\/div>\n<\/div>\n<\/div>\n<\/div>\n<\/div>\n<\/div>\n<\/div>\n<\/div>\n<\/div>\n<\/div>\n<\/div>\n<\/div>\n<\/div>\n<\/div>\n<\/div>\n<\/div>\n<\/div>\n<\/div>\n","protected":false},"excerpt":{"rendered":"<p><span class=\"OYPEnA font-feature-liga-off font-feature-clig-off font-feature-calt-off text-decoration-none text-strikethrough-none\">SEMINARIO EN VIVO INTENSIVO PARA MUJERES AMBICIOSAS, DUE\u00d1AS DE NEGOCIO EN BUSCA DE TENERLO TODO \ud83d\udcb0\ud83d\udcaa<\/span><\/p>\n","protected":false},"featured_media":1769,"comment_status":"open","ping_status":"closed","template":"","meta":{"site-sidebar-layout":"default","site-content-layout":"default","ast-global-header-display":"","ast-main-header-display":"","ast-hfb-above-header-display":"","ast-hfb-below-header-display":"","ast-hfb-mobile-header-display":"","site-post-title":"","ast-breadcrumbs-content":"","ast-featured-img":"","footer-sml-layout":"","theme-transparent-header-meta":"default","adv-header-id-meta":"","stick-header-meta":"","header-above-stick-meta":"","header-main-stick-meta":"","header-below-stick-meta":"","_joinchat":[]},"product_brand":[],"product_cat":[23],"product_tag":[],"class_list":{"0":"post-1768","1":"product","2":"type-product","3":"status-publish","4":"has-post-thumbnail","6":"product_cat-cursos","7":"desktop-align-left","8":"tablet-align-left","9":"mobile-align-left","11":"first","12":"instock","13":"sale","14":"shipping-taxable","15":"purchasable","16":"product-type-simple"},"_links":{"self":[{"href":"https:\/\/quebaratodigital.com\/index.php?rest_route=\/wp\/v2\/product\/1768","targetHints":{"allow":["GET"]}}],"collection":[{"href":"https:\/\/quebaratodigital.com\/index.php?rest_route=\/wp\/v2\/product"}],"about":[{"href":"https:\/\/quebaratodigital.com\/index.php?rest_route=\/wp\/v2\/types\/product"}],"replies":[{"embeddable":true,"href":"https:\/\/quebaratodigital.com\/index.php?rest_route=%2Fwp%2Fv2%2Fcomments&post=1768"}],"wp:featuredmedia":[{"embeddable":true,"href":"https:\/\/quebaratodigital.com\/index.php?rest_route=\/wp\/v2\/media\/1769"}],"wp:attachment":[{"href":"https:\/\/quebaratodigital.com\/index.php?rest_route=%2Fwp%2Fv2%2Fmedia&parent=1768"}],"wp:term":[{"taxonomy":"product_brand","embeddable":true,"href":"https:\/\/quebaratodigital.com\/index.php?rest_route=%2Fwp%2Fv2%2Fproduct_brand&post=1768"},{"taxonomy":"product_cat","embeddable":true,"href":"https:\/\/quebaratodigital.com\/index.php?rest_route=%2Fwp%2Fv2%2Fproduct_cat&post=1768"},{"taxonomy":"product_tag","embeddable":true,"href":"https:\/\/quebaratodigital.com\/index.php?rest_route=%2Fwp%2Fv2%2Fproduct_tag&post=1768"}],"curies":[{"name":"wp","href":"https:\/\/api.w.org\/{rel}","templated":true}]}}