{"id":1773,"date":"2025-02-28T15:35:49","date_gmt":"2025-02-28T15:35:49","guid":{"rendered":"https:\/\/quebaratodigital.com\/?post_type=product&#038;p=1773"},"modified":"2025-02-28T15:35:50","modified_gmt":"2025-02-28T15:35:50","slug":"mentoria-tu-primer-best-seller-lain-garcia-calvo","status":"publish","type":"product","link":"https:\/\/quebaratodigital.com\/?product=mentoria-tu-primer-best-seller-lain-garcia-calvo","title":{"rendered":"Mentoria Tu Primer Best Seller Lain Garcia Calvo"},"content":{"rendered":"<p>Te ense\u00f1o a\u00a0<strong>PROSPERAR<\/strong>\u00a0en la\u00a0<strong>INDUSTRIA DEL CONOCIMIENTO<\/strong>\u00a0(una industria de m\u00e1s de 335 MIL MILLONES DE D\u00d3LARES)\u00a0para hacer que tus\u00a0<strong>LIBROS, TALLERES, EVENTOS, FORMACIONES, CURSOS ONLINE, CONFERENCIAS, MENTOR\u00cdAS O SESIONES PRIVADAS sean un \u00e9xito.<\/strong><\/p>\n<p>Vamos a hacer de todos esos productos un BEST SELLER MUNDIAL y vamos a hacer de ti una MARCA PERSONAL GLOBAL S\u00daPER \u00c9XITOSA!<\/p>\n<p><strong>Es para:\u00a0<\/strong>Coach, Terapeutas, Escritores, Mentores, Psic\u00f3logos, Entrenadores personales, Oradores, L\u00edderes, Formadores, Profesionales del Marketing Digital o\u2026 Personas que quieran ser Mentores o Escritores.<\/p>\n<p><strong>\u00bfSAB\u00cdAS QUE\u2026?\u00a0<\/strong>El 97% de los coach, mentores, terapeutas, oradores, l\u00edderes de MLM, psic\u00f3logos, y personas dentro del mundo del desarrollo persona o la espiritualidad NO PUEDEN VIVIR BIEN DE LO QUE HACEN y tienen POBREZA?<\/p>\n<p>El 85% de la poblaci\u00f3n ha fantaseado alguna vez con escribir un libro. S\u00f3lo el 3% lo hizo.<\/p>\n<p>\u00a1Y s\u00f3lo un 0,1% lo ha convertido en un Best Seller y se ha hecho rico haciendo lo que ama!<\/p>\n<p>\u274c PROBLEMA: Las personas deciden dedicarse a sus sue\u00f1os, estudian, y luego comprueban que NO TIENEN CLIENTES, NADIE LES CONOCE, y lo que un d\u00eda fue su PASI\u00d3N se convierte en su PESADILLA.<\/p>\n<ul>\n<li>\u274c Escriben un libro y nadie lo lee.<\/li>\n<li>\u274c Crean un curso online y nadie lo compra.<\/li>\n<li>\u274c Crean un conferencia y nadie acude.<\/li>\n<\/ul>\n<p>Nadie les sigue en las Redes Sociales, no tienen influencia, no consiguen GANAR DINERO con lo que aman hacer.<\/p>\n<p>No te preocupes, \u00a1les ocurre al 99,9% de las personas!<\/p>\n<p>\u2705 LA SOLUCI\u00d3N ES ESCRIBIR UN LIBRO\u2026 \u00a1Y CONVERTIRLO EN UN BEST SELLER!<\/p>\n<p><strong>TE VOY A ENSE\u00d1AR A POSICIONARTE COMO EL EXPERTO N\u00daMERO 1 EN TU MERCADO,<\/strong><\/p>\n<ul>\n<li>A QUE\u00a0TE SIGAN MILLONES\u00a0DE PERSONAS,<\/li>\n<li>A\u00a0VENDER TODO\u00a0LO QUE OFRECES<\/li>\n<li>Y A\u00a0VOLVERTE MILLONARIO\u00a0(O MUY, MUY, MUY RICO) HACIENDO LO QUE M\u00c1S AMAS Y AYUDANDO A LOS DEM\u00c1S CON LO QUE HACES.<\/li>\n<\/ul>\n<p><strong>Y todo esto pasa por\u2026 ESCRIBIR UN LIBRO Y<\/strong><\/p>\n<p><strong>\ud83d\ude03\u00a1CONVERTIRLO EN UN BEST SELLER MUNDIAL!\ud83d\ude03<\/strong><\/p>\n<p>TU PRIMER BEST SELLER\u00a0<strong>TE ENSE\u00d1AR\u00c1 A:<\/strong><\/p>\n<ul>\n<li>\ud83d\udd34 TENER M\u00c1S CLIENTES<\/li>\n<li>\ud83d\udd34 DESTACAR EN TU NICHO<\/li>\n<li>\ud83d\udd34 CONVERTIRTE EN UNA REFERENCIA<\/li>\n<li>\ud83d\udd34 VOLVERTE RICO EN LO QUE AMAS<\/li>\n<\/ul>\n<p>\u2705 Y PARA ELLO<strong>\u00a0TE ENSE\u00d1AR\u00c9:<\/strong><\/p>\n<ul>\n<li>\ud83d\udd34 VENTAS DE CLASE MUNDIAL<\/li>\n<li>\ud83d\udd34 MARKETING DE CLASE MUNDIAL<\/li>\n<li>\ud83d\udd34 MARCA PERSONAL DE CLASE MUNDIAL<\/li>\n<li>\ud83d\udd34 REDES SOCIALES PARA QUE TE SIGAN MILLONES<\/li>\n<li>\ud83d\udd34 EMAIL MARKETING DE MILLONARIOS<\/li>\n<\/ul>\n<p>Y todo los SECRETOS que te ayuden a convertir tu primer libro en un BEST SELLER y a crear los talleres, cursos, sesiones, consultas y mentor\u00edas a la altura de los mejores del planeta y que se vendan a millones para que\u00a0<strong>generes millones de d\u00f3lares y la satisfacci\u00f3n de estar ayudando a millones de personas.<\/strong><\/p>\n<p>\u2705 TU PRIMER BEST SELLER te ayudar\u00e1 a\u00a0<strong>encontrar tu lugar en el mundo<\/strong>\u00a0y te dar\u00e1 la confianza para convertirte en L\u00cdDER\u2026<\/p>\n<p>\u2705 TU PRIMER BEST SELLER te ense\u00f1ar\u00e1 a c\u00f3mo<strong>\u00a0construir un movimiento de masas<\/strong>, cuyas vidas de esas personas t\u00fa puedes impactar positivamente\u2026<\/p>\n<p>\u2705 TU PRIMER BEST SELLER te entrenar\u00e1 para<strong>\u00a0aprender a c\u00f3mo hacer de ese llamado una carrera profesional<\/strong>, donde las personas te pagar\u00e1n por tus consejos\u2026<\/p>\n<p>\u2705 TU PRIMER BEST SELLER te ayudar\u00e1 a crear\u00a0<strong>tu PROPIO NEGOCIO<\/strong>\u00a0en la industria de la informaci\u00f3n y la formaci\u00f3n. La industria donde est\u00e1n Tony Robbins, Robert Kiyosaki, T Harv Eker, Deepak Chopra, Louise Hay, Wayne Dyer o Paulo Coelho.<\/p>\n","protected":false},"excerpt":{"rendered":"<p>Te ense\u00f1o a\u00a0<strong>PROSPERAR<\/strong>\u00a0en la\u00a0<strong>INDUSTRIA DEL CONOCIMIENTO<\/strong>\u00a0(una industria de m\u00e1s de 335 MIL MILLONES DE D\u00d3LARES)\u00a0para hacer que tus\u00a0<strong>LIBROS, TALLERES, EVENTOS, FORMACIONES, CURSOS ONLINE, CONFERENCIAS, MENTOR\u00cdAS O SESIONES PRIVADAS sean un \u00e9xito.<\/strong><\/p>\n","protected":false},"featured_media":1774,"comment_status":"open","ping_status":"closed","template":"","meta":{"site-sidebar-layout":"default","site-content-layout":"default","ast-global-header-display":"","ast-main-header-display":"","ast-hfb-above-header-display":"","ast-hfb-below-header-display":"","ast-hfb-mobile-header-display":"","site-post-title":"","ast-breadcrumbs-content":"","ast-featured-img":"","footer-sml-layout":"","theme-transparent-header-meta":"default","adv-header-id-meta":"","stick-header-meta":"","header-above-stick-meta":"","header-main-stick-meta":"","header-below-stick-meta":"","_joinchat":[]},"product_brand":[],"product_cat":[23],"product_tag":[],"class_list":{"0":"post-1773","1":"product","2":"type-product","3":"status-publish","4":"has-post-thumbnail","6":"product_cat-cursos","7":"desktop-align-left","8":"tablet-align-left","9":"mobile-align-left","11":"first","12":"instock","13":"sale","14":"shipping-taxable","15":"purchasable","16":"product-type-simple"},"_links":{"self":[{"href":"https:\/\/quebaratodigital.com\/index.php?rest_route=\/wp\/v2\/product\/1773","targetHints":{"allow":["GET"]}}],"collection":[{"href":"https:\/\/quebaratodigital.com\/index.php?rest_route=\/wp\/v2\/product"}],"about":[{"href":"https:\/\/quebaratodigital.com\/index.php?rest_route=\/wp\/v2\/types\/product"}],"replies":[{"embeddable":true,"href":"https:\/\/quebaratodigital.com\/index.php?rest_route=%2Fwp%2Fv2%2Fcomments&post=1773"}],"wp:featuredmedia":[{"embeddable":true,"href":"https:\/\/quebaratodigital.com\/index.php?rest_route=\/wp\/v2\/media\/1774"}],"wp:attachment":[{"href":"https:\/\/quebaratodigital.com\/index.php?rest_route=%2Fwp%2Fv2%2Fmedia&parent=1773"}],"wp:term":[{"taxonomy":"product_brand","embeddable":true,"href":"https:\/\/quebaratodigital.com\/index.php?rest_route=%2Fwp%2Fv2%2Fproduct_brand&post=1773"},{"taxonomy":"product_cat","embeddable":true,"href":"https:\/\/quebaratodigital.com\/index.php?rest_route=%2Fwp%2Fv2%2Fproduct_cat&post=1773"},{"taxonomy":"product_tag","embeddable":true,"href":"https:\/\/quebaratodigital.com\/index.php?rest_route=%2Fwp%2Fv2%2Fproduct_tag&post=1773"}],"curies":[{"name":"wp","href":"https:\/\/api.w.org\/{rel}","templated":true}]}}