{"id":1775,"date":"2025-02-28T15:46:20","date_gmt":"2025-02-28T15:46:20","guid":{"rendered":"https:\/\/quebaratodigital.com\/?post_type=product&#038;p=1775"},"modified":"2025-02-28T15:46:20","modified_gmt":"2025-02-28T15:46:20","slug":"manifiestalo-escuela-de-manifestadoras-maite-issa","status":"publish","type":"product","link":"https:\/\/quebaratodigital.com\/?product=manifiestalo-escuela-de-manifestadoras-maite-issa","title":{"rendered":"Manifi\u00e9stalo \u2013 Escuela de Manifestadoras \u2013 Maite Issa"},"content":{"rendered":"<p>El programa exclusivo para mujeres decididas a manifestar sus SUE\u00d1OS.<\/p>\n<p>&nbsp;<\/p>\n<p><strong>\u00bfQuieres ser Experta en Manifestar todos los deseos de tu vida?\u00a0<\/strong>Hacer realidad tus sue\u00f1os m\u00e1s grandes es f\u00e1cil, si sabes c\u00f3mo.<\/p>\n<p>&nbsp;<\/p>\n<p>\u00a1Apenas rascaste la superficie de lo que es posible para ti!<\/p>\n<p>&nbsp;<\/p>\n<p><strong>\u00a1Hola, Soy Ma\u00eft\u00e9 Issa!<\/strong><\/p>\n<ul>\n<li>Coach experta en MANIFESTACI\u00d3N, emprendedora de 7 cifras, autora del libro Best Seller Tu \u00c9xito es Inevitable, y creadora del podcast #1 sobre MANIFESTACI\u00d3N en habla hispana con m\u00e1s de 3,5M de escuchas.<\/li>\n<\/ul>\n<p>&nbsp;<\/p>\n<p><strong>Pero \u00bfqu\u00e9 es esto de la manifestaci\u00f3n?<\/strong><\/p>\n<p>Si ya est\u00e1s aqu\u00ed, ley\u00e9ndome, poniendo los ojos en blanco en plan, \u00abpero qu\u00e9 dices, esto es todo viento, no se puede tener todo. Esto no es de verdad, tiene que haber algo raro detr\u00e1s\u2026\u00bb. Pues te digo que es justamente este tipo de pensamientos que te impide disfrutar de toda la abundancia que te mereces.<\/p>\n<p>&nbsp;<\/p>\n<p>Ves, la gente que tiene lo que t\u00fa anhelas, no es ni m\u00e1s lista, ni m\u00e1s afortunada que t\u00fa.<\/p>\n<p>&nbsp;<\/p>\n<p>Imagina un buffet con todas las comidas m\u00e1s deliciosas que puedan existir. TODO est\u00e1 a tu disposici\u00f3n. Puedes elegir entre todos los platos m\u00e1s exquisitos que existan, y tu eliges llevarte la lata de ma\u00edz del rinc\u00f3n de la mesa.<\/p>\n<p>No lo har\u00edas, \u00bfverdad? Pues puede que eso sea precisamente lo que haces en tu vida. Vivimos en un campo cu\u00e1ntico de posibilidades infinitas y, sin embargo, much\u00edsimas mujeres se quedan encerradas en bucles repetitivos a\u00f1o tras a\u00f1o, sin nunca llegar a sentirse plenamente realizadas y pr\u00f3speras.<\/p>\n<p>&nbsp;<\/p>\n<p><strong>Hasta aprender a ser Manifestadora de tu propia vida.<\/strong><\/p>\n<p>Si est\u00e1s aqu\u00ed, es que una parte de ti, cree en tu grandeza.<\/p>\n<p>&nbsp;<\/p>\n<p>En secreto, sabes que tiene que haber algo m\u00e1s para ti en esta vida, y mejor forma de aprovecharla que esperando de fin de semana en fin de semana, o hasta los 65 a\u00f1os para tener derecho a jubilarte y, por fin, VIVIR.<\/p>\n<p>\u00bfSabes que el remordimiento n\u00famero 1 de la gente justo antes de morir, es haber abandonado sus sue\u00f1os?<\/p>\n<p>A m\u00ed tambi\u00e9n me explot\u00f3 la cabeza cuando lo vi, y pens\u00e9 : WHAT?! iMe comprometo a no ser jam\u00e1s una de esas personas!<\/p>\n<p>T\u00fa qu\u00e9 opinas, hoy en d\u00eda, con toda honestidad, \u00bfSer\u00edas t\u00fa una de ellas?<\/p>\n<p>\u00bfO eres de las m\u00edas, de las que dicen a la mierda el conformismo, yo he venido para crear MILAGROS a diario?<\/p>\n<p>Porque la verdad, es que tu \u00e9xito es Inevitable. Punto final. No dejes a NADIE hacerte creer lo contrario (ni a ti misma).<\/p>\n<p>&nbsp;<\/p>\n<p><strong>Lo \u00fanico que tienes que aprender para asegurarte una vida llena de amor, prosperidad, abundancia, salud y \u00e9xito, es c\u00f3mo poner tu subconsciente y el Universo a trabajar para ti.<\/strong><\/p>\n","protected":false},"excerpt":{"rendered":"<p><strong>El programa exclusivo para mujeres decididas a manifestar sus SUE\u00d1OS.<\/strong><\/p>\n","protected":false},"featured_media":1776,"comment_status":"open","ping_status":"closed","template":"","meta":{"site-sidebar-layout":"default","site-content-layout":"default","ast-global-header-display":"","ast-main-header-display":"","ast-hfb-above-header-display":"","ast-hfb-below-header-display":"","ast-hfb-mobile-header-display":"","site-post-title":"","ast-breadcrumbs-content":"","ast-featured-img":"","footer-sml-layout":"","theme-transparent-header-meta":"default","adv-header-id-meta":"","stick-header-meta":"","header-above-stick-meta":"","header-main-stick-meta":"","header-below-stick-meta":"","_joinchat":[]},"product_brand":[],"product_cat":[23],"product_tag":[],"class_list":{"0":"post-1775","1":"product","2":"type-product","3":"status-publish","4":"has-post-thumbnail","6":"product_cat-cursos","7":"desktop-align-left","8":"tablet-align-left","9":"mobile-align-left","11":"first","12":"instock","13":"sale","14":"shipping-taxable","15":"purchasable","16":"product-type-simple"},"_links":{"self":[{"href":"https:\/\/quebaratodigital.com\/index.php?rest_route=\/wp\/v2\/product\/1775","targetHints":{"allow":["GET"]}}],"collection":[{"href":"https:\/\/quebaratodigital.com\/index.php?rest_route=\/wp\/v2\/product"}],"about":[{"href":"https:\/\/quebaratodigital.com\/index.php?rest_route=\/wp\/v2\/types\/product"}],"replies":[{"embeddable":true,"href":"https:\/\/quebaratodigital.com\/index.php?rest_route=%2Fwp%2Fv2%2Fcomments&post=1775"}],"wp:featuredmedia":[{"embeddable":true,"href":"https:\/\/quebaratodigital.com\/index.php?rest_route=\/wp\/v2\/media\/1776"}],"wp:attachment":[{"href":"https:\/\/quebaratodigital.com\/index.php?rest_route=%2Fwp%2Fv2%2Fmedia&parent=1775"}],"wp:term":[{"taxonomy":"product_brand","embeddable":true,"href":"https:\/\/quebaratodigital.com\/index.php?rest_route=%2Fwp%2Fv2%2Fproduct_brand&post=1775"},{"taxonomy":"product_cat","embeddable":true,"href":"https:\/\/quebaratodigital.com\/index.php?rest_route=%2Fwp%2Fv2%2Fproduct_cat&post=1775"},{"taxonomy":"product_tag","embeddable":true,"href":"https:\/\/quebaratodigital.com\/index.php?rest_route=%2Fwp%2Fv2%2Fproduct_tag&post=1775"}],"curies":[{"name":"wp","href":"https:\/\/api.w.org\/{rel}","templated":true}]}}